{"id":26821,"date":"2020-01-13T06:50:18","date_gmt":"2020-01-13T05:50:18","guid":{"rendered":"https:\/\/cryptsec.se\/om-oss\/"},"modified":"2025-08-26T11:26:57","modified_gmt":"2025-08-26T09:26:57","slug":"om-oss","status":"publish","type":"page","link":"https:\/\/cryptsec.se\/sv\/om-oss\/","title":{"rendered":"Om oss"},"content":{"rendered":"\t\t<div data-elementor-type=\"wp-page\" data-elementor-id=\"26821\" class=\"elementor elementor-26821 elementor-9095\" data-elementor-post-type=\"page\">\n\t\t\t\t\t\t<section class=\"elementor-section elementor-top-section elementor-element elementor-element-bfba38e elementor-section-boxed elementor-section-height-default elementor-section-height-default\" data-id=\"bfba38e\" data-element_type=\"section\">\n\t\t\t\t\t\t<div class=\"elementor-container elementor-column-gap-default\">\n\t\t\t\t\t<div class=\"elementor-column elementor-col-50 elementor-top-column elementor-element elementor-element-3d0ce5a\" data-id=\"3d0ce5a\" data-element_type=\"column\">\n\t\t\t<div class=\"elementor-widget-wrap elementor-element-populated\">\n\t\t\t\t\t\t<div class=\"elementor-element elementor-element-9186883 title-second elementor-widget elementor-widget-heading\" data-id=\"9186883\" data-element_type=\"widget\" data-widget_type=\"heading.default\">\n\t\t\t\t<div class=\"elementor-widget-container\">\n\t\t\t\t\t<h2 class=\"elementor-heading-title elementor-size-default\">V\u00e4lkommen till cryptsec<\/h2>\t\t\t\t<\/div>\n\t\t\t\t<\/div>\n\t\t\t\t<div class=\"elementor-element elementor-element-4956dfc elementor-widget elementor-widget-heading\" data-id=\"4956dfc\" data-element_type=\"widget\" data-widget_type=\"heading.default\">\n\t\t\t\t<div class=\"elementor-widget-container\">\n\t\t\t\t\t<h2 class=\"elementor-heading-title elementor-size-default\">Historia<\/h2>\t\t\t\t<\/div>\n\t\t\t\t<\/div>\n\t\t\t\t<div class=\"elementor-element elementor-element-07076fb elementor-widget-divider--view-line elementor-widget elementor-widget-divider\" data-id=\"07076fb\" data-element_type=\"widget\" data-widget_type=\"divider.default\">\n\t\t\t\t<div class=\"elementor-widget-container\">\n\t\t\t\t\t\t\t<div class=\"elementor-divider\">\n\t\t\t<span class=\"elementor-divider-separator\">\n\t\t\t\t\t\t<\/span>\n\t\t<\/div>\n\t\t\t\t\t\t<\/div>\n\t\t\t\t<\/div>\n\t\t\t\t<div class=\"elementor-element elementor-element-bc691de elementor-widget__width-initial elementor-widget elementor-widget-text-editor\" data-id=\"bc691de\" data-element_type=\"widget\" data-widget_type=\"text-editor.default\">\n\t\t\t\t<div class=\"elementor-widget-container\">\n\t\t\t\t\t\t\t\t\t<p>Cryptsec AB levererar helt\u00e4ckande s\u00e4kerhetsl\u00f6sningar mot tekniska hot. Vi \u00e4r specialiserade p\u00e5 TSCM (Technical Surveillance Counter Measures) f\u00f6r att uppt\u00e4cka avlyssning, r\u00f6sts\u00e4kerhetsutrustning f\u00f6r skyddade samtal och Faraday-l\u00f6sningar som blockerar signaler. Dessutom tillhandah\u00e5ller vi avancerade \u00f6vervakningskameror och s\u00e4ker radiokommunikation f\u00f6r att f\u00f6rb\u00e4ttra s\u00e4kerhet och kontroll. Med v\u00e5ra l\u00f6sningar f\u00e5r kunderna ett robust skydd i en alltmer s\u00e5rbar digital och fysisk milj\u00f6.   <\/p>\t\t\t\t\t\t\t\t<\/div>\n\t\t\t\t<\/div>\n\t\t\t\t<div class=\"elementor-element elementor-element-bc16620 elementor-widget__width-initial elementor-widget elementor-widget-text-editor\" data-id=\"bc16620\" data-element_type=\"widget\" data-widget_type=\"text-editor.default\">\n\t\t\t\t<div class=\"elementor-widget-container\">\n\t\t\t\t\t\t\t\t\t<p>V\u00e5r organisation best\u00e5r av erfarna medarbetare som st\u00e4ndigt str\u00e4var efter att \u00f6vertr\u00e4ffa kundernas f\u00f6rv\u00e4ntningar och f\u00f6rb\u00e4ttra anv\u00e4ndarupplevelsen. Vi str\u00e4var alltid efter att erbjuda anv\u00e4ndarv\u00e4nliga innovativa produkter och l\u00f6sningar f\u00f6r marknaden som \u00e4r l\u00e4tta att implementera, med fokus p\u00e5 kreativ, flexibel och \u00f6ppen arkitekturintegration.<\/p><p> <\/p>\t\t\t\t\t\t\t\t<\/div>\n\t\t\t\t<\/div>\n\t\t\t\t\t<\/div>\n\t\t<\/div>\n\t\t\t\t<div class=\"elementor-column elementor-col-50 elementor-top-column elementor-element elementor-element-e3ee727\" data-id=\"e3ee727\" data-element_type=\"column\">\n\t\t\t<div class=\"elementor-widget-wrap elementor-element-populated\">\n\t\t\t\t\t\t<div class=\"elementor-element elementor-element-92b56d1 elementor-widget elementor-widget-image\" data-id=\"92b56d1\" data-element_type=\"widget\" data-widget_type=\"image.default\">\n\t\t\t\t<div class=\"elementor-widget-container\">\n\t\t\t\t\t\t\t\t\t\t\t\t\t\t\t<img fetchpriority=\"high\" decoding=\"async\" width=\"1024\" height=\"740\" src=\"https:\/\/cryptsec.se\/wp-content\/uploads\/2021\/10\/KPAD-1024x740.png\" class=\"attachment-large size-large wp-image-26119\" alt=\"\" srcset=\"https:\/\/cryptsec.se\/wp-content\/uploads\/2021\/10\/KPAD-1024x740.png 1024w, https:\/\/cryptsec.se\/wp-content\/uploads\/2021\/10\/KPAD-350x253.png 350w, https:\/\/cryptsec.se\/wp-content\/uploads\/2021\/10\/KPAD-680x491.png 680w, https:\/\/cryptsec.se\/wp-content\/uploads\/2021\/10\/KPAD-300x217.png 300w, https:\/\/cryptsec.se\/wp-content\/uploads\/2021\/10\/KPAD-768x555.png 768w, https:\/\/cryptsec.se\/wp-content\/uploads\/2021\/10\/KPAD-600x433.png 600w, https:\/\/cryptsec.se\/wp-content\/uploads\/2021\/10\/KPAD.png 1080w\" sizes=\"(max-width: 1024px) 100vw, 1024px\">\t\t\t\t\t\t\t\t\t\t\t\t\t\t\t<\/div>\n\t\t\t\t<\/div>\n\t\t\t\t\t<\/div>\n\t\t<\/div>\n\t\t\t\t\t<\/div>\n\t\t<\/section>\n\t\t\t\t<section class=\"elementor-section elementor-top-section elementor-element elementor-element-b3ecfeb elementor-section-boxed elementor-section-height-default elementor-section-height-default\" data-id=\"b3ecfeb\" data-element_type=\"section\">\n\t\t\t\t\t\t<div class=\"elementor-container elementor-column-gap-default\">\n\t\t\t\t\t<div class=\"elementor-column elementor-col-100 elementor-top-column elementor-element elementor-element-ec0e92f\" data-id=\"ec0e92f\" data-element_type=\"column\" data-settings=\"{&quot;background_background&quot;:&quot;classic&quot;}\">\n\t\t\t<div class=\"elementor-widget-wrap elementor-element-populated\">\n\t\t\t\t\t\t<section class=\"elementor-section elementor-inner-section elementor-element elementor-element-4c79020 elementor-section-full_width elementor-section-height-default elementor-section-height-default\" data-id=\"4c79020\" data-element_type=\"section\">\n\t\t\t\t\t\t<div class=\"elementor-container elementor-column-gap-default\">\n\t\t\t\t\t<div class=\"elementor-column elementor-col-100 elementor-inner-column elementor-element elementor-element-96bc2aa\" data-id=\"96bc2aa\" data-element_type=\"column\" data-settings=\"{&quot;background_background&quot;:&quot;classic&quot;}\">\n\t\t\t<div class=\"elementor-widget-wrap elementor-element-populated\">\n\t\t\t\t\t\t<div class=\"elementor-element elementor-element-61d1b31 elementor-widget elementor-widget-image\" data-id=\"61d1b31\" data-element_type=\"widget\" data-widget_type=\"image.default\">\n\t\t\t\t<div class=\"elementor-widget-container\">\n\t\t\t\t\t\t\t\t\t\t\t\t\t\t\t<img decoding=\"async\" width=\"279\" height=\"46\" src=\"https:\/\/cryptsec.se\/wp-content\/uploads\/2021\/10\/CryptSec_Vit.png\" class=\"attachment-large size-large wp-image-26045\" alt=\"\">\t\t\t\t\t\t\t\t\t\t\t\t\t\t\t<\/div>\n\t\t\t\t<\/div>\n\t\t\t\t\t<\/div>\n\t\t<\/div>\n\t\t\t\t\t<\/div>\n\t\t<\/section>\n\t\t\t\t\t<\/div>\n\t\t<\/div>\n\t\t\t\t\t<\/div>\n\t\t<\/section>\n\t\t\t\t<section class=\"elementor-section elementor-top-section elementor-element elementor-element-0353d2d elementor-section-boxed elementor-section-height-default elementor-section-height-default\" data-id=\"0353d2d\" data-element_type=\"section\">\n\t\t\t\t\t\t<div class=\"elementor-container elementor-column-gap-default\">\n\t\t\t\t\t<div class=\"elementor-column elementor-col-33 elementor-top-column elementor-element elementor-element-b799807 wpb-col-sm-100\" data-id=\"b799807\" data-element_type=\"column\">\n\t\t\t<div class=\"elementor-widget-wrap\">\n\t\t\t\t\t\t\t<\/div>\n\t\t<\/div>\n\t\t\t\t<div class=\"elementor-column elementor-col-33 elementor-top-column elementor-element elementor-element-af05407 wpb-col-sm-100\" data-id=\"af05407\" data-element_type=\"column\">\n\t\t\t<div class=\"elementor-widget-wrap\">\n\t\t\t\t\t\t\t<\/div>\n\t\t<\/div>\n\t\t\t\t<div class=\"elementor-column elementor-col-33 elementor-top-column elementor-element elementor-element-660308d wpb-col-sm-100\" data-id=\"660308d\" data-element_type=\"column\">\n\t\t\t<div class=\"elementor-widget-wrap\">\n\t\t\t\t\t\t\t<\/div>\n\t\t<\/div>\n\t\t\t\t\t<\/div>\n\t\t<\/section>\n\t\t\t\t<section class=\"elementor-section elementor-top-section elementor-element elementor-element-9b95450 elementor-section-boxed elementor-section-height-default elementor-section-height-default\" data-id=\"9b95450\" data-element_type=\"section\">\n\t\t\t\t\t\t<div class=\"elementor-container elementor-column-gap-default\">\n\t\t\t\t\t<div class=\"elementor-column elementor-col-100 elementor-top-column elementor-element elementor-element-8f68713\" data-id=\"8f68713\" data-element_type=\"column\" data-settings=\"{&quot;background_background&quot;:&quot;classic&quot;}\">\n\t\t\t<div class=\"elementor-widget-wrap elementor-element-populated\">\n\t\t\t\t\t\t<section class=\"elementor-section elementor-inner-section elementor-element elementor-element-d54d6f3 elementor-section-full_width elementor-section-height-min-height elementor-section-height-default\" data-id=\"d54d6f3\" data-element_type=\"section\">\n\t\t\t\t\t\t<div class=\"elementor-container elementor-column-gap-default\">\n\t\t\t\t\t<div class=\"elementor-column elementor-col-100 elementor-inner-column elementor-element elementor-element-e77be2a\" data-id=\"e77be2a\" data-element_type=\"column\" data-settings=\"{&quot;background_background&quot;:&quot;classic&quot;}\">\n\t\t\t<div class=\"elementor-widget-wrap\">\n\t\t\t\t\t\t\t<\/div>\n\t\t<\/div>\n\t\t\t\t\t<\/div>\n\t\t<\/section>\n\t\t\t\t\t<\/div>\n\t\t<\/div>\n\t\t\t\t\t<\/div>\n\t\t<\/section>\n\t\t\t\t<\/div>\n\t\t","protected":false},"excerpt":{"rendered":"<p>V\u00e4lkommen till cryptsec Historia Cryptsec AB levererar helt\u00e4ckande s\u00e4kerhetsl\u00f6sningar mot tekniska hot. Vi \u00e4r specialiserade p\u00e5 TSCM (Technical Surveillance Counter Measures) f\u00f6r att uppt\u00e4cka avlyssning, r\u00f6sts\u00e4kerhetsutrustning f\u00f6r skyddade samtal och Faraday-l\u00f6sningar som blockerar signaler. Dessutom tillhandah\u00e5ller vi avancerade \u00f6vervakningskameror och s\u00e4ker radiokommunikation f\u00f6r att f\u00f6rb\u00e4ttra s\u00e4kerhet och kontroll. Med v\u00e5ra l\u00f6sningar f\u00e5r kunderna ett robust &hellip;<\/p>\n","protected":false},"author":1,"featured_media":0,"parent":0,"menu_order":0,"comment_status":"closed","ping_status":"closed","template":"","meta":{"footnotes":""},"class_list":["post-26821","page","type-page","status-publish","hentry"],"_links":{"self":[{"href":"https:\/\/cryptsec.se\/sv\/wp-json\/wp\/v2\/pages\/26821","targetHints":{"allow":["GET"]}}],"collection":[{"href":"https:\/\/cryptsec.se\/sv\/wp-json\/wp\/v2\/pages"}],"about":[{"href":"https:\/\/cryptsec.se\/sv\/wp-json\/wp\/v2\/types\/page"}],"author":[{"embeddable":true,"href":"https:\/\/cryptsec.se\/sv\/wp-json\/wp\/v2\/users\/1"}],"replies":[{"embeddable":true,"href":"https:\/\/cryptsec.se\/sv\/wp-json\/wp\/v2\/comments?post=26821"}],"version-history":[{"count":2,"href":"https:\/\/cryptsec.se\/sv\/wp-json\/wp\/v2\/pages\/26821\/revisions"}],"predecessor-version":[{"id":31473,"href":"https:\/\/cryptsec.se\/sv\/wp-json\/wp\/v2\/pages\/26821\/revisions\/31473"}],"wp:attachment":[{"href":"https:\/\/cryptsec.se\/sv\/wp-json\/wp\/v2\/media?parent=26821"}],"curies":[{"name":"wp","href":"https:\/\/api.w.org\/{rel}","templated":true}]}}