{"id":27243,"date":"2021-10-19T14:05:36","date_gmt":"2021-10-19T12:05:36","guid":{"rendered":"https:\/\/cryptsec.se\/returer-och-byten\/"},"modified":"2025-01-16T16:52:52","modified_gmt":"2025-01-16T15:52:52","slug":"returer-och-byten","status":"publish","type":"page","link":"https:\/\/cryptsec.se\/sv\/returer-och-byten\/","title":{"rendered":"Returer och byten"},"content":{"rendered":"\t\t<div data-elementor-type=\"wp-page\" data-elementor-id=\"27243\" class=\"elementor elementor-27243 elementor-94\" data-elementor-post-type=\"page\">\n\t\t\t\t\t\t<section class=\"elementor-section elementor-top-section elementor-element elementor-element-4b751a8c elementor-section-boxed elementor-section-height-default elementor-section-height-default\" data-id=\"4b751a8c\" data-element_type=\"section\">\n\t\t\t\t\t\t<div class=\"elementor-container elementor-column-gap-default\">\n\t\t\t\t\t<div class=\"elementor-column elementor-col-100 elementor-top-column elementor-element elementor-element-4fb6b0aa\" data-id=\"4fb6b0aa\" data-element_type=\"column\">\n\t\t\t<div class=\"elementor-widget-wrap elementor-element-populated\">\n\t\t\t\t\t\t<div class=\"elementor-element elementor-element-404095fd elementor-widget elementor-widget-text-editor\" data-id=\"404095fd\" data-element_type=\"widget\" data-widget_type=\"text-editor.default\">\n\t\t\t\t<div class=\"elementor-widget-container\">\n\t\t\t\t\t\t\t\t\t<h2 style=\"text-align: center;\">Garanti och returr\u00e4tt<\/h2>\n<p> <\/p>\n<h3 style=\"text-align: center;\">Hur l\u00e5ng \u00e4r garantitiden p\u00e5 de varor som jag har best\u00e4llt?<\/h3>\n<p><\/p>\n<p>Vi l\u00e4mnar 1 \u00e5rs garanti p\u00e5 varor om inget annat anges. Detta g\u00e4ller material- och tillverkningsfel och under f\u00f6ruts\u00e4ttning att produkten har utsatts f\u00f6r normalt slitage. Reparationsgarantin g\u00e4ller i f\u00f6rsta hand f\u00f6r defekta varor. Ers\u00e4ttningsgarantin ger, i h\u00e4ndelse av en defekt produkt, nya delar eller en ny produkt under garantiperioden. I h\u00e4ndelse av tekniska problem med vissa artiklar kan du h\u00e4nvisas direkt till tredjepartsf\u00f6retag f\u00f6r mer detaljerad support. Teknisk support och dokumentation kan vara p\u00e5 engelska.<\/p>\n<h3 style=\"text-align: center;\">Produktreturer f\u00f6r privatkonsumenter<\/h3>\n<p>Av konsumentk\u00f6plagen (2005:59) framg\u00e5r att konsumenter i vissa fall har r\u00e4tt att fr\u00e5ntr\u00e4da ett k\u00f6p genom att l\u00e4mna eller s\u00e4nda ett meddelande till Cryptsec inom 14 dagar (eller i f\u00f6rekommande fall inom 7 arbetsdagar) fr\u00e5n den dag d\u00e5 konsumenten tog emot produkten eller en v\u00e4sentlig del av den. \u00c5ngerr\u00e4tten g\u00e4ller dock inte datorprogram eller annan programvara d\u00e4r f\u00f6rseglingen brutits. F\u00f6rsegling avser \u00e4ven teknisk f\u00f6rsegling (t.ex. serienummer). N\u00e4r du har \u00e5ngrat k\u00f6pet f\u00e5r du tillbaka pengarna s\u00e5 snart som m\u00f6jligt eller senast inom 30 dagar fr\u00e5n mottagandet. \u00c5ngerr\u00e4tten g\u00e4ller inte f\u00f6r f\u00f6retag.<\/p>\n<p>F\u00f6r att utnyttja \u00e5ngerr\u00e4tten m\u00e5ste produkten vara i v\u00e4sentligen of\u00f6r\u00e4ndrat skick och skickas\/returneras till oss tillsammans med originalf\u00f6rpackningen. Kom ih\u00e5g att du \u00e4r ansvarig om produkten \u00e4r skadad n\u00e4r den skickas tillbaka till oss. Se d\u00e4rf\u00f6r till att produkten \u00e4r v\u00e4l f\u00f6rpackad. Originalf\u00f6rpackningen med den specialtillverkade innerf\u00f6rpackningen hj\u00e4lper produkten att st\u00e5 stadigt under transporten. Vid retur rekommenderar vi att du anv\u00e4nder en transportf\u00f6rpackning f\u00f6r att ge produkten extra skydd. Produkten m\u00e5ste vara komplett, vilket inneb\u00e4r att alla tillbeh\u00f6r s\u00e5som fj\u00e4rrkontroll, bruksanvisning, batterier etc. m\u00e5ste finnas med vid \u00e5terl\u00e4mnandet. F\u00f6r att returnera en vara, kontakta v\u00e5r kundtj\u00e4nst.<\/p>\n<p>F\u00f6r varor d\u00e4r \u00e5ngerr\u00e4tten har l\u00f6pt ut accepterar CryptSec retur mot full \u00e5terbetalning av ink\u00f6pspriset i upp till 60 dagar efter fakturadatum. F\u00f6r att \u00e5beropa \u00f6ppet k\u00f6p f\u00e5r produkten inte \u00f6ppnas, anv\u00e4ndas eller f\u00f6rst\u00f6ras. \u00d6ppna k\u00f6p g\u00e4ller endast konsumenter (privatpersoner), inte f\u00f6retagskunder.<\/p>\n<p style=\"text-align: center;\"> <\/p>\n<p>Vid eventuella returer, kontakta v\u00e5r kundtj\u00e4nst inom 14 dagar. Vi erbjuder full returr\u00e4tt inom 30 dagar f\u00f6rutsatt att produkten och f\u00f6rpackningen \u00e4r i originalskick, oanv\u00e4nd och inte skadad. Returr\u00e4tten g\u00e4ller inte f\u00f6r rabatterade varor eller varor som ing\u00e5r i kampanjerbjudanden, varor som har avl\u00e4gsnats fr\u00e5n originalf\u00f6rpackningen, datorprogram eller ljud- och bildupptagningar n\u00e4r f\u00f6rseglingen\/f\u00f6rseglingen har brutits. F\u00f6rsegling avser \u00e4ven teknisk f\u00f6rsegling (t.ex. serienummer). Returr\u00e4tten g\u00e4ller inte heller f\u00f6r varor som har tillverkats enligt dina specifikationer eller som har anpassats efter dina \u00f6nskem\u00e5l.<\/p>\n<p>N\u00e4r varan har mottagits och returen har godk\u00e4nts av oss krediterar vi ditt konto. Vid retur utan kontakt med v\u00e5r kundtj\u00e4nst \u00e4r du som avs\u00e4ndare ansvarig f\u00f6r eventuella kostnader och f\u00f6rluster. Cryptsec l\u00f6ser inte ut paket mot kontant betalning vid leverans.<\/p>\n<p>F\u00f6r alla garanti- och reklamations\u00e4renden rekommenderar vi att du kontaktar <span style=\"color: #000000;\">garanti@cryptsec.se<\/span> f\u00f6r mer information och \u00e5tg\u00e4rder.<\/p>\n<div> <\/div>\n<p> <\/p>\n<p><\/p>\n<p> <\/p>\n<p><\/p>\n<p> <\/p>\n<p><\/p>\t\t\t\t\t\t\t\t<\/div>\n\t\t\t\t<\/div>\n\t\t\t\t<div class=\"elementor-element elementor-element-bd4b53e elementor-widget elementor-widget-text-editor\" data-id=\"bd4b53e\" data-element_type=\"widget\" data-widget_type=\"text-editor.default\">\n\t\t\t\t<div class=\"elementor-widget-container\">\n\t\t\t\t\t\t\t\t\t<h2 style=\"text-align: center;\">Garanti och returr\u00e4tt<\/h2>\n<p><\/p>\n<h3 style=\"text-align: center;\">Hur l\u00e5ng \u00e4r garantitiden p\u00e5 de varor som jag har best\u00e4llt?<\/h3>\n<p><\/p>\n<p>Vi l\u00e4mnar 1 \u00e5rs garanti p\u00e5 varor om inget annat anges. Detta g\u00e4ller material- och tillverkningsfel och under f\u00f6ruts\u00e4ttning att produkten har utsatts f\u00f6r normalt slitage. Reparationsgarantin g\u00e4ller i f\u00f6rsta hand f\u00f6r defekta varor. Ers\u00e4ttningsgarantin ger, i h\u00e4ndelse av en defekt produkt, nya delar eller en ny produkt under garantiperioden. I h\u00e4ndelse av tekniska problem med vissa artiklar kan du h\u00e4nvisas direkt till tredjepartsf\u00f6retag f\u00f6r mer detaljerad support. Teknisk support och dokumentation kan vara p\u00e5 engelska.<\/p>\n<h3 style=\"text-align: center;\">Produktreturer f\u00f6r privatkonsumenter<\/h3>\n<p>Av konsumentk\u00f6plagen (2005:59) framg\u00e5r att konsumenter i vissa fall har r\u00e4tt att fr\u00e5ntr\u00e4da ett k\u00f6p genom att l\u00e4mna eller s\u00e4nda ett meddelande till Cryptsec inom 14 dagar (eller i f\u00f6rekommande fall inom 7 arbetsdagar) fr\u00e5n den dag d\u00e5 konsumenten tog emot produkten eller en v\u00e4sentlig del av den. \u00c5ngerr\u00e4tten g\u00e4ller dock inte datorprogram eller annan programvara d\u00e4r f\u00f6rseglingen brutits. F\u00f6rsegling avser \u00e4ven teknisk f\u00f6rsegling (t.ex. serienummer). N\u00e4r du har \u00e5ngrat k\u00f6pet f\u00e5r du tillbaka pengarna s\u00e5 snart som m\u00f6jligt eller senast inom 30 dagar fr\u00e5n mottagandet. \u00c5ngerr\u00e4tten g\u00e4ller inte f\u00f6r f\u00f6retag.<\/p>\n<p>F\u00f6r att utnyttja \u00e5ngerr\u00e4tten m\u00e5ste produkten vara i v\u00e4sentligen of\u00f6r\u00e4ndrat skick och skickas\/returneras till oss tillsammans med originalf\u00f6rpackningen. Kom ih\u00e5g att du \u00e4r ansvarig om produkten \u00e4r skadad n\u00e4r den skickas tillbaka till oss. Se d\u00e4rf\u00f6r till att produkten \u00e4r v\u00e4l f\u00f6rpackad. Originalf\u00f6rpackningen med den specialtillverkade innerf\u00f6rpackningen hj\u00e4lper produkten att st\u00e5 stadigt under transporten. Vid retur rekommenderar vi att du anv\u00e4nder en transportf\u00f6rpackning f\u00f6r att ge produkten extra skydd. Produkten m\u00e5ste vara komplett, vilket inneb\u00e4r att alla tillbeh\u00f6r s\u00e5som fj\u00e4rrkontroll, bruksanvisning, batterier etc. m\u00e5ste finnas med vid \u00e5terl\u00e4mnandet. F\u00f6r att returnera en vara, kontakta v\u00e5r kundtj\u00e4nst.<\/p>\n<p>F\u00f6r varor d\u00e4r \u00e5ngerr\u00e4tten har l\u00f6pt ut accepterar CryptSec retur mot full \u00e5terbetalning av ink\u00f6pspriset i upp till 60 dagar efter fakturadatum. F\u00f6r att \u00e5beropa \u00f6ppet k\u00f6p f\u00e5r produkten inte \u00f6ppnas, anv\u00e4ndas eller f\u00f6rst\u00f6ras. \u00d6ppna k\u00f6p g\u00e4ller endast konsumenter (privatpersoner), inte f\u00f6retagskunder.<\/p>\n<p>Vid eventuella returer, kontakta v\u00e5r kundtj\u00e4nst inom 14 dagar. Vi erbjuder full returr\u00e4tt inom 30 dagar f\u00f6rutsatt att produkten och f\u00f6rpackningen \u00e4r i originalskick, oanv\u00e4nd och inte skadad. Returr\u00e4tten g\u00e4ller inte f\u00f6r rabatterade varor eller varor som ing\u00e5r i kampanjerbjudanden, varor som har avl\u00e4gsnats fr\u00e5n originalf\u00f6rpackningen, datorprogram eller ljud- och bildupptagningar n\u00e4r f\u00f6rseglingen\/f\u00f6rseglingen har brutits. F\u00f6rsegling avser \u00e4ven teknisk f\u00f6rsegling (t.ex. serienummer). Returr\u00e4tten g\u00e4ller inte heller f\u00f6r varor som har tillverkats enligt dina specifikationer eller som har anpassats efter dina \u00f6nskem\u00e5l.<\/p>\n<p>N\u00e4r varan har mottagits och returen har godk\u00e4nts av oss krediterar vi ditt konto. Vid retur utan kontakt med v\u00e5r kundtj\u00e4nst \u00e4r du som avs\u00e4ndare ansvarig f\u00f6r eventuella kostnader och f\u00f6rluster. Cryptsec l\u00f6ser inte ut paket mot kontant betalning vid leverans.<\/p>\n<p>F\u00f6r alla garanti- och reklamations\u00e4renden rekommenderar vi att du kontaktar <span style=\"color: #000000;\">garanti@cryptsec.se<\/span> f\u00f6r mer information och \u00e5tg\u00e4rder.<\/p>\n<div>&nbsp;<\/div>\n<p><\/p>\n<p><\/p>\n<p><\/p>\n<p><\/p>\n<p><\/p>\n<p><\/p>\t\t\t\t\t\t\t\t<\/div>\n\t\t\t\t<\/div>\n\t\t\t\t\t<\/div>\n\t\t<\/div>\n\t\t\t\t\t<\/div>\n\t\t<\/section>\n\t\t\t\t<\/div>\n\t\t","protected":false},"excerpt":{"rendered":"<p>Garanti och returr\u00e4tt Hur l\u00e5ng \u00e4r garantitiden p\u00e5 de varor som jag har best\u00e4llt? Vi l\u00e4mnar 1 \u00e5rs garanti p\u00e5 varor om inget annat anges. Detta g\u00e4ller material- och tillverkningsfel och under f\u00f6ruts\u00e4ttning att produkten har utsatts f\u00f6r normalt slitage. Reparationsgarantin g\u00e4ller i f\u00f6rsta hand f\u00f6r defekta varor. Ers\u00e4ttningsgarantin ger, i h\u00e4ndelse av en defekt &hellip;<\/p>\n","protected":false},"author":1,"featured_media":0,"parent":0,"menu_order":0,"comment_status":"closed","ping_status":"closed","template":"","meta":{"footnotes":""},"class_list":["post-27243","page","type-page","status-publish","hentry"],"_links":{"self":[{"href":"https:\/\/cryptsec.se\/sv\/wp-json\/wp\/v2\/pages\/27243","targetHints":{"allow":["GET"]}}],"collection":[{"href":"https:\/\/cryptsec.se\/sv\/wp-json\/wp\/v2\/pages"}],"about":[{"href":"https:\/\/cryptsec.se\/sv\/wp-json\/wp\/v2\/types\/page"}],"author":[{"embeddable":true,"href":"https:\/\/cryptsec.se\/sv\/wp-json\/wp\/v2\/users\/1"}],"replies":[{"embeddable":true,"href":"https:\/\/cryptsec.se\/sv\/wp-json\/wp\/v2\/comments?post=27243"}],"version-history":[{"count":2,"href":"https:\/\/cryptsec.se\/sv\/wp-json\/wp\/v2\/pages\/27243\/revisions"}],"predecessor-version":[{"id":29809,"href":"https:\/\/cryptsec.se\/sv\/wp-json\/wp\/v2\/pages\/27243\/revisions\/29809"}],"wp:attachment":[{"href":"https:\/\/cryptsec.se\/sv\/wp-json\/wp\/v2\/media?parent=27243"}],"curies":[{"name":"wp","href":"https:\/\/api.w.org\/{rel}","templated":true}]}}