{"id":30512,"date":"2025-03-20T13:46:45","date_gmt":"2025-03-20T12:46:45","guid":{"rendered":"https:\/\/cryptsec.se\/?page_id=30512"},"modified":"2025-03-20T14:24:45","modified_gmt":"2025-03-20T13:24:45","slug":"bilhandlare","status":"publish","type":"page","link":"https:\/\/cryptsec.se\/sv\/bilhandlare\/","title":{"rendered":"Bilhandlare"},"content":{"rendered":"\n<h2 class=\"nm-block-heading wp-block-heading\"><strong>Digitala bilkapningar \u2013 ett v\u00e4xande hot mot fordons\u00e4gare<\/strong><\/h2>\n\n\n\n<p>I takt med att bilteknologin blir allt mer avancerad har ocks\u00e5 bilkapningar utvecklats till att bli ett digitalt problem. Moderna bilnycklar anv\u00e4nder tr\u00e5dl\u00f6sa signaler f\u00f6r att l\u00e5sa upp och starta fordon, men denna bekv\u00e4mlighet har skapat en allvarlig s\u00e4kerhetsrisk. Med relativt enkla metoder kan tjuvar idag skanna och kopiera bilnycklarnas signaler, vilket g\u00f6r det m\u00f6jligt att stj\u00e4la bilar utan att l\u00e4mna n\u00e5gra sp\u00e5r av inbrott.<\/p>\n\n\n\n<h2 class=\"nm-block-heading wp-block-heading\"><strong>Hur digitala bilkapningar fungerar<\/strong><\/h2>\n\n\n\n<p>Cyberkriminella anv\u00e4nder skanningsutrustning f\u00f6r att l\u00e4sa av och \u00e5ters\u00e4nda signalerna fr\u00e5n en bilnyckel. Tekniken, k\u00e4nd som &#8220;relay attack&#8221;, g\u00f6r att en brottsling kan st\u00e5 utanf\u00f6r ett hem och f\u00e5nga upp signalen fr\u00e5n en nyckel som ligger i n\u00e4rheten. Denna signal skickas sedan vidare till en annan enhet som befinner sig n\u00e4ra bilen, vilket g\u00f6r att bilen tror att nyckeln finns i dess n\u00e4rhet. P\u00e5 s\u00e5 s\u00e4tt kan fordonet l\u00e5sas upp och startas p\u00e5 bara n\u00e5gra sekunder.<\/p>\n\n\n\n<h2 class=\"nm-block-heading wp-block-heading\"><strong>L\u00f6sningen \u2013 Faradayfodral fr\u00e5n Mission Darkness<\/strong><\/h2>\n\n\n\n<p>Ett effektivt s\u00e4tt att skydda sig mot denna typ av attack \u00e4r att f\u00f6rvara bilnyckeln i ett Faradayfodral. <a href=\"https:\/\/mosequipment.com\/\" target=\"_blank\" rel=\"noopener\">Mission Darkness<\/a> erbjuder h\u00f6gkvalitativa fodral fr\u00e5n <a href=\"\/sv\/product-categori\/faraday-mission-darkness\/\">Faraday<\/a> som blockerar alla inkommande och utg\u00e5ende signaler, vilket g\u00f6r det om\u00f6jligt f\u00f6r tjuvar att skanna av nyckelns frekvens.<\/p>\n\n\n\n<figure class=\"wp-block-image size-large is-resized\"><img fetchpriority=\"high\" decoding=\"async\" width=\"1024\" height=\"603\" src=\"https:\/\/cryptsec.se\/wp-content\/uploads\/2024\/11\/keyfob-1024x603.jpeg\" alt=\"\" class=\"wp-image-28225\" style=\"width:384px;height:auto\" srcset=\"https:\/\/cryptsec.se\/wp-content\/uploads\/2024\/11\/keyfob-1024x603.jpeg 1024w, https:\/\/cryptsec.se\/wp-content\/uploads\/2024\/11\/keyfob-300x177.jpeg 300w, https:\/\/cryptsec.se\/wp-content\/uploads\/2024\/11\/keyfob-768x452.jpeg 768w, https:\/\/cryptsec.se\/wp-content\/uploads\/2024\/11\/keyfob-1536x904.jpeg 1536w, https:\/\/cryptsec.se\/wp-content\/uploads\/2024\/11\/keyfob-2048x1205.jpeg 2048w, https:\/\/cryptsec.se\/wp-content\/uploads\/2024\/11\/keyfob-680x400.jpeg 680w\" sizes=\"(max-width: 1024px) 100vw, 1024px\" \/><\/figure>\n\n\n\n<h2 class=\"nm-block-heading wp-block-heading\"><strong>Hur bilhandlare kan dra nytta av att erbjuda Faradayfodral<\/strong><\/h2>\n\n\n\n<h3 class=\"nm-block-heading wp-block-heading\"><strong>1. Konkurrensf\u00f6rdel<\/strong><\/h3>\n\n\n\n<p>Genom att erbjuda <a href=\"\/sv\/product-categori\/faraday-nyckelring-telefonvaskor\/\">Faradayfodral<\/a> som en del av bilk\u00f6pet kan bilhandlare differentiera sig fr\u00e5n konkurrenterna.<\/p>\n\n\n\n<h3 class=\"nm-block-heading wp-block-heading\"><strong>2. \u00d6kad kuns\u00e4kerhet<\/strong><\/h3>\n\n\n\n<p>Genom att ge kunderna skydd mot bilkapningar skapar bilhandlare en tryggare kundupplevelse.<\/p>\n\n\n\n<h4 class=\"nm-block-heading wp-block-heading\"><strong>3. Marknadsf\u00f6ringsm\u00f6jlighet<\/strong><\/h4>\n\n\n\n<p>Faradayfodral kan anpassas med bilhandlarens logotyp, vilket ger varum\u00e4rkesexponering och reklam.<\/p>\n\n\n\n<h4 class=\"nm-block-heading wp-block-heading\"><strong>4. F\u00f6rb\u00e4ttrad kundlojalitet<\/strong>  <\/h4>\n\n\n\n<p>En s\u00e4ker och skyddad kund \u00e4r en n\u00f6jd kund, vilket kan leda till fler \u00e5terkommande aff\u00e4rer och rekommendationer.<\/p>\n\n\n\n<h4 class=\"nm-block-heading wp-block-heading\"><strong>5. F\u00f6rebyggande av skadekrav <\/strong><\/h4>\n\n\n\n<p>Genom att minska risken f\u00f6r bilst\u00f6lder bidrar bilhandlare till minskade f\u00f6rs\u00e4kringspremier f\u00f6r sina kunder.<\/p>\n\n\n\n<h2 class=\"nm-block-heading wp-block-heading\"><strong>Varf\u00f6r bilhandlare b\u00f6r f\u00f6rse sina kunder med Faradayfodral fr\u00e5n Mission Darkness<\/strong><\/h2>\n\n\n\n<p>Att erbjuda Faradayfodral vid bilf\u00f6rs\u00e4ljning visar att bilhandlaren bryr sig om kundens s\u00e4kerhet och moderna s\u00e4kerhetsutmaningar. Det skapar ett merv\u00e4rde som f\u00f6rst\u00e4rker kundrelationen, ger en konkurrensf\u00f6rdel och minskar risken f\u00f6r stulna bilar. Med Mission Darkness Faradayfodral kan bilhandlare positionera sig som innovativa och kundorienterade, samtidigt som de ger sina kunder en tryggare bilupplevelse.<\/p>\n\n\n\n<p>Kontakta oss f\u00f6r mer information.<\/p>\n","protected":false},"excerpt":{"rendered":"<p>Digitala bilkapningar \u2013 ett v\u00e4xande hot mot fordons\u00e4gare I takt med att bilteknologin blir allt mer avancerad har ocks\u00e5 bilkapningar utvecklats till att bli ett digitalt problem. Moderna bilnycklar anv\u00e4nder tr\u00e5dl\u00f6sa signaler f\u00f6r att l\u00e5sa upp och starta fordon, men denna bekv\u00e4mlighet har skapat en allvarlig s\u00e4kerhetsrisk. Med relativt enkla metoder kan tjuvar idag skanna &hellip;<\/p>\n","protected":false},"author":80,"featured_media":0,"parent":0,"menu_order":0,"comment_status":"closed","ping_status":"closed","template":"","meta":{"footnotes":""},"class_list":["post-30512","page","type-page","status-publish","hentry"],"_links":{"self":[{"href":"https:\/\/cryptsec.se\/sv\/wp-json\/wp\/v2\/pages\/30512","targetHints":{"allow":["GET"]}}],"collection":[{"href":"https:\/\/cryptsec.se\/sv\/wp-json\/wp\/v2\/pages"}],"about":[{"href":"https:\/\/cryptsec.se\/sv\/wp-json\/wp\/v2\/types\/page"}],"author":[{"embeddable":true,"href":"https:\/\/cryptsec.se\/sv\/wp-json\/wp\/v2\/users\/80"}],"replies":[{"embeddable":true,"href":"https:\/\/cryptsec.se\/sv\/wp-json\/wp\/v2\/comments?post=30512"}],"version-history":[{"count":11,"href":"https:\/\/cryptsec.se\/sv\/wp-json\/wp\/v2\/pages\/30512\/revisions"}],"predecessor-version":[{"id":30686,"href":"https:\/\/cryptsec.se\/sv\/wp-json\/wp\/v2\/pages\/30512\/revisions\/30686"}],"wp:attachment":[{"href":"https:\/\/cryptsec.se\/sv\/wp-json\/wp\/v2\/media?parent=30512"}],"curies":[{"name":"wp","href":"https:\/\/api.w.org\/{rel}","templated":true}]}}