{"id":30665,"date":"2025-03-20T14:03:10","date_gmt":"2025-03-20T13:03:10","guid":{"rendered":"https:\/\/cryptsec.se\/?page_id=30665"},"modified":"2025-05-01T21:34:52","modified_gmt":"2025-05-01T19:34:52","slug":"skolor","status":"publish","type":"page","link":"https:\/\/cryptsec.se\/sv\/skolor\/","title":{"rendered":"Skolor"},"content":{"rendered":"\n<h2 class=\"nm-block-heading wp-block-heading\"><strong>Sk\u00e4rmar och mobiltelefoners p\u00e5verkan p\u00e5 lektioner<\/strong><\/h2>\n\n\n\n<p>Mobiltelefoner och andra sk\u00e4rmar \u00e4r en stor k\u00e4lla till distraktion under skollektioner. Elever har enkelt tillg\u00e5ng till sociala medier, spel, meddelanden och annat som l\u00e4tt lockar bort deras uppm\u00e4rksamhet fr\u00e5n undervisningen. Denna typ av distraktion g\u00f6r det sv\u00e5rt f\u00f6r elever att koncentrera sig, delta aktivt i lektioner och uppr\u00e4tth\u00e5lla ett produktivt l\u00e4rande. F\u00f6r att skapa en mer <a href=\"https:\/\/www.regeringen.se\/pressmeddelanden\/2024\/05\/allvarligt-att-30-procent-av-eleverna-stors-av-mobiler-under-lektionstid\/\" target=\"_blank\" rel=\"noopener\">fokuserad<\/a> och effektiv l\u00e4rmilj\u00f6 beh\u00f6ver skolor hitta metoder f\u00f6r att hantera mobiltelefoner under skoltid p\u00e5 ett s\u00e4tt som minskar dessa distraktioner.<\/p>\n\n\n\n<p>Vi har tillsammans med <a href=\"https:\/\/mosequipment.com\/pages\/schools\" target=\"_blank\" rel=\"noopener\">Mission Darkness<\/a> utvecklat ett projekt som skapar distraktionsfria l\u00e4rmilj\u00f6er samtidigt som man ger elever eget ansvar, l\u00e4rare mer tid f\u00f6r l\u00e4randet samt minskar skolans kostnader i form av ers\u00e4ttning f\u00f6r skadade mobiltelefoner som man l\u00e5ser in.<\/p>\n\n\n\n<p>Projektet kallas f\u00f6r Generation Faraday och g\u00e5r ut p\u00e5 att f\u00f6rse eleverna med Faraday Mobiltelefonfodral fr\u00e5n Mission Darkness, fodral som eleverna f\u00f6rsvarar mobiltelefonerna i samt kan anv\u00e4ndas \u00e4ven hemma, ifall skolan v\u00e4ljer att till\u00e5ta detta. Generation Faraday fodralen kommer i olika f\u00e4rger &amp; material samt med olika funktioner s\u00e5som Kardborref\u00f6rslutning, Magnetf\u00f6rslutning eller tom ett l\u00e5s som endast kan \u00f6ppnas av en nyckel som l\u00e4raren har eller via ett l\u00e5sblock som sitter vid entren.<\/p>\n\n\n\n<figure class=\"wp-block-image size-full is-resized\"><img fetchpriority=\"high\" decoding=\"async\" width=\"1200\" height=\"521\" src=\"https:\/\/cryptsec.se\/wp-content\/uploads\/2025\/05\/mos-equipment-school.avif\" alt=\"\" class=\"wp-image-30857\" style=\"width:649px;height:auto\"><\/figure>\n\n\n\n<h2 class=\"nm-block-heading wp-block-heading\"><strong>Hur Faradayfodral skapar distraktionsfria lektioner:<\/strong><\/h2>\n\n\n\n<ol class=\"nm-block-list wp-block-list\">\n<li><strong>Blockerar mobiltelefonsignaler:<\/strong>&nbsp;<a href=\"\/sv\/product-categori\/faraday-mission-darkness\/\">Faradayfodral<\/a> fr\u00e5n Mission Darkness blockerar effektivt mobiln\u00e4t, Wi-Fi och Bluetooth, vilket hindrar elever fr\u00e5n att anv\u00e4nda sina telefoner f\u00f6r att spela spel eller skicka meddelanden under lektionen.<\/li>\n\n\n\n<li><strong>F\u00f6rhindrar distraktioner:<\/strong>&nbsp;Genom att h\u00e5lla telefonerna ur funktion minskas frestelsen f\u00f6r elever att titta p\u00e5 sociala medier eller kolla sina telefoner f\u00f6r annat \u00e4n det som \u00e4r relevant f\u00f6r lektionen.<\/li>\n\n\n\n<li><strong>Skapar ett fokuserat l\u00e4randemilj\u00f6:<\/strong>&nbsp;Elever blir mer n\u00e4rvarande och uppm\u00e4rksamma p\u00e5 undervisningen n\u00e4r deras telefoner inte \u00e4r tillg\u00e4ngliga f\u00f6r distraktioner.<\/li>\n\n\n\n<li><strong>St\u00e4rker koncentrationen:<\/strong>&nbsp;Utan <a href=\"https:\/\/www.regeringen.se\/pressmeddelanden\/2024\/09\/regeringen-vill-gora-skolan-mobilfri\/\" target=\"_blank\" rel=\"noopener\">tillg\u00e5ng<\/a> till telefoner kan eleverna b\u00e4ttre engagera sig i klassaktiviteter och diskussioner, vilket f\u00f6rb\u00e4ttrar deras inl\u00e4rning och samarbete.<\/li>\n\n\n\n<li><strong>F\u00f6rhindrar fusk och otill\u00e5tna aktiviteter:<\/strong>&nbsp;Faraday-fodralet ser till att telefonerna inte anv\u00e4nds f\u00f6r otill\u00e5tna aktiviteter, s\u00e5som fusk under prov eller lektioner.<\/li>\n<\/ol>\n\n\n\n<figure class=\"wp-block-image size-full is-resized\"><img decoding=\"async\" width=\"987\" height=\"651\" src=\"https:\/\/cryptsec.se\/wp-content\/uploads\/2025\/05\/faraday-school.avif\" alt=\"faraday school\" class=\"wp-image-30876\" style=\"width:649px\"\/><\/figure>\n\n\n\n<h3 class=\"nm-block-heading wp-block-heading\"><strong>Fem f\u00f6rdelar med Faraday-fodral j\u00e4mf\u00f6rt med att l\u00e5sa in mobiltelefonerna i sk\u00e5p:<\/strong><\/h3>\n\n\n\n<ol class=\"nm-block-list wp-block-list\">\n<li><strong>Tillg\u00e5ng vid akuta situationer:<\/strong>&nbsp;Med Faraday-fodral \u00e4r telefonerna fortfarande tillg\u00e4ngliga f\u00f6r eleverna vid n\u00f6dsituationer. Om det skulle uppst\u00e5 ett akut behov av att n\u00e5 f\u00f6r\u00e4ldrar eller ringa efter hj\u00e4lp, kan elever snabbt komma \u00e5t sina telefoner utan att beh\u00f6va g\u00e5 till ett sk\u00e5p.<\/li>\n\n\n\n<li><strong>Skydd fr\u00e5n skador:<\/strong>&nbsp;N\u00e4r telefoner l\u00e5ses in i sk\u00e5p kan de skadas genom att de tr\u00e4ngs ihop med andra objekt eller hanteras p\u00e5 ett ovarsamt s\u00e4tt. Faraday-fodralen ger ett b\u00e4ttre skydd f\u00f6r telefonerna och minskar risken f\u00f6r skador. Detta inneb\u00e4r att skolan slipper st\u00e5 f\u00f6r kostnader f\u00f6r att ers\u00e4tta skadade enheter.<\/li>\n\n\n\n<li><strong>Tidsbesparing f\u00f6r l\u00e4rare:<\/strong>&nbsp;L\u00e4rarna slipper l\u00e4gga tid p\u00e5 att samla in, l\u00e5sa in och dela ut <a href=\"https:\/\/www.svt.se\/nyheter\/lokalt\/ost\/total-mobilforbud-pa-skola-minskat-antalet-krakningar\" target=\"_blank\" rel=\"noopener\">telefoner<\/a> vid varje lektion. Faraday-fodralen sparar v\u00e4rdefull tid f\u00f6r b\u00e5de elever och l\u00e4rare, vilket ger mer tid f\u00f6r l\u00e4rande och undervisning.<\/li>\n\n\n\n<li><strong>\u00d6kad ansvarsk\u00e4nsla och tillit hos eleverna:<\/strong>&nbsp;Genom att inte l\u00e5sa in telefonerna visar skolan att de litar p\u00e5 eleverna och ger dem ett st\u00f6rre ansvar f\u00f6r sina egna saker. Detta st\u00e4rker deras karakt\u00e4r och bidrar till att de v\u00e4xer som individer, vilket skapar en positiv skolmilj\u00f6 och en k\u00e4nsla av sj\u00e4lvst\u00e4ndighet.<\/li>\n\n\n\n<li><strong>Minskar logistiska problem:<\/strong>&nbsp;Att samla in och l\u00e5sa in telefoner i sk\u00e5p kan skapa logistiska problem, s\u00e4rskilt om elever gl\u00f6mmer eller \u00e4r sena med att h\u00e4mta sina enheter. Faraday-fodralen g\u00f6r att telefonerna kan f\u00f6rvaras s\u00e4kert och enkelt utan att kr\u00e4va extra hantering fr\u00e5n l\u00e4rarna.<\/li>\n<\/ol>\n\n\n\n<h2 class=\"nm-block-heading wp-block-heading\"><strong>Generation Faraday<\/strong><\/h2>\n\n\n\n<p>Generation Faradays produktlinje erbjuder l\u00f6sningar som passar alla budgetar, med fullst\u00e4ndiga anpassningsm\u00f6jligheter f\u00f6r att uppfylla skolans alla unika behov.<\/p>\n\n\n\n<figure class=\"wp-block-image size-large is-resized\"><img decoding=\"async\" width=\"1024\" height=\"462\" src=\"https:\/\/cryptsec.se\/wp-content\/uploads\/2025\/05\/faraday-schoool-1024x462.png\" alt=\"\" class=\"wp-image-30871\" style=\"width:649px\" srcset=\"https:\/\/cryptsec.se\/wp-content\/uploads\/2025\/05\/faraday-schoool-1024x462.png 1024w, https:\/\/cryptsec.se\/wp-content\/uploads\/2025\/05\/faraday-schoool-300x135.png 300w, https:\/\/cryptsec.se\/wp-content\/uploads\/2025\/05\/faraday-schoool-768x346.png 768w, https:\/\/cryptsec.se\/wp-content\/uploads\/2025\/05\/faraday-schoool-1536x693.png 1536w, https:\/\/cryptsec.se\/wp-content\/uploads\/2025\/05\/faraday-schoool-2048x923.png 2048w, https:\/\/cryptsec.se\/wp-content\/uploads\/2025\/05\/faraday-schoool-680x307.png 680w\" sizes=\"(max-width: 1024px) 100vw, 1024px\" \/><\/figure>\n\n\n\n<h2 class=\"nm-block-heading wp-block-heading\"><strong>Sammanfattning<\/strong><\/h2>\n\n\n\n<p>Sammanfattningsvis erbjuder Faraday-fodral fr\u00e5n Mission Darkness en smidig och effektiv l\u00f6sning f\u00f6r att hantera mobiltelefoner i skolan. De minskar <a href=\"https:\/\/www.svt.se\/nyheter\/inrikes\/skolministern-tar-emot-utredning-om-mobilfri-skola\" target=\"_blank\" rel=\"noopener\">distraktioner<\/a> under lektioner och ger eleverna ett \u00f6kat ansvar, samtidigt som de bibeh\u00e5ller tillg\u00e5ngen till telefonerna vid behov, till exempel i n\u00f6dsituationer. Genom att f\u00f6rhindra skador p\u00e5 telefonerna och spara tid f\u00f6r l\u00e4rarna bidrar Faraday-fodralen till en mer produktiv och fokuserad skolmilj\u00f6.<\/p>\n\n\n\n<figure class=\"wp-block-embed is-type-video is-provider-youtube wp-block-embed-youtube wp-embed-aspect-16-9 wp-has-aspect-ratio\"><div class=\"wp-block-embed__wrapper\">\n<div class=\"nm-wp-video-wrap nm-wp-video-wrap-youtube\"><iframe title=\"Generation Faraday by Mission Darkness\" width=\"1220\" height=\"686\" src=\"https:\/\/www.youtube.com\/embed\/CD-EJtY-wkU?feature=oembed\" frameborder=\"0\" allow=\"accelerometer; autoplay; clipboard-write; encrypted-media; gyroscope; picture-in-picture; web-share\" referrerpolicy=\"strict-origin-when-cross-origin\" allowfullscreen><\/iframe><\/div>\n<\/div><\/figure>\n\n\n\n<h1 class=\"nm-block-heading wp-block-heading\"><strong>K\u00e4llor &amp; vidare l\u00e4sning:<\/strong><\/h1>\n\n\n\n<ul class=\"nm-block-list wp-block-list\">\n<li><strong>Totalf\u00f6rbud p\u00e5 skola minskade kr\u00e4nkningar<\/strong><br><a href=\"https:\/\/www.svt.se\/nyheter\/lokalt\/ost\/total-mobilforbud-pa-skola-minskat-antalet-krakningar\" target=\"_blank\" rel=\"noopener\">SVT Nyheter \u2013 \u00d6st<\/a><\/li>\n\n\n\n<li><strong>Skolministern tar emot utredning om mobilfri skola<\/strong><br><a href=\"https:\/\/www.svt.se\/nyheter\/inrikes\/skolministern-tar-emot-utredning-om-mobilfri-skola\" target=\"_blank\" rel=\"noopener\">SVT Nyheter \u2013 Inrikes<\/a><\/li>\n\n\n\n<li><strong>Regeringen vill g\u00f6ra skolan mobilfri<\/strong><br><a href=\"https:\/\/www.regeringen.se\/pressmeddelanden\/2024\/09\/regeringen-vill-gora-skolan-mobilfri\/\" target=\"_blank\" rel=\"noopener\">Regeringen.se \u2013 Pressmeddelande, september 2024<\/a><\/li>\n\n\n\n<li><strong>Allvarligt att 30 % av eleverna st\u00f6rs av mobiler under lektionstid<\/strong><br><a href=\"https:\/\/www.regeringen.se\/pressmeddelanden\/2024\/05\/allvarligt-att-30-procent-av-eleverna-stors-av-mobiler-under-lektionstid\/\" target=\"_blank\" rel=\"noopener\">Regeringen.se \u2013 Pressmeddelande, maj 2024<\/a><\/li>\n<\/ul>\n","protected":false},"excerpt":{"rendered":"<p>Sk\u00e4rmar och mobiltelefoners p\u00e5verkan p\u00e5 lektioner Mobiltelefoner och andra sk\u00e4rmar \u00e4r en stor k\u00e4lla till distraktion under skollektioner. Elever har enkelt tillg\u00e5ng till sociala medier, spel, meddelanden och annat som l\u00e4tt lockar bort deras uppm\u00e4rksamhet fr\u00e5n undervisningen. Denna typ av distraktion g\u00f6r det sv\u00e5rt f\u00f6r elever att koncentrera sig, delta aktivt i lektioner och uppr\u00e4tth\u00e5lla &hellip;<\/p>\n","protected":false},"author":80,"featured_media":0,"parent":0,"menu_order":0,"comment_status":"closed","ping_status":"closed","template":"","meta":{"footnotes":""},"class_list":["post-30665","page","type-page","status-publish","hentry"],"_links":{"self":[{"href":"https:\/\/cryptsec.se\/sv\/wp-json\/wp\/v2\/pages\/30665","targetHints":{"allow":["GET"]}}],"collection":[{"href":"https:\/\/cryptsec.se\/sv\/wp-json\/wp\/v2\/pages"}],"about":[{"href":"https:\/\/cryptsec.se\/sv\/wp-json\/wp\/v2\/types\/page"}],"author":[{"embeddable":true,"href":"https:\/\/cryptsec.se\/sv\/wp-json\/wp\/v2\/users\/80"}],"replies":[{"embeddable":true,"href":"https:\/\/cryptsec.se\/sv\/wp-json\/wp\/v2\/comments?post=30665"}],"version-history":[{"count":3,"href":"https:\/\/cryptsec.se\/sv\/wp-json\/wp\/v2\/pages\/30665\/revisions"}],"predecessor-version":[{"id":30878,"href":"https:\/\/cryptsec.se\/sv\/wp-json\/wp\/v2\/pages\/30665\/revisions\/30878"}],"wp:attachment":[{"href":"https:\/\/cryptsec.se\/sv\/wp-json\/wp\/v2\/media?parent=30665"}],"curies":[{"name":"wp","href":"https:\/\/api.w.org\/{rel}","templated":true}]}}