{"id":26829,"date":"2024-01-25T11:01:07","date_gmt":"2024-01-25T10:01:07","guid":{"rendered":"https:\/\/cryptsec.se\/product\/blockbox-lab-xl\/"},"modified":"2024-03-27T12:31:06","modified_gmt":"2024-03-27T11:31:06","slug":"blockbox-lab-xl","status":"publish","type":"product","link":"https:\/\/cryptsec.se\/sv\/product\/blockbox-lab-xl\/","title":{"rendered":"BlockBox Lab XL"},"content":{"rendered":"<p>BlockBox Lab XL erbjuder den ultimata avsk\u00e4rmningen mot radiofrekvenser (RF) och praktisk tillg\u00e4nglighet f\u00f6r kriminaltekniska unders\u00f6kningar av elektroniska enheter. Det robusta h\u00f6ljet f\u00f6r kriminalteknisk analys \u00e4r s\u00e4rskilt utformat f\u00f6r unders\u00f6kning av enheter som mobiltelefoner, surfplattor, b\u00e4rbara datorer och elektronik i liknande storlek, samtidigt som det \u00e4r skyddat fr\u00e5n RF-signaler. De extra stora innerm\u00e5tten g\u00f6r det enkelt f\u00f6r operat\u00f6rerna att bekv\u00e4mt analysera enheter, samt att flytta enheter in i och ut ur faradayv\u00e4skor inuti den sk\u00e4rmade kammaren.<\/p>\n<p>Den \u00e4r konstruerad med en t\u00e5lig aluminiumram med RF-absorberande skum p\u00e5 innerv\u00e4ggarna, ledande handskar f\u00f6r b\u00e5da h\u00e4nderna f\u00f6r att man\u00f6vrera och unders\u00f6ka enheter inuti (inklusive peksk\u00e4rmar), patents\u00f6kt Gen 2 RF-FilterVu transparent visningsf\u00f6nster, tv\u00e5 LED-arrayer, grenuttag med fyra universalstr\u00f6muttag och fyra USB-portar samt ett dubbelsidigt sk\u00e4rmat filter med RJ45 ethernet och tv\u00e5 USB-portar f\u00f6r extrahering av data vid h\u00f6ga hastigheter.<\/p>\n<p>Med RJ45-porten kan operat\u00f6ren ansluta enheter inuti faradaykammaren till ett lokalt n\u00e4tverk internt, samt ansluta till en laddningsk\u00e4lla, dator eller datautvinningsverktyg externt. De kombinerade funktionerna g\u00f6r det m\u00f6jligt f\u00f6r kriminaltekniska utredare att grundligt analysera data p\u00e5 enheter samtidigt som de f\u00f6rhindrar att n\u00e5gon signal n\u00e5r eller l\u00e4mnar enheten. M\u00f6jligheten att h\u00e5lla enheter laddade p\u00e5 obest\u00e4md tid f\u00f6rhindrar sp\u00e4rrl\u00e4ge och minskar den tid som beh\u00f6vs f\u00f6r att kn\u00e4cka ett l\u00f6senord, vilket m\u00f6jligg\u00f6r maximal datautvinning och uppl\u00e5sning med verktyg som GrayKey, Cellebrite, XRY, BlackBag, Oxygen, etc.<\/p>\n<p>BlockBox Lab XL isolerar enheterna helt inuti och blockerar WiFi (2,4 &amp; 5GHz), Bluetooth, mobilsignaler inklusive 5G-n\u00e4tverk, GPS, RFID och radiosignaler. Den har testats i laboratorium och certifierats enligt standarden <a href=\"https:\/\/mosequipment.com\/pages\/ieee-299-2006-testing\" target=\"_blank\" rel=\"noopener\">IEEE 299-2006<\/a> f\u00f6r sk\u00e4rmningseffektivitet. BlockBox Lab XL \u00e4r avsedd f\u00f6r laboratoriebruk, men tack vare sin l\u00e5ga vikt och de kraftiga sidohandtagen kan den transporteras till olika platser.<\/p>\n<p>Den omfattande tillbeh\u00f6rssatsen inneh\u00e5ller en m\u00e4ngd olika h\u00f6gkvalitativa kablar, telefonh\u00e5llare och hylla i kristallklar akryl, en upps\u00e4ttning ers\u00e4ttningshandskar och skumt\u00e4tningar (eftersom dessa delar kan slitas ut med tiden p\u00e5 grund av ofta\/felaktig anv\u00e4ndning eller f\u00f6rvaring), som enkelt kan installeras p\u00e5 plats utan att beh\u00f6va skicka hela enheten f\u00f6r reparation. Satsen inneh\u00e5ller ocks\u00e5 en m\u00e4ngd olika Mission Darkness NeoLok Faraday Bags med en patenterad magnetisk f\u00f6rslutning som g\u00f6r det s\u00e4kert att anv\u00e4nda ledande handskar vid kriminaltekniska unders\u00f6kningar.<\/p>\n<p>Alternativa anv\u00e4ndningsomr\u00e5den f\u00f6r BlockBox Lab XL \u00e4r testning av mobila enheter, eftersom produkten kan anv\u00e4ndas f\u00f6r att skapa en isolerad och kontrollerad milj\u00f6. En extra RJ45 ethernet-port kan installeras vid behov (se detaljer nedan). BlockBox Lab XL kan k\u00f6pas med ett kameraf\u00e4ste p\u00e5 locket s\u00e5 att en kamera kan fotografera bevismaterial och enhetssk\u00e4rmar genom visningsf\u00f6nstret (v\u00e4lj detta alternativ fr\u00e5n rullgardinsmenyn). L\u00e4s <a href=\"https:\/\/mosequipment.com\/blogs\/blog\/faraday-box-with-mounted-camera\" target=\"_blank\" rel=\"noopener\">blogginl\u00e4gget<\/a> om f\u00f6rdelarna med en faradaybox med en monterad kamera f\u00f6r att l\u00e4ra dig mer.<\/p>\n","protected":false},"excerpt":{"rendered":"<h6>Mission Darkness BlockBox Lab XL &#8211; RF-kapsling f\u00f6r analys av mobila enheter<\/h6>\n","protected":false},"featured_media":26729,"template":"","meta":[],"product_brand":[],"product_cat":[830,1075],"product_tag":[998,831,833,834,835],"berocket_brand":[],"class_list":{"0":"post-26829","1":"product","2":"type-product","3":"status-publish","4":"has-post-thumbnail","6":"product_cat-faraday-mission-darkness","7":"product_cat-forensics-sv","8":"product_tag-faraday-bag-sv","9":"product_tag-faraday-skold","10":"product_tag-faraday-skydd","11":"product_tag-rattsmedicin","12":"product_tag-svart-lada","14":"first","15":"instock","16":"featured","17":"taxable","18":"shipping-taxable","19":"purchasable","20":"product-type-simple"},"_links":{"self":[{"href":"https:\/\/cryptsec.se\/sv\/wp-json\/wp\/v2\/product\/26829","targetHints":{"allow":["GET"]}}],"collection":[{"href":"https:\/\/cryptsec.se\/sv\/wp-json\/wp\/v2\/product"}],"about":[{"href":"https:\/\/cryptsec.se\/sv\/wp-json\/wp\/v2\/types\/product"}],"wp:featuredmedia":[{"embeddable":true,"href":"https:\/\/cryptsec.se\/sv\/wp-json\/wp\/v2\/media\/26729"}],"wp:attachment":[{"href":"https:\/\/cryptsec.se\/sv\/wp-json\/wp\/v2\/media?parent=26829"}],"wp:term":[{"taxonomy":"product_brand","embeddable":true,"href":"https:\/\/cryptsec.se\/sv\/wp-json\/wp\/v2\/product_brand?post=26829"},{"taxonomy":"product_cat","embeddable":true,"href":"https:\/\/cryptsec.se\/sv\/wp-json\/wp\/v2\/product_cat?post=26829"},{"taxonomy":"product_tag","embeddable":true,"href":"https:\/\/cryptsec.se\/sv\/wp-json\/wp\/v2\/product_tag?post=26829"},{"taxonomy":"berocket_brand","embeddable":true,"href":"https:\/\/cryptsec.se\/sv\/wp-json\/wp\/v2\/berocket_brand?post=26829"}],"curies":[{"name":"wp","href":"https:\/\/api.w.org\/{rel}","templated":true}]}}