{"id":27207,"date":"2024-03-04T11:35:58","date_gmt":"2024-03-04T10:35:58","guid":{"rendered":"https:\/\/cryptsec.se\/product\/saker-summit-ultraljudsbox\/"},"modified":"2024-10-18T19:26:01","modified_gmt":"2024-10-18T17:26:01","slug":"saker-summit-ultraljudsbox","status":"publish","type":"product","link":"https:\/\/cryptsec.se\/sv\/product\/saker-summit-ultraljudsbox\/","title":{"rendered":"Safe SUMMIT ultraljudsbox"},"content":{"rendered":"<div class=\"itemIntroText\">\n<div>Mobiltelefoner har ett o\u00e4ndligt antal f\u00f6rdelar f\u00f6r kommunikation och aff\u00e4rer, men de skapar ocks\u00e5 vissa hot om informationsl\u00e4ckage. En av de potentiella l\u00e4ckagekanalerna \u00e4r telefonens mikrofon som kan f\u00e5nga upp omgivande akustik med h\u00f6g k\u00e4nslighet. Safe SUMMIT har utvecklats av experter p\u00e5 informationss\u00e4kerhet f\u00f6r att skydda mot just denna typ av hot. Safe SUMMIT \u00e4r en liten b\u00e4rbar mikrofonst\u00f6rare f\u00f6r att skydda konfidentiell information under samtal.<\/div>\n<\/div>\n<div class=\"itemFullText\">\n<p><strong>Funktioner<\/strong><\/p>\n<div>&#8211; Blockerar telefonens mikrofon med hj\u00e4lp av icke-filtrerbara ultraljudsst\u00f6rningar<br \/>\n&#8211; Hindrar effektivt surroundinspelningsappar fr\u00e5n att f\u00e5nga upp samtal och ljud<br \/>\n&#8211; D\u00e4mpar b\u00e5de den nedre och \u00f6vre mikrofonen i telefonen genom att skapa interferens p\u00e5 tv\u00e5 sidor<br \/>\n&#8211; Upp till 4 telefoner f\u00e5r plats inuti<br \/>\n&#8211; Oh\u00f6rbar st\u00f6rningsfrekvens har valts optimalt f\u00f6r b\u00e4sta prestanda och p\u00e5verkar alla befintliga modeller av smartphones<br \/>\n&#8211; Tillverkad med designen av ett attraktivt stativ i naturligt tr\u00e4<br \/>\n&#8211; Den akustiskt isolerade telefonen kan f\u00f6rbli n\u00e4ra \u00e4garen d\u00e4r sk\u00e4rmen l\u00e4tt kan observeras<br \/>\n&#8211; Telefonen f\u00f6rblir uppkopplad och tillg\u00e4nglig f\u00f6r inkommande samtal<br \/>\n&#8211; Ingen olaglig radiost\u00f6rning<br \/>\n&#8211; Kan drivas via extern USB eller fr\u00e5n det inbyggda uppladdningsbara batteriet<br \/>\n&#8211; Har 2 sensorer, vilket \u00f6kar batteriets kapacitet: enheten b\u00f6rjar producera st\u00f6rningar n\u00e4r en telefon s\u00e4tts i (IN USE-sensor) och ett samtal p\u00e5g\u00e5r (ACTIVE-sensor)<br \/>\n&#8211; \u00c4r kompatibel med alla typer av telefoner (max. h\u00f6jd 180 mm)<\/div>\n<\/div>\n<div><\/div>\n","protected":false},"excerpt":{"rendered":"<p>Safe SUMMIT \u00e4r en l\u00e5da med mikrofonst\u00f6rare f\u00f6r att skydda konfidentiell information fr\u00e5n avlyssning via mobiltelefoner.<\/p>\n","protected":false},"featured_media":28572,"template":"","meta":[],"product_brand":[],"product_cat":[],"product_tag":[1000,999,1001,1002],"berocket_brand":[],"class_list":{"0":"post-27207","1":"product","2":"type-product","3":"status-publish","4":"has-post-thumbnail","6":"product_tag-avlyssningsskydd","7":"product_tag-faraday-lada","8":"product_tag-noisebox","9":"product_tag-rostskydd","11":"first","12":"instock","13":"taxable","14":"shipping-taxable","15":"purchasable","16":"product-type-simple"},"_links":{"self":[{"href":"https:\/\/cryptsec.se\/sv\/wp-json\/wp\/v2\/product\/27207","targetHints":{"allow":["GET"]}}],"collection":[{"href":"https:\/\/cryptsec.se\/sv\/wp-json\/wp\/v2\/product"}],"about":[{"href":"https:\/\/cryptsec.se\/sv\/wp-json\/wp\/v2\/types\/product"}],"wp:featuredmedia":[{"embeddable":true,"href":"https:\/\/cryptsec.se\/sv\/wp-json\/wp\/v2\/media\/28572"}],"wp:attachment":[{"href":"https:\/\/cryptsec.se\/sv\/wp-json\/wp\/v2\/media?parent=27207"}],"wp:term":[{"taxonomy":"product_brand","embeddable":true,"href":"https:\/\/cryptsec.se\/sv\/wp-json\/wp\/v2\/product_brand?post=27207"},{"taxonomy":"product_cat","embeddable":true,"href":"https:\/\/cryptsec.se\/sv\/wp-json\/wp\/v2\/product_cat?post=27207"},{"taxonomy":"product_tag","embeddable":true,"href":"https:\/\/cryptsec.se\/sv\/wp-json\/wp\/v2\/product_tag?post=27207"},{"taxonomy":"berocket_brand","embeddable":true,"href":"https:\/\/cryptsec.se\/sv\/wp-json\/wp\/v2\/berocket_brand?post=27207"}],"curies":[{"name":"wp","href":"https:\/\/api.w.org\/{rel}","templated":true}]}}