{"id":27265,"date":"2024-03-04T10:54:51","date_gmt":"2024-03-04T09:54:51","guid":{"rendered":"https:\/\/cryptsec.se\/product\/zodiac-freetalk-mini-444-446-mhz\/"},"modified":"2025-05-02T18:47:38","modified_gmt":"2025-05-02T16:47:38","slug":"zodiac-freetalk-mini-444-446-mhz","status":"publish","type":"product","link":"https:\/\/cryptsec.se\/sv\/product\/zodiac-freetalk-mini-444-446-mhz\/","title":{"rendered":"Zodiac Freetalk Mini 444-446 MHZ"},"content":{"rendered":"<p>Zodiac Freetalk Mini 444-446 MHZ \u00e4r en mycket liten, smidig och t\u00e5lig krypterad radio som ligger bekv\u00e4mt i handen. Med sin enkla hantering \u00e4r den utm\u00e4rkt p\u00e5 arbetsplatsen, som fritidsradio eller p\u00e5 andra platser d\u00e4r man l\u00e4tt tappar kontakten med varandra.<\/p>\n<p>Freetalk Mini har en inbyggd kompander, vilket ger ett kristallklart ljud. Andra tillg\u00e4ngliga funktioner \u00e4r automatisk avst\u00e4ngning, tidsbegr\u00e4nsad \u00f6verf\u00f6ring, batterisparfunktion, eget ID, r\u00f6ststyrning (VOX) och talf\u00f6rvr\u00e4ngning (scrambling). Allt detta kan st\u00e4llas in manuellt via menyknappen. 1 \u00e5rs garanti.<\/p>\n<p><strong>Leverera med:<\/strong><\/p>\n<p>1 st antenn<br \/>\n1st Uppladdningsbart batteri &#8211; 1100mAh<\/p>\n","protected":false},"excerpt":{"rendered":"<p>En mycket liten, flexibel och t\u00e5lig radio som ligger bekv\u00e4mt i handen.<\/p>\n","protected":false},"featured_media":27050,"template":"","meta":[],"product_brand":[],"product_cat":[859,1074],"product_tag":[867,868,869,878],"berocket_brand":[],"class_list":{"0":"post-27265","1":"product","2":"type-product","3":"status-publish","4":"has-post-thumbnail","6":"product_cat-kommunikation","7":"product_cat-radio-sv","8":"product_tag-radio-sv","9":"product_tag-radioapparat-sv","10":"product_tag-radiokommunikation-sv","11":"product_tag-zodiak","13":"first","14":"instock","15":"taxable","16":"shipping-taxable","17":"purchasable","18":"product-type-simple"},"_links":{"self":[{"href":"https:\/\/cryptsec.se\/sv\/wp-json\/wp\/v2\/product\/27265","targetHints":{"allow":["GET"]}}],"collection":[{"href":"https:\/\/cryptsec.se\/sv\/wp-json\/wp\/v2\/product"}],"about":[{"href":"https:\/\/cryptsec.se\/sv\/wp-json\/wp\/v2\/types\/product"}],"wp:featuredmedia":[{"embeddable":true,"href":"https:\/\/cryptsec.se\/sv\/wp-json\/wp\/v2\/media\/27050"}],"wp:attachment":[{"href":"https:\/\/cryptsec.se\/sv\/wp-json\/wp\/v2\/media?parent=27265"}],"wp:term":[{"taxonomy":"product_brand","embeddable":true,"href":"https:\/\/cryptsec.se\/sv\/wp-json\/wp\/v2\/product_brand?post=27265"},{"taxonomy":"product_cat","embeddable":true,"href":"https:\/\/cryptsec.se\/sv\/wp-json\/wp\/v2\/product_cat?post=27265"},{"taxonomy":"product_tag","embeddable":true,"href":"https:\/\/cryptsec.se\/sv\/wp-json\/wp\/v2\/product_tag?post=27265"},{"taxonomy":"berocket_brand","embeddable":true,"href":"https:\/\/cryptsec.se\/sv\/wp-json\/wp\/v2\/berocket_brand?post=27265"}],"curies":[{"name":"wp","href":"https:\/\/api.w.org\/{rel}","templated":true}]}}