{"id":27266,"date":"2024-02-29T21:19:30","date_gmt":"2024-02-29T20:19:30","guid":{"rendered":"https:\/\/cryptsec.se\/product\/omni-tower-microphone-jammer\/"},"modified":"2024-03-27T12:15:37","modified_gmt":"2024-03-27T11:15:37","slug":"omni-tower-microphone-jammer","status":"publish","type":"product","link":"https:\/\/cryptsec.se\/sv\/product\/omni-tower-microphone-jammer\/","title":{"rendered":"OMNI TOWER &#8211; Microphone Jammer"},"content":{"rendered":"<div class=\"itemIntroText\">\n<div>OMNI TOWER \u00e4r en unik och effektiv rundstr\u00e5lande ultraljudsenhet som anv\u00e4nds f\u00f6r att skydda sekretessbelagd information, baserat p\u00e5 en speciell algoritm f\u00f6r generering av den digitala ultraljudsst\u00f6rsignalen. Enheten skyddar effektivt konfidentiella samtal, konferenser, aff\u00e4rskonferenser och hemliga m\u00f6ten mot avlyssning och inspelning med alla r\u00f6stinspelare.<\/div>\n<div><\/div>\n<\/div>\n<div class=\"itemFullText\">\n<div><strong>Till\u00e4mpning<\/strong><\/div>\n<div>OMNI TOWER blockerar effektivt avlyssning, r\u00f6stinspelning och mikrofoner i rum med en yta p\u00e5 ca 30-40 m2, t.ex:<br \/>\n&#8211; mikrofoner i mobiltelefoner;<br \/>\n&#8211; digitala inspelare av ljudet med den inbyggda mikrofonen eller mikrofonen p\u00e5 kabeln;<br \/>\n&#8211; Professionella digitala diktafoner av typen : EDIC-the mini, Gnome, Olympus, Papyrus&#8230;;<br \/>\n&#8211; inbyggda diktafoner i smartphones av typen Iphone, HTC, SONY , LG, SAMSUNG&#8230;;<br \/>\n&#8211; radiomikrofoner, mikrofoner f\u00f6r ljud- och videoinspelare;<br \/>\n&#8211; mikrofoner i kameror, avlyssning av mikrofoner;<br \/>\n&#8211; professionella diktafoner dolda i kort till bankomater;<br \/>\n&#8211; \u00e4ldre och nyare diktafoner, inspelningsapparater i metallh\u00f6lje.<\/div>\n<div><\/div>\n<div>Ultrasonic Jammer OMNI TOWER f\u00f6rhindrar ocks\u00e5 informationsl\u00e4ckage genom analog, digital, optisk och seismisk avlyssning. Produkten anv\u00e4nds f\u00f6r station\u00e4rt arbete i rum p\u00e5 konferensbord, skrivbord etc.<\/div>\n<\/div>\n<div><\/div>\n<div><strong>Funktioner<\/strong><br \/>\n&#8211; Typ av arbete: patentskyddad algoritm f\u00f6r generering av st\u00f6rningar med hj\u00e4lp av en digital ultraljudssignal;<br \/>\n&#8211; Radiofj\u00e4rrkontrollen sl\u00e5s p\u00e5 och av;<br \/>\n&#8211; Indikator f\u00f6r laddning och batteristatus;<br \/>\n&#8211; Tyst drift &#8211; avger inget h\u00f6rbart och st\u00f6rande ljud;<br \/>\n&#8211; Enkel drift och anv\u00e4ndning.<\/div>\n","protected":false},"excerpt":{"rendered":"<p>OMNI TOWER &#8211; rundstr\u00e5lande st\u00f6rs\u00e4ndare f\u00f6r mikrofoner och ljudinspelare<\/p>\n","protected":false},"featured_media":27036,"template":"","meta":[],"product_brand":[],"product_cat":[],"product_tag":[],"berocket_brand":[],"class_list":{"0":"post-27266","1":"product","2":"type-product","3":"status-publish","4":"has-post-thumbnail","7":"first","8":"instock","9":"taxable","10":"shipping-taxable","11":"product-type-simple"},"_links":{"self":[{"href":"https:\/\/cryptsec.se\/sv\/wp-json\/wp\/v2\/product\/27266","targetHints":{"allow":["GET"]}}],"collection":[{"href":"https:\/\/cryptsec.se\/sv\/wp-json\/wp\/v2\/product"}],"about":[{"href":"https:\/\/cryptsec.se\/sv\/wp-json\/wp\/v2\/types\/product"}],"wp:featuredmedia":[{"embeddable":true,"href":"https:\/\/cryptsec.se\/sv\/wp-json\/wp\/v2\/media\/27036"}],"wp:attachment":[{"href":"https:\/\/cryptsec.se\/sv\/wp-json\/wp\/v2\/media?parent=27266"}],"wp:term":[{"taxonomy":"product_brand","embeddable":true,"href":"https:\/\/cryptsec.se\/sv\/wp-json\/wp\/v2\/product_brand?post=27266"},{"taxonomy":"product_cat","embeddable":true,"href":"https:\/\/cryptsec.se\/sv\/wp-json\/wp\/v2\/product_cat?post=27266"},{"taxonomy":"product_tag","embeddable":true,"href":"https:\/\/cryptsec.se\/sv\/wp-json\/wp\/v2\/product_tag?post=27266"},{"taxonomy":"berocket_brand","embeddable":true,"href":"https:\/\/cryptsec.se\/sv\/wp-json\/wp\/v2\/berocket_brand?post=27266"}],"curies":[{"name":"wp","href":"https:\/\/api.w.org\/{rel}","templated":true}]}}