{"id":27267,"date":"2024-03-04T10:34:41","date_gmt":"2024-03-04T09:34:41","guid":{"rendered":"https:\/\/cryptsec.se\/product\/uppdrag-morker-charge-shield\/"},"modified":"2024-03-04T10:34:41","modified_gmt":"2024-03-04T09:34:41","slug":"uppdrag-morker-charge-shield","status":"publish","type":"product","link":"https:\/\/cryptsec.se\/sv\/product\/uppdrag-morker-charge-shield\/","title":{"rendered":"Uppdrag M\u00f6rker Charge &amp; Shield"},"content":{"rendered":"<p>F\u00f6r att effektivt komma \u00e5t och \u00e5terst\u00e4lla data fr\u00e5n mobiltelefoner, surfplattor och liknande elektronik kr\u00e4ver de senaste kriminaltekniska verktygen att enheterna \u00e4r aktiva. Mission Darkness\u2122 Window Charge &amp; Shield Faraday Bag \u00e4r utformad f\u00f6r att h\u00e5lla en enhet str\u00f6mf\u00f6rs\u00f6rjd samtidigt som den skyddas fr\u00e5n RF-signaler. Den finns i storlekarna telefon och surfplatta och har gott om plats f\u00f6r filterkabelanslutningen. Varje v\u00e4ska inneh\u00e5ller ett dubbelsidigt USB-filter med externt kabell\u00e5s, patenterat NeoLok\u2122 f\u00f6rslutningssystem f\u00f6r s\u00e4ker anv\u00e4ndning med ledande handskar, transparent f\u00f6nster f\u00f6r visning av batteritid och enhetsstatus samt en m\u00e4ngd olika laddningskablar f\u00f6r enheter. Den unika laddningsfunktionen f\u00f6rhindrar sp\u00e4rrl\u00e4ge och minskar den tid som kr\u00e4vs f\u00f6r att kn\u00e4cka ett l\u00f6senord, vilket m\u00f6jligg\u00f6r maximal datautvinning och uppl\u00e5sning med verktyg som GrayKey, Cellebrite, XRY, BlackBag, Oxygen m.fl.<\/p>\n<div id=\"s-c48e214d-5417-4614-bcd8-9dc5a0ab1d02\" class=\"shg-c shg-align-left\">\n<div class=\"shogun-heading-component\">\n<h5><b>Sk\u00f6ld och laddning p\u00e5 f\u00e4ltet eller i laboratoriet<\/b><\/h5>\n<\/div>\n<\/div>\n<div id=\"s-db938835-824d-45b6-9677-dc34ffb9ebda\" class=\"shg-c \">\n<div class=\"shg-rich-text shg-theme-text-content\">\n<p>Window Charge &amp; Shield Faraday Bag kan anv\u00e4ndas separat eller tillsammans med v\u00e5rt Blocker Locker\u2122-system (beskrivs nedan). Det sk\u00e4rmade USB-filtret och kabelsatsen g\u00f6r att enheten kan anslutas till ett uppladdningsbart batteri eller en permanent str\u00f6mk\u00e4lla, vilket garanterar att str\u00f6mf\u00f6rs\u00f6rjningen aldrig \u00e4ventyras. Blixtl\u00e5sfickan p\u00e5 v\u00e4skans baksida inneh\u00e5ller de medf\u00f6ljande kabeltipsen; anslut helt enkelt enheten till USB-filtrets insida med hj\u00e4lp av den kompatibla tippen. En enhet inuti kan ta emot str\u00f6m medan den f\u00f6rflyttas mellan olika platser, t.ex. ett fordon, en laddningsstation, ett bevissk\u00e5p eller ett skrivbord med ett eluttag, tills den kan analyseras p\u00e5 en annan plats. Anv\u00e4ndaren kan se enhetens status genom det transparenta f\u00f6nstret f\u00f6r att bekr\u00e4fta att batteriet \u00e4r laddat och att signalen \u00e4r avst\u00e4ngd. F\u00f6r att extrahera data kopplar anv\u00e4ndaren helt enkelt bort str\u00f6mk\u00e4llan och ansluter till ett extraktionsverktyg. P\u00e5sen kan placeras i en forensisk faradayl\u00e5da och enheten inuti \u00f6verf\u00f6ras f\u00f6r skyddad datautvinning.<\/p>\n<p>&nbsp;<\/p>\n<\/div>\n<\/div>\n<p>&nbsp;<\/p>\n","protected":false},"excerpt":{"rendered":"<div id=\"s-66b5e272-77a6-4847-a55f-5e07cb3e2089\" class=\"shg-c shg-align-center\">\n<div class=\"shogun-heading-component\">\n<p>H\u00e5ll enheter skyddade och levande &#8211; fr\u00e5n beslag till lagring av bevismaterial till datautvinning<\/p>\n<\/div>\n<\/div>\n","protected":false},"featured_media":27041,"template":"","meta":[],"product_brand":[],"product_cat":[830],"product_tag":[1117,998,831,833,884,1119,834,885],"berocket_brand":[],"class_list":{"0":"post-27267","1":"product","2":"type-product","3":"status-publish","4":"has-post-thumbnail","6":"product_cat-faraday-mission-darkness","7":"product_tag-faraday-sv","8":"product_tag-faraday-bag-sv","9":"product_tag-faraday-skold","10":"product_tag-faraday-skydd","11":"product_tag-faraday-vaska-sv","12":"product_tag-forensisk-utrustning","13":"product_tag-rattsmedicin","14":"product_tag-sakerhetsfodral-sv","16":"first","17":"instock","18":"taxable","19":"shipping-taxable","20":"purchasable","21":"product-type-simple"},"_links":{"self":[{"href":"https:\/\/cryptsec.se\/sv\/wp-json\/wp\/v2\/product\/27267","targetHints":{"allow":["GET"]}}],"collection":[{"href":"https:\/\/cryptsec.se\/sv\/wp-json\/wp\/v2\/product"}],"about":[{"href":"https:\/\/cryptsec.se\/sv\/wp-json\/wp\/v2\/types\/product"}],"wp:featuredmedia":[{"embeddable":true,"href":"https:\/\/cryptsec.se\/sv\/wp-json\/wp\/v2\/media\/27041"}],"wp:attachment":[{"href":"https:\/\/cryptsec.se\/sv\/wp-json\/wp\/v2\/media?parent=27267"}],"wp:term":[{"taxonomy":"product_brand","embeddable":true,"href":"https:\/\/cryptsec.se\/sv\/wp-json\/wp\/v2\/product_brand?post=27267"},{"taxonomy":"product_cat","embeddable":true,"href":"https:\/\/cryptsec.se\/sv\/wp-json\/wp\/v2\/product_cat?post=27267"},{"taxonomy":"product_tag","embeddable":true,"href":"https:\/\/cryptsec.se\/sv\/wp-json\/wp\/v2\/product_tag?post=27267"},{"taxonomy":"berocket_brand","embeddable":true,"href":"https:\/\/cryptsec.se\/sv\/wp-json\/wp\/v2\/berocket_brand?post=27267"}],"curies":[{"name":"wp","href":"https:\/\/api.w.org\/{rel}","templated":true}]}}