{"id":27269,"date":"2023-10-03T11:44:33","date_gmt":"2023-10-03T09:44:33","guid":{"rendered":"https:\/\/cryptsec.se\/product\/mission-darkness-faraday-laptop-bag\/"},"modified":"2023-10-03T11:44:33","modified_gmt":"2023-10-03T09:44:33","slug":"mission-darkness-faraday-laptop-bag","status":"publish","type":"product","link":"https:\/\/cryptsec.se\/sv\/product\/mission-darkness-faraday-laptop-bag\/","title":{"rendered":"Mission Darkness Faraday Laptop Bag"},"content":{"rendered":"<div id=\"s-fe71ce7a-fcc9-4d0d-a47b-db459b519250\" class=\"shg-c \">\n<div class=\"shg-rich-text shg-theme-text-content\">\n<p>Mission Darkness\u2122 Faraday-v\u00e4ska utan f\u00f6nster f\u00f6r b\u00e4rbara datorer blockerar helt alla tr\u00e5dl\u00f6sa signaler och h\u00e5ller stora elektroniska enheter skyddade f\u00f6r att f\u00f6rhindra hackning, sp\u00e5rning, spionage och korruption i sp\u00e5rbarhetskedjan. N\u00e4r en b\u00e4rbar dator eller annan enhet \u00e4r ordentligt inkapslad i v\u00e4skan kan inga appar eller skadlig kod fj\u00e4rrutl\u00f6sas eller raderas, ingen kommunikation kan tr\u00e4nga in och ingen kan komma \u00e5t mikrofonen, kameran, GPS-positionen eller data. De prim\u00e4ra anv\u00e4ndningsomr\u00e5dena \u00e4r polis och milit\u00e4r f\u00f6r insamling av kriminaltekniska bevis, f\u00f6rsvar mot datast\u00f6ld, f\u00f6retags- och persons\u00e4kerhet, EMP-skydd, minskning av EMF-str\u00e5lning och f\u00f6r att f\u00f6rb\u00e4ttra den digitala integriteten.<\/p>\n<p class=\"a-spacing-base\">V\u00e4skan \u00e4r tillverkad med ett slitstarkt och vattenavvisande yttermaterial i ballistisk nylon f\u00f6r att s\u00e4kerst\u00e4lla att enheter och faradayv\u00e4v h\u00e5ller sig torra och skyddade. Inredningen best\u00e5r av tv\u00e5 lager h\u00f6gsk\u00e4rmande <a href=\"https:\/\/mosequipment.com\/collections\/faraday-supplies\/products\/titanrf-faraday-fabric\" target=\"_blank\" rel=\"noopener\">TitanRF\u2122 Faraday Fabric<\/a> p\u00e5 alla sidor med dubbla parade s\u00f6mmar. V\u00e4skan blockerar alla tr\u00e5dl\u00f6sa signaler, inklusive WiFi (2,4 och 5 GHz), Bluetooth, mobilsignaler inklusive 5G-n\u00e4tverk, GPS, RFID, NFC och radiosignaler fr\u00e5n l\u00e5ga MHz till 40 GHz. Ytterligare produktfunktioner inkluderar en dubbelrulle med kardborref\u00f6rslutning, unikt serienummer och transparent m\u00e4rkesficka.<\/p>\n<p class=\"a-spacing-base\">V\u00e4skan anv\u00e4nds vanligtvis f\u00f6r att skydda enheter som b\u00e4rbara datorer, flera surfplattor, mobiltelefoner, GPS-enheter, komradioapparater, h\u00e5rddiskar, smarta hush\u00e5llsapparater och annan elektronik av liknande storlek.<\/p>\n<\/div>\n<\/div>\n<div id=\"s-9a85e77c-34ed-455f-af06-140d5a2cf9b5\" class=\"shg-c \">\n<div class=\"shg-hr-wrapper\"><\/div>\n<\/div>\n","protected":false},"excerpt":{"rendered":"<p>Mission Darkness\u2122 Faraday Bag utan f\u00f6nster f\u00f6r b\u00e4rbara datorer blockerar helt alla tr\u00e5dl\u00f6sa signaler och h\u00e5ller stora elektroniska enheter skyddade f\u00f6r att f\u00f6rhindra hackning, sp\u00e5rning, spionage och korruption i sp\u00e5rbarhetskedjan.<\/p>\n","protected":false},"featured_media":29564,"template":"","meta":[],"product_brand":[],"product_cat":[830,1078],"product_tag":[1134,998,831,884,913,885,900,901],"berocket_brand":[],"class_list":{"0":"post-27269","1":"product","2":"type-product","3":"status-publish","4":"has-post-thumbnail","6":"product_cat-faraday-mission-darkness","7":"product_cat-faradayvaskor-ipad-datorer","8":"product_tag-datasakerhet-sv-2","9":"product_tag-faraday-bag-sv","10":"product_tag-faraday-skold","11":"product_tag-faraday-vaska-sv","12":"product_tag-informationssakerhet","13":"product_tag-sakerhetsfodral-sv","14":"product_tag-skarmning","15":"product_tag-uppdrag-morker","17":"first","18":"instock","19":"taxable","20":"shipping-taxable","21":"purchasable","22":"product-type-simple"},"_links":{"self":[{"href":"https:\/\/cryptsec.se\/sv\/wp-json\/wp\/v2\/product\/27269","targetHints":{"allow":["GET"]}}],"collection":[{"href":"https:\/\/cryptsec.se\/sv\/wp-json\/wp\/v2\/product"}],"about":[{"href":"https:\/\/cryptsec.se\/sv\/wp-json\/wp\/v2\/types\/product"}],"wp:featuredmedia":[{"embeddable":true,"href":"https:\/\/cryptsec.se\/sv\/wp-json\/wp\/v2\/media\/29564"}],"wp:attachment":[{"href":"https:\/\/cryptsec.se\/sv\/wp-json\/wp\/v2\/media?parent=27269"}],"wp:term":[{"taxonomy":"product_brand","embeddable":true,"href":"https:\/\/cryptsec.se\/sv\/wp-json\/wp\/v2\/product_brand?post=27269"},{"taxonomy":"product_cat","embeddable":true,"href":"https:\/\/cryptsec.se\/sv\/wp-json\/wp\/v2\/product_cat?post=27269"},{"taxonomy":"product_tag","embeddable":true,"href":"https:\/\/cryptsec.se\/sv\/wp-json\/wp\/v2\/product_tag?post=27269"},{"taxonomy":"berocket_brand","embeddable":true,"href":"https:\/\/cryptsec.se\/sv\/wp-json\/wp\/v2\/berocket_brand?post=27269"}],"curies":[{"name":"wp","href":"https:\/\/api.w.org\/{rel}","templated":true}]}}