{"id":27280,"date":"2024-02-20T10:02:18","date_gmt":"2024-02-20T09:02:18","guid":{"rendered":"https:\/\/cryptsec.se\/product\/dx485-krypterad-dmr-radio\/"},"modified":"2025-05-02T18:51:00","modified_gmt":"2025-05-02T16:51:00","slug":"dx485-krypterad-dmr-radio","status":"publish","type":"product","link":"https:\/\/cryptsec.se\/sv\/product\/dx485-krypterad-dmr-radio\/","title":{"rendered":"DX485 Krypterad DMR-radio"},"content":{"rendered":"<h5>Ultimat h\u00e5llbarhet m\u00f6ter klarhet<\/h5>\n<p>DX400 DMR Radio Serien erbjuder extrem t\u00e5lighet samt klar &amp; krypterad digital kommunikation f\u00f6r anv\u00e4ndaren. En perfekt krypterad radio, med en MIL-STD 810C\/D\/E\/F\/G-konstruktion och IP68-skydd klarar dessa radioapparater de tuffaste f\u00f6rh\u00e5llanden, s\u00e5 att teamet kan h\u00e5lla kontakten i alla milj\u00f6er. Li-Ion-batteriet med h\u00f6g kapacitet f\u00f6rl\u00e4nger drifttiden och ger dig kontroll utan st\u00e4ndigt behov av laddning.<\/p>\n<h5>O\u00f6vertr\u00e4ffad ljudprestanda<\/h5>\n<p>Upplev det h\u00f6gsta och tydligaste ljudet i sin klass med DX400:s 3 watts effekt. Oavsett om du befinner dig p\u00e5 en bullrig byggarbetsplats eller mitt i kaoset p\u00e5 ett evenemang ser DX400 till att din kommunikation h\u00f6rs och f\u00f6rst\u00e5s, vilket g\u00f6r den till det sj\u00e4lvklara valet f\u00f6r yrkesm\u00e4nniskor som kr\u00e4ver det b\u00e4sta.<\/p>\n<h5>Kompakt, men \u00e4nd\u00e5 kraftfull<\/h5>\n<p>L\u00e5t inte den kompakta storleken lura dig, DX400 \u00e4r ett kraftpaket. Med 16 kanaler i 1 zon, simplex med 2 platser och flera mottagningsgrupper ger den den m\u00e5ngsidighet som kr\u00e4vs f\u00f6r effektiv teamkoordinering. Dess \u00f6verkomliga pris g\u00f6r den tillg\u00e4nglig f\u00f6r f\u00f6retag i alla storlekar, vilket s\u00e4kerst\u00e4ller att h\u00f6gkvalitativ kommunikation \u00e4r inom r\u00e4ckh\u00e5ll.<\/p>\n<p style=\"text-align: left;\"><em>N\u00e5gra viktiga egenskaper:<\/em><\/p>\n<ul>\n<li>16 kanaler, 1 zon<\/li>\n<li>IP68 dr\u00e4nkbar (2m, 4 timmar)<\/li>\n<li>MILSTD-konstruktion 810C\/D\/E\/F\/G<\/li>\n<li>Li-Ion-batteri med h\u00f6g kapacitet<\/li>\n<li>3 watt h\u00f6gsta ljudstyrka och b\u00e4sta ljudkvalitet &#8211; i klassen<\/li>\n<li>2 slot simplex<\/li>\n<li>Flera mottagningsgrupper<\/li>\n<\/ul>\n<p>Mer information: <a href=\"https:\/\/www.entel.co.uk\/products\/dx482\" target=\"_blank\" rel=\"noopener\">https:\/\/www.entel.co.uk\/products\/dx482<\/a><\/p>\n<p>&nbsp;<\/p>\n<p>&nbsp;<\/p>\n<p>&nbsp;<\/p>\n","protected":false},"excerpt":{"rendered":"<p><strong>DX485 DMR Digital \u00e4r den mest kompakta, MIL-STD &amp; IP68, prisv\u00e4rda digitala radiosystemet som finns tillg\u00e4ngligt idag.<\/strong><\/p>\n","protected":false},"featured_media":26973,"template":"","meta":[],"product_brand":[],"product_cat":[859,1074],"product_tag":[892,891,890,886,887,889,867,868,869,888],"berocket_brand":[],"class_list":{"0":"post-27280","1":"product","2":"type-product","3":"status-publish","4":"has-post-thumbnail","6":"product_cat-kommunikation","7":"product_cat-radio-sv","8":"product_tag-digital-radio-sv","9":"product_tag-dmr-radio-sv","10":"product_tag-kommunikation-sv-2","11":"product_tag-kommunikation-sv","12":"product_tag-kommunikationsapparat-sv","13":"product_tag-krypterad-kommunikation","14":"product_tag-radio-sv","15":"product_tag-radioapparat-sv","16":"product_tag-radiokommunikation-sv","17":"product_tag-uhf-sv","19":"first","20":"instock","21":"sale","22":"featured","23":"taxable","24":"shipping-taxable","25":"purchasable","26":"product-type-simple"},"_links":{"self":[{"href":"https:\/\/cryptsec.se\/sv\/wp-json\/wp\/v2\/product\/27280","targetHints":{"allow":["GET"]}}],"collection":[{"href":"https:\/\/cryptsec.se\/sv\/wp-json\/wp\/v2\/product"}],"about":[{"href":"https:\/\/cryptsec.se\/sv\/wp-json\/wp\/v2\/types\/product"}],"wp:featuredmedia":[{"embeddable":true,"href":"https:\/\/cryptsec.se\/sv\/wp-json\/wp\/v2\/media\/26973"}],"wp:attachment":[{"href":"https:\/\/cryptsec.se\/sv\/wp-json\/wp\/v2\/media?parent=27280"}],"wp:term":[{"taxonomy":"product_brand","embeddable":true,"href":"https:\/\/cryptsec.se\/sv\/wp-json\/wp\/v2\/product_brand?post=27280"},{"taxonomy":"product_cat","embeddable":true,"href":"https:\/\/cryptsec.se\/sv\/wp-json\/wp\/v2\/product_cat?post=27280"},{"taxonomy":"product_tag","embeddable":true,"href":"https:\/\/cryptsec.se\/sv\/wp-json\/wp\/v2\/product_tag?post=27280"},{"taxonomy":"berocket_brand","embeddable":true,"href":"https:\/\/cryptsec.se\/sv\/wp-json\/wp\/v2\/berocket_brand?post=27280"}],"curies":[{"name":"wp","href":"https:\/\/api.w.org\/{rel}","templated":true}]}}