{"id":27281,"date":"2023-10-03T11:59:37","date_gmt":"2023-10-03T09:59:37","guid":{"rendered":"https:\/\/cryptsec.se\/product\/uppdrag-darkness-deploy-kit-5\/"},"modified":"2023-10-03T11:59:37","modified_gmt":"2023-10-03T09:59:37","slug":"uppdrag-darkness-deploy-kit-5","status":"publish","type":"product","link":"https:\/\/cryptsec.se\/sv\/product\/uppdrag-darkness-deploy-kit-5\/","title":{"rendered":"Uppdrag Darkness Deploy Kit 5"},"content":{"rendered":"<p>Mission Darkness\u2122 Deploy Kit 5 l\u00f6ser flera problem f\u00f6r kriminaltekniska utredare och laboratorier. Deploy Kit 5 skiljer sig fr\u00e5n v\u00e5ra andra kriminaltekniska sk\u00e5p genom sin b\u00e4rbarhet, vilket g\u00f6r det enkelt att \u00f6verf\u00f6ra enheter och bevis fr\u00e5n f\u00e4ltet till laboratoriet. Det slitstarka resefodralet ser till att alla medf\u00f6ljande mobiltelefoner och surfplattor \u00e4r laddade och skyddade. Den b\u00e4rbara laddningsfunktionen \u00e4r utformad f\u00f6r att f\u00f6rhindra sp\u00e4rrl\u00e4ge, minska den tid det tar att kn\u00e4cka ett l\u00f6senord och h\u00e5lla enheten laddad n\u00e4r den \u00f6verf\u00f6rs till ett kriminaltekniskt laboratorium. N\u00e4r kitet har anl\u00e4nt kan uppl\u00e5sningsverktyg som GrayKey, Cellebrite, Magnet, XRY, BlackBag och Oxygen anv\u00e4ndas f\u00f6r att extrahera data fr\u00e5n enheterna.<\/p>\n<p>Deploy Kit-v\u00e4skan fr\u00e5n SKB \u00e4r tillverkad av ultrah\u00f6gh\u00e5llfast polypropylensampolymerharts och har en packningsf\u00f6rsedd, vatten- och dammt\u00e4t, dr\u00e4nkbar konstruktion (MIL-STD 810G) som \u00e4r motst\u00e5ndskraftig mot korrosion och slagskador.<\/p>\n<p>Den inneh\u00e5ller fem fullt utrustade fack med alla n\u00f6dv\u00e4ndiga laddningskomponenter och Window Charge &amp; Shield Faraday Bags i telefonstorlek f\u00f6r laddning av upp till fem enheter samtidigt. Ett medf\u00f6ljande reservbatteri kan laddas samtidigt och kopplas ur f\u00f6r att ge en st\u00f6rningsfri str\u00f6mf\u00f6rs\u00f6rjning. Varje kabelsats inneh\u00e5ller en universal vinkel USB A\/M till A\/M f\u00f6rl\u00e4ngningskabel plus en m\u00e4ngd popul\u00e4ra kabeltips: lightning, micro USB och USB-C. Byt enkelt kabel i facket f\u00f6r att ansluta till den kompatibla enheten. I varje fack finns plats f\u00f6r b\u00e5de telefon och sm\u00e5 surfplattor och kabelsatser.<\/p>\n","protected":false},"excerpt":{"rendered":"<p>Det slitstarka resefodralet ser till att alla medf\u00f6ljande mobiltelefoner och surfplattor \u00e4r laddade och skyddade.<\/p>\n","protected":false},"featured_media":26723,"template":"","meta":[],"product_brand":[],"product_cat":[830,1075,1077],"product_tag":[831,884,885],"berocket_brand":[],"class_list":{"0":"post-27281","1":"product","2":"type-product","3":"status-publish","4":"has-post-thumbnail","6":"product_cat-faraday-mission-darkness","7":"product_cat-forensics-sv","8":"product_cat-storre-faraday-vaskor","9":"product_tag-faraday-skold","10":"product_tag-faraday-vaska-sv","11":"product_tag-sakerhetsfodral-sv","13":"first","14":"instock","15":"taxable","16":"shipping-taxable","17":"purchasable","18":"product-type-simple"},"_links":{"self":[{"href":"https:\/\/cryptsec.se\/sv\/wp-json\/wp\/v2\/product\/27281","targetHints":{"allow":["GET"]}}],"collection":[{"href":"https:\/\/cryptsec.se\/sv\/wp-json\/wp\/v2\/product"}],"about":[{"href":"https:\/\/cryptsec.se\/sv\/wp-json\/wp\/v2\/types\/product"}],"wp:featuredmedia":[{"embeddable":true,"href":"https:\/\/cryptsec.se\/sv\/wp-json\/wp\/v2\/media\/26723"}],"wp:attachment":[{"href":"https:\/\/cryptsec.se\/sv\/wp-json\/wp\/v2\/media?parent=27281"}],"wp:term":[{"taxonomy":"product_brand","embeddable":true,"href":"https:\/\/cryptsec.se\/sv\/wp-json\/wp\/v2\/product_brand?post=27281"},{"taxonomy":"product_cat","embeddable":true,"href":"https:\/\/cryptsec.se\/sv\/wp-json\/wp\/v2\/product_cat?post=27281"},{"taxonomy":"product_tag","embeddable":true,"href":"https:\/\/cryptsec.se\/sv\/wp-json\/wp\/v2\/product_tag?post=27281"},{"taxonomy":"berocket_brand","embeddable":true,"href":"https:\/\/cryptsec.se\/sv\/wp-json\/wp\/v2\/berocket_brand?post=27281"}],"curies":[{"name":"wp","href":"https:\/\/api.w.org\/{rel}","templated":true}]}}