{"id":27282,"date":"2023-05-23T15:55:36","date_gmt":"2023-05-23T13:55:36","guid":{"rendered":"https:\/\/cryptsec.se\/product\/orion-900-hx-nljd\/"},"modified":"2023-05-23T15:55:36","modified_gmt":"2023-05-23T13:55:36","slug":"orion-900-hx-nljd","status":"publish","type":"product","link":"https:\/\/cryptsec.se\/sv\/product\/orion-900-hx-nljd\/","title":{"rendered":"ORION 900 HX NLJD"},"content":{"rendered":"<h3>Funktioner<\/h3>\n<ul>\n<li>Digitalt modulerad s\u00e4ndningssignal med spridda spektrum ger \u00f6kad r\u00e4ckvidd och st\u00f6rningsreducering<\/li>\n<li>En 1,25 MHz bred s\u00e4ndningssignal \u00f6kar detekteringsk\u00e4nsligheten<\/li>\n<li>Histogram visar kontinuerlig historik \u00f6ver harmonisk respons och effektjustering<\/li>\n<li>Spectrum View (HX-modeller) visar spektrumdiagram f\u00f6r 2:a och 3:e \u00f6vertonen i flera olika visningsalternativ<\/li>\n<li>Peksk\u00e4rmen visar hela RF-spektrumet f\u00f6r s\u00e4ndning, 2:a eller 3:e frekvensomr\u00e5det<\/li>\n<li>Den justerbara, h\u00f6ga f\u00f6rst\u00e4rkningen ger \u00f6kat detekteringsomr\u00e5de f\u00f6r samma effekt<\/li>\n<li>  En 2:a och 3:e harmonisk respons korrelerad till Tx f\u00f6rb\u00e4ttrar detekteringen och minimerar st\u00f6rningar<\/li>\n<li>Synlig display, varningssignaler och haptisk (vibrations-) varning kan v\u00e4ljas f\u00f6r att varna vid detektering<\/li>\n<li>Teleskopst\u00e5ngen kan f\u00f6rl\u00e4ngas s\u00e5 att anv\u00e4ndaren kan s\u00f6ka i tak och p\u00e5 v\u00e4ggar<\/li>\n<li>Syntetiserad transceiver ger frekvensstabilitet och flexibilitet att automatiskt s\u00f6ka efter tysta arbetsfrekvenser<\/li>\n<\/ul>\n<h3>Till\u00e4mpningar<\/h3>\n<ul>\n<li>Motmedel f\u00f6r teknisk \u00f6vervakning (TSCM)<\/li>\n<li>Mot\u00f6vervakning<\/li>\n<li>Icke-linj\u00e4r detektering av korsningar<\/li>\n<li>Lokalisering av dold elektronik<\/li>\n<li>Lokalisering av elektroniskt smuggelgods<\/li>\n<li>Skydd av underr\u00e4ttelser<\/li>\n<li>Verkst\u00e4llande skydd<\/li>\n<li>Detektering av avlyssning<\/li>\n<li>\u00d6vervakningsutrustning Detektering<\/li>\n<li>Elektronisk \u00f6vervakning Detektion<\/li>\n<\/ul>\n<p><strong>Effektivitet<\/strong>: den l\u00e4ngre v\u00e5gl\u00e4ngden p\u00e5 900 MHz \u00e4r b\u00e4ttre p\u00e5 att detektera \u00e4ldre, mindre raffinerade kretsar och tr\u00e4nger \u00e4ven igenom byggnads- och konstruktionsmaterial<\/p>\n<p><strong>Anv\u00e4ndbarhet<\/strong>: peksk\u00e4rmen ger fingertoppskontroll av driftsinst\u00e4llningar och grafiska displayer som kan f\u00e5ngas upp och sparas f\u00f6r historisk referens och rapportering<\/p>\n<p><strong>B\u00e4rbarhet<\/strong>: l\u00e4ttviktskonstruktion som v\u00e4ger under 4 kg och inga verktyg beh\u00f6vs med den integrerade teleskopst\u00e5ngen<\/p>\n","protected":false},"excerpt":{"rendered":"<h2 class=\"vc_custom_heading\">Lokalisera dold elektronik<\/h2>\n<p>ORION 900 HX Non-Linear Junction Detector (NLJD) detekterar elektroniska halvledarkomponenter genom t\u00e4ta material som tegelstenar, betong och jord. ORION 900 HX NLJD \u00e4r konstruerad f\u00f6r att uppt\u00e4cka och lokalisera dolda kameror, mikrofoner och andra elektroniska enheter oavsett om \u00f6vervakningsenheten \u00e4r str\u00e5lande, fast ansluten eller avst\u00e4ngd.<\/p>\n","protected":false},"featured_media":26700,"template":"","meta":[],"product_brand":[],"product_cat":[1080,846],"product_tag":[897,898,896,894,895,899,879],"berocket_brand":[],"class_list":{"0":"post-27282","1":"product","2":"type-product","3":"status-publish","4":"has-post-thumbnail","6":"product_cat-icke-linjara-kopplingsdetektorer","7":"product_cat-tsu","8":"product_tag-buggdetektor-sv","9":"product_tag-hitta-buggar-sv","10":"product_tag-icke-linjar-detektor-sv","11":"product_tag-motovervakning","12":"product_tag-nljd-sv","13":"product_tag-rf-detektor-sv","14":"product_tag-tscm-sv","16":"first","17":"instock","18":"taxable","19":"shipping-taxable","20":"purchasable","21":"product-type-variable","22":"has-default-attributes"},"_links":{"self":[{"href":"https:\/\/cryptsec.se\/sv\/wp-json\/wp\/v2\/product\/27282","targetHints":{"allow":["GET"]}}],"collection":[{"href":"https:\/\/cryptsec.se\/sv\/wp-json\/wp\/v2\/product"}],"about":[{"href":"https:\/\/cryptsec.se\/sv\/wp-json\/wp\/v2\/types\/product"}],"wp:featuredmedia":[{"embeddable":true,"href":"https:\/\/cryptsec.se\/sv\/wp-json\/wp\/v2\/media\/26700"}],"wp:attachment":[{"href":"https:\/\/cryptsec.se\/sv\/wp-json\/wp\/v2\/media?parent=27282"}],"wp:term":[{"taxonomy":"product_brand","embeddable":true,"href":"https:\/\/cryptsec.se\/sv\/wp-json\/wp\/v2\/product_brand?post=27282"},{"taxonomy":"product_cat","embeddable":true,"href":"https:\/\/cryptsec.se\/sv\/wp-json\/wp\/v2\/product_cat?post=27282"},{"taxonomy":"product_tag","embeddable":true,"href":"https:\/\/cryptsec.se\/sv\/wp-json\/wp\/v2\/product_tag?post=27282"},{"taxonomy":"berocket_brand","embeddable":true,"href":"https:\/\/cryptsec.se\/sv\/wp-json\/wp\/v2\/berocket_brand?post=27282"}],"curies":[{"name":"wp","href":"https:\/\/api.w.org\/{rel}","templated":true}]}}