{"id":27284,"date":"2023-05-23T15:47:31","date_gmt":"2023-05-23T13:47:31","guid":{"rendered":"https:\/\/cryptsec.se\/product\/orion-2-4-hx-nljd\/"},"modified":"2024-10-18T17:20:06","modified_gmt":"2024-10-18T15:20:06","slug":"orion-2-4-hx-nljd","status":"publish","type":"product","link":"https:\/\/cryptsec.se\/sv\/product\/orion-2-4-hx-nljd\/","title":{"rendered":"ORION 2.4 HX NLJD"},"content":{"rendered":"<h3>Funktioner<\/h3>\n<ul>\n<li>Digitalt modulerad s\u00e4ndningssignal, korrelerad 2:a och 3:e harmonisk respons samt justerbar DSP-f\u00f6rst\u00e4rkning ger f\u00f6rb\u00e4ttrad detektering och minimerar st\u00f6rningar (patenterad)<\/li>\n<li>Histogram visar kontinuerlig historik \u00f6ver harmonisk respons och effektjustering (patenterad)<\/li>\n<li>Spectrum View (HX-modeller) visar spektrumdiagram f\u00f6r 2:a och 3:e \u00f6vertonen i flera olika visningsalternativ<\/li>\n<li>Peksk\u00e4rmen visar hela RF-spektrumet f\u00f6r s\u00e4ndning, 2:a eller 3:e frekvensomr\u00e5det<\/li>\n<li>S\u00e4ndningssignal med 1,25 MHz bred bandbredd \u00f6kar detekteringsk\u00e4nsligheten<\/li>\n<li>Varningssignaler och haptisk (vibrations-) varning kan v\u00e4ljas f\u00f6r att varna n\u00e4r signalniv\u00e5erna \u00f6verskrider gr\u00e4nsv\u00e4rdena<\/li>\n<li>Siktlinje med antennmonterad display och LED-str\u00e5lkastare g\u00f6r att anv\u00e4ndaren kan fokusera \u00f6gonen p\u00e5 svepande m\u00e5l och display samtidigt, \u00e4ven i m\u00f6rka omr\u00e5den<\/li>\n<li>Liten, l\u00e4tt konstruktion v\u00e4ger endast 2,8 lbs\/1,3 kg<\/li>\n<li>Ingen montering av st\u00e5ng eller kabel kr\u00e4vs med integrerad teleskopst\u00e5ng<\/li>\n<li>En syntetiserad transceiver med frekvensstabilitet och smidighet att automatiskt s\u00f6ka efter rena arbetsfrekvenser (2.404 GHz &#8211; 2.472 GHz)<\/li>\n<li>Cirkul\u00e4rt polariserad s\u00e4ndar- och mottagarantenn eliminerar risken att missa ett hot p\u00e5 grund av felaktig antennpolarisering<\/li>\n<\/ul>\n<h3>Till\u00e4mpningar<\/h3>\n<ul>\n<li>Motmedel f\u00f6r teknisk \u00f6vervakning (TSCM)<\/li>\n<li>Mot\u00f6vervakning<\/li>\n<li>Icke-linj\u00e4r detektering av korsningar<\/li>\n<li>Lokalisering av dold elektronik<\/li>\n<li>Lokalisering av elektroniskt smuggelgods<\/li>\n<li>Skydd av underr\u00e4ttelser<\/li>\n<li>Verkst\u00e4llande skydd<\/li>\n<li>Detektering av avlyssning<\/li>\n<li>\u00d6vervakningsutrustning Detektering<\/li>\n<li>Elektronisk \u00f6vervakning Detektion<\/li>\n<\/ul>\n","protected":false},"excerpt":{"rendered":"<p>ORION 2.4 HX NLJD \u00e4r konstruerad f\u00f6r att uppt\u00e4cka och lokalisera dolda kameror, mikrofoner och andra elektroniska enheter oavsett om \u00f6vervakningsenheten \u00e4r uppkopplad, fast ansluten eller avst\u00e4ngd.<\/p>\n","protected":false},"featured_media":26690,"template":"","meta":[],"product_brand":[],"product_cat":[1080,846],"product_tag":[897,898,896,894,895,899,879],"berocket_brand":[],"class_list":{"0":"post-27284","1":"product","2":"type-product","3":"status-publish","4":"has-post-thumbnail","6":"product_cat-icke-linjara-kopplingsdetektorer","7":"product_cat-tsu","8":"product_tag-buggdetektor-sv","9":"product_tag-hitta-buggar-sv","10":"product_tag-icke-linjar-detektor-sv","11":"product_tag-motovervakning","12":"product_tag-nljd-sv","13":"product_tag-rf-detektor-sv","14":"product_tag-tscm-sv","16":"first","17":"instock","18":"featured","19":"taxable","20":"shipping-taxable","21":"purchasable","22":"product-type-variable","23":"has-default-attributes"},"_links":{"self":[{"href":"https:\/\/cryptsec.se\/sv\/wp-json\/wp\/v2\/product\/27284","targetHints":{"allow":["GET"]}}],"collection":[{"href":"https:\/\/cryptsec.se\/sv\/wp-json\/wp\/v2\/product"}],"about":[{"href":"https:\/\/cryptsec.se\/sv\/wp-json\/wp\/v2\/types\/product"}],"wp:featuredmedia":[{"embeddable":true,"href":"https:\/\/cryptsec.se\/sv\/wp-json\/wp\/v2\/media\/26690"}],"wp:attachment":[{"href":"https:\/\/cryptsec.se\/sv\/wp-json\/wp\/v2\/media?parent=27284"}],"wp:term":[{"taxonomy":"product_brand","embeddable":true,"href":"https:\/\/cryptsec.se\/sv\/wp-json\/wp\/v2\/product_brand?post=27284"},{"taxonomy":"product_cat","embeddable":true,"href":"https:\/\/cryptsec.se\/sv\/wp-json\/wp\/v2\/product_cat?post=27284"},{"taxonomy":"product_tag","embeddable":true,"href":"https:\/\/cryptsec.se\/sv\/wp-json\/wp\/v2\/product_tag?post=27284"},{"taxonomy":"berocket_brand","embeddable":true,"href":"https:\/\/cryptsec.se\/sv\/wp-json\/wp\/v2\/berocket_brand?post=27284"}],"curies":[{"name":"wp","href":"https:\/\/api.w.org\/{rel}","templated":true}]}}