{"id":27285,"date":"2023-05-23T15:22:34","date_gmt":"2023-05-23T13:22:34","guid":{"rendered":"https:\/\/cryptsec.se\/product\/cerberus-wifi-vpn\/"},"modified":"2023-05-23T15:22:34","modified_gmt":"2023-05-23T13:22:34","slug":"cerberus-wifi-vpn","status":"publish","type":"product","link":"https:\/\/cryptsec.se\/sv\/product\/cerberus-wifi-vpn\/","title":{"rendered":"Cerberus WiFi VPN"},"content":{"rendered":"<p><span style=\"font-family: Arial, sans-serif;\"><span style=\"font-size: medium;\"><b>Cerberus Wifi VPN &#8211; Med krypteringsteknik.<\/b><\/span><\/span><\/p>\n<p><span style=\"font-family: Arial, sans-serif;\"><span style=\"font-size: small;\">Cerberus \u00e4r en portabel wifi-enhet som inneh\u00e5ller ett starkt VPN (WireGuard) som aktivt skyddar (\u00e4ndrar IP-adress och d\u00e4rmed din digitala position) och krypterar alla anslutna enheters data. Cerberus kr\u00e4ver ingen installation, inst\u00e4llning eller skapande av konto. Starta bara Cerberus, s\u00e4tt i valfritt simkort med data i, anslut din telefon, surfplatta och b\u00e4rbara dator till den och du \u00e4r ig\u00e5ng!  <strong>Du kan ocks\u00e5 ansluta Cerberus direkt till ditt hem- och f\u00f6retagsn\u00e4tverk (WAN-ing\u00e5ng) och det kommer att f\u00f6rse hela ditt n\u00e4tverk med samma VPN-skydd.<\/strong><\/span><\/span><\/p>\n<p><span style=\"font-family: Arial, sans-serif;\"><span style=\"font-size: small;\">F\u00f6r att ge dig b\u00e4sta m\u00f6jliga WiFi cybers\u00e4kerhetsl\u00f6sning har Cerberus kombinerat den b\u00e4sta h\u00e5rdvaran (GL Inet fr\u00e5n USA\/Hong Kong) med den absolut b\u00e4sta VPN-l\u00f6sningen, WireGuard.<\/span><\/span><\/p>\n<p><span style=\"font-family: Arial, sans-serif;\"><span style=\"font-size: small;\"><b>Programvara\/System:<\/b><\/span><\/span><\/p>\n<ul>\n<li><span style=\"font-family: Arial, sans-serif;\"><span style=\"font-size: xx-small;\"><b>F\u00f6rebyggande av hot<\/b><b>: <\/b>F\u00f6rsvarar n\u00e4tverket mot vanliga men osofistikerade r\u00e5varuhot och \u00e4ven mer s\u00e4llsynta men farligare hot<\/span><\/span><\/li>\n<li><span style=\"font-family: Arial, sans-serif;\"><span style=\"font-size: xx-small;\"><b>IoT-skydd: <\/b>S\u00e4kra Internet of Things-enheter och \u00e4ven de n\u00e4tverk som de \u00e4r anslutna till<\/span><\/span><\/li>\n<li><span style=\"font-family: Arial, sans-serif;\"><span style=\"font-size: xx-small;\"><b>VPN:<\/b> Anv\u00e4nd WireGuards kraftfulla VPN f\u00f6r att kryptera och d\u00f6lja alla streamade datapositioner\/lokaliseringar och d\u00e4rigenom ytterligare skydda och d\u00f6lja anv\u00e4ndaren<\/span><\/span><\/li>\n<\/ul>\n<p><b><span style=\"font-family: Arial, sans-serif;\"><span style=\"font-size: small;\">H\u00e5rdvara:  <\/span><\/span><\/b><\/p>\n<p><span style=\"color: #222222;\"><span style=\"font-family: Arial, sans-serif;\"><span style=\"font-size: small;\">Puli (GL-XE300), en  <\/span><\/span><\/span><span style=\"color: #222222;\"><span style=\"font-family: Arial, sans-serif;\"><span style=\"font-size: small;\">kraftfull, snabb (300 Mbps) och  <\/span><\/span><\/span><span style=\"color: #222222;\"><span style=\"font-family: Arial, sans-serif;\"><span style=\"font-size: small;\">b\u00e4rbar 4G smart  <\/span><\/span><\/span><span style=\"color: #222222;\"><span style=\"font-family: Arial, sans-serif;\"><span style=\"font-size: small;\">WiFi  <\/span><\/span><\/span><span style=\"color: #222222;\"><span style=\"font-family: Arial, sans-serif;\"><span style=\"font-size: small;\">router  <\/span><\/span><\/span><span style=\"color: #222222;\"><span style=\"font-family: Arial, sans-serif;\"><span style=\"font-size: small;\">med stor batteritid (5000mAh)  <\/span><\/span><\/span><span style=\"color: #222222;\"><span style=\"font-family: Arial, sans-serif;\"><span style=\"font-size: small;\">som \u00e4r perfekt f\u00f6r hem, f\u00f6retag och IoT-l\u00f6sningar.  <\/span><\/span><\/span><\/p>\n<table width=\"854\" cellspacing=\"0\" cellpadding=\"2\">\n<tbody>\n<tr>\n<td width=\"193\"><span style=\"font-size: xx-small;\">Gr\u00e4nssnitt<\/span><\/td>\n<td width=\"653\"><span style=\"font-size: xx-small;\">1 x WAN Ethernet-port<br \/>\n1 x LAN Ethernet-port<br \/>\n1 x USB 2.0-port<br \/>\n1 x MicroSD-kortplats (upp till 512 GB)<br \/>\n1 x plats f\u00f6r Nano SIM-kort<br \/>\n1 x \u00c5terst\u00e4llningsknapp<br \/>\n1 x typ-C str\u00f6mf\u00f6rs\u00f6rjningsport<\/span><\/td>\n<\/tr>\n<tr>\n<td width=\"193\"><span style=\"font-size: xx-small;\">CPU<\/span><\/td>\n<td width=\"653\"><span style=\"font-size: xx-small;\">QCA9531, @650MHz SoC<\/span><\/td>\n<\/tr>\n<tr>\n<td width=\"193\"><span style=\"font-size: xx-small;\">Minne\/lagring<\/span><\/td>\n<td width=\"653\"><span style=\"font-size: xx-small;\">DDR2 128MB \/ FLASH 16MB + NAND FLASH 128MB<\/span><\/td>\n<\/tr>\n<tr>\n<td width=\"193\"><span style=\"font-size: xx-small;\">Protokoll<\/span><\/td>\n<td width=\"653\"><span style=\"font-size: xx-small;\">IEEE 802.11b\/g\/n<\/span><\/td>\n<\/tr>\n<tr>\n<td width=\"193\"><span style=\"font-size: xx-small;\">Wi-Fi-hastighet<\/span><\/td>\n<td width=\"653\"><span style=\"font-size: xx-small;\">300 Mbps (2,4 GHz)<\/span><\/td>\n<\/tr>\n<tr>\n<td width=\"193\"><span style=\"font-size: xx-small;\">Wi-Fi-antenner<\/span><\/td>\n<td width=\"653\"><span style=\"font-size: xx-small;\">2 x interna antenner<\/span><\/td>\n<\/tr>\n<tr>\n<td width=\"193\"><span style=\"font-size: xx-small;\">4G-antenn<\/span><\/td>\n<td width=\"653\"><span style=\"font-size: xx-small;\">2 x interna fullbandsantenner (700MHz ~ 2,7GHz)<\/span><\/td>\n<\/tr>\n<tr>\n<td width=\"193\"><span style=\"font-size: xx-small;\">Ethernet-hastighet<\/span><\/td>\n<td width=\"653\"><span style=\"font-size: xx-small;\">10\/100 Mbps<\/span><\/td>\n<\/tr>\n<tr>\n<td width=\"193\"><span style=\"font-size: xx-small;\">Lysdioder<\/span><\/td>\n<td width=\"653\"><span style=\"font-size: xx-small;\">4 x str\u00f6mf\u00f6rs\u00f6rjningsindikator, 1 x PWR-statusindikator, 1 x WAN-statusindikator,<br \/>\n1 x LAN-statusindikator, 1 x Tr\u00e5dl\u00f6s statusindikator, 1 x 3G\/4G-statusindikator<\/span><\/td>\n<\/tr>\n<tr>\n<td width=\"193\"><span style=\"font-size: xx-small;\">Str\u00f6mf\u00f6rs\u00f6rjning<\/span><\/td>\n<td width=\"653\"><span style=\"font-size: xx-small;\">5V\/2A (med batteri), 5V\/3A (utan batteri)<\/span><\/td>\n<\/tr>\n<tr>\n<td width=\"193\"><span style=\"font-size: xx-small;\">Str\u00f6mf\u00f6rbrukning<\/span><\/td>\n<td width=\"653\"><span style=\"font-size: xx-small;\">&lt;4.4W<\/span><\/td>\n<\/tr>\n<tr>\n<td width=\"193\"><span style=\"font-size: xx-small;\">Drifttemperatur<\/span><\/td>\n<td width=\"653\"><span style=\"font-size: xx-small;\">0 ~ 40\u00b0C (32 ~ 104\u00b0F)<\/span><\/td>\n<\/tr>\n<tr>\n<td width=\"193\"><span style=\"font-size: xx-small;\">Lagringstemperatur<\/span><\/td>\n<td width=\"653\"><span style=\"font-size: xx-small;\">-20 ~ 45\u00b0C (-4 ~ 113\u00b0F)<\/span><\/td>\n<\/tr>\n<tr>\n<td width=\"193\"><span style=\"font-size: xx-small;\">Dimension \/ vikt<\/span><\/td>\n<td width=\"653\"><span style=\"font-size: xx-small;\">120 x 74 x 28 mm \/ 223,5 g<\/span><\/td>\n<\/tr>\n<\/tbody>\n<\/table>\n","protected":false},"excerpt":{"rendered":"<p><span style=\"font-family: Arial, sans-serif;\"><span style=\"font-size: medium;\"><b>Wifi VPN-enhet<\/b><\/span><\/span><\/p>\n<p><span style=\"font-family: Arial, sans-serif;\"><span style=\"font-size: small;\">Portabel wifi-enhet som f\u00f6rser alla data med VPN f\u00f6r att aktivt kryptera och skydda alla anslutna enheters data.  <strong>Den kan ocks\u00e5 anslutas till ditt hem- och f\u00f6retagsn\u00e4tverk och ge dessa n\u00e4tverk samma VPN-skydd.<\/strong>  Cerberus kr\u00e4ver ingen installation, inst\u00e4llning eller skapande av konto. Starta bara Cerberus, s\u00e4tt i valfritt simkort med data i, anslut din telefon, surfplatta och b\u00e4rbara dator till den och din cybers\u00e4kerhet \u00e4r ig\u00e5ng!<\/span><\/span><\/p>\n","protected":false},"featured_media":26683,"template":"","meta":[],"product_brand":[],"product_cat":[],"product_tag":[],"berocket_brand":[],"class_list":{"0":"post-27285","1":"product","2":"type-product","3":"status-publish","4":"has-post-thumbnail","7":"first","8":"instock","9":"taxable","10":"shipping-taxable","11":"purchasable","12":"product-type-simple"},"_links":{"self":[{"href":"https:\/\/cryptsec.se\/sv\/wp-json\/wp\/v2\/product\/27285","targetHints":{"allow":["GET"]}}],"collection":[{"href":"https:\/\/cryptsec.se\/sv\/wp-json\/wp\/v2\/product"}],"about":[{"href":"https:\/\/cryptsec.se\/sv\/wp-json\/wp\/v2\/types\/product"}],"wp:featuredmedia":[{"embeddable":true,"href":"https:\/\/cryptsec.se\/sv\/wp-json\/wp\/v2\/media\/26683"}],"wp:attachment":[{"href":"https:\/\/cryptsec.se\/sv\/wp-json\/wp\/v2\/media?parent=27285"}],"wp:term":[{"taxonomy":"product_brand","embeddable":true,"href":"https:\/\/cryptsec.se\/sv\/wp-json\/wp\/v2\/product_brand?post=27285"},{"taxonomy":"product_cat","embeddable":true,"href":"https:\/\/cryptsec.se\/sv\/wp-json\/wp\/v2\/product_cat?post=27285"},{"taxonomy":"product_tag","embeddable":true,"href":"https:\/\/cryptsec.se\/sv\/wp-json\/wp\/v2\/product_tag?post=27285"},{"taxonomy":"berocket_brand","embeddable":true,"href":"https:\/\/cryptsec.se\/sv\/wp-json\/wp\/v2\/berocket_brand?post=27285"}],"curies":[{"name":"wp","href":"https:\/\/api.w.org\/{rel}","templated":true}]}}