{"id":27287,"date":"2022-04-22T09:32:26","date_gmt":"2022-04-22T07:32:26","guid":{"rendered":"https:\/\/cryptsec.se\/product\/santor-harp-talskydd\/"},"modified":"2024-03-27T12:38:07","modified_gmt":"2024-03-27T11:38:07","slug":"santor-harp-talskydd","status":"publish","type":"product","link":"https:\/\/cryptsec.se\/sv\/product\/santor-harp-talskydd\/","title":{"rendered":"Santor HARP talskydd"},"content":{"rendered":"<p><strong>Skydda sekretessen i din organisations diskussioner med Santor HARP\u00ae talskyddssystem.<\/strong><\/p>\n<h6><strong>TILLVERKAD I KANADA<\/strong><\/h6>\n<p>Utformad av s\u00e4kerhetsexperter f\u00f6r att minska risken f\u00f6r o\u00f6nskade r\u00f6stinspelningar f\u00f6r dig och din organisation. Skydda dina id\u00e9er, m\u00f6ten och diskussioner fr\u00e5n att spelas in.<\/p>\n<p class=\"c-section-heading_title || c-heading -h2 words chars splitting\"><span class=\"word\" data-word=\"Leaked\"><span class=\"char\" data-char=\"L\">L<\/span><span class=\"char\" data-char=\"e\">e<\/span><span class=\"char\" data-char=\"a\">a<\/span><span class=\"char\" data-char=\"k\">k<\/span><span class=\"char\" data-char=\"e\">e<\/span><span class=\"char\" data-char=\"d\">d<\/span><\/span><span class=\"whitespace\"> <\/span><span class=\"word\" data-word=\"information\"><span class=\"char\" data-char=\"i\">i<\/span><span class=\"char\" data-char=\"n\">n<\/span><span class=\"char\" data-char=\"f\">f<\/span><span class=\"char\" data-char=\"o\">o<\/span><span class=\"char\" data-char=\"r\">r<\/span><span class=\"char\" data-char=\"m\">m<\/span><span class=\"char\" data-char=\"a\">a<\/span><span class=\"char\" data-char=\"t\">t<\/span><span class=\"char\" data-char=\"i\">i<\/span><span class=\"char\" data-char=\"o\">o<\/span><span class=\"char\" data-char=\"n\">n<\/span><\/span><span class=\"whitespace\"> <\/span><span class=\"word\" data-word=\"can\"><span class=\"char\" data-char=\"c\">c<\/span><span class=\"char\" data-char=\"a\">a<\/span><span class=\"char\" data-char=\"n\">n<\/span><\/span><span class=\"whitespace\"> <\/span><span class=\"word\" data-word=\"be\"><span class=\"char\" data-char=\"b\">b<\/span><span class=\"char\" data-char=\"e\">e<\/span><\/span><span class=\"whitespace\"> <\/span><span class=\"word\" data-word=\"very\"><span class=\"char\" data-char=\"v\">v<\/span><span class=\"char\" data-char=\"e\">e<\/span><span class=\"char\" data-char=\"r\">r<\/span><span class=\"char\" data-char=\"y\">y<\/span><\/span><span class=\"whitespace\"> <\/span><span class=\"word\" data-word=\"damaging.\"><span class=\"char\" data-char=\"d\">d<\/span><span class=\"char\" data-char=\"a\">a<\/span><span class=\"char\" data-char=\"m\">m<\/span><span class=\"char\" data-char=\"a\">a<\/span><span class=\"char\" data-char=\"g\">g<\/span><span class=\"char\" data-char=\"i\">i<\/span><span class=\"char\" data-char=\"n\">n<\/span><span class=\"char\" data-char=\"g\">g<\/span><span class=\"char\" data-char=\".\">.<\/span><\/span><span class=\"whitespace\"> <\/span><span class=\"word\" data-word=\"Just\"><span class=\"char\" data-char=\"J\">J<\/span><span class=\"char\" data-char=\"u\">u<\/span><span class=\"char\" data-char=\"s\">s<\/span><span class=\"char\" data-char=\"t\">t<\/span><\/span><span class=\"whitespace\"> <\/span><span class=\"word\" data-word=\"one\"><span class=\"char\" data-char=\"o\">o<\/span><span class=\"char\" data-char=\"n\">n<\/span><span class=\"char\" data-char=\"e\">e<\/span><\/span><span class=\"whitespace\"> <\/span><span class=\"word\" data-word=\"recording\"><span class=\"char\" data-char=\"r\">r<\/span><span class=\"char\" data-char=\"e\">e<\/span><span class=\"char\" data-char=\"c\">c<\/span><span class=\"char\" data-char=\"o\">o<\/span><span class=\"char\" data-char=\"r\">r<\/span><span class=\"char\" data-char=\"d\">d<\/span><span class=\"char\" data-char=\"i\">i<\/span><span class=\"char\" data-char=\"n\">n<\/span><span class=\"char\" data-char=\"g\">g<\/span><\/span><span class=\"whitespace\"> <\/span><span class=\"word\" data-word=\"can\"><span class=\"char\" data-char=\"c\">c<\/span><span class=\"char\" data-char=\"a\">a<\/span><span class=\"char\" data-char=\"n\">n<\/span><\/span><span class=\"whitespace\"> <\/span><span class=\"word\" data-word=\"harm\"><span class=\"char\" data-char=\"h\">h<\/span><span class=\"char\" data-char=\"a\">a<\/span><span class=\"char\" data-char=\"r\">r<\/span><span class=\"char\" data-char=\"m\">m<\/span><\/span><span class=\"whitespace\"> <\/span><span class=\"word\" data-word=\"business\"><span class=\"char\" data-char=\"b\">b<\/span><span class=\"char\" data-char=\"u\">u<\/span><span class=\"char\" data-char=\"s\">s<\/span><span class=\"char\" data-char=\"i\">i<\/span><span class=\"char\" data-char=\"n\">n<\/span><span class=\"char\" data-char=\"e\">e<\/span><span class=\"char\" data-char=\"s\">s<\/span><span class=\"char\" data-char=\"s\">s<\/span><\/span><span class=\"whitespace\"> <\/span><span class=\"word\" data-word=\"development,\"><span class=\"char\" data-char=\"d\">d<\/span><span class=\"char\" data-char=\"e\">e<\/span><span class=\"char\" data-char=\"v\">v<\/span><span class=\"char\" data-char=\"e\">e<\/span><span class=\"char\" data-char=\"l\">l<\/span><span class=\"char\" data-char=\"o\">o<\/span><span class=\"char\" data-char=\"p\">p<\/span><span class=\"char\" data-char=\"m\">m<\/span><span class=\"char\" data-char=\"e\">e<\/span><span class=\"char\" data-char=\"n\">n<\/span><span class=\"char\" data-char=\"t\">t<\/span><span class=\"char\" data-char=\",\">,<\/span><\/span><span class=\"whitespace\"> <\/span><span class=\"word\" data-word=\"destroy\"><span class=\"char\" data-char=\"d\">d<\/span><span class=\"char\" data-char=\"e\">e<\/span><span class=\"char\" data-char=\"s\">s<\/span><span class=\"char\" data-char=\"t\">t<\/span><span class=\"char\" data-char=\"r\">r<\/span><span class=\"char\" data-char=\"o\">o<\/span><span class=\"char\" data-char=\"y\">y<\/span><\/span><span class=\"whitespace\"> <\/span><span class=\"word\" data-word=\"a\"><span class=\"char\" data-char=\"a\">a<\/span><\/span><span class=\"whitespace\"> <\/span><span class=\"word\" data-word=\"reputation\"><span class=\"char\" data-char=\"r\">r<\/span><span class=\"char\" data-char=\"e\">e<\/span><span class=\"char\" data-char=\"p\">p<\/span><span class=\"char\" data-char=\"u\">u<\/span><span class=\"char\" data-char=\"t\">t<\/span><span class=\"char\" data-char=\"a\">a<\/span><span class=\"char\" data-char=\"t\">t<\/span><span class=\"char\" data-char=\"i\">i<\/span><span class=\"char\" data-char=\"o\">o<\/span><span class=\"char\" data-char=\"n\">n<\/span><\/span><span class=\"whitespace\"> <\/span><span class=\"word\" data-word=\"and\"><span class=\"char\" data-char=\"a\">a<\/span><span class=\"char\" data-char=\"n\">n<\/span><span class=\"char\" data-char=\"d\">d<\/span><\/span><span class=\"whitespace\"> <\/span><span class=\"word\" data-word=\"cost\"><span class=\"char\" data-char=\"c\">c<\/span><span class=\"char\" data-char=\"o\">o<\/span><span class=\"char\" data-char=\"s\">s<\/span><span class=\"char\" data-char=\"t\">t<\/span><\/span><span class=\"whitespace\"> <\/span><span class=\"word\" data-word=\"millions.\"><span class=\"char\" data-char=\"m\">m<\/span><span class=\"char\" data-char=\"i\">i<\/span><span class=\"char\" data-char=\"l\">l<\/span><span class=\"char\" data-char=\"l\">l<\/span><span class=\"char\" data-char=\"i\">i<\/span><span class=\"char\" data-char=\"o\">o<\/span><span class=\"char\" data-char=\"n\">n<\/span><span class=\"char\" data-char=\"s\">s<\/span><span class=\"char\" data-char=\".\">.<\/span><\/span><\/p>\n<h5 class=\"c-push-text_title || c-heading -h5 || u-color-primary\"><strong>R\u00f6stskydd i milit\u00e4rklass.<\/strong><\/h5>\n<p class=\"c-push-text_title || c-heading -h5 || u-color-primary\">Idag har n\u00e4stan alla smarta enheter som omger oss en mikrofon: klockor, telefoner, datorer, tr\u00e5dl\u00f6sa h\u00f6rlurar etc. utan att gl\u00f6mma de hemliga avlyssningsanordningar som finns inbyggda i olika f\u00f6rem\u00e5l som pennor, manschettknappar eller glas\u00f6gon! Med denna allest\u00e4desn\u00e4rvaro \u00e4r din omv\u00e4rldsbevakning mer utsatt \u00e4n n\u00e5gonsin.<\/p>\n<div class=\"c-push-text_wysiwyg || c-wysiwyg\">\n<p>Santor f\u00f6rser regeringar, myndigheter, privata och offentliga institutioner samt vaksamma f\u00f6retag runt om i v\u00e4rlden med en l\u00f6sning som avsev\u00e4rt minskar risken f\u00f6r avlyssning och inspelning.<\/p>\n<div class=\"c-push-text_wysiwyg || c-wysiwyg\">\n<p>Material av industrikvalitet. T\u00dcV S\u00dcD-certifierad f\u00f6r h\u00e4lsa och s\u00e4kerhet.<\/p>\n<\/div>\n<div class=\"c-push-text_wysiwyg || c-wysiwyg\">\n<h5><strong>L\u00e4gg till talskydd till dina andra lager f\u00f6r att avsev\u00e4rt minska risken f\u00f6r en framg\u00e5ngsrik attack.<\/strong><\/h5>\n<div class=\"c-highlight_keys_item_inner\">\n<p style=\"text-align: left;\"><span class=\"c-highlight_keys_item_index\">1: <\/span>Skydd av tal<\/p>\n<p style=\"text-align: left;\">HARP\u00ae-systemet erbjuder 2 skyddsl\u00e4gen: R\u00f6stmixningsl\u00e4ge + diskret l\u00e4ge<\/p>\n<div class=\"c-highlight_keys_item_col\" style=\"text-align: left;\"><span class=\"c-highlight_keys_item_index\">2: <\/span>Cybers\u00e4kerhet<\/div>\n<div style=\"text-align: left;\"><\/div>\n<div class=\"c-highlight_keys_item_col\" style=\"text-align: left;\">Kryptering, brandv\u00e4gg, n\u00e4tverk&#8230;<\/div>\n<div style=\"text-align: left;\"><\/div>\n<div class=\"c-highlight_keys_item_col\" style=\"text-align: left;\"><span class=\"c-highlight_keys_item_index\">3: <\/span>Fysisk s\u00e4kerhet<\/div>\n<div style=\"text-align: left;\"><\/div>\n<div class=\"c-highlight_keys_item_col\" style=\"text-align: left;\">TSCM, tilltr\u00e4deskontroll, metalldetektorer&#8230;<\/div>\n<div style=\"text-align: left;\"><\/div>\n<div class=\"c-highlight_keys_item_col\" style=\"text-align: left;\"><span class=\"c-highlight_keys_item_index\">4: <\/span>M\u00e4nsklig medvetenhet<\/div>\n<div style=\"text-align: left;\"><\/div>\n<div class=\"c-highlight_keys_item_col\" style=\"text-align: left;\">Utbildning, policyer, f\u00f6rfaranden&#8230;<\/div>\n<\/div>\n<h5>Flera lager av skydd:<\/h5>\n<p>1: Skydd av tal &#8211; HARP\u00ae-systemet erbjuder 2 skyddsl\u00e4gen: R\u00f6stmixningsl\u00e4ge + diskret l\u00e4ge<\/p>\n<p>2: Cybers\u00e4kerhet &#8211; kryptering, brandv\u00e4gg, n\u00e4tverk&#8230;<\/p>\n<p>3: Fysisk s\u00e4kerhet &#8211; TSCM, tilltr\u00e4deskontroll, metalldetektorer&#8230;<\/p>\n<p>4: M\u00e4nsklig medvetenhet &#8211; utbildning, policyer, f\u00f6rfaranden&#8230;<\/p>\n<\/div>\n<div data-module-carousel=\"m120\"><\/div>\n<div class=\"c-level_carousel || swiper-container swiper-container-initialized swiper-container-horizontal swiper-container-pointer-events\" data-module-carousel=\"m120\"><span class=\"word\" data-word=\"\u201cThe\">&#8220;Den<\/span><span class=\"whitespace\"> <\/span><span class=\"word\" data-word=\"HARP\u00ae\">HARP\u00ae<\/span><span class=\"whitespace\"> <\/span><span class=\"word\" data-word=\"offers\">erbjudanden<\/span><span class=\"whitespace\"> <\/span><span class=\"word\" data-word=\"the\">den<\/span><span class=\"whitespace\"> <\/span><span class=\"word\" data-word=\"best\">b\u00e4sta<\/span><span class=\"whitespace\"> <\/span><span class=\"word\" data-word=\"solution\">l\u00f6sning<\/span><span class=\"whitespace\"> <\/span><span class=\"word\" data-word=\"against\">mot<\/span><span class=\"whitespace\"> <\/span><span class=\"word\" data-word=\"audio\">ljud<\/span><span class=\"whitespace\"> <\/span><span class=\"word\" data-word=\"spying\">spioneri<\/span><span class=\"whitespace\"> <\/span><span class=\"word\" data-word=\"available\">tillg\u00e4nglig<\/span><span class=\"whitespace\"> <\/span><span class=\"word\" data-word=\"on\">p\u00e5<\/span><span class=\"whitespace\"> <\/span><span class=\"word\" data-word=\"the\">den<\/span><span class=\"whitespace\"> <\/span><span class=\"word\" data-word=\"market.\">marknad.<\/span><span class=\"whitespace\"> <\/span><span class=\"word\" data-word=\"The\">Den<\/span><span class=\"whitespace\"> <\/span><span class=\"word\" data-word=\"platform\">plattform<\/span><span class=\"whitespace\"> <\/span><span class=\"word\" data-word=\"has\">har<\/span><span class=\"whitespace\"> <\/span><span class=\"word\" data-word=\"undergone\">genomg\u00e5tt<\/span><span class=\"whitespace\"> <\/span><span class=\"word\" data-word=\"numerous\">m\u00e5nga<\/span><span class=\"whitespace\"> <\/span><span class=\"word\" data-word=\"comparative\">j\u00e4mf\u00f6rande<\/span><span class=\"whitespace\"> <\/span><span class=\"word\" data-word=\"tests\">tester<\/span><span class=\"whitespace\"> <\/span><span class=\"word\" data-word=\"with\">med<\/span><span class=\"whitespace\"> <\/span><span class=\"word\" data-word=\"other\">annat<\/span><span class=\"whitespace\"> <\/span><span class=\"word\" data-word=\"competing\">konkurrerande<\/span><span class=\"whitespace\"> <\/span><span class=\"word\" data-word=\"devices\">enheter<\/span><span class=\"whitespace\"> <\/span><span class=\"word\" data-word=\"in\">i<\/span><span class=\"whitespace\"> <\/span><span class=\"word\" data-word=\"different\">olika<\/span><span class=\"whitespace\"> <\/span><span class=\"word\" data-word=\"environments:\">milj\u00f6er:<\/span><span class=\"whitespace\"> <\/span><span class=\"word\" data-word=\"in\">i<\/span><span class=\"whitespace\"> <\/span><span class=\"word\" data-word=\"its\">dess<\/span><span class=\"whitespace\"> <\/span><span class=\"word\" data-word=\"two\">tv\u00e5<\/span><span class=\"whitespace\"> <\/span><span class=\"word\" data-word=\"modes\">l\u00e4gen<\/span><span class=\"whitespace\"> <\/span><span class=\"word\" data-word=\"(Discreet\">(Diskret<\/span><span class=\"whitespace\"> <\/span><span class=\"word\" data-word=\"and\">och<\/span><span class=\"whitespace\"> <\/span><span class=\"word\" data-word=\"Voice-Mix),\">Voice-Mix),<\/span><span class=\"whitespace\"> <\/span><span class=\"word\" data-word=\"the\">den<\/span><span class=\"whitespace\"> <\/span><span class=\"word\" data-word=\"HARP\u00ae\">HARP\u00ae<\/span><span class=\"whitespace\"> <\/span><span class=\"word\" data-word=\"obtains\">erh\u00e5ller<\/span><span class=\"whitespace\"> <\/span><span class=\"word\" data-word=\"results\">resultat<\/span><span class=\"whitespace\"> <\/span><span class=\"word\" data-word=\"superior\">\u00f6verl\u00e4gsen<\/span><span class=\"whitespace\"> <\/span><span class=\"word\" data-word=\"to\">till<\/span><span class=\"whitespace\"> <\/span><span class=\"word\" data-word=\"the\">den<\/span><span class=\"whitespace\"> <\/span><span class=\"word\" data-word=\"others.\">andra.<\/span><span class=\"whitespace\"> <\/span><span class=\"word\" data-word=\"Other\">Andra<\/span><span class=\"whitespace\"> <\/span><span class=\"word\" data-word=\"factors\">faktorer<\/span><span class=\"whitespace\"> <\/span><span class=\"word\" data-word=\"such\">s\u00e5dan<\/span><span class=\"whitespace\"> <\/span><span class=\"word\" data-word=\"as\">som<\/span><span class=\"whitespace\"> <\/span><span class=\"word\" data-word=\"design\">design<\/span><span class=\"whitespace\"> <\/span><span class=\"word\" data-word=\"and\">och<\/span><span class=\"whitespace\"> <\/span><span class=\"word\" data-word=\"the\">den<\/span><span class=\"whitespace\"> <\/span><span class=\"word\" data-word=\"mobile\">mobil<\/span><span class=\"whitespace\"> <\/span><span class=\"word\" data-word=\"unit\">enhet<\/span><span class=\"whitespace\"> <\/span><span class=\"word\" data-word=\"control\">kontroll<\/span><span class=\"whitespace\"> <\/span><span class=\"word\" data-word=\"application\">ans\u00f6kan<\/span><span class=\"whitespace\"> <\/span><span class=\"word\" data-word=\"contributed\">bidragit<\/span><span class=\"whitespace\"> <\/span><span class=\"word\" data-word=\"to\">till<\/span><span class=\"whitespace\"> <\/span><span class=\"word\" data-word=\"our\">v\u00e5r<\/span><span class=\"whitespace\"> <\/span><span class=\"word\" data-word=\"choosing\">val<\/span><span class=\"whitespace\"> <\/span><span class=\"word\" data-word=\"this\">detta<\/span><span class=\"whitespace\"> <\/span><span class=\"word\" data-word=\"solution.\">l\u00f6sning.<\/span><span class=\"whitespace\"> <\/span><span class=\"word\" data-word=\"In\">I<\/span><span class=\"whitespace\"> <\/span><span class=\"word\" data-word=\"addition,\">till\u00e4gg,<\/span><span class=\"whitespace\"> <\/span><span class=\"word\" data-word=\"the\">den<\/span><span class=\"whitespace\"> <\/span><span class=\"word\" data-word=\"most\">mest<\/span><span class=\"whitespace\"> <\/span><span class=\"word\" data-word=\"important\">viktig<\/span><span class=\"whitespace\"> <\/span><span class=\"word\" data-word=\"element\">element<\/span><span class=\"whitespace\"> <\/span><span class=\"word\" data-word=\"is\">\u00e4r<\/span><span class=\"whitespace\"> <\/span><span class=\"word\" data-word=\"the\">den<\/span><span class=\"whitespace\"> <\/span><span class=\"word\" data-word=\"possibility\">m\u00f6jlighet<\/span><span class=\"whitespace\"> <\/span><span class=\"word\" data-word=\"of\">av<\/span><span class=\"whitespace\"> <\/span><span class=\"word\" data-word=\"updating\">uppdatering<\/span><span class=\"whitespace\"> <\/span><span class=\"word\" data-word=\"the\">den<\/span><span class=\"whitespace\"> <\/span><span class=\"word\" data-word=\"firmware\">firmware<\/span><span class=\"whitespace\"> <\/span><span class=\"word\" data-word=\"remotely,\">p\u00e5 distans,<\/span><span class=\"whitespace\"> <\/span><span class=\"word\" data-word=\"which\">som<\/span><span class=\"whitespace\"> <\/span><span class=\"word\" data-word=\"allows\">till\u00e5ter<\/span><span class=\"whitespace\"> <\/span><span class=\"word\" data-word=\"us\">oss<\/span><span class=\"whitespace\"> <\/span><span class=\"word\" data-word=\"to\">till<\/span><span class=\"whitespace\"> <\/span><span class=\"word\" data-word=\"always\">alltid<\/span><span class=\"whitespace\"> <\/span><span class=\"word\" data-word=\"have\">har<\/span><span class=\"whitespace\"> <\/span><span class=\"word\" data-word=\"the\">den<\/span><span class=\"whitespace\"> <\/span><span class=\"word\" data-word=\"latest\">senaste<\/span><span class=\"whitespace\"> <\/span><span class=\"word\" data-word=\"level\">niv\u00e5<\/span><span class=\"whitespace\"> <\/span><span class=\"word\" data-word=\"of\">av<\/span><span class=\"whitespace\"> <\/span><span class=\"word\" data-word=\"protection\">skydd<\/span><span class=\"whitespace\"> <\/span><span class=\"word\" data-word=\"available,\">tillg\u00e4nglig,<\/span><span class=\"whitespace\"> <\/span><span class=\"word\" data-word=\"thus\">d\u00e4rmed<\/span><span class=\"whitespace\"> <\/span><span class=\"word\" data-word=\"maximizing\">maximering<\/span><span class=\"whitespace\"> <\/span><span class=\"word\" data-word=\"the\">den<\/span><span class=\"whitespace\"> <\/span><span class=\"word\" data-word=\"return\">\u00e5terv\u00e4nda<\/span><span class=\"whitespace\"> <\/span><span class=\"word\" data-word=\"on\">p\u00e5<\/span><span class=\"whitespace\"> <\/span><span class=\"word\" data-word=\"investment\">investering<\/span><span class=\"whitespace\"> <\/span><span class=\"word\" data-word=\"of\">av<\/span><span class=\"whitespace\"> <\/span><span class=\"word\" data-word=\"our\">v\u00e5r<\/span><span class=\"whitespace\"> <\/span><span class=\"word\" data-word=\"customers.\u201d\">kunder.&#8221;<\/span><\/div>\n<div data-module-carousel=\"m120\">Infinity Safe, Brasilien<\/div>\n<div data-module-carousel=\"m120\"><\/div>\n<\/div>\n","protected":false},"excerpt":{"rendered":"<p><strong>Skydda sekretessen i din organisations diskussioner med Santor HARP\u00ae talskyddssystem.<\/strong><\/p>\n<p>&nbsp;<\/p>\n","protected":false},"featured_media":28584,"template":"","meta":[],"product_brand":[751],"product_cat":[865,846],"product_tag":[914,913,915,894,1002,917,916,918,879],"berocket_brand":[],"class_list":{"0":"post-27287","1":"product","2":"type-product","3":"status-publish","4":"has-post-thumbnail","6":"product_brand-santor","7":"product_cat-harp-speech-protector-sv","8":"product_cat-tsu","9":"product_tag-informationssakerhet-sv","10":"product_tag-informationssakerhet","11":"product_tag-kontraspionage","12":"product_tag-motovervakning","13":"product_tag-rostskydd","14":"product_tag-rostskydd-av-militar-kvalitet","15":"product_tag-skydd-for-tal","16":"product_tag-skydda-samtal-sv","17":"product_tag-tscm-sv","19":"first","20":"instock","21":"featured","22":"taxable","23":"shipping-taxable","24":"purchasable","25":"product-type-variable"},"_links":{"self":[{"href":"https:\/\/cryptsec.se\/sv\/wp-json\/wp\/v2\/product\/27287","targetHints":{"allow":["GET"]}}],"collection":[{"href":"https:\/\/cryptsec.se\/sv\/wp-json\/wp\/v2\/product"}],"about":[{"href":"https:\/\/cryptsec.se\/sv\/wp-json\/wp\/v2\/types\/product"}],"wp:featuredmedia":[{"embeddable":true,"href":"https:\/\/cryptsec.se\/sv\/wp-json\/wp\/v2\/media\/28584"}],"wp:attachment":[{"href":"https:\/\/cryptsec.se\/sv\/wp-json\/wp\/v2\/media?parent=27287"}],"wp:term":[{"taxonomy":"product_brand","embeddable":true,"href":"https:\/\/cryptsec.se\/sv\/wp-json\/wp\/v2\/product_brand?post=27287"},{"taxonomy":"product_cat","embeddable":true,"href":"https:\/\/cryptsec.se\/sv\/wp-json\/wp\/v2\/product_cat?post=27287"},{"taxonomy":"product_tag","embeddable":true,"href":"https:\/\/cryptsec.se\/sv\/wp-json\/wp\/v2\/product_tag?post=27287"},{"taxonomy":"berocket_brand","embeddable":true,"href":"https:\/\/cryptsec.se\/sv\/wp-json\/wp\/v2\/berocket_brand?post=27287"}],"curies":[{"name":"wp","href":"https:\/\/api.w.org\/{rel}","templated":true}]}}