{"id":27288,"date":"2022-04-04T11:44:28","date_gmt":"2022-04-04T09:44:28","guid":{"rendered":"https:\/\/cryptsec.se\/product\/cryptobook-krypterade-barbara-datorer\/"},"modified":"2022-04-04T11:44:28","modified_gmt":"2022-04-04T09:44:28","slug":"cryptobook-krypterade-barbara-datorer","status":"publish","type":"product","link":"https:\/\/cryptsec.se\/sv\/product\/cryptobook-krypterade-barbara-datorer\/","title":{"rendered":"CryptoBook Krypterade b\u00e4rbara datorer"},"content":{"rendered":"<h3>Ultimat s\u00e4kerhet med dubbla operativsystem: F\u00f6rdelen med CryptoBook<\/h3>\n<p><strong>O\u00f6vertr\u00e4ffat dataskydd<\/strong><\/p>\n<p>Uppt\u00e4ck den o\u00f6vertr\u00e4ffade s\u00e4kerheten hos v\u00e5ra b\u00e4rbara CryptoBook-datorer, utformade med dubbla operativsystem f\u00f6r att skydda ditt digitala liv. Det offentliga operativsystemet hanterar dina vardagliga uppgifter, medan det krypterade, dolda operativsystemet skyddar dina k\u00e4nsligaste data och garanterar fullst\u00e4ndig integritet och skydd. Med CryptoBook f\u00f6rblir din information o\u00e5tkomlig f\u00f6r obeh\u00f6riga anv\u00e4ndare, vilket ger dig sinnesro i en tid d\u00e5 digital s\u00e4kerhet \u00e4r av yttersta vikt.<\/p>\n<p><strong>St\u00e4rk ditt digitala f\u00f6rsvar<\/strong><\/p>\n<p>I en v\u00e4rld full av digitala hot st\u00e5r CryptoBook som din beskyddare mot malware, phishing, spyware, ransomware, Man-In-The-Middle-attacker och DNS-tunneling. V\u00e5ra b\u00e4rbara datorer \u00e4r utrustade med toppmoderna brandv\u00e4ggs- och VPN-tekniker och erbjuder en robust f\u00f6rsvarsmekanism som skyddar dina digitala aktiviteter fr\u00e5n nyfikna \u00f6gon och illvilliga akt\u00f6rer. Navigera p\u00e5 internet med tillf\u00f6rsikt, i vetskap om att CryptoBook har din rygg.<\/p>\n<p><strong>Skr\u00e4ddarsydd f\u00f6r dina behov<\/strong><\/p>\n<p>Vi f\u00f6rst\u00e5r att en storlek inte passar alla och erbjuder d\u00e4rf\u00f6r en m\u00e4ngd olika CryptoBook-modeller, var och en optimerad f\u00f6r att m\u00f6ta din organisations unika behov och krav. Oavsett om du \u00e4r frilansare, ett litet f\u00f6retag eller en stor koncern \u00e4r v\u00e5rt team redo att v\u00e4gleda dig till den perfekta l\u00f6sningen f\u00f6r krypterade b\u00e4rbara datorer. Kontakta oss f\u00f6r att utforska hur CryptoBook kan f\u00f6rb\u00e4ttra din organisations datas\u00e4kerhetsstrategi.<\/p>\n","protected":false},"excerpt":{"rendered":"<p>Kontakta oss f\u00f6r mer information om v\u00e5ra olika krypterade b\u00e4rbara datorer. Vi har flera modeller som \u00e4r optimerade f\u00f6r din organisations behov och krav.<\/p>\n","protected":false},"featured_media":26740,"template":"","meta":[],"product_brand":[],"product_cat":[861],"product_tag":[913,914,920,922,921,919,923,924,925],"berocket_brand":[],"class_list":{"0":"post-27288","1":"product","2":"type-product","3":"status-publish","4":"has-post-thumbnail","6":"product_cat-krypterade-laptops","7":"product_tag-informationssakerhet","8":"product_tag-informationssakerhet-sv","9":"product_tag-krypterad-barbar-dator","10":"product_tag-krypterad-barbar-dator-sv","11":"product_tag-krypterad-dator-sv","12":"product_tag-kryptering-sv-2","13":"product_tag-saker-barbar-dator","14":"product_tag-saker-barbar-dator-sv","15":"product_tag-saker-dator-sv","17":"first","18":"instock","19":"taxable","20":"shipping-taxable","21":"purchasable","22":"product-type-simple"},"_links":{"self":[{"href":"https:\/\/cryptsec.se\/sv\/wp-json\/wp\/v2\/product\/27288","targetHints":{"allow":["GET"]}}],"collection":[{"href":"https:\/\/cryptsec.se\/sv\/wp-json\/wp\/v2\/product"}],"about":[{"href":"https:\/\/cryptsec.se\/sv\/wp-json\/wp\/v2\/types\/product"}],"wp:featuredmedia":[{"embeddable":true,"href":"https:\/\/cryptsec.se\/sv\/wp-json\/wp\/v2\/media\/26740"}],"wp:attachment":[{"href":"https:\/\/cryptsec.se\/sv\/wp-json\/wp\/v2\/media?parent=27288"}],"wp:term":[{"taxonomy":"product_brand","embeddable":true,"href":"https:\/\/cryptsec.se\/sv\/wp-json\/wp\/v2\/product_brand?post=27288"},{"taxonomy":"product_cat","embeddable":true,"href":"https:\/\/cryptsec.se\/sv\/wp-json\/wp\/v2\/product_cat?post=27288"},{"taxonomy":"product_tag","embeddable":true,"href":"https:\/\/cryptsec.se\/sv\/wp-json\/wp\/v2\/product_tag?post=27288"},{"taxonomy":"berocket_brand","embeddable":true,"href":"https:\/\/cryptsec.se\/sv\/wp-json\/wp\/v2\/berocket_brand?post=27288"}],"curies":[{"name":"wp","href":"https:\/\/api.w.org\/{rel}","templated":true}]}}