{"id":27289,"date":"2022-03-22T13:01:07","date_gmt":"2022-03-22T12:01:07","guid":{"rendered":"https:\/\/cryptsec.se\/product\/ttk-taktisk-tscm-sats\/"},"modified":"2022-03-22T13:01:07","modified_gmt":"2022-03-22T12:01:07","slug":"ttk-taktisk-tscm-sats","status":"publish","type":"product","link":"https:\/\/cryptsec.se\/sv\/product\/ttk-taktisk-tscm-sats\/","title":{"rendered":"TTK Taktisk TSCM-sats"},"content":{"rendered":"<p>TTK \u00e4r ett utrustningspaket som kan tas med i handbagaget och \u00e4r redo f\u00f6r insats f\u00f6r den frekvente resen\u00e4ren som beh\u00f6ver ett b\u00e4rbart r\u00e4ddningspaket med m\u00e5nga funktioner.<\/p>\n<p><strong>TTK<\/strong> <strong>v\u00e4ger 25 lbs\/11,5 kg <\/strong>och inneh\u00e5ller dessa bepr\u00f6vade TSCM-produkter:<\/p>\n<p><strong>MESA<\/strong> handh\u00e5llen spektrumanalysator f\u00f6r portabel RF-analys upp till 6 GHz (12 GHz med nedkonverteringsantenn)<br \/>\n<strong>ANDRE<\/strong> bredbandsdetektor f\u00f6r n\u00e4rf\u00e4ltsdetektering och lokalisering av RF-s\u00e4ndare upp till 6 GHz (12 GHz med nedkonverteringsantenn)<br \/>\n<strong>ORION 2.4 HX<\/strong> icke-linj\u00e4r korsningsdetektor f\u00f6r att hitta dold elektronik (aktiv och inaktiv) (FCC 3,3W eller G 6,6W)<br \/>\n<strong>CMA<\/strong> Countermeasures Amplifier f\u00f6r detektering av tr\u00e5dbundna \u00f6vervakningsenheter<br \/>\n<strong>FLIR DM285<\/strong> Multimeter f\u00f6r industriell bildbehandling (endast USA, ing\u00e5r inte i exportsatser)<\/p>\n<h3>Funktioner<\/h3>\n<p>REI <strong>TTK<\/strong> \u00e4r f\u00f6rpackad i en t\u00e5lig Pelican\u2122 1535 Air v\u00e4ska med maximal storlek f\u00f6r handbagage:<\/p>\n<ul>\n<li>Tv\u00e5 anpassade REI skumproduktinsatslager<\/li>\n<li>Tyst rullande hjul med lager av rostfritt st\u00e5l<\/li>\n<li>Uppf\u00e4llbart f\u00f6rl\u00e4ngningshandtag<\/li>\n<li>H\u00e5llare f\u00f6r visitkort<\/li>\n<li>Tillbeh\u00f6rsfickor &#8211; lock<\/li>\n<li>Automatisk rensningsventil &#8211; h\u00e5ller vatten och damm borta samtidigt som lufttrycket balanseras<\/li>\n<li>Superl\u00e4tt egenutvecklad HPX2\u2122-polymer<\/li>\n<li>Maximal storlek f\u00f6r handbagage*<\/li>\n<\/ul>\n<p><strong>MESA<\/strong> handh\u00e5llen spektrumanalysator f\u00f6r b\u00e4rbar RF-analys<\/p>\n<ul>\n<li>10kHz till 6GHz spektrumanalysator, ut\u00f6kar till 12GHz med nedkonverteringsantenn<\/li>\n<li>Sveper 200 GHz per sekund<\/li>\n<li><sup>SmartBars\u00ae-l\u00e4ge<\/sup> (patenterat)<\/li>\n<li>Mobile Bands Mode som visar RF-niv\u00e5er med anpassningsbara intervall<\/li>\n<li>WiFi- och Bluetooth-l\u00e4gen f\u00f6r att identifiera accesspunkter<\/li>\n<li>Fullst\u00e4ndig peksk\u00e4rmskontroll med visuella, h\u00f6rbara och haptiska vibrationsvarningar<\/li>\n<li>MCP (Multi-Carrier Probe) &#8211; B\u00e4rarstr\u00f6m<\/li>\n<li>Dataloggning<\/li>\n<li>Cached Peak Function (patents\u00f6kt)<\/li>\n<\/ul>\n<p><strong>ANDRE<\/strong> bredbandsdetektor f\u00f6r n\u00e4rf\u00e4ltsdetektering och lokalisering av RF-s\u00e4ndare upp till 12 GHz<\/p>\n<ul>\n<li>Bredbandig RF-detektering upp till 12 GHz med ned\u00e5triktad antenn, plus infrar\u00f6tt och synligt ljus<\/li>\n<li>Histogram Display som visar RF-niv\u00e5er \u00f6ver tidsperioder<\/li>\n<li>Signalinformation och banddetaljer genererar signallista \u00f6ver de starkaste signalerna<\/li>\n<\/ul>\n<p><strong>ORION 2.4 HX<\/strong> icke-linj\u00e4r korsningsdetektor f\u00f6r att hitta dold elektronik (aktiv och inaktiv) (FCC 3,3W eller G 6,6W)<\/p>\n<ul>\n<li>4GHz Digital Spread Spectrum-s\u00e4ndsignal<\/li>\n<li>Mer \u00e4n 60 tillg\u00e4ngliga s\u00e4ndningskanaler<\/li>\n<li>Digitalt korrelerad 2:a och 3:e harmonisk respons<\/li>\n<li>Peksk\u00e4rm som visar harmoniska svar och spektrumvy av driftband<\/li>\n<li>Visuella, akustiska och haptiska vibrationsvarningar<\/li>\n<\/ul>\n<p><strong>CMA-100<\/strong> Motmedelsf\u00f6rst\u00e4rkare f\u00f6r detektering av tr\u00e5dbundna \u00f6vervakningsenheter<\/p>\n<ul>\n<li>110 dB f\u00f6rst\u00e4rkning<\/li>\n<li>Inbyggd AC\/DC-voltmeter<\/li>\n<li>M\u00f6jlighet till f\u00f6rsp\u00e4nning mellan -15V och +15V DC<\/li>\n<\/ul>\n<p><strong>FLIR DM285<\/strong> Multimeter f\u00f6r industriell bildbehandling (endast USA, ing\u00e5r inte i exportsatser)<\/p>\n","protected":false},"excerpt":{"rendered":"<p><strong>TTK<\/strong> (Tactical TSCM Kit) \u00e4r ett utrustningspaket som kan tas med i handbagaget och som \u00e4r redo f\u00f6r insats f\u00f6r den frekvente resen\u00e4ren som beh\u00f6ver ett b\u00e4rbart svepkit med mycket kapacitet.<\/p>\n","protected":false},"featured_media":26657,"template":"","meta":[],"product_brand":[591],"product_cat":[1079,1080,1081,846,1082],"product_tag":[934,897,928,898,933,894,895,935,930,899,927,926,929,879,931,932],"berocket_brand":[],"class_list":{"0":"post-27289","1":"product","2":"type-product","3":"status-publish","4":"has-post-thumbnail","6":"product_brand-rei","7":"product_cat-aktivitetsmatare","8":"product_cat-icke-linjara-kopplingsdetektorer","9":"product_cat-spektrumanalysator","10":"product_cat-tsu","11":"product_cat-tscm-kit-sv","12":"product_tag-andre-sv","13":"product_tag-buggdetektor-sv","14":"product_tag-buggscanner-sv","15":"product_tag-hitta-buggar-sv","16":"product_tag-mesa-sv","17":"product_tag-motovervakning","18":"product_tag-nljd-sv","19":"product_tag-orion-sv","20":"product_tag-rei-usa-sv","21":"product_tag-rf-detektor-sv","22":"product_tag-rf-detektor-sv-2","23":"product_tag-spektrumanalysator-sv","24":"product_tag-spektrumanalyserare-sv","25":"product_tag-tscm-sv","26":"product_tag-tscm-detektor-sv","27":"product_tag-tscm-utrustning-sv","29":"first","30":"instock","31":"featured","32":"taxable","33":"shipping-taxable","34":"purchasable","35":"product-type-variable","36":"has-default-attributes"},"_links":{"self":[{"href":"https:\/\/cryptsec.se\/sv\/wp-json\/wp\/v2\/product\/27289","targetHints":{"allow":["GET"]}}],"collection":[{"href":"https:\/\/cryptsec.se\/sv\/wp-json\/wp\/v2\/product"}],"about":[{"href":"https:\/\/cryptsec.se\/sv\/wp-json\/wp\/v2\/types\/product"}],"wp:featuredmedia":[{"embeddable":true,"href":"https:\/\/cryptsec.se\/sv\/wp-json\/wp\/v2\/media\/26657"}],"wp:attachment":[{"href":"https:\/\/cryptsec.se\/sv\/wp-json\/wp\/v2\/media?parent=27289"}],"wp:term":[{"taxonomy":"product_brand","embeddable":true,"href":"https:\/\/cryptsec.se\/sv\/wp-json\/wp\/v2\/product_brand?post=27289"},{"taxonomy":"product_cat","embeddable":true,"href":"https:\/\/cryptsec.se\/sv\/wp-json\/wp\/v2\/product_cat?post=27289"},{"taxonomy":"product_tag","embeddable":true,"href":"https:\/\/cryptsec.se\/sv\/wp-json\/wp\/v2\/product_tag?post=27289"},{"taxonomy":"berocket_brand","embeddable":true,"href":"https:\/\/cryptsec.se\/sv\/wp-json\/wp\/v2\/berocket_brand?post=27289"}],"curies":[{"name":"wp","href":"https:\/\/api.w.org\/{rel}","templated":true}]}}