{"id":27290,"date":"2022-03-22T08:54:17","date_gmt":"2022-03-22T07:54:17","guid":{"rendered":"https:\/\/cryptsec.se\/product\/wam-x25-tradlos-aktivitetsmonitor\/"},"modified":"2022-03-22T08:54:17","modified_gmt":"2022-03-22T07:54:17","slug":"wam-x25-tradlos-aktivitetsmonitor","status":"publish","type":"product","link":"https:\/\/cryptsec.se\/sv\/product\/wam-x25-tradlos-aktivitetsmonitor\/","title":{"rendered":"WAM-X25 Tr\u00e5dl\u00f6s aktivitetsmonitor"},"content":{"rendered":"<p>Den tr\u00e5dl\u00f6sa <strong><a href=\"https:\/\/www.jjndigital.com\/products\/wam-x25\/\" target=\"_blank\" rel=\"noopener\">WAM-X25 tr\u00e5dl\u00f6s aktivitetsmonitor<\/a> <\/strong>\u00e4r en kompakt multibandsdetektor f\u00f6r radiofrekvenssignaler (RF) f\u00f6r handh\u00e5llen eller station\u00e4r anv\u00e4ndning. Den \u00e4r konstruerad f\u00f6r detektering och loggning av s\u00e4ndningar fr\u00e5n alla typer av radiofrekventa enheter. WAM-X25 ger fullst\u00e4ndig t\u00e4ckning och loggning av all RF-aktivitet i det omgivande omr\u00e5det.<\/p>\n<p><strong>Bredbandig detektering<\/strong><\/p>\n<p>Bredbandsdetektorn f\u00f6r 0-14 GHz ger den st\u00f6rsta t\u00e4ckningen av all RF-aktivitet i m\u00e5lomr\u00e5det. Frekvensen f\u00f6r den detekterade signalen (upp till 6 GHz) kan visas samtidigt och programvaran &#8220;Livescan&#8221; visar det detekterade signalm\u00f6nstret grafiskt f\u00f6r att underl\u00e4tta identifiering av signaltypen. Detta kan vara s\u00e4rskilt anv\u00e4ndbart vid s\u00f6kning efter pulserande eller burst-enheter som GPS-trackers.<\/p>\n<p><strong>Detektering av mobilband \u00f6ver hela v\u00e4rlden<\/strong><\/p>\n<p>WAM-X5 har separat global multibandst\u00e4ckning f\u00f6r mobiltelefoni. V\u00e4lj bara den internationella region som enheten ska anv\u00e4ndas i s\u00e5 kommer WAM-X25 att detektera signaler fr\u00e5n alla relevanta lokala mobilband. Det inneb\u00e4r att WAM-X25 \u00e4r redo f\u00f6r lanseringen av de senaste 5G-enheterna i hela v\u00e4rlden. Naturligtvis kommer alla befintliga 2G-, 3G- och 4G-band ocks\u00e5 att t\u00e4ckas. Den kan anv\u00e4ndas i alla milj\u00f6er d\u00e4r mobila enheter \u00e4r f\u00f6rbjudna, t.ex. i k\u00e4nsliga m\u00f6tesrum f\u00f6r att s\u00f6ka efter dolda enheter, obeh\u00f6rig mobilanv\u00e4ndning p\u00e5 kontor, i tentasalar, p\u00e5 sjukhus eller i f\u00e4ngelser samt i fordon f\u00f6r att hitta de senaste sp\u00e5rningsenheterna f\u00f6r fordon\/tillg\u00e5ngar. All mobil aktivitet loggas och kan granskas n\u00e4r som helst, grafiskt eller i listformat.<\/p>\n<p><strong>2,4 GHz och 5 GHz Wi-Fi-detektering<\/strong><\/p>\n<p>WAM-X25 har separata 2,4 GHz- och 5 GHz-band f\u00f6r detektering av det snabbt v\u00e4xande hotet fr\u00e5n Wi-Fi\/Bluetooth\/Video och andra senaste generationens &#8220;Store &amp; Forward&#8221;-enheter. S\u00e5dana enheter kan t.ex. spela in ljud under l\u00e5nga perioder och sedan \u00f6verf\u00f6ra det i korta regelbundna skurar. Den kommer ocks\u00e5 att uppt\u00e4cka andra enheter som anv\u00e4nder dessa band, t.ex. hemliga tr\u00e5dl\u00f6sa videos\u00e4ndare.<\/p>\n<p><strong>Analysator f\u00f6r Wi-Fi-n\u00e4tverk<\/strong><\/p>\n<p>WAM-X25 har en ny oberoende analysator f\u00f6r Wi-Fi-n\u00e4tverk (2,4 &amp; 5 GHz) som ger detaljerad aktivitetsinformation om WLAN-n\u00e4tverk i omgivningen, t.ex. hotspots, routrar, Wi-Fi-kameror etc. Enheten s\u00f6ker igenom uppt\u00e4ckta Wi-Fi-\u00e5tkomstpunkter\/klienter och sammanst\u00e4ller en detaljerad lista med information: Datum och tid f\u00f6r h\u00e4ndelsen, Wi-Fi MAC-adress, tillverkare (om tillg\u00e4ngligt), typ (\u00e5tkomstpunkt eller klient), antal uppt\u00e4ckta datapaket, Wi-Fi SSID (om tillg\u00e4ngligt) och band (2,4 eller 5 GHz)<\/p>\n<p><strong>Analysator f\u00f6r Bluetooth-enheter<\/strong><\/p>\n<p>WAM-X25 har ocks\u00e5 en inbyggd Bluetooth-analysator som listar aktiva Bluetooth-enheter i n\u00e4rheten, t.ex. smartphones, surfplattor, h\u00f6rlurar, fitness trackers etc. Information som samlas in inkluderar: Datum och tid f\u00f6r h\u00e4ndelsen, Bluetooth MAC-adress, tillverkare (om tillg\u00e4nglig), signalstyrka i dBm och antal detekterade datapaket.<\/p>\n<p><strong>Riktning S\u00f6k Funktion<\/strong><\/p>\n<p>Med det nya riktningsbest\u00e4mningsl\u00e4get kan anv\u00e4ndaren lokalisera k\u00e4llan till en detekterad RF-signal genom att rotera WAM-X25 360 grader med hj\u00e4lp av den medf\u00f6ljande riktantennen. Genom att l\u00e5ngsamt rotera enheten samlas information om signalstyrkan in och visas grafiskt \u00f6ver 360 grader f\u00f6r att ge anv\u00e4ndaren en exakt indikation p\u00e5 den detekterade signalk\u00e4llan.<\/p>\n<div id=\"area276\" class=\"boxmodel cknum9 centeredRow boxtheme9\">\n<div class=\"inner\">\n<div class=\"content greyTop product-page cam-105w\">\n<div class=\"right big\">\n<p>En ny knappsatsdesign inneb\u00e4r enkel och intuitiv anv\u00e4ndning. All information visas p\u00e5 en h\u00f6guppl\u00f6st 7-tums TFT-sk\u00e4rm i f\u00e4rg som g\u00f6r att anv\u00e4ndaren samtidigt kan utf\u00f6ra realtidsdetektering och se h\u00e4ndelser som har intr\u00e4ffat tidigare. Varje band har en individuell signalstyrkem\u00e4tare med 20 element som g\u00f6r det enkelt att lokalisera den exakta k\u00e4llan till en detekterad signal. Ett h\u00f6rbart &#8220;Beep&#8221;-l\u00e4ge g\u00f6r att anv\u00e4ndaren kan \u00f6vervaka utan att titta p\u00e5 displayen och ett tyst vibrationsl\u00e4ge kan ocks\u00e5 anv\u00e4ndas f\u00f6r s\u00e4rskilt k\u00e4nsliga omr\u00e5den.<\/p>\n<p>Upp till 10.000 h\u00e4ndelser kan lagras i WAM-X25 f\u00f6r samtidig visning som en lista eller grafiskt. F\u00f6r varje detekterad signal (oavsett hur l\u00e5ng eller kort den \u00e4r) registreras tid\/datum, varaktighet, detekterat band och signalstyrka. Detta kan vara s\u00e4rskilt anv\u00e4ndbart f\u00f6r att identifiera vilken typ av enhet som detekteras. Exempel: en rad regelbundna korta signaler i ett visst band kan vara signaler fr\u00e5n en GSM\/GPS-sp\u00e5rningsenhet. Dessa kunde tydligt ses i Graph Mode som linjer med regelbundet avst\u00e5nd som representerar \u00f6verf\u00f6ringens pulserande natur. Genom att titta p\u00e5 samtalsaktiviteten under vissa tider p\u00e5 dygnet kan man ocks\u00e5 identifiera obeh\u00f6rig telefonanv\u00e4ndning i k\u00e4nsliga omr\u00e5den som f\u00e4ngelser, styrelserum, tentamenssalar etc. Hela h\u00e4ndelseloggen kan ocks\u00e5 laddas ned till ett USB-minne f\u00f6r lagring eller \u00f6verf\u00f6ring till en dator d\u00e4r den kan visas\/sorteras f\u00f6r analys eller rapportering.<\/p>\n<\/div>\n<\/div>\n<\/div>\n<\/div>\n<div id=\"area271\" class=\"boxmodel cknum10 centeredRow boxtheme10\">\n<div class=\"content greyTop product-page cam-105w\">\n<p><strong>WAM-X25<\/strong> \u00e4r konstruerad och tillverkad i Storbritannien enligt de h\u00f6gsta specifikationerna och \u00e4r inkapslad i ett skr\u00e4ddarsytt maskinbearbetat aluminiumh\u00f6lje av flygplanskvalitet. Den har ett inbyggt litium-polymerbatteri och levereras med en internationell laddare. Det kompletta systemet levereras i en kompakt v\u00e4ska av milit\u00e4r standard f\u00f6r ultimat skydd.<\/p>\n<p><strong>Levereras i f\u00f6rpackning:<\/strong><\/p>\n<ul>\n<li>WAM-X25 &#8211; Huvudenhet<\/li>\n<li>Justerbar antenn med g\u00e5ngj\u00e4rn x 2<\/li>\n<li>Riktantenn LPA-14-SMA (bl\u00e5)<\/li>\n<li>5V mikro-USB-laddare-110V till 240V AC-ing\u00e5ng (automatisk v\u00e4xling) med internationella adaptrar<\/li>\n<li>H\u00f6rlurar<\/li>\n<li>USB-minne<\/li>\n<li>B\u00e4rv\u00e4ska med h\u00f6gt skydd enligt milit\u00e4r standard<\/li>\n<\/ul>\n<\/div>\n<\/div>\n","protected":false},"excerpt":{"rendered":"<p><span lang=\"EN-US\">Den h\u00e4r <\/span><b><br \/>\n  <span lang=\"EN-US\">WAM-X25<\/span><br \/>\n<\/b><span lang=\"EN-US\">  Wireless Activity Monitor \u00e4r en kompakt multibandsdetektor f\u00f6r radiofrekvenssignaler (RF) f\u00f6r handh\u00e5llen eller station\u00e4r anv\u00e4ndning. Den \u00e4r konstruerad f\u00f6r detektering och loggning av s\u00e4ndningar fr\u00e5n alla typer av radiofrekventa enheter.<\/span><\/p>\n","protected":false},"featured_media":26651,"template":"","meta":[],"product_brand":[64],"product_cat":[1081,846],"product_tag":[897,928,898,937,894,899,927,936,926,929,879,938],"berocket_brand":[],"class_list":{"0":"post-27290","1":"product","2":"type-product","3":"status-publish","4":"has-post-thumbnail","6":"product_brand-jjndigital","7":"product_cat-spektrumanalysator","8":"product_cat-tsu","9":"product_tag-buggdetektor-sv","10":"product_tag-buggscanner-sv","11":"product_tag-hitta-buggar-sv","12":"product_tag-jjn-digital-sv","13":"product_tag-motovervakning","14":"product_tag-rf-detektor-sv","15":"product_tag-rf-detektor-sv-2","16":"product_tag-spektrumanalysator-sv-2","17":"product_tag-spektrumanalysator-sv","18":"product_tag-spektrumanalyserare-sv","19":"product_tag-tscm-sv","20":"product_tag-wam-x25-sv","22":"first","23":"instock","24":"taxable","25":"shipping-taxable","26":"purchasable","27":"product-type-simple"},"_links":{"self":[{"href":"https:\/\/cryptsec.se\/sv\/wp-json\/wp\/v2\/product\/27290","targetHints":{"allow":["GET"]}}],"collection":[{"href":"https:\/\/cryptsec.se\/sv\/wp-json\/wp\/v2\/product"}],"about":[{"href":"https:\/\/cryptsec.se\/sv\/wp-json\/wp\/v2\/types\/product"}],"wp:featuredmedia":[{"embeddable":true,"href":"https:\/\/cryptsec.se\/sv\/wp-json\/wp\/v2\/media\/26651"}],"wp:attachment":[{"href":"https:\/\/cryptsec.se\/sv\/wp-json\/wp\/v2\/media?parent=27290"}],"wp:term":[{"taxonomy":"product_brand","embeddable":true,"href":"https:\/\/cryptsec.se\/sv\/wp-json\/wp\/v2\/product_brand?post=27290"},{"taxonomy":"product_cat","embeddable":true,"href":"https:\/\/cryptsec.se\/sv\/wp-json\/wp\/v2\/product_cat?post=27290"},{"taxonomy":"product_tag","embeddable":true,"href":"https:\/\/cryptsec.se\/sv\/wp-json\/wp\/v2\/product_tag?post=27290"},{"taxonomy":"berocket_brand","embeddable":true,"href":"https:\/\/cryptsec.se\/sv\/wp-json\/wp\/v2\/berocket_brand?post=27290"}],"curies":[{"name":"wp","href":"https:\/\/api.w.org\/{rel}","templated":true}]}}