{"id":27291,"date":"2022-03-02T11:49:33","date_gmt":"2022-03-02T10:49:33","guid":{"rendered":"https:\/\/cryptsec.se\/product\/andre-grundlaggande-nf-detektor\/"},"modified":"2022-03-02T11:49:33","modified_gmt":"2022-03-02T10:49:33","slug":"andre-grundlaggande-nf-detektor","status":"publish","type":"product","link":"https:\/\/cryptsec.se\/sv\/product\/andre-grundlaggande-nf-detektor\/","title":{"rendered":"ANDRE Grundl\u00e4ggande NF-detektor"},"content":{"rendered":"<h5><span style=\"color: #000000;\"><strong>Funktionsprincip<\/strong><\/span><\/h5>\n<p>ANDRE \u00e4r en handh\u00e5llen bredbandsmottagare som detekterar k\u00e4nda, ok\u00e4nda, olagliga, st\u00f6rande eller interfererande s\u00e4ndningar. ANDRE lokaliserar n\u00e4rliggande RF-, infrar\u00f6d-, synligt ljus-, b\u00e4rv\u00e5gs- och andra typer av s\u00e4ndare. Identifiera hot snabbt och diskret med hj\u00e4lp av ANDRE Deluxe&#8217;s breda utbud av tillbeh\u00f6r som \u00e4r s\u00e4rskilt utformade f\u00f6r att ta emot s\u00e4ndningar fr\u00e5n 10 kHz upp till 12 GHz.<\/p>\n<h5><span style=\"color: #000000;\"><strong>Funktioner<\/strong><\/span><\/h5>\n<p><span style=\"color: #000000;\">Histogramvisning<\/span><\/p>\n<p>ANDRE har ett signalstyrkehistogram som visar RF-niv\u00e5er \u00f6ver anv\u00e4ndarvalda tidsintervall fr\u00e5n 5 sekunder till 24 timmar. Observera skillnader mellan digitala, analoga och burstsignaler och st\u00e4ll in larmgr\u00e4nser med ljud- och haptisk feedback.<\/p>\n<p><span style=\"color: #000000;\">Zoomvy<\/span><\/p>\n<p>I zooml\u00e4get visas endast ett 30 dB segment av histogrammet. Den mindre skalan g\u00f6r att anv\u00e4ndarna enkelt kan se sm\u00e5 f\u00f6r\u00e4ndringar i RF-signalaktiviteten.<\/p>\n<p><span style=\"color: #000000;\">Signalinformation och banddetaljer<\/span><\/p>\n<p>Frekvensr\u00e4knaren ANDRE genererar automatiskt en signallista med de starkaste signalerna. Signalfrekvenserna anges med b\u00f6rjan fr\u00e5n den starkaste signalen och kan betecknas som hotfulla, v\u00e4nliga eller ok\u00e4nda. Om du dubbelklickar p\u00e5 en signal f\u00e5r du mer information, inklusive information om bandklassificering.<\/p>\n<p><span style=\"color: #000000;\">Ljudl\u00e4ge<\/span><\/p>\n<p>ANDRE kan demodulera och spela upp analogt live-ljud. Tio sekunders ljudfiler kan spelas in, lagras och spelas upp. Sk\u00e4rmen f\u00f6r direktljud visar ett stapeldiagram som visar den mottagna signalstyrkan.<\/p>\n<ul>\n<li>Automatisk igenk\u00e4nning av anslutna prober visar det korrelerande frekvensbandet<\/li>\n<li>3,5&#8243; peksk\u00e4rm f\u00f6r enkel inst\u00e4llning och anv\u00e4ndning<\/li>\n<li>L\u00e4tt, handh\u00e5llen enhet med USB-port f\u00f6r fil\u00f6verf\u00f6ring<\/li>\n<\/ul>\n<p>&nbsp;<\/p>\n","protected":false},"excerpt":{"rendered":"<p>ANDRE \u00e4r en handh\u00e5llen bredbandsmottagare som detekterar k\u00e4nda, ok\u00e4nda, olagliga, st\u00f6rande eller interfererande s\u00e4ndningar.<\/p>\n","protected":false},"featured_media":26217,"template":"","meta":[],"product_brand":[],"product_cat":[1079,846],"product_tag":[897,898,894,939,941,940,879],"berocket_brand":[],"class_list":{"0":"post-27291","1":"product","2":"type-product","3":"status-publish","4":"has-post-thumbnail","6":"product_cat-aktivitetsmatare","7":"product_cat-tsu","8":"product_tag-buggdetektor-sv","9":"product_tag-hitta-buggar-sv","10":"product_tag-motovervakning","11":"product_tag-signaldetektor-sv","12":"product_tag-spionutrustning-sv","13":"product_tag-stoppa-avlyssning-sv","14":"product_tag-tscm-sv","16":"first","17":"instock","18":"taxable","19":"shipping-taxable","20":"purchasable","21":"product-type-variable","22":"has-default-attributes"},"_links":{"self":[{"href":"https:\/\/cryptsec.se\/sv\/wp-json\/wp\/v2\/product\/27291","targetHints":{"allow":["GET"]}}],"collection":[{"href":"https:\/\/cryptsec.se\/sv\/wp-json\/wp\/v2\/product"}],"about":[{"href":"https:\/\/cryptsec.se\/sv\/wp-json\/wp\/v2\/types\/product"}],"wp:featuredmedia":[{"embeddable":true,"href":"https:\/\/cryptsec.se\/sv\/wp-json\/wp\/v2\/media\/26217"}],"wp:attachment":[{"href":"https:\/\/cryptsec.se\/sv\/wp-json\/wp\/v2\/media?parent=27291"}],"wp:term":[{"taxonomy":"product_brand","embeddable":true,"href":"https:\/\/cryptsec.se\/sv\/wp-json\/wp\/v2\/product_brand?post=27291"},{"taxonomy":"product_cat","embeddable":true,"href":"https:\/\/cryptsec.se\/sv\/wp-json\/wp\/v2\/product_cat?post=27291"},{"taxonomy":"product_tag","embeddable":true,"href":"https:\/\/cryptsec.se\/sv\/wp-json\/wp\/v2\/product_tag?post=27291"},{"taxonomy":"berocket_brand","embeddable":true,"href":"https:\/\/cryptsec.se\/sv\/wp-json\/wp\/v2\/berocket_brand?post=27291"}],"curies":[{"name":"wp","href":"https:\/\/api.w.org\/{rel}","templated":true}]}}