{"id":27292,"date":"2022-01-15T04:20:12","date_gmt":"2022-01-15T03:20:12","guid":{"rendered":"https:\/\/cryptsec.se\/product\/dahua-nvr-kit-8\/"},"modified":"2022-01-15T04:20:12","modified_gmt":"2022-01-15T03:20:12","slug":"dahua-nvr-kit-8","status":"publish","type":"product","link":"https:\/\/cryptsec.se\/sv\/product\/dahua-nvr-kit-8\/","title":{"rendered":"Dahua NVR Kit 8"},"content":{"rendered":"<ol>\n<li class=\"text\" style=\"text-align: left;\" data-gtm-vis-recent-on-screen-10552706_195=\"344\" data-gtm-vis-first-on-screen-10552706_195=\"344\" data-gtm-vis-total-visible-time-10552706_195=\"100\" data-gtm-vis-has-fired-10552706_195=\"1\" data-gtm-vis-recent-on-screen-10552706_193=\"348\" data-gtm-vis-first-on-screen-10552706_193=\"349\" data-gtm-vis-total-visible-time-10552706_193=\"100\" data-gtm-vis-has-fired-10552706_193=\"1\" data-gtm-vis-recent-on-screen-10552706_192=\"355\" data-gtm-vis-first-on-screen-10552706_192=\"355\" data-gtm-vis-total-visible-time-10552706_192=\"100\" data-gtm-vis-has-fired-10552706_192=\"1\" data-gtm-vis-recent-on-screen-10552706_217=\"362\" data-gtm-vis-first-on-screen-10552706_217=\"362\" data-gtm-vis-total-visible-time-10552706_217=\"100\" data-gtm-vis-has-fired-10552706_217=\"1\" data-gtm-vis-recent-on-screen-10552706_196=\"367\" data-gtm-vis-first-on-screen-10552706_196=\"367\" data-gtm-vis-total-visible-time-10552706_196=\"100\" data-gtm-vis-has-fired-10552706_196=\"1\" data-gtm-vis-recent-on-screen-10552706_184=\"372\" data-gtm-vis-first-on-screen-10552706_184=\"372\" data-gtm-vis-total-visible-time-10552706_184=\"100\" data-gtm-vis-has-fired-10552706_184=\"1\" data-gtm-vis-recent-on-screen-10552706_181=\"376\" data-gtm-vis-first-on-screen-10552706_181=\"376\" data-gtm-vis-total-visible-time-10552706_181=\"100\" data-gtm-vis-has-fired-10552706_181=\"1\" data-gtm-vis-recent-on-screen-10552706_194=\"379\" data-gtm-vis-first-on-screen-10552706_194=\"379\" data-gtm-vis-total-visible-time-10552706_194=\"100\" data-gtm-vis-has-fired-10552706_194=\"1\"><span style=\"color: #000000;\">8-kanals 1U 2HD 8PoE n\u00e4tverksvideoinspelare<\/span><\/li>\n<\/ol>\n<p>Dahua NVR4000-4KS2\/L introduceras som NVR i Lite-serien med st\u00f6d f\u00f6r 4K- och H.265-kodningsteknik med utm\u00e4rkt prestanda till ett \u00f6verkomligt pris. F\u00f6r till\u00e4mpningar d\u00e4r bilddetaljer \u00e4r mycket viktiga ger den m\u00f6jlighet till bearbetning med 4K-uppl\u00f6sning. NVR kan anv\u00e4ndas som kantlagring, central lagring eller backup-lagring med en intuitiv genv\u00e4gsmeny f\u00f6r fj\u00e4rrstyrning och kontroll.<\/p>\n<p><span style=\"color: #000000;\">Dahua 5MP Lite IR varifokal \u00f6gonkamera f\u00f6r n\u00e4tverk<\/span><\/p>\n<p>Med uppgraderad H.265-kodningsteknik har Dahua Lite-seriens n\u00e4tverkskamera effektiv videokodningskapacitet, vilket sparar bandbredd och lagringsutrymme. Kameran anv\u00e4nder den senaste stj\u00e4rnljustekniken och visar b\u00e4ttre f\u00e4rgbilder vid svag belysning. St\u00f6d f\u00f6r SD-kortlagring, dammt\u00e4t funktion, vattent\u00e4t funktion och vandals\u00e4ker funktion, i enlighet med IP67-standarderna (st\u00f6ds av vissa utvalda modeller)<\/p>\n<p>&nbsp;<\/p>\n<p>&nbsp;<\/p>\n<p>&nbsp;<\/p>\n","protected":false},"excerpt":{"rendered":"<div class=\"product attribute overview\">\n<div class=\"value\">\n<div class=\"product attribute overview\">\n<div class=\"value\">\n<div class=\"product attribute overview\">\n<div class=\"value\">\n<div class=\"product attribute overview\">\n<div class=\"value\">\n<p><strong>Vi presenterar Dahuas NVR-kit med v\u00e5r expertis, v\u00e4l matchade komponenter f\u00f6r dem som vill ha ett h\u00f6gkvalitativt s\u00e4kerhetssystem.<\/strong><\/p>\n<p>Satsen inneh\u00e5ller:<\/p>\n<ul>\n<li>DHI-NVR4208-8P-4KS2\/L Ljudregistrator<\/li>\n<li>DH-IPC-HDW2531TP-ZS-27135-S2 Cameras<\/li>\n<\/ul>\n<p><span style=\"color: #000000;\">Kontakta oss f\u00f6r ytterligare prisinformation.<\/span><\/p>\n<\/div>\n<\/div>\n<\/div>\n<\/div>\n<\/div>\n<\/div>\n<\/div>\n<\/div>\n","protected":false},"featured_media":26587,"template":"","meta":[],"product_brand":[],"product_cat":[],"product_tag":[],"berocket_brand":[],"class_list":{"0":"post-27292","1":"product","2":"type-product","3":"status-publish","4":"has-post-thumbnail","7":"first","8":"instock","9":"taxable","10":"shipping-taxable","11":"product-type-simple"},"_links":{"self":[{"href":"https:\/\/cryptsec.se\/sv\/wp-json\/wp\/v2\/product\/27292","targetHints":{"allow":["GET"]}}],"collection":[{"href":"https:\/\/cryptsec.se\/sv\/wp-json\/wp\/v2\/product"}],"about":[{"href":"https:\/\/cryptsec.se\/sv\/wp-json\/wp\/v2\/types\/product"}],"wp:featuredmedia":[{"embeddable":true,"href":"https:\/\/cryptsec.se\/sv\/wp-json\/wp\/v2\/media\/26587"}],"wp:attachment":[{"href":"https:\/\/cryptsec.se\/sv\/wp-json\/wp\/v2\/media?parent=27292"}],"wp:term":[{"taxonomy":"product_brand","embeddable":true,"href":"https:\/\/cryptsec.se\/sv\/wp-json\/wp\/v2\/product_brand?post=27292"},{"taxonomy":"product_cat","embeddable":true,"href":"https:\/\/cryptsec.se\/sv\/wp-json\/wp\/v2\/product_cat?post=27292"},{"taxonomy":"product_tag","embeddable":true,"href":"https:\/\/cryptsec.se\/sv\/wp-json\/wp\/v2\/product_tag?post=27292"},{"taxonomy":"berocket_brand","embeddable":true,"href":"https:\/\/cryptsec.se\/sv\/wp-json\/wp\/v2\/berocket_brand?post=27292"}],"curies":[{"name":"wp","href":"https:\/\/api.w.org\/{rel}","templated":true}]}}