{"id":27293,"date":"2022-01-04T20:33:23","date_gmt":"2022-01-04T19:33:23","guid":{"rendered":"https:\/\/cryptsec.se\/product\/mission-darkness-rf-skarmad-forvaringsbox\/"},"modified":"2024-10-18T16:17:13","modified_gmt":"2024-10-18T14:17:13","slug":"mission-darkness-rf-skarmad-forvaringsbox","status":"publish","type":"product","link":"https:\/\/cryptsec.se\/sv\/product\/mission-darkness-rf-skarmad-forvaringsbox\/","title":{"rendered":"Mission Darkness RF-sk\u00e4rmad f\u00f6rvaringsbox"},"content":{"rendered":"<div id=\"s-074c4aff-122b-48e1-bab8-8a2c202362d5\" class=\"shg-c shg-align-left\">\n<div class=\"shogun-heading-component\">\n<h3><b>S\u00e4kert f\u00f6rvaringssystem med 24 individuellt skyddade fack<\/b><\/h3>\n<\/div>\n<\/div>\n<div id=\"s-a172f4b4-ea65-4475-abfb-2736a5c5c68a\" class=\"shg-c shg-align-left\">\n<div class=\"shogun-heading-component\">\n<h5>20 fack f\u00f6r mobiltelefoner och 4 fack f\u00f6r surfplattor<\/h5>\n<\/div>\n<\/div>\n<div id=\"s-04d5f256-06eb-49b8-91bb-1efa0ccff058\" class=\"shg-c \">\n<div class=\"shg-rich-text shg-theme-text-content\">\n<p>Mission Darkness\u2122 RF Shielded Phone &amp; Tablet Locker \u00e4r ett kraftigt metallsk\u00e5pssystem med 24 individuellt avsk\u00e4rmade l\u00e5sbara fack. Den \u00e4r s\u00e4rskilt utformad f\u00f6r att skydda b\u00e4rbara elektroniska enheter fr\u00e5n RF-signaler (radiofrekvens), medan de \u00e4r s\u00e4kert l\u00e5sta inuti. Varje fack \u00e4r en frist\u00e5ende, helt sluten metallbox, vilket inneb\u00e4r att n\u00e4r en sk\u00e5psd\u00f6rr \u00f6ppnas kommer signalerna bara in i det facket; resten av facken forts\u00e4tter att isolera och s\u00e4kra enheterna inuti. Separeringen av avdelningarna eliminerar ocks\u00e5 risken f\u00f6r att hela avsk\u00e4rmningssystemet fallerar p\u00e5 grund av en enda svag punkt.<\/p>\n<p>Mission Darkness-sk\u00e5pen blockerar Wi-Fi (2,4 &amp; 5GHz), Bluetooth, mobilsignaler inklusive 5G-n\u00e4tverk, GPS, RFID och radiosignaler fr\u00e5n l\u00e5ga MHz till 40GHz. De \u00e4r fodrade med filt f\u00f6r att d\u00e4mpa k\u00e4nsligt inneh\u00e5ll. Fackd\u00f6rrarna anv\u00e4nder ett system med dubbla packningar och dubbla r\u00e4nnor f\u00f6r avsk\u00e4rmning, vilket ger redundanta avsk\u00e4rmningar f\u00f6r att s\u00e4kerst\u00e4lla en t\u00e4t RF-f\u00f6rsegling. Extra packningar medf\u00f6ljer per fack f\u00f6r utbyte vid slitage. Varje fack \u00e4r tillr\u00e4ckligt stort f\u00f6r att man bekv\u00e4mt ska kunna s\u00e4tta i och ta ur enheter i det, samt f\u00f6r att rymma flera enheter eller medf\u00f6ljande tillbeh\u00f6r om s\u00e5 \u00f6nskas. Varje d\u00f6rr har ett ytmonterat omprogrammerbart 4-siffrigt kombinationsl\u00e5s samt ett huvudnyckell\u00e5s. Det ytmonterade l\u00e5set ger s\u00e4ker \u00e5tkomst utan att \u00e4ventyra avsk\u00e4rmningens effektivitet.<\/p>\n<p>Sk\u00e5pet anv\u00e4nds fr\u00e4mst f\u00f6r enhetss\u00e4kerhet i lobbyer p\u00e5 milit\u00e4rbaser, SCIF, underr\u00e4ttelseanl\u00e4ggningar och \u00f6verallt d\u00e4r personer som g\u00e5r in eller ut m\u00e5ste ha sin mobiltelefon, surfplatta, smartwatch eller annan kommunicerbar elektronik l\u00e5st och avsk\u00e4rmad samtidigt, f\u00f6r att eliminera all data\u00f6verf\u00f6ring. Detta f\u00f6rhindrar fj\u00e4rr\u00e5tkomst eller radering av enheter samt att sekretessbelagd information, GPS-position, muntliga samtal, k\u00e4nsliga data etc. \u00e4ventyras av hackare eller illvilliga enheter.<\/p>\n<\/div>\n<\/div>\n","protected":false},"excerpt":{"rendered":"<p>Mission Darkness\u2122 RF Shielded Phone &amp; Tablet Locker \u00e4r ett kraftigt metallsk\u00e5pssystem med 24 individuellt avsk\u00e4rmade l\u00e5sbara fack.<\/p>\n","protected":false},"featured_media":26714,"template":"","meta":[],"product_brand":[63],"product_cat":[830,1075,1077,846],"product_tag":[884,960,900],"berocket_brand":[],"class_list":{"0":"post-27293","1":"product","2":"type-product","3":"status-publish","4":"has-post-thumbnail","6":"product_brand-themissiondarkness","7":"product_cat-faraday-mission-darkness","8":"product_cat-forensics-sv","9":"product_cat-storre-faraday-vaskor","10":"product_cat-tsu","11":"product_tag-faraday-vaska-sv","12":"product_tag-sakert-forvaringsskap","13":"product_tag-skarmning","15":"first","16":"instock","17":"featured","18":"taxable","19":"shipping-taxable","20":"purchasable","21":"product-type-variable","22":"has-default-attributes"},"_links":{"self":[{"href":"https:\/\/cryptsec.se\/sv\/wp-json\/wp\/v2\/product\/27293","targetHints":{"allow":["GET"]}}],"collection":[{"href":"https:\/\/cryptsec.se\/sv\/wp-json\/wp\/v2\/product"}],"about":[{"href":"https:\/\/cryptsec.se\/sv\/wp-json\/wp\/v2\/types\/product"}],"wp:featuredmedia":[{"embeddable":true,"href":"https:\/\/cryptsec.se\/sv\/wp-json\/wp\/v2\/media\/26714"}],"wp:attachment":[{"href":"https:\/\/cryptsec.se\/sv\/wp-json\/wp\/v2\/media?parent=27293"}],"wp:term":[{"taxonomy":"product_brand","embeddable":true,"href":"https:\/\/cryptsec.se\/sv\/wp-json\/wp\/v2\/product_brand?post=27293"},{"taxonomy":"product_cat","embeddable":true,"href":"https:\/\/cryptsec.se\/sv\/wp-json\/wp\/v2\/product_cat?post=27293"},{"taxonomy":"product_tag","embeddable":true,"href":"https:\/\/cryptsec.se\/sv\/wp-json\/wp\/v2\/product_tag?post=27293"},{"taxonomy":"berocket_brand","embeddable":true,"href":"https:\/\/cryptsec.se\/sv\/wp-json\/wp\/v2\/berocket_brand?post=27293"}],"curies":[{"name":"wp","href":"https:\/\/api.w.org\/{rel}","templated":true}]}}