{"id":27294,"date":"2021-12-22T02:00:59","date_gmt":"2021-12-22T01:00:59","guid":{"rendered":"https:\/\/cryptsec.se\/product\/dahua-nvr-kit-16\/"},"modified":"2021-12-22T02:00:59","modified_gmt":"2021-12-22T01:00:59","slug":"dahua-nvr-kit-16","status":"publish","type":"product","link":"https:\/\/cryptsec.se\/sv\/product\/dahua-nvr-kit-16\/","title":{"rendered":"Dahua NVR Kit 16"},"content":{"rendered":"<p><strong>Komplett CCTV-system<\/strong><\/p>\n<ul>\n<li><span style=\"color: #000000;\">16-kanals 1U 2HDD 16PoE NVR  <\/span><\/li>\n<\/ul>\n<p><span id=\"page650R_mcid7\" class=\"markedContent\">NVR4000-4KS2\/L introduceras som NVR i Lite-serien som <\/span><span id=\"page650R_mcid8\" class=\"markedContent\">st\u00f6d f\u00f6r 4K- och H.265-kodningsteknik med utm\u00e4rkt prestanda till <\/span><span id=\"page650R_mcid9\" class=\"markedContent\">prestanda till ett \u00f6verkomligt pris.<\/span><\/p>\n<p>16 kanaler<br \/>\nMaximal uppl\u00f6sning f\u00f6r HDMI \u00e4r 4K<br \/>\nVGA\/HDMI samtidig videoutg\u00e5ng<br \/>\nAI med kamera: Ansiktsavk\u00e4nning, perimeterskydd, IVS, personr\u00e4kning, v\u00e4rmekarta och SMD<\/p>\n<ul>\n<li><span style=\"color: #000000;\">5MP Lite IR-kamera med fast br\u00e4nnvidd f\u00f6r bullet-n\u00e4tverk<\/span><\/li>\n<\/ul>\n<p><span id=\"page856R_mcid39\" class=\"markedContent\">Denna kamera anv\u00e4nder den senaste starlight-tekniken  <\/span><span id=\"page856R_mcid40\" class=\"markedContent\">och visar b\u00e4ttre f\u00e4rgbilder vid svag belysning. Den  <\/span><span id=\"page856R_mcid41\" class=\"markedContent\">st\u00f6d f\u00f6r SD-kortlagring, dammt\u00e4t funktion, vattent\u00e4t funktion och <\/span><span id=\"page856R_mcid42\" class=\"markedContent\">vandals\u00e4ker funktion som uppfyller IP67-standarderna (st\u00f6ds av vissa <\/span><span id=\"page856R_mcid43\" class=\"markedContent\">av vissa utvalda modeller).<\/span><\/p>\n<p>&nbsp;<\/p>\n<p>&nbsp;<\/p>\n<p>&nbsp;<\/p>\n<p>&nbsp;<\/p>\n","protected":false},"excerpt":{"rendered":"<div class=\"product attribute overview\">\n<div class=\"value\">\n<div class=\"product attribute overview\">\n<div class=\"value\">\n<div class=\"product attribute overview\">\n<div class=\"value\">\n<div class=\"product attribute overview\">\n<div class=\"value\">\n<p><strong>Vi presenterar NVR kit16! Med v\u00e5r expertis, v\u00e4l matchade komponenter f\u00f6r dig som vill ha ett h\u00f6gkvalitativt s\u00e4kerhetssystem.<\/strong><\/p>\n<p>Satsen inneh\u00e5ller:<\/p>\n<ul>\n<li>\n<p class=\"title\">NVR5208\/16-8P-4KS2E Inspelare<\/p>\n<\/li>\n<li>IPC-HFW2531S-S-S2 Kameror<\/li>\n<\/ul>\n<\/div>\n<\/div>\n<\/div>\n<\/div>\n<\/div>\n<\/div>\n<\/div>\n<\/div>\n","protected":false},"featured_media":26578,"template":"","meta":[],"product_brand":[],"product_cat":[],"product_tag":[],"berocket_brand":[],"class_list":{"0":"post-27294","1":"product","2":"type-product","3":"status-publish","4":"has-post-thumbnail","7":"first","8":"instock","9":"taxable","10":"shipping-taxable","11":"purchasable","12":"product-type-variable"},"_links":{"self":[{"href":"https:\/\/cryptsec.se\/sv\/wp-json\/wp\/v2\/product\/27294","targetHints":{"allow":["GET"]}}],"collection":[{"href":"https:\/\/cryptsec.se\/sv\/wp-json\/wp\/v2\/product"}],"about":[{"href":"https:\/\/cryptsec.se\/sv\/wp-json\/wp\/v2\/types\/product"}],"wp:featuredmedia":[{"embeddable":true,"href":"https:\/\/cryptsec.se\/sv\/wp-json\/wp\/v2\/media\/26578"}],"wp:attachment":[{"href":"https:\/\/cryptsec.se\/sv\/wp-json\/wp\/v2\/media?parent=27294"}],"wp:term":[{"taxonomy":"product_brand","embeddable":true,"href":"https:\/\/cryptsec.se\/sv\/wp-json\/wp\/v2\/product_brand?post=27294"},{"taxonomy":"product_cat","embeddable":true,"href":"https:\/\/cryptsec.se\/sv\/wp-json\/wp\/v2\/product_cat?post=27294"},{"taxonomy":"product_tag","embeddable":true,"href":"https:\/\/cryptsec.se\/sv\/wp-json\/wp\/v2\/product_tag?post=27294"},{"taxonomy":"berocket_brand","embeddable":true,"href":"https:\/\/cryptsec.se\/sv\/wp-json\/wp\/v2\/berocket_brand?post=27294"}],"curies":[{"name":"wp","href":"https:\/\/api.w.org\/{rel}","templated":true}]}}