{"id":27299,"date":"2021-12-21T21:08:06","date_gmt":"2021-12-21T20:08:06","guid":{"rendered":"https:\/\/cryptsec.se\/product\/dahua-nvr-kit-8-2\/"},"modified":"2021-12-21T21:08:06","modified_gmt":"2021-12-21T20:08:06","slug":"dahua-nvr-kit-8-2","status":"publish","type":"product","link":"https:\/\/cryptsec.se\/sv\/product\/dahua-nvr-kit-8-2\/","title":{"rendered":"Dahua NVR Kit 8"},"content":{"rendered":"<p><strong>Det kompletta CCTV-systemet<\/strong><\/p>\n<p>Satsen inneh\u00e5ller:<\/p>\n<ul>\n<li>1 x DHI-NVR5208-8P-4KS2E Upptagare<\/li>\n<li>8 x 5MP IPC-HDW2531TM-AS-S2-kameror<\/li>\n<\/ul>\n<p>&nbsp;<\/p>\n<ul>\n<li><span style=\"color: #000000;\">8 kanaler 1U 2HDDs 8PoE 4K &amp; H.265 Pro-serien<\/span><\/li>\n<\/ul>\n<p><span id=\"page847R_mcid76\" class=\"markedContent\">Dahuas nya n\u00e4tverksvideobandspelare har utm\u00e4rkt prestanda och <\/span><span id=\"page847R_mcid77\" class=\"markedContent\">prestanda och h\u00f6g inspelningskvalitet som \u00e4r idealisk f\u00f6r IP <\/span><span id=\"page847R_mcid78\" class=\"markedContent\">video\u00f6vervakningstill\u00e4mpningar.<\/span><\/p>\n<ul>\n<li><span style=\"color: #000000;\">5MP Lite IR-kamera med fast objektiv och \u00f6gonkamera<\/span><\/li>\n<\/ul>\n<p><span id=\"page856R_mcid39\" class=\"markedContent\">Denna kamera anv\u00e4nder den senaste starlight-tekniken  <\/span><span id=\"page856R_mcid40\" class=\"markedContent\">och visar b\u00e4ttre f\u00e4rgbilder vid svag belysning. Den  <\/span><span id=\"page856R_mcid41\" class=\"markedContent\">st\u00f6d f\u00f6r SD-kortlagring, dammt\u00e4t funktion, vattent\u00e4t funktion och <\/span><span id=\"page856R_mcid42\" class=\"markedContent\">vandals\u00e4ker funktion.<\/span><\/p>\n<p>&nbsp;<\/p>\n<p>&nbsp;<\/p>\n<p>&nbsp;<\/p>\n","protected":false},"excerpt":{"rendered":"<div class=\"product attribute overview\">\n<div class=\"value\">\n<div class=\"product attribute overview\">\n<div class=\"value\">\n<div class=\"product attribute overview\">\n<div class=\"value\">\n<div class=\"product attribute overview\">\n<div class=\"value\">\n<p>Vi presenterar NVR-kit 8! Med v\u00e5r expertis, v\u00e4l matchade komponenter f\u00f6r dig som vill ha ett h\u00f6gkvalitativt s\u00e4kerhetssystem.<\/p>\n<\/div>\n<\/div>\n<\/div>\n<\/div>\n<\/div>\n<\/div>\n<\/div>\n<\/div>\n","protected":false},"featured_media":26545,"template":"","meta":[],"product_brand":[],"product_cat":[],"product_tag":[],"berocket_brand":[],"class_list":{"0":"post-27299","1":"product","2":"type-product","3":"status-publish","4":"has-post-thumbnail","7":"first","8":"instock","9":"taxable","10":"shipping-taxable","11":"purchasable","12":"product-type-variable"},"_links":{"self":[{"href":"https:\/\/cryptsec.se\/sv\/wp-json\/wp\/v2\/product\/27299","targetHints":{"allow":["GET"]}}],"collection":[{"href":"https:\/\/cryptsec.se\/sv\/wp-json\/wp\/v2\/product"}],"about":[{"href":"https:\/\/cryptsec.se\/sv\/wp-json\/wp\/v2\/types\/product"}],"wp:featuredmedia":[{"embeddable":true,"href":"https:\/\/cryptsec.se\/sv\/wp-json\/wp\/v2\/media\/26545"}],"wp:attachment":[{"href":"https:\/\/cryptsec.se\/sv\/wp-json\/wp\/v2\/media?parent=27299"}],"wp:term":[{"taxonomy":"product_brand","embeddable":true,"href":"https:\/\/cryptsec.se\/sv\/wp-json\/wp\/v2\/product_brand?post=27299"},{"taxonomy":"product_cat","embeddable":true,"href":"https:\/\/cryptsec.se\/sv\/wp-json\/wp\/v2\/product_cat?post=27299"},{"taxonomy":"product_tag","embeddable":true,"href":"https:\/\/cryptsec.se\/sv\/wp-json\/wp\/v2\/product_tag?post=27299"},{"taxonomy":"berocket_brand","embeddable":true,"href":"https:\/\/cryptsec.se\/sv\/wp-json\/wp\/v2\/berocket_brand?post=27299"}],"curies":[{"name":"wp","href":"https:\/\/api.w.org\/{rel}","templated":true}]}}