{"id":27304,"date":"2021-11-30T10:38:24","date_gmt":"2021-11-30T09:38:24","guid":{"rendered":"https:\/\/cryptsec.se\/product\/raksa-idet-rf-detektor\/"},"modified":"2025-01-17T16:37:53","modified_gmt":"2025-01-17T15:37:53","slug":"raksa-idet-rf-detektor","status":"publish","type":"product","link":"https:\/\/cryptsec.se\/sv\/product\/raksa-idet-rf-detektor\/","title":{"rendered":"Raksa iDet RF-detektor"},"content":{"rendered":"<p><span class=\"feature-desc\">RAKSA iDet &#8211; en unik enhet till din tj\u00e4nst. Uppt\u00e4cker buggar, dolda kameror, sp\u00e5rningsfyrar och informerar dig direkt. Miniatyrm\u00e5tt och ljudl\u00f6s signal ser till att ingen \u00e4r medveten om att du har informerats.<br \/>\nL\u00e5t inte andra tr\u00e4nga in i ditt aff\u00e4rs- och privatliv.<br \/>\n<\/span><\/p>\n<p><strong>Viktiga egenskaper:<\/strong><\/p>\n<ul>\n<li><strong>Brett detekteringsomr\u00e5de:<\/strong> Kan detektera mobiltelefoner, tr\u00e5dl\u00f6sa DECT-telefoner, Bluetooth- och Wi-Fi-enheter, vilket s\u00e4kerst\u00e4ller en bred t\u00e4ckning av potentiell \u00f6vervakningsutrustning.<\/li>\n<li><strong>Avancerad kameradetektering:<\/strong> Specialiserade p\u00e5 att identifiera dolda tr\u00e5dl\u00f6sa videokameror, vilket ger sinnesro i privata utrymmen.<\/li>\n<li><strong>Identifiering av radios\u00e4ndare:<\/strong> Detekterar radios\u00e4ndare med analog modulering, digital modulering med kontinuerlig b\u00e4rv\u00e5g och bredbandsmodulering upp till 10 MHz bandbredd.<\/li>\n<li><strong>Omedelbara varningar:<\/strong> Ger omedelbara aviseringar vid uppt\u00e4ckt av misst\u00e4nkta enheter, vilket m\u00f6jligg\u00f6r snabba \u00e5tg\u00e4rder och f\u00f6rb\u00e4ttrad s\u00e4kerhet.<\/li>\n<li><strong>M\u00e5ngsidig anv\u00e4ndning:<\/strong> Idealisk f\u00f6r personlig s\u00e4kerhet i hem, kontor och hotell, samt f\u00f6r yrkesverksamma som skyddar k\u00e4nslig information.<\/li>\n<li><strong>Kompakt och b\u00e4rbar:<\/strong> Utformad f\u00f6r enkel anv\u00e4ndning och mobilitet, s\u00e5 att du kan skydda din integritet var som helst, n\u00e4r som helst.<\/li>\n<\/ul>\n<p><strong>Varf\u00f6r v\u00e4lja RAKSA iDet?<\/strong><\/p>\n<ul>\n<li><strong>Omfattande skydd:<\/strong> Erbjuder ett brett detekteringsspektrum fr\u00e5n vanliga tr\u00e5dl\u00f6sa enheter till sofistikerade spionverktyg.<\/li>\n<li><strong>Anv\u00e4ndarv\u00e4nlig:<\/strong> Enkel anv\u00e4ndning med omedelbara varningar f\u00f6r att h\u00e5lla dig informerad och s\u00e4ker.<\/li>\n<li><strong>P\u00e5litlig s\u00e4kerhet:<\/strong> P\u00e5litlig teknik som ger dig f\u00f6rtroende f\u00f6r s\u00e4kerheten i dina personliga och professionella milj\u00f6er.<\/li>\n<\/ul>\n<p>S\u00e4kerst\u00e4ll din integritet och s\u00e4kerhet med RAKSA iDet, den ultimata detektorn mot dolda \u00f6vervakningshot.<\/p>\n","protected":false},"excerpt":{"rendered":"<div class=\"product attribute overview\">\n<div class=\"value\">\n<div class=\"product attribute overview\">\n<div class=\"value\">\n<div class=\"product attribute overview\">\n<div class=\"value\">\n<div class=\"product attribute overview\">\n<div class=\"value\">\n<p><strong>RAKSA iDet<\/strong> uppt\u00e4cker buggar, dolda kameror och sp\u00e5rningsfyrar och informerar dig direkt.<\/p>\n<p><strong>Detektion<\/strong>:<\/p>\n<ul>\n<li>Mobiltelefoner, sladdl\u00f6sa DECT-telefoner, Bluetooth- och Wi-Fi-enheter<\/li>\n<li>Tr\u00e5dl\u00f6sa videokameror, Radios\u00e4ndare med analog modulation<\/li>\n<li>Radios\u00e4ndare med digital modulation och kontinuerlig b\u00e4rv\u00e5g<\/li>\n<li>Radios\u00e4ndare med bredbandsmodulering upp till 10 MHz bandbredd<\/li>\n<\/ul>\n<div id=\"short_description_block\">\n<div id=\"short_description_content\" class=\"rte align_justify\"><\/div>\n<\/div>\n<\/div>\n<\/div>\n<\/div>\n<\/div>\n<\/div>\n<\/div>\n<\/div>\n<\/div>\n","protected":false},"featured_media":26499,"template":"","meta":[],"product_brand":[],"product_cat":[1079,846],"product_tag":[897,913,969,894,1176,1175,927,879],"berocket_brand":[],"class_list":{"0":"post-27304","1":"product","2":"type-product","3":"status-publish","4":"has-post-thumbnail","6":"product_cat-aktivitetsmatare","7":"product_cat-tsu","8":"product_tag-buggdetektor-sv","9":"product_tag-informationssakerhet","10":"product_tag-insektsdetektor","11":"product_tag-motovervakning","12":"product_tag-raksa-idet-sv","13":"product_tag-raksa-120-sv","14":"product_tag-rf-detektor-sv-2","15":"product_tag-tscm-sv","17":"first","18":"instock","19":"sale","20":"featured","21":"taxable","22":"shipping-taxable","23":"purchasable","24":"product-type-simple"},"_links":{"self":[{"href":"https:\/\/cryptsec.se\/sv\/wp-json\/wp\/v2\/product\/27304","targetHints":{"allow":["GET"]}}],"collection":[{"href":"https:\/\/cryptsec.se\/sv\/wp-json\/wp\/v2\/product"}],"about":[{"href":"https:\/\/cryptsec.se\/sv\/wp-json\/wp\/v2\/types\/product"}],"wp:featuredmedia":[{"embeddable":true,"href":"https:\/\/cryptsec.se\/sv\/wp-json\/wp\/v2\/media\/26499"}],"wp:attachment":[{"href":"https:\/\/cryptsec.se\/sv\/wp-json\/wp\/v2\/media?parent=27304"}],"wp:term":[{"taxonomy":"product_brand","embeddable":true,"href":"https:\/\/cryptsec.se\/sv\/wp-json\/wp\/v2\/product_brand?post=27304"},{"taxonomy":"product_cat","embeddable":true,"href":"https:\/\/cryptsec.se\/sv\/wp-json\/wp\/v2\/product_cat?post=27304"},{"taxonomy":"product_tag","embeddable":true,"href":"https:\/\/cryptsec.se\/sv\/wp-json\/wp\/v2\/product_tag?post=27304"},{"taxonomy":"berocket_brand","embeddable":true,"href":"https:\/\/cryptsec.se\/sv\/wp-json\/wp\/v2\/berocket_brand?post=27304"}],"curies":[{"name":"wp","href":"https:\/\/api.w.org\/{rel}","templated":true}]}}