{"id":27305,"date":"2021-11-29T20:27:55","date_gmt":"2021-11-29T19:27:55","guid":{"rendered":"https:\/\/cryptsec.se\/product\/rdk-snabb-installationssats\/"},"modified":"2025-01-17T16:37:54","modified_gmt":"2025-01-17T15:37:54","slug":"rdk-snabb-installationssats","status":"publish","type":"product","link":"https:\/\/cryptsec.se\/sv\/product\/rdk-snabb-installationssats\/","title":{"rendered":"RDK Snabb installationssats"},"content":{"rendered":"<p><strong><span style=\"color: #000000;\">Funktionsprincip<\/span><\/strong><\/p>\n<p class=\"lead\">RDK Rapid Deployment Kit \u00e4r en komplex l\u00f6sning f\u00f6r mot\u00f6vervakning av rum och f\u00f6rhindrande av avlyssning. Satsen best\u00e5r huvudsakligen av tv\u00e5 h\u00f6gklassiga akustiska bullergeneratorer ANG-2200, som justeras efter f\u00f6rh\u00e5llandena i ett visst rum. Detta skyddskit \u00e4r utformat f\u00f6r skydd av medelstora rum och en upps\u00e4ttning tillbeh\u00f6r ger en effektiv <strong>barri\u00e4r mot informationsl\u00e4ckage<\/strong>. Kablage, installationsutrustning och programvara m\u00f6jligg\u00f6r bekv\u00e4m drift, <strong>analys av bandbreddsl\u00e4ckage<\/strong> och konfiguration.<\/p>\n<p>&nbsp;<\/p>\n","protected":false},"excerpt":{"rendered":"<div class=\"product attribute overview\">\n<div class=\"value\">\n<div class=\"product attribute overview\">\n<div class=\"value\">\n<div class=\"product attribute overview\">\n<div class=\"value\">\n<div class=\"product attribute overview\">\n<div class=\"value\">\n<p><strong><span style=\"color: #000000;\">RDK Rapid Deployment Kit f\u00f6r avlyssning st\u00f6rning<\/span><\/strong><\/p>\n<div id=\"short_description_block\">\n<div id=\"short_description_content\" class=\"rte align_justify\">\n<ul>\n<li>Skyddar mot <strong>informationsl\u00e4ckage<\/strong><\/li>\n<li>F\u00f6rhindrar <strong>olika typer av avlyssning<\/strong><\/li>\n<li>2 <strong>Generatorer f\u00f6r akustiskt buller<\/strong><\/li>\n<li>Program f\u00f6r <strong>analys av bandbreddsl\u00e4ckor<\/strong><\/li>\n<li>Original akustisk brusgenerator <strong>av m\u00e4rket REI USA<\/strong><\/li>\n<\/ul>\n<p>Kod: <span class=\"editable\">59050799<\/span><\/p>\n<\/div>\n<\/div>\n<p>&nbsp;<\/p>\n<\/div>\n<\/div>\n<\/div>\n<\/div>\n<\/div>\n<\/div>\n<\/div>\n<\/div>\n<p>&nbsp;<\/p>\n","protected":false},"featured_media":26498,"template":"","meta":[],"product_brand":[],"product_cat":[865,846,1082],"product_tag":[970,972,915,894,879,971,973],"berocket_brand":[],"class_list":{"0":"post-27305","1":"product","2":"type-product","3":"status-publish","4":"has-post-thumbnail","6":"product_cat-harp-speech-protector-sv","7":"product_cat-tsu","8":"product_cat-tscm-kit-sv","9":"product_tag-acustic-noice-generator-sv","10":"product_tag-forhindra-avlyssning-sv","11":"product_tag-kontraspionage","12":"product_tag-motovervakning","13":"product_tag-tscm-sv","14":"product_tag-vit-noice","15":"product_tag-vittbrusgenerator-sv","17":"first","18":"instock","19":"taxable","20":"shipping-taxable","21":"purchasable","22":"product-type-simple"},"_links":{"self":[{"href":"https:\/\/cryptsec.se\/sv\/wp-json\/wp\/v2\/product\/27305","targetHints":{"allow":["GET"]}}],"collection":[{"href":"https:\/\/cryptsec.se\/sv\/wp-json\/wp\/v2\/product"}],"about":[{"href":"https:\/\/cryptsec.se\/sv\/wp-json\/wp\/v2\/types\/product"}],"wp:featuredmedia":[{"embeddable":true,"href":"https:\/\/cryptsec.se\/sv\/wp-json\/wp\/v2\/media\/26498"}],"wp:attachment":[{"href":"https:\/\/cryptsec.se\/sv\/wp-json\/wp\/v2\/media?parent=27305"}],"wp:term":[{"taxonomy":"product_brand","embeddable":true,"href":"https:\/\/cryptsec.se\/sv\/wp-json\/wp\/v2\/product_brand?post=27305"},{"taxonomy":"product_cat","embeddable":true,"href":"https:\/\/cryptsec.se\/sv\/wp-json\/wp\/v2\/product_cat?post=27305"},{"taxonomy":"product_tag","embeddable":true,"href":"https:\/\/cryptsec.se\/sv\/wp-json\/wp\/v2\/product_tag?post=27305"},{"taxonomy":"berocket_brand","embeddable":true,"href":"https:\/\/cryptsec.se\/sv\/wp-json\/wp\/v2\/berocket_brand?post=27305"}],"curies":[{"name":"wp","href":"https:\/\/api.w.org\/{rel}","templated":true}]}}