{"id":27306,"date":"2021-11-21T22:21:28","date_gmt":"2021-11-21T21:21:28","guid":{"rendered":"https:\/\/cryptsec.se\/product\/sentry-one-krypterat-usb-minne\/"},"modified":"2021-11-21T22:21:28","modified_gmt":"2021-11-21T21:21:28","slug":"sentry-one-krypterat-usb-minne","status":"publish","type":"product","link":"https:\/\/cryptsec.se\/sv\/product\/sentry-one-krypterat-usb-minne\/","title":{"rendered":"SENTRY ONE krypterat USB-minne"},"content":{"rendered":"<p><strong>SENTRY ONE krypterat USB-minne: Ultimat datas\u00e4kerhet och efterlevnad<\/strong><\/p>\n<p>Detta USB-minne representerar h\u00f6jdpunkten inom tekniken f\u00f6r s\u00e4ker datalagring. USB-minnet \u00e4r utformat f\u00f6r att uppfylla de str\u00e4nga kraven i h\u00f6gs\u00e4kerhetsmilj\u00f6er och \u00e4r mer \u00e4n bara en lagringsenhet &#8211; det \u00e4r en f\u00e4stning f\u00f6r dina data.<\/p>\n<p><strong>Viktiga egenskaper:<\/strong><\/p>\n<ul>\n<li><strong>FIPS 140-2 niv\u00e5 3-validering:<\/strong> Den \u00e4r certifierad enligt en av de h\u00f6gsta standarderna f\u00f6r kryptering, vilket garanterar att dina data skyddas med avancerade s\u00e4kerhets\u00e5tg\u00e4rder mot obeh\u00f6rig \u00e5tkomst.<\/li>\n<li><strong>Dubbla versioner f\u00f6r \u00f6kad flexibilitet:<\/strong> Finns i b\u00e5de standard- och SafeConsole-Ready-versioner och erbjuder skr\u00e4ddarsydda l\u00f6sningar f\u00f6r att passa dina specifika s\u00e4kerhetsbehov. Oavsett om du beh\u00f6ver frist\u00e5ende s\u00e4kerhet eller centraliserad hantering.<\/li>\n<li><strong>Robust efterlevnad:<\/strong> Den \u00e4r utformad f\u00f6r att uppfylla n\u00e5gra av de str\u00e4ngaste efterlevnadskraven och \u00e4r idealisk f\u00f6r myndigheter, h\u00e4lso- och sjukv\u00e5rd, finans och alla branscher d\u00e4r datas\u00e4kerhet \u00e4r av st\u00f6rsta vikt.<\/li>\n<li><strong>Alternativ med h\u00f6g kapacitet:<\/strong> Med en rad olika lagringskapaciteter kan du lagra och transportera stora m\u00e4ngder k\u00e4nslig information p\u00e5 ett s\u00e4kert s\u00e4tt och se till att dina data alltid \u00e4r skyddade, var du \u00e4n befinner dig.<\/li>\n<li><strong>Anv\u00e4ndarv\u00e4nligt gr\u00e4nssnitt:<\/strong> Trots sina avancerade s\u00e4kerhetsfunktioner \u00e4r It otroligt anv\u00e4ndarv\u00e4nligt och erbjuder s\u00f6ml\u00f6s integration i ditt dagliga arbetsfl\u00f6de utan behov av komplex installation eller underh\u00e5ll.<\/li>\n<\/ul>\n","protected":false},"excerpt":{"rendered":"<div class=\"sect_title\">\n<ul>\n<li>FIPS 140-2 niv\u00e5 3-certifierad<\/li>\n<li>Vattent\u00e4t, Tamper Evident Fysisk s\u00e4kerhet<\/li>\n<li>Plattformsoberoende<\/li>\n<li>Fj\u00e4rrstyrd hantering<\/li>\n<\/ul>\n<\/div>\n","protected":false},"featured_media":26490,"template":"","meta":[],"product_brand":[],"product_cat":[],"product_tag":[],"berocket_brand":[],"class_list":{"0":"post-27306","1":"product","2":"type-product","3":"status-publish","4":"has-post-thumbnail","7":"first","8":"instock","9":"taxable","10":"shipping-taxable","11":"purchasable","12":"product-type-variable"},"_links":{"self":[{"href":"https:\/\/cryptsec.se\/sv\/wp-json\/wp\/v2\/product\/27306","targetHints":{"allow":["GET"]}}],"collection":[{"href":"https:\/\/cryptsec.se\/sv\/wp-json\/wp\/v2\/product"}],"about":[{"href":"https:\/\/cryptsec.se\/sv\/wp-json\/wp\/v2\/types\/product"}],"wp:featuredmedia":[{"embeddable":true,"href":"https:\/\/cryptsec.se\/sv\/wp-json\/wp\/v2\/media\/26490"}],"wp:attachment":[{"href":"https:\/\/cryptsec.se\/sv\/wp-json\/wp\/v2\/media?parent=27306"}],"wp:term":[{"taxonomy":"product_brand","embeddable":true,"href":"https:\/\/cryptsec.se\/sv\/wp-json\/wp\/v2\/product_brand?post=27306"},{"taxonomy":"product_cat","embeddable":true,"href":"https:\/\/cryptsec.se\/sv\/wp-json\/wp\/v2\/product_cat?post=27306"},{"taxonomy":"product_tag","embeddable":true,"href":"https:\/\/cryptsec.se\/sv\/wp-json\/wp\/v2\/product_tag?post=27306"},{"taxonomy":"berocket_brand","embeddable":true,"href":"https:\/\/cryptsec.se\/sv\/wp-json\/wp\/v2\/berocket_brand?post=27306"}],"curies":[{"name":"wp","href":"https:\/\/api.w.org\/{rel}","templated":true}]}}