{"id":27313,"date":"2021-11-21T22:14:16","date_gmt":"2021-11-21T21:14:16","guid":{"rendered":"https:\/\/cryptsec.se\/product\/krypterat-usb-minne-sentry-k300\/"},"modified":"2021-11-21T22:14:16","modified_gmt":"2021-11-21T21:14:16","slug":"krypterat-usb-minne-sentry-k300","status":"publish","type":"product","link":"https:\/\/cryptsec.se\/sv\/product\/krypterat-usb-minne-sentry-k300\/","title":{"rendered":"Krypterat USB-minne SENTRY K300"},"content":{"rendered":"<p><strong>SENTRY K300 krypterat USB-minne: S\u00e4kerhet i milit\u00e4rklass m\u00f6ter prisv\u00e4rdhet<\/strong><\/p>\n<p>Detta USB-minne \u00e4r symbolen f\u00f6r s\u00e4ker datalagring och erbjuder o\u00f6vertr\u00e4ffat skydd f\u00f6r din k\u00e4nsliga information till ett \u00f6verkomligt pris. Detta USB-minne kombinerar anv\u00e4ndarv\u00e4nlighet med de mest avancerade s\u00e4kerhets\u00e5tg\u00e4rderna, s\u00e5 att dina data alltid \u00e4r skyddade, utan att du beh\u00f6ver g\u00f6ra av med pengar.<\/p>\n<p><strong>Viktiga egenskaper:<\/strong><\/p>\n<ul>\n<li><strong>256-bitars AES h\u00e5rdvarubaserad kryptering:<\/strong> Den anv\u00e4nder 256-bitars AES-kryptering av milit\u00e4r kvalitet i XTS-l\u00e4ge, vilket ger ett robust, alltid aktivt skydd f\u00f6r dina data mot obeh\u00f6rig \u00e5tkomst och intr\u00e5ng.<\/li>\n<li><strong>Anv\u00e4ndarv\u00e4nligt gr\u00e4nssnitt:<\/strong> K300 \u00e4r utrustad med en inbyggd knappsats f\u00f6r PIN-inmatning och m\u00f6jligg\u00f6r enkel, h\u00e5rdvarubaserad autentisering utan behov av programvara, vilket g\u00f6r den till en m\u00e5ngsidig l\u00f6sning f\u00f6r alla typer av anv\u00e4ndare.<\/li>\n<li><strong>Kompatibilitet med flera plattformar:<\/strong> K300 \u00e4r utformad f\u00f6r att fungera s\u00f6ml\u00f6st i alla operativsystem, inklusive Windows, Mac, Linux och mer, utan att kr\u00e4va n\u00e5gon programvaruinstallation.<\/li>\n<li><strong>Stor f\u00f6rvaringskapacitet:<\/strong> Finns i flera lagringsalternativ, vilket s\u00e4kerst\u00e4ller att du har gott om utrymme f\u00f6r att s\u00e4kert lagra dina dokument, foton, videor och andra viktiga filer.<\/li>\n<li><strong>B\u00e4rbar och h\u00e5llbar design:<\/strong> Den kompakta storleken och h\u00e5llbara konstruktionen g\u00f6r K300 till ett perfekt val f\u00f6r s\u00e4ker datalagring p\u00e5 spr\u00e5ng, s\u00e5 att dina data \u00e4r s\u00e4kra oavsett var du befinner dig.<\/li>\n<\/ul>\n","protected":false},"excerpt":{"rendered":"<div class=\"sect_title\">\n<ul>\n<li>DataLocker Sentry K300 krypterat USB-minne kombinerar avancerade s\u00e4kerhetsfunktioner med anv\u00e4ndarv\u00e4nlighet, vilket garanterar att dina data f\u00f6rblir s\u00e4kra och tillg\u00e4ngliga:\n<ul>\n<li><strong>FIPS 197-certifierad:<\/strong> Uppfyller h\u00f6ga krypteringsstandarder f\u00f6r s\u00e4ker datalagring.<\/li>\n<li><strong>Super Secure Password:<\/strong> F\u00f6rb\u00e4ttrat skydd med ett robust l\u00f6senordssystem.<\/li>\n<li><strong>Plattformsoberoende:<\/strong> S\u00f6ml\u00f6s drift i Windows, Mac, Linux och mycket mer.<\/li>\n<li><strong>Fj\u00e4rrstyrd hantering:<\/strong> Kan hanteras var som helst, vilket f\u00f6rb\u00e4ttrar s\u00e4kerhetsprotokollen.<\/li>\n<li><strong>Kryptering av milit\u00e4r klass:<\/strong> 256-bitars AES-kryptering i XTS-l\u00e4ge f\u00f6r st\u00e4ndigt dataskydd.<\/li>\n<li><strong>Anv\u00e4ndarv\u00e4nligt gr\u00e4nssnitt:<\/strong> Enkel \u00e5tkomst med inbyggd knappsats f\u00f6r PIN-inmatning, ingen programvara kr\u00e4vs.<\/li>\n<li><strong>Kompatibilitet med flera plattformar:<\/strong> Fungerar med alla operativsystem utan att n\u00e5gon programvara beh\u00f6ver installeras.<\/li>\n<li><strong>Prisv\u00e4rd:<\/strong> Ger f\u00f6rstklassig s\u00e4kerhet utan h\u00f6ga kostnader, l\u00e4mplig f\u00f6r b\u00e5de yrkesm\u00e4ssigt och privat bruk.<\/li>\n<\/ul>\n<\/li>\n<\/ul>\n<\/div>\n","protected":false},"featured_media":26488,"template":"","meta":[],"product_brand":[],"product_cat":[],"product_tag":[],"berocket_brand":[],"class_list":{"0":"post-27313","1":"product","2":"type-product","3":"status-publish","4":"has-post-thumbnail","7":"first","8":"instock","9":"taxable","10":"shipping-taxable","11":"purchasable","12":"product-type-variable"},"_links":{"self":[{"href":"https:\/\/cryptsec.se\/sv\/wp-json\/wp\/v2\/product\/27313","targetHints":{"allow":["GET"]}}],"collection":[{"href":"https:\/\/cryptsec.se\/sv\/wp-json\/wp\/v2\/product"}],"about":[{"href":"https:\/\/cryptsec.se\/sv\/wp-json\/wp\/v2\/types\/product"}],"wp:featuredmedia":[{"embeddable":true,"href":"https:\/\/cryptsec.se\/sv\/wp-json\/wp\/v2\/media\/26488"}],"wp:attachment":[{"href":"https:\/\/cryptsec.se\/sv\/wp-json\/wp\/v2\/media?parent=27313"}],"wp:term":[{"taxonomy":"product_brand","embeddable":true,"href":"https:\/\/cryptsec.se\/sv\/wp-json\/wp\/v2\/product_brand?post=27313"},{"taxonomy":"product_cat","embeddable":true,"href":"https:\/\/cryptsec.se\/sv\/wp-json\/wp\/v2\/product_cat?post=27313"},{"taxonomy":"product_tag","embeddable":true,"href":"https:\/\/cryptsec.se\/sv\/wp-json\/wp\/v2\/product_tag?post=27313"},{"taxonomy":"berocket_brand","embeddable":true,"href":"https:\/\/cryptsec.se\/sv\/wp-json\/wp\/v2\/berocket_brand?post=27313"}],"curies":[{"name":"wp","href":"https:\/\/api.w.org\/{rel}","templated":true}]}}