{"id":29873,"date":"2024-11-05T23:41:19","date_gmt":"2024-11-05T22:41:19","guid":{"rendered":"https:\/\/cryptsec.se\/product\/gl-mt3000-beryl-ax\/"},"modified":"2025-05-02T19:22:47","modified_gmt":"2025-05-02T17:22:47","slug":"gl-mt3000-beryl-ax","status":"publish","type":"product","link":"https:\/\/cryptsec.se\/sv\/product\/gl-mt3000-beryl-ax\/","title":{"rendered":"GL-MT3000 \/ Beryl AX"},"content":{"rendered":"<h2 class=\"font-weight-bold text-left\">AX3000 VPN Router i fickformat f\u00f6r n\u00e4tverkss\u00e4kerhet<\/h2>\n<p>Beryl AX (GL-MT3000) \u00e4r en AX3000-reserouter i fickformat som anv\u00e4nder Wi-Fi 6-protokollet. Det \u00e4r en uppgraderad version av Beryl (GL-MT1300), den k\u00f6rs p\u00e5 MT7981B 1,3 GHz dual-core processor och erbjuder mer \u00e4n dubbelt s\u00e5 h\u00f6g total Wi-Fi-hastighet j\u00e4mf\u00f6rt med tidigare generationer. Denna router med vpn \u00e4r utformad f\u00f6r att st\u00f6dja familjer med tung Wi-Fi-anv\u00e4ndning, och den \u00e4r ocks\u00e5 kompakt utformad f\u00f6r resebruk.<\/p>\n<hr \/>\n<div>Max. <span class=\"txt-lg text-mt3000\">574<\/span> Mbps (2,4 GHz) + <span class=\"txt-lg text-mt3000\">2402<\/span> Mbps (5 GHz) Snabba Wi-Fi-hastigheter<br \/>\nOpenVPN-hastighet upp till<span class=\"txt-lg text-mt3000\"> 150<\/span> Mbps; WireGuard\u00ae-hastighet upp till <span class=\"txt-lg text-mt3000\">300<\/span> Mbps<br \/>\n2,5G Multi-gigabit WAN-port<\/div>\n<div><\/div>\n<div>\n<h2 class=\"font-weight-bold text-center\">En exceptionell Wi-Fi 6-upplevelse<\/h2>\n<p class=\"text-center\">Wi-Fi 6 \u00e4r en kraftfull uppgradering av tekniken f\u00f6r massanslutning av enheter och OFDMA-data\u00f6verf\u00f6ringseffektivitet. Ut\u00f6ver detta kommer Wi-Fi 6 med en rad genombrott inom internetteknik, inklusive Beamforming f\u00f6r f\u00f6rb\u00e4ttrad t\u00e4ckning och BSS Coloring f\u00f6r minimal \u00f6verbelastning av n\u00e4tverket<\/p>\n<\/div>\n<h2 class=\"font-weight-bold text-left\">S\u00e4kra ditt internet i bakgrunden<\/h2>\n<p>Beryl AX (GL-MT3000) \u00e4r f\u00f6rinstallerad med <a class=\"text-info\" href=\"https:\/\/www.gl-inet.com\/solutions\/vpn\/\" target=\"_blank\" rel=\"noopener\">OpenVPN och WireGuard\u00ae<\/a> som st\u00f6der \u00f6ver 30 VPN-tj\u00e4nster. Den krypterar automatiskt all n\u00e4tverkstrafik inom det anslutna n\u00e4tverket, inklusive g\u00e4st- eller klientenheter som inte kan k\u00f6ra VPN. Beryl AX kan ocks\u00e5 vara v\u00e4rd f\u00f6r VPN-servrar och st\u00f6der VPN Cascading, vilket automatiskt vidarebefordrar data fr\u00e5n VPN-servern till VPN-klienten inom samma enhet.<\/p>\n<h2 class=\"font-weight-bold\">70+ enheter Massanslutning av enheter<\/h2>\n<p>Wi-Fi 6 \u00e4r en kraftfull uppgradering av tekniken f\u00f6r massanslutning av enheter och OFDMA-data\u00f6verf\u00f6ringseffektivitet, vilket g\u00f6r att Beryl AX kan ansluta till 70+ enheter samtidigt. Ut\u00f6ver detta kommer Wi-Fi 6 med en rad genombrott inom internetteknik, inklusive Beamforming f\u00f6r f\u00f6rb\u00e4ttrad t\u00e4ckning och BSS Coloring f\u00f6r minimal \u00f6verbelastning av n\u00e4tverket.<\/p>\n<h2 class=\"font-weight-bold\">Ett tekniskt m\u00e4sterverk<\/h2>\n<p>Beryl AX har en 2,5G Multi-gigabit WAN-port och en 1G gigabit LAN-port, den kan bearbeta n\u00e4tverks- och VPN-paket effektivt med hj\u00e4lp av sin MediaTek MT7981B 1,3 GHz Dual-core processor. Routern levereras ocks\u00e5 med en Type-C-str\u00f6mf\u00f6rs\u00f6rjning och en USB 3.0-port f\u00f6r extern lagring.<\/p>\n<h2 class=\"font-weight-bold\">K\u00f6rs p\u00e5 OpenWrt 21.02 (k\u00e4rnversion 5.4)<\/h2>\n<p>Beryl AX senaste firmware SDK4.0+ har ett anv\u00e4ndarv\u00e4nligt gr\u00e4nssnitt f\u00f6r vanliga anv\u00e4ndare som kan konfigurera routern med minimala insatser, och en ut\u00f6kad anpassningsupplevelse f\u00f6r avancerade anv\u00e4ndare som kan installera plug-ins och applikationer. Beryl AX k\u00f6rs p\u00e5 open source OpenWrt 21.02 (Kernel version 5.4) firmware, som st\u00f6der mer \u00e4n 5 000 f\u00e4rdiga plug-ins f\u00f6r anpassning. Det \u00e4r bara att bl\u00e4ddra, installera och hantera paket med v\u00e5rt gr\u00e4nssnitt utan kod i Beryl AX:s adminpanel.<\/p>\n<h2 class=\"font-weight-bold\">F\u00e5 tillg\u00e5ng till din lokala n\u00e4tverkslagring fr\u00e5n var som helst<\/h2>\n<p>V\u00e5r lokala n\u00e4tverkslagringsfunktion st\u00f6der SAMBA- och WebDav-protokoll. Genom att ansluta en extern USB-h\u00e5rddisk till routern kan du skapa ett privat n\u00e4tverk f\u00f6r att lagra och dela dina dokument. Oavsett om det g\u00e4ller arbete eller familj kan du dra nytta av enkel fil\u00e5tkomst. Spara utrymme p\u00e5 dina enheter genom att lagra foton och videor i n\u00e4tverket.<\/p>\n<h2 class=\"font-weight-bold\">DFS-certifiering i USA, Storbritannien, Europa och Japan<\/h2>\n<p>Beryl AX \u00e4r godk\u00e4nd f\u00f6r att anv\u00e4nda DFS (Dynamic Frequency Selection), vilket l\u00e5ter routerns 5GHz-n\u00e4tverk anv\u00e4nda ytterligare frekvenser som normalt reserveras f\u00f6r milit\u00e4ra, satellit- och v\u00e4derradarapplikationer. Valet av ytterligare kanaler kan minska \u00f6verbelastningen av n\u00e4tverket i n\u00e4tverksmilj\u00f6er med h\u00f6g densitet.<\/p>\n<h5 class=\"font-weight-bold\">WPA3-protokoll<\/h5>\n<p>Det senaste Wi-Fi-s\u00e4kerhetsprotokollet med omfattande f\u00f6rb\u00e4ttringar, bland annat f\u00f6rebyggande \u00e5tg\u00e4rder mot brute-force-attacker med l\u00f6senord, snokande fr\u00e5n anv\u00e4ndare till anv\u00e4ndare och individuell kryptering i offentliga Wi-Fi-n\u00e4tverk.<\/p>\n<h3 class=\"text-center font-weight-bold\">Skyddas av flera s\u00e4kerhetslager<\/h3>\n<h5 class=\"font-weight-bold\">DNS \u00f6ver HTTPS &amp; DNS \u00f6ver TLS<\/h5>\n<p>Skydda trafiken i dom\u00e4nnamnssystemet och f\u00f6rhindra avlyssning av data fr\u00e5n illvilliga parter, annonsplattformar och internetleverant\u00f6rer genom att kryptera DNS-trafik i klartext med hj\u00e4lp av HTTPS- och TLS-protokoll.<\/p>\n<h5 class=\"font-weight-bold\">AdGuard Hem<\/h5>\n<p>Anv\u00e4nder en DNS-server f\u00f6r att blockera o\u00f6nskad sp\u00e5rning och inneh\u00e5ller ett anv\u00e4ndarv\u00e4nligt webbgr\u00e4nssnitt f\u00f6r att filtrera utvalda digitala annonser.<\/p>\n<h5 class=\"font-weight-bold\">IPv6<\/h5>\n<p>Det senaste internetprotokollet med inbyggd autentisering f\u00f6r integritetsskydd, vilket eliminerar behovet av \u00f6vers\u00e4ttning av n\u00e4tverksadresser och ger en f\u00f6rb\u00e4ttrad, f\u00f6renklad och effektiv routing.<\/p>\n","protected":false},"excerpt":{"rendered":"<h2 class=\"font-weight-bold text-left\">AX3000 VPN Router i fickformat f\u00f6r n\u00e4tverkss\u00e4kerhet<\/h2>\n<p>Beryl AX (GL-MT3000) \u00e4r en AX3000-reserouter i fickformat som anv\u00e4nder Wi-Fi 6-protokollet. Det \u00e4r en uppgraderad version av Beryl (GL-MT1300), den k\u00f6rs p\u00e5 MT7981B 1,3 GHz dual-core processor och erbjuder mer \u00e4n dubbelt s\u00e5 h\u00f6g total Wi-Fi-hastighet j\u00e4mf\u00f6rt med tidigare generationer. Den \u00e4r utformad f\u00f6r att st\u00f6dja familjer med tung Wi-Fi-anv\u00e4ndning, och den \u00e4r ocks\u00e5 kompakt utformad f\u00f6r resebruk.<\/p>\n<hr \/>\n<div>Max. <span class=\"txt-lg text-mt3000\">574<\/span> Mbps (2,4 GHz) + <span class=\"txt-lg text-mt3000\">2402<\/span> Mbps (5 GHz) Snabba Wi-Fi-hastigheter<br \/>\nOpenVPN-hastighet upp till<span class=\"txt-lg text-mt3000\"> 150<\/span> Mbps; WireGuard\u00ae-hastighet upp till <span class=\"txt-lg text-mt3000\">300<\/span> Mbps<br \/>\n2,5G Multi-gigabit WAN-port<\/div>\n","protected":false},"featured_media":28177,"template":"","meta":[],"product_brand":[],"product_cat":[862,864],"product_tag":[889,902,907,1111,903,1112,1113],"berocket_brand":[],"class_list":{"0":"post-29873","1":"product","2":"type-product","3":"status-publish","4":"has-post-thumbnail","6":"product_cat-krypterad-internet","7":"product_cat-natverkssakerhet","8":"product_tag-krypterad-kommunikation","9":"product_tag-kryptering-sv","10":"product_tag-natverkssakerhet","11":"product_tag-sakerhet-pa-internet","12":"product_tag-vpn-sv","13":"product_tag-vpn-router-sv","14":"product_tag-vpn-sakerhet","16":"first","17":"instock","18":"taxable","19":"shipping-taxable","20":"purchasable","21":"product-type-variable","22":"has-default-attributes"},"_links":{"self":[{"href":"https:\/\/cryptsec.se\/sv\/wp-json\/wp\/v2\/product\/29873","targetHints":{"allow":["GET"]}}],"collection":[{"href":"https:\/\/cryptsec.se\/sv\/wp-json\/wp\/v2\/product"}],"about":[{"href":"https:\/\/cryptsec.se\/sv\/wp-json\/wp\/v2\/types\/product"}],"wp:featuredmedia":[{"embeddable":true,"href":"https:\/\/cryptsec.se\/sv\/wp-json\/wp\/v2\/media\/28177"}],"wp:attachment":[{"href":"https:\/\/cryptsec.se\/sv\/wp-json\/wp\/v2\/media?parent=29873"}],"wp:term":[{"taxonomy":"product_brand","embeddable":true,"href":"https:\/\/cryptsec.se\/sv\/wp-json\/wp\/v2\/product_brand?post=29873"},{"taxonomy":"product_cat","embeddable":true,"href":"https:\/\/cryptsec.se\/sv\/wp-json\/wp\/v2\/product_cat?post=29873"},{"taxonomy":"product_tag","embeddable":true,"href":"https:\/\/cryptsec.se\/sv\/wp-json\/wp\/v2\/product_tag?post=29873"},{"taxonomy":"berocket_brand","embeddable":true,"href":"https:\/\/cryptsec.se\/sv\/wp-json\/wp\/v2\/berocket_brand?post=29873"}],"curies":[{"name":"wp","href":"https:\/\/api.w.org\/{rel}","templated":true}]}}