{"id":29876,"date":"2024-11-05T23:28:52","date_gmt":"2024-11-05T22:28:52","guid":{"rendered":"https:\/\/cryptsec.se\/product\/gl-e750v2-mudi-v2\/"},"modified":"2025-12-02T00:31:11","modified_gmt":"2025-12-01T23:31:11","slug":"gl-e750v2-mudi-v2","status":"publish","type":"product","link":"https:\/\/cryptsec.se\/sv\/product\/gl-e750v2-mudi-v2\/","title":{"rendered":"GL-E750V2 \/ MUDI V2"},"content":{"rendered":"<h2 class=\"font-weight-bold text-left\">B\u00e4rbar 4G LTE-router<\/h2>\n<p>GL-E750V2 \/ Mudi V2 fr\u00e5n GL.iNet \u00e4r den b\u00e4sta b\u00e4rbara 4G LTE-sekretessroutern f\u00f6r road warriors och aff\u00e4rsresen\u00e4rer som vill s\u00e4kra sina data och skydda dem fr\u00e5n cyberbrottslingar. Med <a class=\"text-info\" href=\"https:\/\/www.wireguard.com\/\" target=\"_blank\" rel=\"noopener\">WireGuard\u00ae-<\/a> och OpenVPN-inst\u00e4llningar ger Mudi V2 de integritetsmedvetna anv\u00e4ndarna en snabb och enkel VPN som anv\u00e4nder toppmodern kryptografi.<\/p>\n<hr \/>\n<div>St\u00f6djer 4G LTE,<span class=\"txt-lg text-info\"> globala operat\u00f6rer<\/span><br \/>\nFunktioner <span class=\"txt-lg text-info\">VPN<\/span><br \/>\n<span class=\"txt-lg text-info\">Fickv\u00e4nlig<\/span><br \/>\nSt\u00f6djer <span class=\"txt-lg text-info\">failover, lastbalansering<\/span><br \/>\nH\u00e5ller i <span class=\"txt-lg text-info\">8 timmar<\/span> per laddning<\/div>\n<div><\/div>\n<div>\n<h2 class=\"font-weight-bold\">Wi-Fi i fickan n\u00e4r du \u00e4r p\u00e5 spr\u00e5ng<\/h2>\n<p>Mudi V2 ger dig en privat bubbla av internet vart du \u00e4n g\u00e5r, med den extra sinnesfrid som kommer av att veta att din onlinetrafik alltid skyddas av VPN. Med st\u00f6d f\u00f6r globala operat\u00f6rer kan du vara s\u00e4ker p\u00e5 att Mudi V2 fungerar oavsett vart v\u00e4gen tar dig.<\/p>\n<\/div>\n<h2 class=\"font-weight-bold\">K\u00f6rs p\u00e5 OpenWrt f\u00f6r anpassning<\/h2>\n<p>Mudi V2 \u00e4r en reserouter som k\u00f6r OpenWrt nativt och ger dig full kontroll \u00f6ver ditt n\u00e4tverk och de anslutna enheterna. Mudi V2 anv\u00e4nder egenutvecklad firmware baserad p\u00e5 OpenWrt (v22.03.4 Kernel version 5.150.176) och erbjuder \u00f6ver 5 000 f\u00e4rdiga plug-ins och applikationer till ditt f\u00f6rfogande. Det \u00e4r bara att bl\u00e4ddra, installera och hantera paketen i routerns adminpanel.<\/p>\n<h2 class=\"font-weight-bold text-left\">B\u00e4sta reserouter med VPN<\/h2>\n<h5>Skydda dina data med integrerad <b>VPN-klient<\/b><\/h5>\n<p>Mudi V2 erbjuder inbyggd VPN-funktionalitet f\u00f6r att hj\u00e4lpa dig att alltid vara privat och s\u00e4ker. Med sitt st\u00f6d f\u00f6r OpenVPN eller WireGuard skyddar reseroutern din onlinetrafik vart du \u00e4n g\u00e5r. Allt du beh\u00f6ver g\u00f6ra \u00e4r att skaffa ett VPN-abonnemang fr\u00e5n en av de \u00f6ver 30 VPN-tj\u00e4nsteleverant\u00f6rer som st\u00f6ds av GL.iNet.<\/p>\n<h5>Inbyggd med <b>VPN-server<\/b> f\u00f6r fj\u00e4rr\u00e5tkomst<\/h5>\n<p>Mudi V2 st\u00f6der k\u00f6rning som VPN-server, s\u00e5 att du s\u00e4kert kan komma \u00e5t ditt hem- eller kontorsn\u00e4tverk fr\u00e5n var som helst i v\u00e4rlden. Routern st\u00f6der k\u00f6rning som en VPN-klient och en VPN-server samtidigt, vilket uppfyller dina behov p\u00e5 en och samma g\u00e5ng.<\/p>\n<h2 class=\"font-weight-bold\">F\u00f6rb\u00e4ttrad n\u00e4tverkstillf\u00f6rlitlighet med Multi-WAN<\/h2>\n<p>Mudi V2 erbjuder fyra anslutningsmetoder &#8211; mobil, tethering, Wi-Fi och Ethernet. Med multi-WAN st\u00f6der reseroutern failover och lastbalansering, vilket s\u00e4kerst\u00e4ller oavbruten internetanslutning vart du \u00e4n g\u00e5r.<\/p>\n<p><img fetchpriority=\"high\" decoding=\"async\" class=\"aligncenter wp-image-28152 size-full\" src=\"https:\/\/cryptsec.se\/wp-content\/uploads\/2024\/11\/Skarmavbild-2024-11-05-kl.-23.22.57.png\" alt=\"\" width=\"2846\" height=\"1164\" srcset=\"https:\/\/cryptsec.se\/wp-content\/uploads\/2024\/11\/Skarmavbild-2024-11-05-kl.-23.22.57.png 2560w, https:\/\/cryptsec.se\/wp-content\/uploads\/2024\/11\/Skarmavbild-2024-11-05-kl.-23.22.57-300x123.png 300w, https:\/\/cryptsec.se\/wp-content\/uploads\/2024\/11\/Skarmavbild-2024-11-05-kl.-23.22.57-1024x419.png 1024w, https:\/\/cryptsec.se\/wp-content\/uploads\/2024\/11\/Skarmavbild-2024-11-05-kl.-23.22.57-768x314.png 768w, https:\/\/cryptsec.se\/wp-content\/uploads\/2024\/11\/Skarmavbild-2024-11-05-kl.-23.22.57-1536x628.png 1536w, https:\/\/cryptsec.se\/wp-content\/uploads\/2024\/11\/Skarmavbild-2024-11-05-kl.-23.22.57-2048x838.png 2048w, https:\/\/cryptsec.se\/wp-content\/uploads\/2024\/11\/Skarmavbild-2024-11-05-kl.-23.22.57-680x278.png 680w\" sizes=\"(max-width: 2846px) 100vw, 2846px\" \/><\/p>\n<h2 class=\"font-weight-bold\">Kompatibel med GL.iNet eSIM-l\u00f6sning<\/h2>\n<p>Upplev s\u00f6ml\u00f6s anslutning med Mudi V2, som \u00e4r helt kompatibel med GL.iNets avancerade eSIM-l\u00f6sning, som st\u00f6der b\u00e5de fysiska eSIM-kort och integrerade eSIM-chip. eSIM kan programmeras p\u00e5 distans, vilket ger o\u00f6vertr\u00e4ffad bekv\u00e4mlighet, flexibilitet, utrymmesbesparing och f\u00f6rb\u00e4ttrad s\u00e4kerhet. F\u00f6r konsumenter inneb\u00e4r detta att de enkelt kan byta n\u00e4tverk och undvika roamingavgifter, medan f\u00f6retag drar nytta av centraliserad hantering, st\u00f6d f\u00f6r flera enheter och s\u00e4ker datahantering.<\/p>\n<div>\n<div id=\"collapseTwo\" class=\"panel-collapse collapse show\" role=\"tabpanel\" aria-labelledby=\"headingTwo\">\n<p><img decoding=\"async\" class=\"aligncenter wp-image-28154 size-full\" src=\"https:\/\/cryptsec.se\/wp-content\/uploads\/2024\/11\/Skarmavbild-2024-11-05-kl.-23.24.36.png\" alt=\"\" width=\"2630\" height=\"1008\" srcset=\"https:\/\/cryptsec.se\/wp-content\/uploads\/2024\/11\/Skarmavbild-2024-11-05-kl.-23.24.36.png 2560w, https:\/\/cryptsec.se\/wp-content\/uploads\/2024\/11\/Skarmavbild-2024-11-05-kl.-23.24.36-300x115.png 300w, https:\/\/cryptsec.se\/wp-content\/uploads\/2024\/11\/Skarmavbild-2024-11-05-kl.-23.24.36-1024x392.png 1024w, https:\/\/cryptsec.se\/wp-content\/uploads\/2024\/11\/Skarmavbild-2024-11-05-kl.-23.24.36-768x294.png 768w, https:\/\/cryptsec.se\/wp-content\/uploads\/2024\/11\/Skarmavbild-2024-11-05-kl.-23.24.36-1536x589.png 1536w, https:\/\/cryptsec.se\/wp-content\/uploads\/2024\/11\/Skarmavbild-2024-11-05-kl.-23.24.36-2048x785.png 2048w, https:\/\/cryptsec.se\/wp-content\/uploads\/2024\/11\/Skarmavbild-2024-11-05-kl.-23.24.36-680x261.png 680w\" sizes=\"(max-width: 2630px) 100vw, 2630px\" \/><\/p>\n<p>&nbsp;<\/p>\n<\/div>\n<\/div>\n","protected":false},"excerpt":{"rendered":"<h2 class=\"font-weight-bold text-left\">B\u00e4rbar 4G LTE-router<\/h2>\n<p>Mudi V2 fr\u00e5n GL.iNet \u00e4r den b\u00e4sta b\u00e4rbara 4G LTE-sekretessroutern f\u00f6r v\u00e4gkrigare och aff\u00e4rsresen\u00e4rer som vill s\u00e4kra sina data och skydda dem fr\u00e5n cyberbrottslingar. Med <a class=\"text-info\" href=\"https:\/\/www.wireguard.com\/\" target=\"_blank\" rel=\"noopener\">WireGuard\u00ae-<\/a> och OpenVPN-inst\u00e4llningar ger Mudi V2 de integritetsmedvetna anv\u00e4ndarna ett snabbt och enkelt VPN som anv\u00e4nder toppmodern kryptografi.<\/p>\n<hr \/>\n<div>St\u00f6djer 4G LTE,<span class=\"txt-lg text-info\"> globala operat\u00f6rer<\/span><br \/>\nFunktioner <span class=\"txt-lg text-info\">VPN<\/span><br \/>\n<span class=\"txt-lg text-info\">Fickv\u00e4nlig<\/span><br \/>\nSt\u00f6djer <span class=\"txt-lg text-info\">failover, lastbalansering<\/span><br \/>\nH\u00e5ller i <span class=\"txt-lg text-info\">8 timmar<\/span> per laddning<\/div>\n","protected":false},"featured_media":28157,"template":"","meta":[],"product_brand":[],"product_cat":[862,864],"product_tag":[1114,1115,889,902,907,1111,903,1112,1113],"berocket_brand":[],"class_list":{"0":"post-29876","1":"product","2":"type-product","3":"status-publish","4":"has-post-thumbnail","6":"product_cat-krypterad-internet","7":"product_cat-natverkssakerhet","8":"product_tag-cybersakerhet-sv","9":"product_tag-gl-inet-sv","10":"product_tag-krypterad-kommunikation","11":"product_tag-kryptering-sv","12":"product_tag-natverkssakerhet","13":"product_tag-sakerhet-pa-internet","14":"product_tag-vpn-sv","15":"product_tag-vpn-router-sv","16":"product_tag-vpn-sakerhet","18":"first","19":"instock","20":"featured","21":"taxable","22":"shipping-taxable","23":"purchasable","24":"product-type-variable","25":"has-default-attributes"},"_links":{"self":[{"href":"https:\/\/cryptsec.se\/sv\/wp-json\/wp\/v2\/product\/29876","targetHints":{"allow":["GET"]}}],"collection":[{"href":"https:\/\/cryptsec.se\/sv\/wp-json\/wp\/v2\/product"}],"about":[{"href":"https:\/\/cryptsec.se\/sv\/wp-json\/wp\/v2\/types\/product"}],"wp:featuredmedia":[{"embeddable":true,"href":"https:\/\/cryptsec.se\/sv\/wp-json\/wp\/v2\/media\/28157"}],"wp:attachment":[{"href":"https:\/\/cryptsec.se\/sv\/wp-json\/wp\/v2\/media?parent=29876"}],"wp:term":[{"taxonomy":"product_brand","embeddable":true,"href":"https:\/\/cryptsec.se\/sv\/wp-json\/wp\/v2\/product_brand?post=29876"},{"taxonomy":"product_cat","embeddable":true,"href":"https:\/\/cryptsec.se\/sv\/wp-json\/wp\/v2\/product_cat?post=29876"},{"taxonomy":"product_tag","embeddable":true,"href":"https:\/\/cryptsec.se\/sv\/wp-json\/wp\/v2\/product_tag?post=29876"},{"taxonomy":"berocket_brand","embeddable":true,"href":"https:\/\/cryptsec.se\/sv\/wp-json\/wp\/v2\/berocket_brand?post=29876"}],"curies":[{"name":"wp","href":"https:\/\/api.w.org\/{rel}","templated":true}]}}