{"id":29879,"date":"2024-11-05T23:50:23","date_gmt":"2024-11-05T22:50:23","guid":{"rendered":"https:\/\/cryptsec.se\/product\/gl-mt6000-flinta-2\/"},"modified":"2025-05-02T19:21:36","modified_gmt":"2025-05-02T17:21:36","slug":"gl-mt6000-flinta-2","status":"publish","type":"product","link":"https:\/\/cryptsec.se\/sv\/product\/gl-mt6000-flinta-2\/","title":{"rendered":"GL-MT6000 \/ Flinta 2"},"content":{"rendered":"<h2 class=\"font-weight-bold text-left\">Wi-Fi 6 AX6000 hemrouter<\/h2>\n<p>Flint 2 (GL-MT6000) \u00e4r en VPN Wi-Fi 6-router f\u00f6r hem och kontor som passar perfekt f\u00f6r tung data\u00f6verf\u00f6ring, anslutning av m\u00e5nga enheter eller spelmilj\u00f6er med extremt l\u00e5g latens. Flint 2 erbjuder blixtsnabba WireGuard VPN-hastigheter p\u00e5 upp till 900 Mbps. Dessutom st\u00f6der den avancerade n\u00e4tverksredundanser, inklusive Multi-WAN, Failover och Load balance f\u00f6r att s\u00e4kerst\u00e4lla ett oavbrutet n\u00e4tverk.<\/p>\n<h2 class=\"font-weight-bold text-left\">Blixtsnabb VPN-anslutning<\/h2>\n<p>Flint 2 \u00e4r en uppgradering fr\u00e5n sin f\u00f6reg\u00e5ngare och VPN-hastigheterna \u00e4r b\u00e4ttre och snabbare. Flint 2 levererar upp till 900 Mbps med WireGuard och 190 Mbps med OpenVPN. Konfigurera enkelt din VPN-klient via adminpanelen, vilket ger omedelbart skydd f\u00f6r alla anslutna enheter, eller uppr\u00e4tta en VPN-server. Oavsett om du arbetar p\u00e5 distans, njuter av underh\u00e5llning eller vill ha ett extra lager av integritet och s\u00e4kerhet, kommer dina VPN-hastigheter inte att inneb\u00e4ra n\u00e5gra problem f\u00f6r dig.<\/p>\n<h2 class=\"font-weight-bold\">F\u00f6rb\u00e4ttra din internetupplevelse<\/h2>\n<p><strong>Ett spr\u00e5ng i hastighet, kapacitet och stabilitet<\/strong><img fetchpriority=\"high\" decoding=\"async\" class=\"aligncenter wp-image-28188 size-full\" src=\"https:\/\/cryptsec.se\/wp-content\/uploads\/2024\/11\/Skarmavbild-2024-11-05-kl.-23.46.24.png\" alt=\"\" width=\"2750\" height=\"678\" srcset=\"https:\/\/cryptsec.se\/wp-content\/uploads\/2024\/11\/Skarmavbild-2024-11-05-kl.-23.46.24.png 2560w, https:\/\/cryptsec.se\/wp-content\/uploads\/2024\/11\/Skarmavbild-2024-11-05-kl.-23.46.24-300x74.png 300w, https:\/\/cryptsec.se\/wp-content\/uploads\/2024\/11\/Skarmavbild-2024-11-05-kl.-23.46.24-1024x252.png 1024w, https:\/\/cryptsec.se\/wp-content\/uploads\/2024\/11\/Skarmavbild-2024-11-05-kl.-23.46.24-768x189.png 768w, https:\/\/cryptsec.se\/wp-content\/uploads\/2024\/11\/Skarmavbild-2024-11-05-kl.-23.46.24-1536x379.png 1536w, https:\/\/cryptsec.se\/wp-content\/uploads\/2024\/11\/Skarmavbild-2024-11-05-kl.-23.46.24-2048x505.png 2048w, https:\/\/cryptsec.se\/wp-content\/uploads\/2024\/11\/Skarmavbild-2024-11-05-kl.-23.46.24-680x168.png 680w\" sizes=\"(max-width: 2750px) 100vw, 2750px\" \/><\/p>\n<h2 class=\"font-weight-bold\">F\u00f6rb\u00e4ttra ditt n\u00e4tverk med 2,5G Ethernet-portar<\/h2>\n<p>Njut av blixtsnabba \u00f6verf\u00f6ringshastigheter p\u00e5 2,5G internt n\u00e4tverk f\u00f6r alla dina enheter, oavsett om det \u00e4r en dator, NAS eller n\u00e5got annat. Omfamna framtidens anslutningsm\u00f6jligheter med v\u00e5r innovativa l\u00f6sning!<\/p>\n<h2 class=\"font-weight-bold\">Ladda upp ditt internet med Wi-Fi 6<\/h2>\n<p>Flint 2 har upp till 8 kanaler med spatiala WIFI-str\u00f6mmar och kan st\u00f6dja samtidig \u00f6verf\u00f6ring av h\u00f6guppl\u00f6sta och ultrah\u00f6guppl\u00f6sta videor f\u00f6r flera enheter. Den har \u00e4ven bak\u00e5tkompatibilitet med 802.11AC och tidigare WIFI-standarder.<\/p>\n<h2 class=\"font-weight-bold\">Dominera med oavbruten prestanda<\/h2>\n<p>Flint 2 \u00e4r utrustad med 8-Stream Wi-Fi 6-teknik och levererar blixtsnabba hastigheter, vilket garanterar en stabil och snabb anslutning \u00e4ven under intensiva multiplayer-strider.<\/p>\n<h2 class=\"font-weight-bold\">H\u00e5ll familjen skyddad<\/h2>\n<p>\u00c4r f\u00f6r mycket sk\u00e4rmtid och exponering f\u00f6r ol\u00e4mpligt inneh\u00e5ll det som oroar dig mest som f\u00f6r\u00e4lder? I samarbete med Bark (ett prisbel\u00f6nt verktyg f\u00f6r barn\u00f6vervakning) erbjuder Flint 2 inbyggd f\u00f6r\u00e4ldrakontroll* i routern. Med n\u00e5gra f\u00e5 klick kan du filtrera bort vissa webbplatser och inneh\u00e5llskategorier, aktivera s\u00e4ker s\u00f6kning p\u00e5 ditt barns s\u00f6kmotor och hantera deras anv\u00e4ndning p\u00e5 ett enkelt s\u00e4tt.<\/p>\n<h2 class=\"font-weight-bold\">DFS-certifiering i USA, CA, EU och Storbritannien<\/h2>\n<p>Flint 2 \u00e4r godk\u00e4nd f\u00f6r att anv\u00e4nda DFS (Dynamic Frequency Selection), vilket l\u00e5ter routerns 5GHz-n\u00e4tverk anv\u00e4nda ytterligare frekvenser som normalt reserveras f\u00f6r milit\u00e4ra, satellit- och v\u00e4derradarapplikationer. Valet av ytterligare kanaler kan minska \u00f6verbelastningen i n\u00e4tverksmilj\u00f6er med h\u00f6g densitet.<\/p>\n<h3 class=\"text-center font-weight-bold\">Skyddas av flera s\u00e4kerhetslager<\/h3>\n<p><img decoding=\"async\" class=\"aligncenter wp-image-28190 size-full\" src=\"https:\/\/cryptsec.se\/wp-content\/uploads\/2024\/11\/Skarmavbild-2024-11-05-kl.-23.47.27.png\" alt=\"\" width=\"2642\" height=\"798\" srcset=\"https:\/\/cryptsec.se\/wp-content\/uploads\/2024\/11\/Skarmavbild-2024-11-05-kl.-23.47.27.png 2560w, https:\/\/cryptsec.se\/wp-content\/uploads\/2024\/11\/Skarmavbild-2024-11-05-kl.-23.47.27-300x91.png 300w, https:\/\/cryptsec.se\/wp-content\/uploads\/2024\/11\/Skarmavbild-2024-11-05-kl.-23.47.27-1024x309.png 1024w, https:\/\/cryptsec.se\/wp-content\/uploads\/2024\/11\/Skarmavbild-2024-11-05-kl.-23.47.27-768x232.png 768w, https:\/\/cryptsec.se\/wp-content\/uploads\/2024\/11\/Skarmavbild-2024-11-05-kl.-23.47.27-1536x464.png 1536w, https:\/\/cryptsec.se\/wp-content\/uploads\/2024\/11\/Skarmavbild-2024-11-05-kl.-23.47.27-2048x619.png 2048w, https:\/\/cryptsec.se\/wp-content\/uploads\/2024\/11\/Skarmavbild-2024-11-05-kl.-23.47.27-680x205.png 680w\" sizes=\"(max-width: 2642px) 100vw, 2642px\" \/><\/p>\n<p>&nbsp;<\/p>\n<p><img decoding=\"async\" class=\"aligncenter wp-image-28192 size-full\" src=\"https:\/\/cryptsec.se\/wp-content\/uploads\/2024\/11\/Skarmavbild-2024-11-05-kl.-23.48.17.png\" alt=\"\" width=\"2380\" height=\"978\" srcset=\"https:\/\/cryptsec.se\/wp-content\/uploads\/2024\/11\/Skarmavbild-2024-11-05-kl.-23.48.17.png 2380w, https:\/\/cryptsec.se\/wp-content\/uploads\/2024\/11\/Skarmavbild-2024-11-05-kl.-23.48.17-300x123.png 300w, https:\/\/cryptsec.se\/wp-content\/uploads\/2024\/11\/Skarmavbild-2024-11-05-kl.-23.48.17-1024x421.png 1024w, https:\/\/cryptsec.se\/wp-content\/uploads\/2024\/11\/Skarmavbild-2024-11-05-kl.-23.48.17-768x316.png 768w, https:\/\/cryptsec.se\/wp-content\/uploads\/2024\/11\/Skarmavbild-2024-11-05-kl.-23.48.17-1536x631.png 1536w, https:\/\/cryptsec.se\/wp-content\/uploads\/2024\/11\/Skarmavbild-2024-11-05-kl.-23.48.17-2048x842.png 2048w, https:\/\/cryptsec.se\/wp-content\/uploads\/2024\/11\/Skarmavbild-2024-11-05-kl.-23.48.17-680x279.png 680w\" sizes=\"(max-width: 2380px) 100vw, 2380px\" \/><\/p>\n","protected":false},"excerpt":{"rendered":"<h2 class=\"font-weight-bold text-left\">Wi-Fi 6 AX6000 hemrouter<\/h2>\n<p>Flint 2 (GL-MT6000) \u00e4r en Wi-Fi 6-router f\u00f6r hem och kontor som passar perfekt f\u00f6r tung data\u00f6verf\u00f6ring, anslutning av m\u00e5nga enheter eller spelmilj\u00f6er med extremt l\u00e5g latens. Flint 2 erbjuder blixtsnabba WireGuard VPN-hastigheter p\u00e5 upp till 900 Mbps. Dessutom st\u00f6der den avancerade n\u00e4tverksredundanser, inklusive Multi-WAN, Failover och Load balance f\u00f6r att s\u00e4kerst\u00e4lla ett oavbrutet n\u00e4tverk.<\/p>\n","protected":false},"featured_media":28195,"template":"","meta":[],"product_brand":[],"product_cat":[862,864],"product_tag":[1114,902,905,907,1111,903,1112,1113],"berocket_brand":[],"class_list":{"0":"post-29879","1":"product","2":"type-product","3":"status-publish","4":"has-post-thumbnail","6":"product_cat-krypterad-internet","7":"product_cat-natverkssakerhet","8":"product_tag-cybersakerhet-sv","9":"product_tag-kryptering-sv","10":"product_tag-natverksakerhet-sv","11":"product_tag-natverkssakerhet","12":"product_tag-sakerhet-pa-internet","13":"product_tag-vpn-sv","14":"product_tag-vpn-router-sv","15":"product_tag-vpn-sakerhet","17":"first","18":"instock","19":"featured","20":"taxable","21":"shipping-taxable","22":"purchasable","23":"product-type-variable","24":"has-default-attributes"},"_links":{"self":[{"href":"https:\/\/cryptsec.se\/sv\/wp-json\/wp\/v2\/product\/29879","targetHints":{"allow":["GET"]}}],"collection":[{"href":"https:\/\/cryptsec.se\/sv\/wp-json\/wp\/v2\/product"}],"about":[{"href":"https:\/\/cryptsec.se\/sv\/wp-json\/wp\/v2\/types\/product"}],"wp:featuredmedia":[{"embeddable":true,"href":"https:\/\/cryptsec.se\/sv\/wp-json\/wp\/v2\/media\/28195"}],"wp:attachment":[{"href":"https:\/\/cryptsec.se\/sv\/wp-json\/wp\/v2\/media?parent=29879"}],"wp:term":[{"taxonomy":"product_brand","embeddable":true,"href":"https:\/\/cryptsec.se\/sv\/wp-json\/wp\/v2\/product_brand?post=29879"},{"taxonomy":"product_cat","embeddable":true,"href":"https:\/\/cryptsec.se\/sv\/wp-json\/wp\/v2\/product_cat?post=29879"},{"taxonomy":"product_tag","embeddable":true,"href":"https:\/\/cryptsec.se\/sv\/wp-json\/wp\/v2\/product_tag?post=29879"},{"taxonomy":"berocket_brand","embeddable":true,"href":"https:\/\/cryptsec.se\/sv\/wp-json\/wp\/v2\/berocket_brand?post=29879"}],"curies":[{"name":"wp","href":"https:\/\/api.w.org\/{rel}","templated":true}]}}