{"id":29882,"date":"2024-11-05T23:20:18","date_gmt":"2024-11-05T22:20:18","guid":{"rendered":"https:\/\/cryptsec.se\/product\/gl-xe300-puli\/"},"modified":"2025-12-02T00:31:11","modified_gmt":"2025-12-01T23:31:11","slug":"gl-xe300-puli","status":"publish","type":"product","link":"https:\/\/cryptsec.se\/sv\/product\/gl-xe300-puli\/","title":{"rendered":"GL-XE300 \/ PULI"},"content":{"rendered":"<h2 class=\"font-weight-bold\">4G LTE tr\u00e5dl\u00f6s router<\/h2>\n<p>Puli (GL-XE300) \u00e4r en b\u00e4rbar 4G smart router med VPN som \u00e4r perfekt f\u00f6r hem, f\u00f6retag och IoT-l\u00f6sningar. Med sin OpenWrt-st\u00f6dda funktion och stora lagringskompatibilitet \u00e4r den utformad f\u00f6r att du ska kunna utveckla DIY IoT-projekt. Den levereras ocks\u00e5 med ett uppladdningsbart batteri, s\u00e5 att du kan ta den med dig \u00f6verallt! <span class=\"txt-lg text-info\">300<\/span> Mbps Wi-Fi-hastighet <span class=\"txt-lg text-info\">512GB<\/span>Max MicroSD<br \/>\nInbyggt <span class=\"txt-lg text-info\">5000mAh-batteri <\/span><br \/>\nInbyggd <span class=\"txt-lg text-info\">Bluetooth-modul <\/span>(tillval)<\/p>\n<p><img decoding=\"async\" src=\"https:\/\/static.gl-inet.com\/www\/images\/products\/general\/product-icon\/icon_vpn.png\" alt=\"VPN-klient\/server\" \/><img decoding=\"async\" src=\"https:\/\/static.gl-inet.com\/www\/images\/products\/general\/product-icon\/icon_dual-flash.png\" alt=\"Dubbel blixt\" \/><img decoding=\"async\" src=\"https:\/\/static.gl-inet.com\/www\/images\/products\/general\/product-icon\/icon_openwrt.png\" alt=\"OpenWrt f\u00f6rinstallerad\" \/><img decoding=\"async\" src=\"https:\/\/static.gl-inet.com\/www\/images\/products\/general\/product-icon\/icon_4glte.png\" alt=\"Extern lagring\" \/><\/p>\n<h2 class=\"font-weight-bold\">Utbytbar modul skr\u00e4ddarsydd f\u00f6r dina behov<\/h2>\n<p>Puli (GL-XE300) router \u00e4r l\u00e4tt att konfigurera och har en inbyggd utbytbar modul f\u00f6r full optimering. Den \u00e4r kompatibel med CAT4- och CAT6-moduler, som har olika genomstr\u00f6mning nedstr\u00f6ms och olika band f\u00f6r att uppfylla dina olika krav.<\/p>\n<h2 class=\"font-weight-bold\">St\u00f6d f\u00f6r IPv6 och WPA3<\/h2>\n<p>Puli (GL-XE300) st\u00f6der den senaste versionen av Internet Protocol (IPv6), vilket ger ett extra lager till din cybers\u00e4kerhet. Den st\u00f6der ocks\u00e5 WPA3-kryptering, som \u00e4r n\u00e4sta generations Wi-Fi-s\u00e4kerhet.<\/p>\n<h2 class=\"font-weight-bold text-left\">Arbeta eller spela s\u00e4kert var som helst och n\u00e4r som helst<\/h2>\n<p><strong><sub>30+ VPN-TJ\u00c4NSTELEVERANT\u00d6RER F\u00d6R DITT VAL<\/sub><\/strong><\/p>\n<p>F\u00f6rutom den kraftfulla inbyggda brandv\u00e4ggen st\u00f6der Puli (GL-XE300) \u00e4ven <a href=\"https:\/\/www.gl-inet.com\/solutions\/vpn\/\" target=\"_blank\" rel=\"noopener\">OpenVPN, WireGuard\u00ae<\/a> och en anpassad DNS-server f\u00f6r att h\u00f6ja din s\u00e4kerhet online. Med v\u00e5rt helt nya webbgr\u00e4nssnitt 3.0 kan du enkelt konfigurera en VPN-server och komma \u00e5t dina filer p\u00e5 ett s\u00e4kert s\u00e4tt och p\u00e5 distans. <a class=\"text-info\" href=\"https:\/\/www.wireguard.com\/\" target=\"_blank\" rel=\"noopener\">WireGuard\u00ae<\/a> \u00e4r ett registrerat varum\u00e4rke som tillh\u00f6r Jason A. Donenfeld. WireGuard<\/p>\n<p><strong><sub>KRYPTERAD DNS MED CLOUDFLARE<\/sub><\/strong><\/p>\n<p><img decoding=\"async\" src=\"https:\/\/static.gl-inet.com\/www\/images\/products\/gl-xe300\/webui_xe300.png\" alt=\"Webbgr\u00e4nssnitt\" \/><\/p>\n<h2 class=\"font-weight-bold\">Cloudflare DNS \u00f6ver TLS<\/h2>\n<p>DNS over TLS \u00e4r ett s\u00e4kerhetsprotokoll f\u00f6r kryptering och inkapsling av DNS-fr\u00e5gor och DNS-svar (Domain Name System) via TLS-protokollet (Transport Layer Security). Syftet \u00e4r att \u00f6ka anv\u00e4ndarnas integritet och s\u00e4kerhet genom att f\u00f6rhindra avlyssning och manipulering av DNS-data via man-in-the-middle-attacker.<\/p>\n<h2 class=\"font-weight-bold\">Kompatibel med GL.iNet eSIM-l\u00f6sning<\/h2>\n<p>Upplev s\u00f6ml\u00f6s anslutning med Puli\u203b, som \u00e4r helt kompatibel med GL.iNets avancerade eSIM-l\u00f6sning, som st\u00f6der b\u00e5de fysiska eSIM-kort och integrerade eSIM-chip. eSIM kan programmeras p\u00e5 distans, vilket ger o\u00f6vertr\u00e4ffad bekv\u00e4mlighet, flexibilitet, utrymmesbesparing och f\u00f6rb\u00e4ttrad s\u00e4kerhet. F\u00f6r konsumenter inneb\u00e4r detta att de enkelt kan byta n\u00e4tverk och undvika roamingavgifter, medan f\u00f6retag drar nytta av centraliserad hantering, st\u00f6d f\u00f6r flera enheter och s\u00e4ker datahantering.<\/p>\n<p><i>\u203bDessa produkter st\u00f6der inte eSIM med Quectel EP06-A-moduler p\u00e5 grund av att Qualcomm-programvaran saknar st\u00f6d f\u00f6r specifika AT-kommandon. F\u00f6r EP06-E, se denna <a href=\"https:\/\/forum.gl-inet.com\/t\/48907\" target=\"_blank\" rel=\"noopener\">L\u00c4NK<\/a> f\u00f6r att uppgradera till den senaste programvaran f\u00f6r eSIM-funktionalitet. <\/i><\/p>\n<h2 class=\"font-weight-bold text-left\">Enkel konfiguration med nytt webbgr\u00e4nssnitt 3.0<\/h2>\n<p>Det inbyggda 4G-modemet st\u00f6der AT-kommando, manuellt\/automatiskt uppringningsnummer, SMS-kontroll och kontroll av signalstyrka f\u00f6r b\u00e4ttre hantering och konfiguration.<\/p>\n<p><img decoding=\"async\" src=\"https:\/\/static.gl-inet.com\/www\/images\/products\/gl-xe300\/webui_xe300_command.png\" alt=\"Webbadministrat\u00f6rspanel\" \/><\/p>\n","protected":false},"excerpt":{"rendered":"<h2 class=\"font-weight-bold\">4G LTE tr\u00e5dl\u00f6s router<\/h2>\n<p>Puli (GL-XE300) \u00e4r en b\u00e4rbar 4G smart router som \u00e4r perfekt f\u00f6r hem, f\u00f6retag och IoT-l\u00f6sningar. Med sin OpenWrt-st\u00f6dda funktion och stora lagringskompatibilitet \u00e4r den utformad f\u00f6r att du ska kunna utveckla DIY IoT-projekt. Den levereras ocks\u00e5 med ett uppladdningsbart batteri, s\u00e5 att du kan ta den med dig \u00f6verallt! <span class=\"txt-lg text-info\">300<\/span> Mbps Wi-Fi-hastighet <span class=\"txt-lg text-info\">512GB<\/span>Max MicroSD<br \/>\nInbyggt <span class=\"txt-lg text-info\">5000mAh-batteri <\/span><br \/>\nInbyggd <span class=\"txt-lg text-info\">Bluetooth-modul <\/span>(tillval)<\/p>\n","protected":false},"featured_media":28150,"template":"","meta":[],"product_brand":[],"product_cat":[862,864],"product_tag":[1114,889,1116,902,907,1111,903,1112,1113],"berocket_brand":[],"class_list":{"0":"post-29882","1":"product","2":"type-product","3":"status-publish","4":"has-post-thumbnail","6":"product_cat-krypterad-internet","7":"product_cat-natverkssakerhet","8":"product_tag-cybersakerhet-sv","9":"product_tag-krypterad-kommunikation","10":"product_tag-krypterad-router-sv","11":"product_tag-kryptering-sv","12":"product_tag-natverkssakerhet","13":"product_tag-sakerhet-pa-internet","14":"product_tag-vpn-sv","15":"product_tag-vpn-router-sv","16":"product_tag-vpn-sakerhet","18":"first","19":"instock","20":"featured","21":"taxable","22":"shipping-taxable","23":"purchasable","24":"product-type-variable","25":"has-default-attributes"},"_links":{"self":[{"href":"https:\/\/cryptsec.se\/sv\/wp-json\/wp\/v2\/product\/29882","targetHints":{"allow":["GET"]}}],"collection":[{"href":"https:\/\/cryptsec.se\/sv\/wp-json\/wp\/v2\/product"}],"about":[{"href":"https:\/\/cryptsec.se\/sv\/wp-json\/wp\/v2\/types\/product"}],"wp:featuredmedia":[{"embeddable":true,"href":"https:\/\/cryptsec.se\/sv\/wp-json\/wp\/v2\/media\/28150"}],"wp:attachment":[{"href":"https:\/\/cryptsec.se\/sv\/wp-json\/wp\/v2\/media?parent=29882"}],"wp:term":[{"taxonomy":"product_brand","embeddable":true,"href":"https:\/\/cryptsec.se\/sv\/wp-json\/wp\/v2\/product_brand?post=29882"},{"taxonomy":"product_cat","embeddable":true,"href":"https:\/\/cryptsec.se\/sv\/wp-json\/wp\/v2\/product_cat?post=29882"},{"taxonomy":"product_tag","embeddable":true,"href":"https:\/\/cryptsec.se\/sv\/wp-json\/wp\/v2\/product_tag?post=29882"},{"taxonomy":"berocket_brand","embeddable":true,"href":"https:\/\/cryptsec.se\/sv\/wp-json\/wp\/v2\/berocket_brand?post=29882"}],"curies":[{"name":"wp","href":"https:\/\/api.w.org\/{rel}","templated":true}]}}