{"id":29885,"date":"2025-01-07T11:54:11","date_gmt":"2025-01-07T10:54:11","guid":{"rendered":"https:\/\/cryptsec.se\/product\/mission-darkness-cybercylent-faraday-talt-med-vindskydd\/"},"modified":"2025-01-07T11:54:11","modified_gmt":"2025-01-07T10:54:11","slug":"mission-darkness-cybercylent-faraday-talt-med-vindskydd","status":"publish","type":"product","link":"https:\/\/cryptsec.se\/sv\/product\/mission-darkness-cybercylent-faraday-talt-med-vindskydd\/","title":{"rendered":"Mission Darkness\u2122 CYBERCYLENT Faraday-t\u00e4lt med vindskydd"},"content":{"rendered":"<div id=\"s-30bda91d-d157-4ce8-9a90-839036d81e2a\" class=\"shg-c \">\n<div class=\"shg-rich-text shg-theme-text-content\">\n<p><img decoding=\"async\" src=\"https:\/\/i.shgcdn.com\/3366cc30-a9f9-40c6-b45b-7441886fed9d\/-\/format\/auto\/-\/preview\/3000x3000\/-\/quality\/lighter\/\" alt=\"Mission Darkness CYBERCYLENT Faraday-t\u00e4lt med vestibul b\u00e4rbart avsk\u00e4rmat rum\"><\/p>\n<p><span data-fontfamily=\"Coda\"><strong>Mission Darkness\u2122 CYBERCYLENT\u2122 Faraday-t\u00e4lt med vindf\u00e5ng<\/strong><\/span><\/p>\n<p><span data-fontfamily=\"Coda\"><strong>Avancerad RF- och EMI-avsk\u00e4rmning Portabelt rum f\u00f6r s\u00e4kra milj\u00f6er (10&#8242; L x 6\u2032 B x 7\u2032 H)<\/strong><\/span><\/p>\n<\/div>\n<\/div>\n<div id=\"s-423c1d07-a17d-473c-968c-69d320ab6728\" class=\"shg-c \">\n<div class=\"shg-rich-text shg-theme-text-content\">\n<p><span data-fontfamily=\"Coda\">SKU: MDFT-CCTENT-VESTIBULE<\/span><\/p>\n<\/div>\n<\/div>\n<div id=\"s-74a3de0a-7464-4fa5-8db1-d869eea7d62d\" class=\"shg-c \">\n<div class=\"shg-rich-text shg-theme-text-content\">\n<p>Mission Darkness\u2122 CYBERCYLENT\u2122 Faraday Tent With Vestibule \u00e4r en banbrytande l\u00f6sning f\u00f6r att omedelbart skapa s\u00e4kra radiofrekvens (RF)-skyddade milj\u00f6er, s\u00e4rskilt l\u00e4mpade f\u00f6r digital kriminalteknik. Denna f\u00f6rb\u00e4ttrade version inneh\u00e5ller en vestibul, en nyckelfunktion som g\u00f6r det m\u00f6jligt f\u00f6r anv\u00e4ndare att g\u00e5 in i eller ut ur t\u00e4ltet utan att \u00e4ventyra huvudkammarens avsk\u00e4rmning. Denna vestibuldesign s\u00e4kerst\u00e4ller att enheter och personal kan f\u00f6ras in i utrymmet samtidigt som isoleringen av f\u00f6rem\u00e5l som redan finns inuti bibeh\u00e5lls, vilket g\u00f6r den idealisk f\u00f6r verksamheter som kr\u00e4ver kompromissl\u00f6s signals\u00e4kerhet. Detta icke-sydda t\u00e4lt \u00e4r tillverkat med precision och best\u00e5r helt och h\u00e5llet av flera lager TitanRF\u2122 Faraday-tyg och -tejp, material som \u00e4r ledande och laboratoriecertifierade f\u00f6r sin h\u00f6ga avsk\u00e4rmningsf\u00f6rm\u00e5ga mot RF-signaler. Den blockerar WiFi (2,4 &amp; 5 GHz), Bluetooth, mobilsignaler inklusive 5G-n\u00e4tverk, GPS, RFID, NFC och radiosignaler fr\u00e5n l\u00e5ga MHz till 40 GHz. T\u00e4ltet omsluts av ett l\u00e4tt, skyddande yttre skal. Den unika designen kringg\u00e5r det vanliga problemet med att s\u00f6mmarna g\u00e5r s\u00f6nder, vilket ger \u00f6kad h\u00e5llbarhet och livsl\u00e4ngd. T\u00e4ltet \u00e4r konstruerat f\u00f6r att vara anv\u00e4ndarv\u00e4nligt. Det har komponenter som \u00e4r enkla att montera och reparera sj\u00e4lva, vilket garanterar tillf\u00f6rlitlighet \u00f6ver tid. Monteringen f\u00f6renklas ytterligare med hj\u00e4lp av kardborreband som g\u00f6r det enkelt att justera \u00e5tdragningen av sidorna, vilket ger en t\u00e4t och s\u00e4ker upps\u00e4ttning. En viktig egenskap hos detta t\u00e4lt \u00e4r dess l\u00e4tta, men \u00e4nd\u00e5 robusta kolfiberram med aluminiumkontakter. Ramen \u00e4r konstruerad s\u00e5 att den enkelt kan kopplas ihop och ger en stabil struktur som ocks\u00e5 \u00e4r l\u00e4tt att transportera. Det patents\u00f6kta RFMagLink\u2122-d\u00f6rrsystemet \u00e4r en viktig innovation i CYBERCYLENT Faraday Tent. Den robusta kolfiberpl\u00e4terade d\u00f6rren f\u00e4lls upp i sektioner och \u00e4r utrustad med sp\u00e4rrar f\u00f6r att h\u00e5lla den \u00f6ppen, vilket ger bekv\u00e4m \u00e5tkomst. Den har tre rader med magneter i d\u00f6rrkarmen f\u00f6r redundans f\u00f6r att s\u00e4kert h\u00e5lla d\u00f6rren st\u00e4ngd och skapa en t\u00e4t RF-t\u00e4tning. Den h\u00e4r konstruktionen g\u00f6r det enkelt att \u00f6ppna och st\u00e4nga d\u00f6rren utan att t\u00e4ltets avsk\u00e4rmande f\u00f6rm\u00e5ga \u00e4ventyras. F\u00f6r intern anslutning \u00e4r t\u00e4ltet utrustat med ett sk\u00e4rmat filter som inneh\u00e5ller en RJ45 Ethernet-port, en AC-port och tv\u00e5 USB-portar, med m\u00f6jlighet att anpassa och inkludera ytterligare sk\u00e4rmade filterportar. Kompatibla kablar och ett grenuttag ing\u00e5r i satsen. Detta g\u00f6r den m\u00e5ngsidig f\u00f6r digitala kriminaltekniska unders\u00f6kningar och andra k\u00e4nsliga verksamheter som kr\u00e4ver s\u00e4kra anslutningar. Det finns gott om plats f\u00f6r ett skrivbord och utrustning. Utrymmet \u00e4r upplyst av en LED-lampa som l\u00f6per l\u00e4ngs med taket. En skyddande golvmatta ger d\u00e4mpning mot tygslitage. Ventilationen sk\u00f6ts effektivt med tv\u00e5 bikakeventiler i aluminium och en golvst\u00e5ende fl\u00e4kt med justerbar hastighet. Den h\u00e4r upps\u00e4ttningen s\u00e4kerst\u00e4ller en bekv\u00e4m milj\u00f6 genom att underl\u00e4tta passivt utbl\u00e5s och aktivt luftintag, vilket ger ett v\u00e4lventilerat utrymme inne i t\u00e4ltet. Trots sina robusta funktioner \u00e4r CYBERCYLENT Faraday Tent anm\u00e4rkningsv\u00e4rt b\u00e4rbart. Komponenterna \u00e4r l\u00e4tta och f\u00f6rpackade f\u00f6r leverans i en \u00e5teranv\u00e4ndbar verktygsl\u00e5da med hjul och handtag, vilket underl\u00e4ttar transport och f\u00f6rvaring.  <\/p>\n<p>CYBERCYLENT Faraday Tent levereras med ett omfattande utbud av extra tillbeh\u00f6r, vilket s\u00e4kerst\u00e4ller fullst\u00e4ndig avsk\u00e4rmning och funktionalitet fr\u00e5n b\u00f6rjan till slut. Detta kit inneh\u00e5ller en m\u00e4ngd specialiserade faradayv\u00e4skor, som erbjuder en l\u00f6sning f\u00f6r att uppr\u00e4tth\u00e5lla s\u00e4kerheten f\u00f6r mobila enheter fr\u00e5n beslag till f\u00f6rh\u00f6r. Ledande reparationslappar och tejp finns ocks\u00e5 f\u00f6r att snabbt \u00e5tg\u00e4rda slitage eller mindre skador, vilket s\u00e4kerst\u00e4ller t\u00e4ltets livsl\u00e4ngd och effektivitet. Tillsammans med dessa ing\u00e5r en m\u00e4ngd olika kablar f\u00f6r att underl\u00e4tta alla n\u00f6dv\u00e4ndiga anslutningar i den sk\u00e4rmade milj\u00f6n. Denna omfattande upps\u00e4ttning tillbeh\u00f6r inneb\u00e4r att allt du beh\u00f6ver finns l\u00e4ttillg\u00e4ngligt, vilket eliminerar behovet av ytterligare ink\u00f6p. Denna allt-i-ett-strategi s\u00e4kerst\u00e4ller att du \u00e4r fullt utrustad f\u00f6r att uppr\u00e4tth\u00e5lla ett s\u00e4kert, RF-skyddat utrymme f\u00f6r alla k\u00e4nsliga operationer. CYBERCYLENT Faraday Tent With Vestibule representerar ett nytt riktm\u00e4rke f\u00f6r b\u00e4rbara, l\u00e4tta, kostnadseffektiva och l\u00e4ttreparerade faradayrum. Dess kombination av effektiv RF-sk\u00e4rmning, innovativ design och anv\u00e4ndarv\u00e4nliga funktioner g\u00f6r det till det optimala valet f\u00f6r yrkesverksamma inom digital kriminalteknik och andra omr\u00e5den som kr\u00e4ver en s\u00e4ker, RF-sk\u00e4rmad milj\u00f6.     <\/p>\n<div id=\"s-025503c1-e384-44cf-9259-33a56226171f\" class=\"shg-c \">\n<div class=\"shg-rich-text shg-theme-text-content\">\n<p>Ny vestibuld\u00f6rr m\u00f6jligg\u00f6r s\u00e4ker in- och utpassering utan att huvudkammarens avsk\u00e4rmning \u00e4ventyras.<\/p>\n<\/div>\n<\/div>\n<div id=\"s-1d29e4eb-a08a-4a20-b59d-22cefc7378fa\" class=\"shg-c \">\n<div class=\"shg-row\" data-col-grid-mode-on=\"\">\n<div class=\"shg-c-lg-6 shg-c-md-6 shg-c-sm-6 shg-c-xs-12\">\n<div id=\"s-de3f1979-558c-4f33-956b-76094bd4d58f-root\">\n<div id=\"wrap-s-de3f1979-558c-4f33-956b-76094bd4d58f\" class=\"shg-image-margin-container-s-de3f1979-558c-4f33-956b-76094bd4d58f\">\n<div class=\"s-de3f1979-558c-4f33-956b-76094bd4d58f shg-align-container\">\n<div id=\"s-de3f1979-558c-4f33-956b-76094bd4d58f\" class=\"shg-c s-de3f1979-558c-4f33-956b-76094bd4d58f shogun-image-container shg-align-center\">\n<div class=\"shg-image-content-wrapper\"><img decoding=\"async\" class=\"shogun-image \" src=\"https:\/\/i.shgcdn.com\/532fa2e6-b58c-4bcf-914f-a28bb88bd644\/-\/format\/auto\/-\/preview\/3000x3000\/-\/quality\/lighter\/\" alt=\"Mission Darkness CYBERCYLENT Faraday-t\u00e4lt med vindskydd Inv\u00e4ndig vy\"><\/div>\n<\/div>\n<\/div>\n<\/div>\n<\/div>\n<div id=\"s-b3f84956-fa55-493f-b16f-75931b95d5c2\" class=\"shg-c \">\n<div class=\"shg-rich-text shg-theme-text-content\">\n<p>L\u00e4tt och h\u00e5llbar kolfiberram med aluminiumkopplingar ger exceptionell styrka och stabilitet samtidigt som den \u00e4r l\u00e4tt f\u00f6r enkel transport och montering.<\/p>\n<\/div>\n<\/div>\n<\/div>\n<div class=\"shg-c-lg-6 shg-c-md-6 shg-c-sm-6 shg-c-xs-12\">\n<div id=\"s-fb4bc8fe-72f5-47d2-9970-5741d3ceafc4-root\">\n<div id=\"wrap-s-fb4bc8fe-72f5-47d2-9970-5741d3ceafc4\" class=\"shg-image-margin-container-s-fb4bc8fe-72f5-47d2-9970-5741d3ceafc4\">\n<div class=\"s-fb4bc8fe-72f5-47d2-9970-5741d3ceafc4 shg-align-container\">\n<div id=\"s-fb4bc8fe-72f5-47d2-9970-5741d3ceafc4\" class=\"shg-c s-fb4bc8fe-72f5-47d2-9970-5741d3ceafc4 shogun-image-container shg-align-center\">\n<div class=\"shg-image-content-wrapper\"><img decoding=\"async\" class=\"shogun-image \" src=\"https:\/\/i.shgcdn.com\/9769e2c7-fb09-4da5-93e5-a39ce8685edd\/\" alt=\"Mission Darkness CYBERCYLENT Faraday-t\u00e4lt RFMagLink D\u00f6rr\u00f6ppning\"><\/div>\n<\/div>\n<\/div>\n<\/div>\n<\/div>\n<div id=\"s-c0343e3a-4e97-42db-98bf-a69735458250\" class=\"shg-c \">\n<div class=\"shg-rich-text shg-theme-text-content\">\n<p>Det patents\u00f6kta RFMagLink-d\u00f6rrsystemet har f\u00f6rstyvningspl\u00e5tar av kolfiber, vilket g\u00f6r att det kan rullas upp i sektioner och h\u00e5llas uppe av sp\u00e4rrar. En magnetisk d\u00f6rrkarm uppr\u00e4tth\u00e5ller en t\u00e4t RF-t\u00e4tning n\u00e4r d\u00f6rren \u00e4r st\u00e4ngd. <\/p>\n<div id=\"s-5e31b65e-7d39-45f8-890c-de55354a1f9c\" class=\"shg-c \">\n<div class=\"shg-rich-text shg-theme-text-content\">\n<p><span data-fontfamily=\"Coda\"><strong>Optimerad arbetsyta inuti: Rymlig, v\u00e4l upplyst och ventilerad<\/strong><\/span><\/p>\n<\/div>\n<\/div>\n<div id=\"s-0078466f-524b-439d-88be-231182f494f8\" class=\"shg-c \">\n<div class=\"shg-rich-text shg-theme-text-content\">\n<p>T\u00e4ltets interi\u00f6r \u00e4r gener\u00f6st tilltagen f\u00f6r att bekv\u00e4mt rymma en skrivbordsuppst\u00e4llning, vilket g\u00f6r det idealiskt f\u00f6r en till tv\u00e5 arbetare. Med LED-lampor i linor \u00e4r utrymmet v\u00e4l upplyst, vilket skapar en gynnsam milj\u00f6 f\u00f6r fokuserat arbete. Dessutom uppr\u00e4tth\u00e5ller ventilationssystemet en behaglig atmosf\u00e4r inne i t\u00e4ltet genom att balansera luftcirkulation och temperatur. Den genomt\u00e4nkta kombinationen av utrymme, belysning och luftkvalitet g\u00f6r t\u00e4ltet till en idealisk milj\u00f6 f\u00f6r l\u00e5nga perioder av arbete eller unders\u00f6kningar.   <\/p>\n<\/div>\n<\/div>\n<div id=\"s-6c43cb46-d6b0-42de-aeda-47cd6a2ab988\" class=\"shg-c \">\n<div class=\"shg-row\" data-col-grid-mode-on=\"\">\n<div class=\"shg-c-lg-6 shg-c-md-6 shg-c-sm-6 shg-c-xs-12\">\n<div id=\"s-df325adb-5ca1-4133-92e8-f73852cd3cbd\" class=\"shg-c shogun-image-container \"><img decoding=\"async\" class=\"shogun-image \" src=\"https:\/\/i.shgcdn.com\/aea70684-1206-4e77-a920-99145a94b9e4\/\" alt=\"Mission Darkness CYBERCYLENT Faraday Tent Intern labbvy\" width=\"\" height=\"\"><\/div>\n<\/div>\n<div class=\"shg-c-lg-6 shg-c-md-6 shg-c-sm-6 shg-c-xs-12\">\n<div id=\"s-bbf4e81d-9e9b-410a-82e6-7febd22be018\" class=\"shg-c shogun-image-container \"><img decoding=\"async\" class=\"shogun-image \" src=\"https:\/\/i.shgcdn.com\/a2539884-7028-4f64-aaa8-92b3c48511b4\/\" alt=\"Mission Darkness CYBERCYLENT Faraday Tent Intern labbvy\" width=\"\" height=\"\"><\/div>\n<\/div>\n<\/div>\n<\/div>\n<div id=\"s-a42558c7-b9e3-424e-82b8-ab501780bef5\" class=\"shg-c \">\n<div class=\"shg-rich-text shg-theme-text-content\">\n<p>Den rymliga interi\u00f6ren i faradayt\u00e4ltet kan bekv\u00e4mt rymma skrivbordsuppst\u00e4llningar med utrustning f\u00f6r att utf\u00f6ra digitala kriminaltekniska unders\u00f6kningar.<\/p>\n<\/div>\n<\/div>\n<div id=\"s-0210dc60-5a0b-4b44-89a3-1f6c42e7b48e\" class=\"shg-c \">\n<div class=\"shg-row\" data-col-grid-mode-on=\"\">\n<div class=\"shg-c-lg-6 shg-c-md-6 shg-c-sm-6 shg-c-xs-12\">\n<div id=\"s-be2d87bc-ea1d-484e-9a15-a415b302cbbf\" class=\"shg-c shogun-image-container \"><img decoding=\"async\" class=\"shogun-image \" src=\"https:\/\/i.shgcdn.com\/981f2097-29b6-469f-bac7-c7ec3a203c2e\/-\/format\/auto\/-\/preview\/3000x3000\/-\/quality\/lighter\/\" alt=\"Mission Darkness CYBERCYLENT Faraday-t\u00e4ltet interi\u00f6rvy labbmilj\u00f6\" width=\"\" height=\"\"><\/div>\n<\/div>\n<div class=\"shg-c-lg-6 shg-c-md-6 shg-c-sm-6 shg-c-xs-12\">\n<div id=\"s-336a4fbf-c584-4e5c-89f3-b1ec5f38ee90\" class=\"shg-c shogun-image-container \"><img decoding=\"async\" class=\"shogun-image \" src=\"https:\/\/i.shgcdn.com\/5fcd5534-9fe4-40e9-9d36-f6405e169c5d\/-\/format\/auto\/-\/preview\/3000x3000\/-\/quality\/lighter\/\" alt=\"Mission Darkness CYBERCYLENT Faraday T\u00e4ltfl\u00e4kt Fl\u00e4kt\" width=\"\" height=\"\"><\/div>\n<\/div>\n<\/div>\n<\/div>\n<div id=\"s-b12eed0f-da7d-4e7a-a22b-6f17b1eaa1d3\" class=\"shg-c \">\n<div class=\"shg-rich-text shg-theme-text-content\">\n<p>Det finns tv\u00e5 inbyggda skyddade luftventiler med en ansluten justerbar fl\u00e4kt som ger passivt utbl\u00e5s och aktivt luftintag f\u00f6r att ventilera det inre utrymmet.<\/p>\n<\/div>\n<\/div>\n<div id=\"s-b379dbd7-bfa5-4403-a2e8-4f146d3a5cf0\" class=\"shg-c \">\n<div class=\"shg-hr-wrapper\">\n<hr>\n<\/div>\n<\/div>\n<div id=\"s-f3f87041-590a-43f4-bc84-36a1b766846b\" class=\"shg-c \">\n<div class=\"shg-rich-text shg-theme-text-content\">\n<p><span data-fontfamily=\"Coda\"><strong>Anpassningsbara funktioner f\u00f6r \u00f6kad flexibilitet<\/strong><\/span><\/p>\n<\/div>\n<\/div>\n<div id=\"s-4a0550e9-ca18-4bf2-b459-ec82897d705e\" class=\"shg-c \">\n<div class=\"shg-rich-text shg-theme-text-content\">\n<p>CYBERCYLENT Faraday Tent \u00e4r utformat f\u00f6r att tillgodose ett brett spektrum av specifika behov, tack vare dess anpassningsbara sk\u00e4rmade filter och \u00f6vergripande t\u00e4ltstorleksalternativ. Det sk\u00e4rmade filtret, som \u00e4r viktigt f\u00f6r att uppr\u00e4tth\u00e5lla s\u00e4kra anslutningar internt, kan skr\u00e4ddarsys f\u00f6r att inkludera olika typer av portar (ut\u00f6ver RJ45 ethernet-, USB- och n\u00e4tstr\u00f6msportar som ing\u00e5r i standardfiltret) beroende p\u00e5 dina projektkrav. Denna anpassning m\u00f6jligg\u00f6r en mer m\u00e5ngsidig anv\u00e4ndning av t\u00e4ltet inom olika omr\u00e5den, oavsett om det g\u00e4ller digital kriminalteknik, milit\u00e4ra operationer eller EMI-testning.  <\/p>\n<\/div>\n<\/div>\n<div id=\"s-1acb8192-3f49-4669-9d18-0eb012114c96\" class=\"shg-c \">\n<div class=\"shg-row\" data-col-grid-mode-on=\"\">\n<div class=\"shg-c-lg-6 shg-c-md-6 shg-c-sm-6 shg-c-xs-12\">\n<div id=\"s-7f82866d-a1ab-4593-a298-8d7af39d1b9c\" class=\"shg-c shogun-image-container \"><img decoding=\"async\" class=\"shogun-image \" src=\"https:\/\/i.shgcdn.com\/da70991d-418f-4647-9005-09ef025c5ab0\/\" alt=\"\" width=\"\" height=\"\"><\/div>\n<div id=\"s-033ae6c0-57f2-4aee-9e3f-2296c91d6971\" class=\"shg-c \">\n<div class=\"shg-rich-text shg-theme-text-content\">\n<p>Filterpanelen kan anpassas (som den h\u00e4r modellen) f\u00f6r att tillhandah\u00e5lla en m\u00e4ngd olika sk\u00e4rmade anslutningar.<\/p>\n<\/div>\n<\/div>\n<\/div>\n<div class=\"shg-c-lg-6 shg-c-md-6 shg-c-sm-6 shg-c-xs-12\">\n<div id=\"s-baae2e4e-b416-4c29-acf4-99b2a5165c8c\" class=\"shg-c shogun-image-container \"><img decoding=\"async\" class=\"shogun-image \" src=\"https:\/\/i.shgcdn.com\/797c8120-595d-4f5f-be9a-de54679a00bb\/\" alt=\"Mission Darkness CYBERCYLENT Faraday-t\u00e4lt RF-sk\u00e4rmfilter\" width=\"\" height=\"\"><\/div>\n<div id=\"s-cc1d92b1-8a32-4024-b91b-52677efd444d\" class=\"shg-c \">\n<div class=\"shg-rich-text shg-theme-text-content\">\n<p>Standardfilterpanelen levereras med en RJ45 Ethernet-port, en AC-str\u00f6mf\u00f6rs\u00f6rjningsport, tv\u00e5 USB-portar och tillh\u00f6rande kablar.<\/p>\n<\/div>\n<\/div>\n<\/div>\n<\/div>\n<\/div>\n<div id=\"s-aeae5f79-ac0a-4bea-9277-7fb8b455692d\" class=\"shg-c \">\n<div class=\"shg-rich-text shg-theme-text-content\">\n<p>Faraday-t\u00e4lt kr\u00e4ver till sin natur ofta underh\u00e5ll \u00f6ver tid f\u00f6r att hantera problem som punktering och h\u00e4ngande tyg. F\u00f6r att f\u00f6renkla hanteringen av dessa vanliga utmaningar har v\u00e5rt CYBERCYLENT Faraday-t\u00e4lt utformats med genomt\u00e4nkta praktiska l\u00f6sningar. De justerbara sp\u00e4nnbanden g\u00f6r det enkelt att justera f\u00f6r att motverka att tyget h\u00e4nger sig, vilket s\u00e4kerst\u00e4ller att t\u00e4ltet f\u00f6rblir sp\u00e4nt och effektivt. F\u00f6r punkteringar i tyget tillhandah\u00e5ller vi TitanRF Faraday Tape and Patches, som \u00e4r s\u00e4rskilt utformade f\u00f6r snabba och effektiva reparationer. Dessa ledande lim sm\u00e4lter s\u00f6ml\u00f6st in i t\u00e4ltets material och erbjuder en h\u00e5llbar l\u00f6sning f\u00f6r att bibeh\u00e5lla t\u00e4ltets integritet och avsk\u00e4rmningseffektivitet. Dessa funktioner g\u00f6r det enklare och mer l\u00e4tthanterligt att underh\u00e5lla och f\u00f6rl\u00e4nga t\u00e4ltets livsl\u00e4ngd.     <\/p>\n<\/div>\n<\/div>\n<div id=\"s-df15ea71-4861-40bd-8e83-71091545c3fd\" class=\"shg-c \">\n<div class=\"shg-row\" data-col-grid-mode-on=\"\">\n<div class=\"shg-c-lg-6 shg-c-md-6 shg-c-sm-6 shg-c-xs-12\">\n<div id=\"s-23723feb-eb67-4bd5-89ac-5ce290fa4433-root\">\n<div id=\"wrap-s-23723feb-eb67-4bd5-89ac-5ce290fa4433\" class=\"shg-image-margin-container-s-23723feb-eb67-4bd5-89ac-5ce290fa4433\">\n<div class=\"s-23723feb-eb67-4bd5-89ac-5ce290fa4433 shg-align-container\">\n<div id=\"s-23723feb-eb67-4bd5-89ac-5ce290fa4433\" class=\"shg-c s-23723feb-eb67-4bd5-89ac-5ce290fa4433 shogun-image-container shg-align-center\">\n<div class=\"shg-image-content-wrapper\"><img decoding=\"async\" class=\"shogun-image \" src=\"https:\/\/i.shgcdn.com\/252bc906-76f8-422a-a9de-c87f550af73f\/-\/format\/auto\/-\/preview\/3000x3000\/-\/quality\/lighter\/\" alt=\"Mission Darkness CYBERYLENT Faraday-t\u00e4lt Justerbara sp\u00e4nnremmar\"><\/div>\n<\/div>\n<\/div>\n<\/div>\n<\/div>\n<\/div>\n<div class=\"shg-c-lg-6 shg-c-md-6 shg-c-sm-6 shg-c-xs-12\">\n<div id=\"s-7a61a3fd-b798-4f43-a4ee-3d707bb94825-root\">\n<div id=\"wrap-s-7a61a3fd-b798-4f43-a4ee-3d707bb94825\" class=\"shg-image-margin-container-s-7a61a3fd-b798-4f43-a4ee-3d707bb94825\">\n<div class=\"s-7a61a3fd-b798-4f43-a4ee-3d707bb94825 shg-align-container\">\n<div id=\"s-7a61a3fd-b798-4f43-a4ee-3d707bb94825\" class=\"shg-c s-7a61a3fd-b798-4f43-a4ee-3d707bb94825 shogun-image-container shg-align-center\">\n<div class=\"shg-image-content-wrapper\"><img decoding=\"async\" class=\"shogun-image \" src=\"https:\/\/i.shgcdn.com\/ecd9d679-cfc3-4dc8-9660-83c143d4a833\/\" sizes=\"100vw\" srcset=\"https:\/\/i.shgcdn.com\/ecd9d679-cfc3-4dc8-9660-83c143d4a833\/-\/resize\/180x\/ 180w,https:\/\/i.shgcdn.com\/ecd9d679-cfc3-4dc8-9660-83c143d4a833\/-\/resize\/360x\/ 360w,https:\/\/i.shgcdn.com\/ecd9d679-cfc3-4dc8-9660-83c143d4a833\/-\/resize\/720x\/ 720w,https:\/\/i.shgcdn.com\/ecd9d679-cfc3-4dc8-9660-83c143d4a833\/-\/resize\/900x\/ 900w,https:\/\/i.shgcdn.com\/ecd9d679-cfc3-4dc8-9660-83c143d4a833\/-\/resize\/1080x\/ 1080w,https:\/\/i.shgcdn.com\/ecd9d679-cfc3-4dc8-9660-83c143d4a833\/-\/resize\/1200x\/ 1200w\" alt=\"Mission Darkness CYBERCYLENT Faraday Tent Shielded Room\"><\/div>\n<\/div>\n<\/div>\n<\/div>\n<\/div>\n<\/div>\n<\/div>\n<\/div>\n<div id=\"s-dd792f6d-c95e-40a3-be20-c39bfb87f979\" class=\"shg-c \">\n<div class=\"shg-rich-text shg-theme-text-content\">\n<p>T\u00e4ltet ansluts till ramen med justerbara kardborreband, vilket ger exakt t\u00e4ltsp\u00e4nning och positionering i ramen.<\/p>\n<\/div>\n<\/div>\n<div id=\"s-48ad83d2-8c51-436c-bd13-2cf16abfc89a\" class=\"shg-c \">\n<div class=\"shg-hr-wrapper\">\n<hr>\n<\/div>\n<\/div>\n<div id=\"s-beb119ec-0a03-4988-b819-9ae1069a37d1\" class=\"shg-c \">\n<div class=\"shg-rich-text shg-theme-text-content\">\n<p><span data-fontfamily=\"Coda\"><strong>Slitstark transportv\u00e4ska: Kompakt och s\u00e4ker f\u00f6rvaring av hela t\u00e4ltpaketet<\/strong><\/span><\/p>\n<\/div>\n<\/div>\n<div id=\"s-dbb2117d-7952-438a-89c6-5a55d0a6c3ca\" class=\"shg-c \">\n<div class=\"shg-rich-text shg-theme-text-content\">\n<p>CYBERCYLENT Faraday Tent With Vestibule utm\u00e4rker sig inte bara genom att vara enkelt att montera och reparera, utan ocks\u00e5 genom att vara l\u00e4tt att transportera. T\u00e4ltpaketet, inklusive alla dess komponenter, \u00e4r s\u00e4kert inrymt i kraftiga verktygsl\u00e5dor med hjul och handtag. Detta g\u00f6r transporten l\u00e4tthanterlig trots den sammanlagda vikten av v\u00e4skan och de lagrade t\u00e4ltkomponenterna. V\u00e4skans robusta konstruktion garanterar maximalt skydd f\u00f6r t\u00e4ltet under transport eller f\u00f6rvaring, vilket g\u00f6r den till en p\u00e5litlig l\u00f6sning f\u00f6r att s\u00e4kert flytta t\u00e4ltet till olika platser eller f\u00f6r att f\u00f6rvara det s\u00e4kert n\u00e4r det inte anv\u00e4nds.   <\/p>\n<\/div>\n<\/div>\n<div id=\"s-5d4f4b67-eed3-45b2-9638-049cb98c2cc9\" class=\"shg-c shogun-image-container \"><img decoding=\"async\" class=\"shogun-image \" src=\"https:\/\/i.shgcdn.com\/a0f549ce-9fcf-4d0d-bc11-5d952c431617\/-\/format\/auto\/-\/preview\/3000x3000\/-\/quality\/lighter\/\" alt=\"\" width=\"\" height=\"\"><\/div>\n<div id=\"s-c216da99-f27e-43d6-88c6-78d876885f3c\" class=\"shg-c \">\n<div class=\"shg-rich-text shg-theme-text-content\">\n<p>Hela t\u00e4ltpaketet levereras i kraftiga transportv\u00e4skor med hjul och handtag som ger skydd under transport eller f\u00f6rvaring.<\/p>\n<\/div>\n<\/div>\n<\/div>\n<\/div>\n<\/div>\n<\/div>\n<\/div>\n<div id=\"s-8278bf46-2cfb-4a69-9a10-aa07338e2123\" class=\"shg-c \">\n<div class=\"shg-hr-wrapper\"><\/div>\n<\/div>\n<\/div>\n<\/div>\n","protected":false},"excerpt":{"rendered":"<p>Milit\u00e4rklassat, l\u00e4tt och b\u00e4rbart faradayrum med vestibulliknande d\u00f6rr\u00f6ppning speciellt utformad f\u00f6r RF-isolering<\/p>\n","protected":false},"featured_media":29753,"template":"","meta":[],"product_brand":[],"product_cat":[1075],"product_tag":[1122,1123,1117,998,1120,997,831,1121,833,884,1119,1118,834,901],"berocket_brand":[],"class_list":{"0":"post-29885","1":"product","2":"type-product","3":"status-publish","4":"has-post-thumbnail","6":"product_cat-forensics-sv","7":"product_tag-cybercylent-sv","8":"product_tag-cybercylent-talt","9":"product_tag-faraday-sv","10":"product_tag-faraday-bag-sv","11":"product_tag-faraday-skap-sv","12":"product_tag-faraday-tent-sv","13":"product_tag-faraday-skold","14":"product_tag-faraday-skydd-sv","15":"product_tag-faraday-skydd","16":"product_tag-faraday-vaska-sv","17":"product_tag-forensisk-utrustning","18":"product_tag-forensiskt-system","19":"product_tag-rattsmedicin","20":"product_tag-uppdrag-morker","22":"first","23":"instock","24":"taxable","25":"shipping-taxable","26":"product-type-simple"},"_links":{"self":[{"href":"https:\/\/cryptsec.se\/sv\/wp-json\/wp\/v2\/product\/29885","targetHints":{"allow":["GET"]}}],"collection":[{"href":"https:\/\/cryptsec.se\/sv\/wp-json\/wp\/v2\/product"}],"about":[{"href":"https:\/\/cryptsec.se\/sv\/wp-json\/wp\/v2\/types\/product"}],"wp:featuredmedia":[{"embeddable":true,"href":"https:\/\/cryptsec.se\/sv\/wp-json\/wp\/v2\/media\/29753"}],"wp:attachment":[{"href":"https:\/\/cryptsec.se\/sv\/wp-json\/wp\/v2\/media?parent=29885"}],"wp:term":[{"taxonomy":"product_brand","embeddable":true,"href":"https:\/\/cryptsec.se\/sv\/wp-json\/wp\/v2\/product_brand?post=29885"},{"taxonomy":"product_cat","embeddable":true,"href":"https:\/\/cryptsec.se\/sv\/wp-json\/wp\/v2\/product_cat?post=29885"},{"taxonomy":"product_tag","embeddable":true,"href":"https:\/\/cryptsec.se\/sv\/wp-json\/wp\/v2\/product_tag?post=29885"},{"taxonomy":"berocket_brand","embeddable":true,"href":"https:\/\/cryptsec.se\/sv\/wp-json\/wp\/v2\/berocket_brand?post=29885"}],"curies":[{"name":"wp","href":"https:\/\/api.w.org\/{rel}","templated":true}]}}