{"id":29886,"date":"2024-11-18T14:35:43","date_gmt":"2024-11-18T13:35:43","guid":{"rendered":"https:\/\/cryptsec.se\/product\/mission-darkness-freeroam-faraday-ryggsack\/"},"modified":"2024-11-18T14:35:43","modified_gmt":"2024-11-18T13:35:43","slug":"mission-darkness-freeroam-faraday-ryggsack","status":"publish","type":"product","link":"https:\/\/cryptsec.se\/sv\/product\/mission-darkness-freeroam-faraday-ryggsack\/","title":{"rendered":"Mission Darkness\u2122 FreeRoam Faraday Ryggs\u00e4ck"},"content":{"rendered":"<div id=\"s-b6ff46c1-a957-4073-adcd-c0b67c0956dc\" class=\"shg-c shg-align-center\">\n<div class=\"shogun-heading-component\">\n<h1><b>Mission Darkness\u2122 FreeRoam Faraday Ryggs\u00e4ck<\/b><\/h1>\n<p><img fetchpriority=\"high\" decoding=\"async\" class=\"aligncenter wp-image-28993 size-full\" src=\"https:\/\/cryptsec.se\/wp-content\/uploads\/2024\/11\/nedladdning-38.jpeg\" alt=\"\" width=\"1500\" height=\"928\" srcset=\"https:\/\/cryptsec.se\/wp-content\/uploads\/2024\/11\/nedladdning-38.jpeg 1500w, https:\/\/cryptsec.se\/wp-content\/uploads\/2024\/11\/nedladdning-38-300x186.jpeg 300w, https:\/\/cryptsec.se\/wp-content\/uploads\/2024\/11\/nedladdning-38-1024x634.jpeg 1024w, https:\/\/cryptsec.se\/wp-content\/uploads\/2024\/11\/nedladdning-38-768x475.jpeg 768w, https:\/\/cryptsec.se\/wp-content\/uploads\/2024\/11\/nedladdning-38-680x421.jpeg 680w\" sizes=\"(max-width: 1500px) 100vw, 1500px\" \/><\/p>\n<p>Mission Darkness\u2122 FreeRoam Faraday Backpack kombinerar milit\u00e4r avsk\u00e4rmning med konsumentestetik f\u00f6r att erbjuda en funktionell l\u00f6sning f\u00f6r att skydda b\u00e4rbara datorer och mobila enheter under resor och vardagspendling. Insidan \u00e4r fodrad med tv\u00e5 lager <a href=\"https:\/\/mosequipment.com\/collections\/faraday-supplies\/products\/titanrf-faraday-fabric\" target=\"_blank\" rel=\"noopener\">TitanRF\u2122 Faraday Fabric<\/a>, ett laboratoriecertifierat material med h\u00f6g avsk\u00e4rmning som blockerar WiFi (2,4 &amp; 5 GHz), Bluetooth, mobilsignaler inklusive 5G-n\u00e4tverk, GPS, RFID, NFC och radiosignaler fr\u00e5n l\u00e5ga MHz \u00e4nda upp till 40 GHz. N\u00e4r en enhet \u00e4r innesluten i ryggs\u00e4cken kan inga appar eller skadlig kod fj\u00e4rrutl\u00f6sas eller raderas, ingen kommunikation kan tr\u00e4nga igenom och ingen kan komma \u00e5t mikrofonen, kameran, GPS-positionen eller data. Det skyddade facket utg\u00f6r ocks\u00e5 en barri\u00e4r mellan din kropp och skadlig EMF-str\u00e5lning och f\u00f6roreningar som h\u00e4rr\u00f6r fr\u00e5n enheter inuti.   <\/p>\n<p class=\"a-spacing-base\">Ryggs\u00e4cken har en unik f\u00f6rslutningsmetod som best\u00e5r av en dubbel rulle plus fj\u00e4derkrok. Dolda inv\u00e4ndiga magneter finns i den \u00f6vre s\u00f6mmen, vilket ger en t\u00e4t och s\u00e4ker f\u00f6rslutning. Ryggs\u00e4cken har en slitstark och vattenavvisande utsida i 600D PVC samt en oskyddad blixtl\u00e5sficka framtill f\u00f6r sm\u00e5saker. Baksidan har vadderad rygg som andas och justerbara remmar med st\u00f6djande nylonband. Det vadderade laptopfacket rymmer upp till 17-tums b\u00e4rbara datorer och det \u00f6vriga utrymmet \u00e4r tillr\u00e4ckligt stort f\u00f6r att rymma skrymmande elektronik eller tillbeh\u00f6r.    <\/p>\n<p class=\"a-spacing-base\">Prim\u00e4ra anv\u00e4ndningsomr\u00e5den \u00e4r f\u00f6rsvar mot datast\u00f6ld, antisp\u00e5rning, personlig s\u00e4kerhet, EMP-skydd, minskning av EMF-str\u00e5lning, insamling av kriminaltekniska bevis inom polis och milit\u00e4r samt f\u00f6r att f\u00f6rb\u00e4ttra den digitala integriteten. Ryggs\u00e4cken anv\u00e4nds vanligtvis f\u00f6r att skydda b\u00e4rbara datorer, surfplattor, mobiltelefoner, GPS-enheter, nyckelbrickor, kreditkort och ID-kort med RFID-chip\/taggar och elektronik av liknande storlek. <\/p>\n<\/div>\n<p><img decoding=\"async\" class=\"aligncenter wp-image-29001 size-full\" src=\"https:\/\/cryptsec.se\/wp-content\/uploads\/2024\/11\/Skarmavbild-2024-11-18-kl.-14.32.12.png\" alt=\"\" width=\"2618\" height=\"294\" srcset=\"https:\/\/cryptsec.se\/wp-content\/uploads\/2024\/11\/Skarmavbild-2024-11-18-kl.-14.32.12.png 2560w, https:\/\/cryptsec.se\/wp-content\/uploads\/2024\/11\/Skarmavbild-2024-11-18-kl.-14.32.12-300x34.png 300w, https:\/\/cryptsec.se\/wp-content\/uploads\/2024\/11\/Skarmavbild-2024-11-18-kl.-14.32.12-1024x115.png 1024w, https:\/\/cryptsec.se\/wp-content\/uploads\/2024\/11\/Skarmavbild-2024-11-18-kl.-14.32.12-768x86.png 768w, https:\/\/cryptsec.se\/wp-content\/uploads\/2024\/11\/Skarmavbild-2024-11-18-kl.-14.32.12-1536x172.png 1536w, https:\/\/cryptsec.se\/wp-content\/uploads\/2024\/11\/Skarmavbild-2024-11-18-kl.-14.32.12-2048x230.png 2048w, https:\/\/cryptsec.se\/wp-content\/uploads\/2024\/11\/Skarmavbild-2024-11-18-kl.-14.32.12-680x76.png 680w\" sizes=\"(max-width: 2618px) 100vw, 2618px\" \/><\/p>\n<p><img decoding=\"async\" class=\"aligncenter wp-image-29003 size-full\" src=\"https:\/\/cryptsec.se\/wp-content\/uploads\/2024\/11\/Skarmavbild-2024-11-18-kl.-14.33.58.png\" alt=\"\" width=\"2598\" height=\"1344\" srcset=\"https:\/\/cryptsec.se\/wp-content\/uploads\/2024\/11\/Skarmavbild-2024-11-18-kl.-14.33.58.png 2560w, https:\/\/cryptsec.se\/wp-content\/uploads\/2024\/11\/Skarmavbild-2024-11-18-kl.-14.33.58-300x155.png 300w, https:\/\/cryptsec.se\/wp-content\/uploads\/2024\/11\/Skarmavbild-2024-11-18-kl.-14.33.58-1024x530.png 1024w, https:\/\/cryptsec.se\/wp-content\/uploads\/2024\/11\/Skarmavbild-2024-11-18-kl.-14.33.58-768x397.png 768w, https:\/\/cryptsec.se\/wp-content\/uploads\/2024\/11\/Skarmavbild-2024-11-18-kl.-14.33.58-1536x795.png 1536w, https:\/\/cryptsec.se\/wp-content\/uploads\/2024\/11\/Skarmavbild-2024-11-18-kl.-14.33.58-2048x1059.png 2048w, https:\/\/cryptsec.se\/wp-content\/uploads\/2024\/11\/Skarmavbild-2024-11-18-kl.-14.33.58-680x352.png 680w\" sizes=\"(max-width: 2598px) 100vw, 2598px\" \/><\/p>\n<\/div>\n<p><img loading=\"lazy\" decoding=\"async\" class=\"aligncenter wp-image-29005 size-full\" src=\"https:\/\/cryptsec.se\/wp-content\/uploads\/2024\/11\/Skarmavbild-2024-11-18-kl.-14.34.29.png\" alt=\"\" width=\"2670\" height=\"1080\" srcset=\"https:\/\/cryptsec.se\/wp-content\/uploads\/2024\/11\/Skarmavbild-2024-11-18-kl.-14.34.29.png 2560w, https:\/\/cryptsec.se\/wp-content\/uploads\/2024\/11\/Skarmavbild-2024-11-18-kl.-14.34.29-300x121.png 300w, https:\/\/cryptsec.se\/wp-content\/uploads\/2024\/11\/Skarmavbild-2024-11-18-kl.-14.34.29-1024x414.png 1024w, https:\/\/cryptsec.se\/wp-content\/uploads\/2024\/11\/Skarmavbild-2024-11-18-kl.-14.34.29-768x311.png 768w, https:\/\/cryptsec.se\/wp-content\/uploads\/2024\/11\/Skarmavbild-2024-11-18-kl.-14.34.29-1536x621.png 1536w, https:\/\/cryptsec.se\/wp-content\/uploads\/2024\/11\/Skarmavbild-2024-11-18-kl.-14.34.29-2048x828.png 2048w, https:\/\/cryptsec.se\/wp-content\/uploads\/2024\/11\/Skarmavbild-2024-11-18-kl.-14.34.29-680x275.png 680w\" sizes=\"(max-width: 2670px) 100vw, 2670px\" \/><\/p>\n","protected":false},"excerpt":{"rendered":"<p>Mission Darkness\u2122 FreeRoam Faraday Backpack kombinerar milit\u00e4r avsk\u00e4rmning med konsumentestetik f\u00f6r att erbjuda en funktionell l\u00f6sning f\u00f6r att skydda b\u00e4rbara datorer och mobila enheter under resor och vardagspendling. Insidan \u00e4r fodrad med tv\u00e5 lager <a href=\"https:\/\/mosequipment.com\/collections\/faraday-supplies\/products\/titanrf-faraday-fabric\">TitanRF\u2122 Faraday Fabric<\/a>, ett laboratoriecertifierat material med h\u00f6g avsk\u00e4rmning som blockerar WiFi (2,4 &amp; 5 GHz), Bluetooth, mobilsignaler inklusive 5G-n\u00e4tverk, GPS, RFID, NFC och radiosignaler fr\u00e5n l\u00e5ga MHz \u00e4nda upp till 40 GHz. N\u00e4r en enhet \u00e4r innesluten i ryggs\u00e4cken kan inga appar eller skadlig kod fj\u00e4rrutl\u00f6sas eller raderas, ingen kommunikation kan tr\u00e4nga igenom och ingen kan komma \u00e5t mikrofonen, kameran, GPS-positionen eller data. Det skyddade facket utg\u00f6r ocks\u00e5 en barri\u00e4r mellan din kropp och skadlig EMF-str\u00e5lning och f\u00f6roreningar som h\u00e4rr\u00f6r fr\u00e5n enheter inuti.   <\/p>\n","protected":false},"featured_media":28996,"template":"","meta":[],"product_brand":[],"product_cat":[830,1078],"product_tag":[998,831,833,884,885],"berocket_brand":[],"class_list":{"0":"post-29886","1":"product","2":"type-product","3":"status-publish","4":"has-post-thumbnail","6":"product_cat-faraday-mission-darkness","7":"product_cat-faradayvaskor-ipad-datorer","8":"product_tag-faraday-bag-sv","9":"product_tag-faraday-skold","10":"product_tag-faraday-skydd","11":"product_tag-faraday-vaska-sv","12":"product_tag-sakerhetsfodral-sv","14":"first","15":"instock","16":"taxable","17":"shipping-taxable","18":"purchasable","19":"product-type-simple"},"_links":{"self":[{"href":"https:\/\/cryptsec.se\/sv\/wp-json\/wp\/v2\/product\/29886","targetHints":{"allow":["GET"]}}],"collection":[{"href":"https:\/\/cryptsec.se\/sv\/wp-json\/wp\/v2\/product"}],"about":[{"href":"https:\/\/cryptsec.se\/sv\/wp-json\/wp\/v2\/types\/product"}],"wp:featuredmedia":[{"embeddable":true,"href":"https:\/\/cryptsec.se\/sv\/wp-json\/wp\/v2\/media\/28996"}],"wp:attachment":[{"href":"https:\/\/cryptsec.se\/sv\/wp-json\/wp\/v2\/media?parent=29886"}],"wp:term":[{"taxonomy":"product_brand","embeddable":true,"href":"https:\/\/cryptsec.se\/sv\/wp-json\/wp\/v2\/product_brand?post=29886"},{"taxonomy":"product_cat","embeddable":true,"href":"https:\/\/cryptsec.se\/sv\/wp-json\/wp\/v2\/product_cat?post=29886"},{"taxonomy":"product_tag","embeddable":true,"href":"https:\/\/cryptsec.se\/sv\/wp-json\/wp\/v2\/product_tag?post=29886"},{"taxonomy":"berocket_brand","embeddable":true,"href":"https:\/\/cryptsec.se\/sv\/wp-json\/wp\/v2\/berocket_brand?post=29886"}],"curies":[{"name":"wp","href":"https:\/\/api.w.org\/{rel}","templated":true}]}}