{"id":29888,"date":"2024-11-18T12:56:26","date_gmt":"2024-11-18T11:56:26","guid":{"rendered":"https:\/\/cryptsec.se\/product\/mission-darkness-dronecloak\/"},"modified":"2024-11-18T12:56:26","modified_gmt":"2024-11-18T11:56:26","slug":"mission-darkness-dronecloak","status":"publish","type":"product","link":"https:\/\/cryptsec.se\/sv\/product\/mission-darkness-dronecloak\/","title":{"rendered":"Mission Darkness\u2122 DroneCloak"},"content":{"rendered":"<div id=\"s-36e3b951-160f-41d3-be50-4871764f8328\" class=\"shg-c shg-align-center\">\n<div class=\"shogun-heading-component\">\n<h1>Snabb utplacering f\u00f6r neutralisering av dr\u00f6narsignaler<\/h1>\n<\/div>\n<\/div>\n<div id=\"s-8a5fac2d-cf50-4143-9e44-e91126d42ce5\" class=\"shg-c \">\n<div class=\"shg-rich-text shg-theme-text-content\">\n<p>Mission Darkness DroneCloak \u00e4r ett kupolformat skydd med snabb utplacering som \u00e4r utformat f\u00f6r att neutralisera nedskjutna dr\u00f6nare efter att de har oskadliggjorts av en scrambler. N\u00e4r en dr\u00f6nare har gjorts obrukbar kan DroneCloak placeras ut fr\u00e5n ett s\u00e4kert avst\u00e5nd, vilket s\u00e4kerst\u00e4ller att dr\u00f6naren inte kan fj\u00e4rrstyras eller anv\u00e4ndas f\u00f6r att aktivera vapen ombord. Denna l\u00e4tta och b\u00e4rbara l\u00f6sning \u00e4r idealisk f\u00f6r milit\u00e4r personal som har till uppgift att s\u00e4kra luftrummet.  <\/p>\n<p><strong><span data-fontfamily=\"Coda\">Funktioner:<\/span><\/strong><\/p>\n<ul>\n<li><strong>Snabb utplacering:<\/strong> Utplacera DroneCloak p\u00e5 mindre \u00e4n 10 sekunder, vilket garanterar snabb och s\u00e4ker t\u00e4ckning av nedskjutna dr\u00f6nare. &#8211; L\u00e4tt att transportera: DroneCloak \u00e4r l\u00e4tt och kompakt och kan b\u00e4ras av f\u00e4ltpersonal f\u00f6r omedelbar utplacering i alla situationer. <\/li>\n<li><strong>Pneumatisk stolpe:<\/strong> Utrustad med ett pneumatiskt system f\u00f6r smidig och snabb installation, som str\u00e4cker sig f\u00f6r att t\u00e4cka dr\u00f6nare fr\u00e5n ett s\u00e4kert avst\u00e5nd.<\/li>\n<li><strong>Justerbar stolpe: <\/strong>DroneCloak levereras med en utdragbar st\u00e5ng som m\u00f6jligg\u00f6r utplacering p\u00e5 10-15 meters avst\u00e5nd f\u00f6r att uppr\u00e4tth\u00e5lla s\u00e4kerheten.<\/li>\n<li><strong>Blockering av signaler:<\/strong> Blockerar effektivt alla signaler till och fr\u00e5n dr\u00f6naren, vilket f\u00f6rhindrar fj\u00e4rrstyrning och att vapen kan aktiveras.<\/li>\n<\/ul>\n<\/div>\n<\/div>\n","protected":false},"excerpt":{"rendered":"<p>Mission Darkness DroneCloak \u00e4r ett kupolformat skydd med snabb utplacering som \u00e4r utformat f\u00f6r att neutralisera nedskjutna dr\u00f6nare efter att de har oskadliggjorts av en scrambler. N\u00e4r en dr\u00f6nare har gjorts obrukbar kan DroneCloak placeras ut fr\u00e5n ett s\u00e4kert avst\u00e5nd, vilket s\u00e4kerst\u00e4ller att dr\u00f6naren inte kan fj\u00e4rrstyras eller anv\u00e4ndas f\u00f6r att aktivera vapen ombord. Denna l\u00e4tta och b\u00e4rbara l\u00f6sning \u00e4r idealisk f\u00f6r milit\u00e4r personal som har till uppgift att s\u00e4kra luftrummet.  <\/p>\n","protected":false},"featured_media":39600,"template":"","meta":[],"product_brand":[],"product_cat":[1305,830],"product_tag":[1117,998,831,833,884,885],"berocket_brand":[],"class_list":{"0":"post-29888","1":"product","2":"type-product","3":"status-publish","4":"has-post-thumbnail","6":"product_cat-emp-shielding-sv","7":"product_cat-faraday-mission-darkness","8":"product_tag-faraday-sv","9":"product_tag-faraday-bag-sv","10":"product_tag-faraday-skold","11":"product_tag-faraday-skydd","12":"product_tag-faraday-vaska-sv","13":"product_tag-sakerhetsfodral-sv","15":"first","16":"instock","17":"taxable","18":"shipping-taxable","19":"purchasable","20":"product-type-simple"},"_links":{"self":[{"href":"https:\/\/cryptsec.se\/sv\/wp-json\/wp\/v2\/product\/29888","targetHints":{"allow":["GET"]}}],"collection":[{"href":"https:\/\/cryptsec.se\/sv\/wp-json\/wp\/v2\/product"}],"about":[{"href":"https:\/\/cryptsec.se\/sv\/wp-json\/wp\/v2\/types\/product"}],"wp:featuredmedia":[{"embeddable":true,"href":"https:\/\/cryptsec.se\/sv\/wp-json\/wp\/v2\/media\/39600"}],"wp:attachment":[{"href":"https:\/\/cryptsec.se\/sv\/wp-json\/wp\/v2\/media?parent=29888"}],"wp:term":[{"taxonomy":"product_brand","embeddable":true,"href":"https:\/\/cryptsec.se\/sv\/wp-json\/wp\/v2\/product_brand?post=29888"},{"taxonomy":"product_cat","embeddable":true,"href":"https:\/\/cryptsec.se\/sv\/wp-json\/wp\/v2\/product_cat?post=29888"},{"taxonomy":"product_tag","embeddable":true,"href":"https:\/\/cryptsec.se\/sv\/wp-json\/wp\/v2\/product_tag?post=29888"},{"taxonomy":"berocket_brand","embeddable":true,"href":"https:\/\/cryptsec.se\/sv\/wp-json\/wp\/v2\/berocket_brand?post=29888"}],"curies":[{"name":"wp","href":"https:\/\/api.w.org\/{rel}","templated":true}]}}