{"id":29889,"date":"2024-11-18T13:31:19","date_gmt":"2024-11-18T12:31:19","guid":{"rendered":"https:\/\/cryptsec.se\/product\/mission-darkness-faradayvaska-utan-fonster-for-surfplattor\/"},"modified":"2024-11-18T13:31:19","modified_gmt":"2024-11-18T12:31:19","slug":"mission-darkness-faradayvaska-utan-fonster-for-surfplattor","status":"publish","type":"product","link":"https:\/\/cryptsec.se\/sv\/product\/mission-darkness-faradayvaska-utan-fonster-for-surfplattor\/","title":{"rendered":"Mission Darkness\u2122 Faradayv\u00e4ska utan f\u00f6nster f\u00f6r surfplattor"},"content":{"rendered":"<p><img fetchpriority=\"high\" decoding=\"async\" class=\"aligncenter wp-image-28930 size-full\" src=\"https:\/\/cryptsec.se\/wp-content\/uploads\/2024\/11\/nedladdning-31-scaled.jpeg\" alt=\"\" width=\"2560\" height=\"1582\" srcset=\"https:\/\/cryptsec.se\/wp-content\/uploads\/2024\/11\/nedladdning-31-scaled.jpeg 2560w, https:\/\/cryptsec.se\/wp-content\/uploads\/2024\/11\/nedladdning-31-300x185.jpeg 300w, https:\/\/cryptsec.se\/wp-content\/uploads\/2024\/11\/nedladdning-31-1024x633.jpeg 1024w, https:\/\/cryptsec.se\/wp-content\/uploads\/2024\/11\/nedladdning-31-768x475.jpeg 768w, https:\/\/cryptsec.se\/wp-content\/uploads\/2024\/11\/nedladdning-31-1536x949.jpeg 1536w, https:\/\/cryptsec.se\/wp-content\/uploads\/2024\/11\/nedladdning-31-2048x1266.jpeg 2048w, https:\/\/cryptsec.se\/wp-content\/uploads\/2024\/11\/nedladdning-31-680x420.jpeg 680w\" sizes=\"(max-width: 2560px) 100vw, 2560px\" \/><\/p>\n<p>&nbsp;<\/p>\n<p><img decoding=\"async\" class=\"aligncenter wp-image-28932 size-full\" src=\"https:\/\/cryptsec.se\/wp-content\/uploads\/2024\/11\/Skarmavbild-2024-11-18-kl.-13.26.46.png\" alt=\"\" width=\"2668\" height=\"1326\" srcset=\"https:\/\/cryptsec.se\/wp-content\/uploads\/2024\/11\/Skarmavbild-2024-11-18-kl.-13.26.46.png 2560w, https:\/\/cryptsec.se\/wp-content\/uploads\/2024\/11\/Skarmavbild-2024-11-18-kl.-13.26.46-300x149.png 300w, https:\/\/cryptsec.se\/wp-content\/uploads\/2024\/11\/Skarmavbild-2024-11-18-kl.-13.26.46-1024x509.png 1024w, https:\/\/cryptsec.se\/wp-content\/uploads\/2024\/11\/Skarmavbild-2024-11-18-kl.-13.26.46-768x382.png 768w, https:\/\/cryptsec.se\/wp-content\/uploads\/2024\/11\/Skarmavbild-2024-11-18-kl.-13.26.46-1536x763.png 1536w, https:\/\/cryptsec.se\/wp-content\/uploads\/2024\/11\/Skarmavbild-2024-11-18-kl.-13.26.46-2048x1018.png 2048w, https:\/\/cryptsec.se\/wp-content\/uploads\/2024\/11\/Skarmavbild-2024-11-18-kl.-13.26.46-680x338.png 680w\" sizes=\"(max-width: 2668px) 100vw, 2668px\" \/><\/p>\n<p>&nbsp;<\/p>\n<div id=\"s-8a64a2c5-ecdb-4ca4-9e25-b0cf8e593367\" class=\"shg-c shg-align-center\">\n<div class=\"shogun-heading-component\">\n<h1><b>H\u00e5ll surfplattor och mellanstora enheter skyddade<\/b><\/h1>\n<\/div>\n<\/div>\n<div id=\"s-096281c5-04aa-4c17-9545-5b3e43da6c54\" class=\"shg-c \">\n<div class=\"shg-rich-text shg-theme-text-content\">\n<p>Mission Darkness\u2122 Faraday-v\u00e4skan utan f\u00f6nster f\u00f6r surfplattor blockerar helt alla tr\u00e5dl\u00f6sa signaler och h\u00e5ller medelstora elektroniska enheter skyddade f\u00f6r att f\u00f6rhindra hackning, sp\u00e5rning, spionage och korruption i v\u00e5rdkedjan. N\u00e4r en surfplatta \u00e4r ordentligt innesluten i v\u00e4skan kan inga appar eller skadlig kod fj\u00e4rrutl\u00f6sas eller raderas, ingen kommunikation kan tr\u00e4nga igenom och ingen kan komma \u00e5t mikrofonen, kameran, GPS-positionen eller data. Prim\u00e4ra anv\u00e4ndningsomr\u00e5den \u00e4r f\u00f6r brottsbek\u00e4mpning och milit\u00e4r kriminalteknisk bevisinsamling, f\u00f6rsvar mot datast\u00f6ld, personlig s\u00e4kerhet, EMP-skydd och f\u00f6r att f\u00f6rb\u00e4ttra den digitala integriteten.  <\/p>\n<p class=\"a-spacing-base\">V\u00e4skan \u00e4r tillverkad med ett slitstarkt och vattenavvisande yttermaterial i ballistisk nylon f\u00f6r att s\u00e4kerst\u00e4lla att enheter och faradayv\u00e4v h\u00e5ller sig torra och skyddade. Inredningen best\u00e5r av tv\u00e5 lager h\u00f6gsk\u00e4rmande <a href=\"https:\/\/mosequipment.com\/collections\/faraday-supplies\/products\/titanrf-faraday-fabric\" target=\"_blank\" rel=\"noopener\">TitanRF\u2122 Faraday Fabric<\/a> p\u00e5 alla sidor med dubbla parade s\u00f6mmar. V\u00e4skan blockerar alla tr\u00e5dl\u00f6sa signaler, inklusive WiFi (2,4 och 5 GHz), Bluetooth, mobilsignaler inklusive 5G-n\u00e4tverk, GPS, RFID, NFC och radiosignaler fr\u00e5n l\u00e5ga MHz till 40 GHz. Ytterligare produktegenskaper \u00e4r en s\u00e4ker dubbelrulle med kardborref\u00f6rslutning, unikt serienummer och en genomskinlig m\u00e4rkningsficka.<\/p>\n<p class=\"a-spacing-base\">V\u00e4skan anv\u00e4nds vanligtvis f\u00f6r att skydda enheter som surfplattor, eReaders, flera mobiltelefoner, GPS-enheter, transpondrar, komradio, digitalkameror, h\u00e5rddiskar, smarta hush\u00e5llsapparater och elektronik av liknande storlek.<\/p>\n<p><img decoding=\"async\" class=\"aligncenter wp-image-28934 size-full\" src=\"https:\/\/cryptsec.se\/wp-content\/uploads\/2024\/11\/Skarmavbild-2024-11-18-kl.-13.27.34.png\" alt=\"\" width=\"2676\" height=\"842\" srcset=\"https:\/\/cryptsec.se\/wp-content\/uploads\/2024\/11\/Skarmavbild-2024-11-18-kl.-13.27.34.png 2560w, https:\/\/cryptsec.se\/wp-content\/uploads\/2024\/11\/Skarmavbild-2024-11-18-kl.-13.27.34-300x94.png 300w, https:\/\/cryptsec.se\/wp-content\/uploads\/2024\/11\/Skarmavbild-2024-11-18-kl.-13.27.34-1024x322.png 1024w, https:\/\/cryptsec.se\/wp-content\/uploads\/2024\/11\/Skarmavbild-2024-11-18-kl.-13.27.34-768x242.png 768w, https:\/\/cryptsec.se\/wp-content\/uploads\/2024\/11\/Skarmavbild-2024-11-18-kl.-13.27.34-1536x483.png 1536w, https:\/\/cryptsec.se\/wp-content\/uploads\/2024\/11\/Skarmavbild-2024-11-18-kl.-13.27.34-2048x644.png 2048w, https:\/\/cryptsec.se\/wp-content\/uploads\/2024\/11\/Skarmavbild-2024-11-18-kl.-13.27.34-680x214.png 680w\" sizes=\"(max-width: 2676px) 100vw, 2676px\" \/><\/p>\n<\/div>\n<p>&nbsp;<\/p>\n<\/div>\n","protected":false},"excerpt":{"rendered":"<p>Mission Darkness\u2122 Faraday-v\u00e4skan utan f\u00f6nster f\u00f6r surfplattor blockerar helt alla tr\u00e5dl\u00f6sa signaler och h\u00e5ller medelstora elektroniska enheter skyddade f\u00f6r att f\u00f6rhindra hackning, sp\u00e5rning, spionage och korruption i v\u00e5rdkedjan. N\u00e4r en surfplatta \u00e4r ordentligt innesluten i v\u00e4skan kan inga appar eller skadlig kod fj\u00e4rrutl\u00f6sas eller raderas, ingen kommunikation kan tr\u00e4nga igenom och ingen kan komma \u00e5t mikrofonen, kameran, GPS-positionen eller data. Prim\u00e4ra anv\u00e4ndningsomr\u00e5den \u00e4r f\u00f6r brottsbek\u00e4mpning och milit\u00e4r kriminalteknisk bevisinsamling, f\u00f6rsvar mot datast\u00f6ld, personlig s\u00e4kerhet, EMP-skydd och f\u00f6r att f\u00f6rb\u00e4ttra den digitala integriteten.  <\/p>\n","protected":false},"featured_media":28923,"template":"","meta":[],"product_brand":[],"product_cat":[830,1078],"product_tag":[1117,998,831,833,884,885],"berocket_brand":[],"class_list":{"0":"post-29889","1":"product","2":"type-product","3":"status-publish","4":"has-post-thumbnail","6":"product_cat-faraday-mission-darkness","7":"product_cat-faradayvaskor-ipad-datorer","8":"product_tag-faraday-sv","9":"product_tag-faraday-bag-sv","10":"product_tag-faraday-skold","11":"product_tag-faraday-skydd","12":"product_tag-faraday-vaska-sv","13":"product_tag-sakerhetsfodral-sv","15":"first","16":"instock","17":"taxable","18":"shipping-taxable","19":"purchasable","20":"product-type-simple"},"_links":{"self":[{"href":"https:\/\/cryptsec.se\/sv\/wp-json\/wp\/v2\/product\/29889","targetHints":{"allow":["GET"]}}],"collection":[{"href":"https:\/\/cryptsec.se\/sv\/wp-json\/wp\/v2\/product"}],"about":[{"href":"https:\/\/cryptsec.se\/sv\/wp-json\/wp\/v2\/types\/product"}],"wp:featuredmedia":[{"embeddable":true,"href":"https:\/\/cryptsec.se\/sv\/wp-json\/wp\/v2\/media\/28923"}],"wp:attachment":[{"href":"https:\/\/cryptsec.se\/sv\/wp-json\/wp\/v2\/media?parent=29889"}],"wp:term":[{"taxonomy":"product_brand","embeddable":true,"href":"https:\/\/cryptsec.se\/sv\/wp-json\/wp\/v2\/product_brand?post=29889"},{"taxonomy":"product_cat","embeddable":true,"href":"https:\/\/cryptsec.se\/sv\/wp-json\/wp\/v2\/product_cat?post=29889"},{"taxonomy":"product_tag","embeddable":true,"href":"https:\/\/cryptsec.se\/sv\/wp-json\/wp\/v2\/product_tag?post=29889"},{"taxonomy":"berocket_brand","embeddable":true,"href":"https:\/\/cryptsec.se\/sv\/wp-json\/wp\/v2\/berocket_brand?post=29889"}],"curies":[{"name":"wp","href":"https:\/\/api.w.org\/{rel}","templated":true}]}}