{"id":29890,"date":"2024-11-18T13:38:59","date_gmt":"2024-11-18T12:38:59","guid":{"rendered":"https:\/\/cryptsec.se\/product\/mission-darkness-mojave-faraday-tablet-bag\/"},"modified":"2024-11-18T13:38:59","modified_gmt":"2024-11-18T12:38:59","slug":"mission-darkness-mojave-faraday-tablet-bag","status":"publish","type":"product","link":"https:\/\/cryptsec.se\/sv\/product\/mission-darkness-mojave-faraday-tablet-bag\/","title":{"rendered":"Mission Darkness\u2122 Mojave Faraday Tablet Bag"},"content":{"rendered":"<p><img fetchpriority=\"high\" decoding=\"async\" class=\"aligncenter wp-image-28945 size-full\" src=\"https:\/\/cryptsec.se\/wp-content\/uploads\/2024\/11\/nedladdning-32.jpeg\" alt=\"\" width=\"1920\" height=\"1187\" srcset=\"https:\/\/cryptsec.se\/wp-content\/uploads\/2024\/11\/nedladdning-32.jpeg 1920w, https:\/\/cryptsec.se\/wp-content\/uploads\/2024\/11\/nedladdning-32-300x185.jpeg 300w, https:\/\/cryptsec.se\/wp-content\/uploads\/2024\/11\/nedladdning-32-1024x633.jpeg 1024w, https:\/\/cryptsec.se\/wp-content\/uploads\/2024\/11\/nedladdning-32-768x475.jpeg 768w, https:\/\/cryptsec.se\/wp-content\/uploads\/2024\/11\/nedladdning-32-1536x950.jpeg 1536w, https:\/\/cryptsec.se\/wp-content\/uploads\/2024\/11\/nedladdning-32-680x420.jpeg 680w\" sizes=\"(max-width: 1920px) 100vw, 1920px\" \/><\/p>\n<div id=\"s-1823a6d4-8b11-495d-af5c-cea4c3ef159d\" class=\"shg-c shg-align-center\">\n<div class=\"shogun-heading-component\">\n<h1><b>Resv\u00e4ska i Mojave-serien med inbyggd Faraday-sleeve f\u00f6r surfplattor<\/b><\/h1>\n<\/div>\n<\/div>\n<div id=\"s-9edb0c80-f9bd-4264-817f-f10cfb5af92d\" class=\"shg-c shg-align-center\">\n<div class=\"shogun-heading-component\">\n<p>Mission Darkness\u2122 Mojave Faraday Tablet Bag \u00e4r en multifunktionell resv\u00e4ska med en inbyggd faradaysleeve som \u00e4r s\u00e4rskilt utformad f\u00f6r att skydda elektroniska enheter fr\u00e5n RF-signaler och f\u00f6rvara ofta anv\u00e4nda tillbeh\u00f6r, allt i ett snyggt fodral. De flesta faradayv\u00e4skor eller burar \u00e4r endast utformade f\u00f6r sin prim\u00e4ra funktion, vilket \u00e4r att isolera enheter, men Mojave Faraday Tablet Bag erbjuder inbyggda funktioner och tillbeh\u00f6rsfickor s\u00e5 att allt du beh\u00f6ver \u00e4r det dolda fodralet f\u00f6r daglig anv\u00e4ndning och resor. Den smala storleken och det \u00f6vre handtaget g\u00f6r att du kan b\u00e4ra med dig fodralet eller enkelt f\u00f6rvara det i en st\u00f6rre v\u00e4ska eller ryggs\u00e4ck, samtidigt som det erbjuder en l\u00f6sning f\u00f6r att h\u00e5lla dina ofta anv\u00e4nda vardagsf\u00f6rem\u00e5l organiserade p\u00e5 ett st\u00e4lle. V\u00e4skan packas upp och f\u00e4lls ihop och visar upp en faradayhylsa p\u00e5 ena sidan och osk\u00e4rmade tillbeh\u00f6rsfack p\u00e5 den motsatta sidan. Faraday-facket \u00e4r konstruerat med tv\u00e5 inre lager av h\u00f6gskyddande <a href=\"https:\/\/mosequipment.com\/collections\/faraday-supplies\/products\/titanrf-faraday-fabric\" target=\"_blank\" rel=\"noopener\">TitanRF\u2122 Faraday-tyg<\/a> med dubbla s\u00f6mmar, vilket ger fullst\u00e4ndig signalisolering f\u00f6r elektroniska enheter som \u00e4r inneslutna i facket. Faraday-facket \u00e4r tillr\u00e4ckligt stort f\u00f6r alla surfplattor och eReaders i konsumentstorlek, flera mobiltelefoner och enheter av liknande storlek. Tillbeh\u00f6rsfacken inneh\u00e5ller en dokumentficka och tv\u00e5 mindre n\u00e4tfickor med dragkedja, plus ett elastiskt band f\u00f6r att h\u00e5lla en penna eller nycklar p\u00e5 plats, allt tillsammans den perfekta l\u00f6sningen f\u00f6r att h\u00e5lla f\u00f6rem\u00e5l som pl\u00e5nbok, nyckelring, laddare, pass, h\u00f6rlurar eller andra tillbeh\u00f6r organiserade och l\u00e4ttillg\u00e4ngliga. De separata sektionerna g\u00f6r att du kan h\u00e5lla enheter skyddade fr\u00e5n RF-signaler i faradayfodralet medan du kommer \u00e5t f\u00f6rem\u00e5l i ytterligare fack. Fodralets yttre stoppning ger fysiskt skydd f\u00f6r de f\u00f6rem\u00e5l som f\u00f6rvaras inuti. Mojave Faraday Tablet Bag s\u00e4kerst\u00e4ller att din surfplatta eller mobila enhet inte kan kommuniceras med n\u00e4r den \u00e4r innesluten i faradaysleeve-facket, vilket blockerar hackning, sp\u00e5rning, fj\u00e4rr\u00e5tkomst till kameran och mikrofonen och datakopiering eller korruption. Det lyxiga inkapslingssystemet anv\u00e4nds ofta f\u00f6r att skydda digital integritet och personuppgifter under flygresor, konfidentiella m\u00f6ten, pendling, p\u00e5 livliga platser etc. <\/p>\n<p><img decoding=\"async\" class=\"aligncenter wp-image-28947 size-full\" src=\"https:\/\/cryptsec.se\/wp-content\/uploads\/2024\/11\/nedladdning-6.avif\" alt=\"\" width=\"1500\" height=\"686\" srcset=\"https:\/\/cryptsec.se\/wp-content\/uploads\/2024\/11\/nedladdning-6.avif 1500w, https:\/\/cryptsec.se\/wp-content\/uploads\/2024\/11\/nedladdning-6-300x137.jpg 300w, https:\/\/cryptsec.se\/wp-content\/uploads\/2024\/11\/nedladdning-6-1024x468.jpg 1024w, https:\/\/cryptsec.se\/wp-content\/uploads\/2024\/11\/nedladdning-6-768x351.jpg 768w, https:\/\/cryptsec.se\/wp-content\/uploads\/2024\/11\/nedladdning-6-680x311.jpg 680w\" sizes=\"(max-width: 1500px) 100vw, 1500px\" \/><\/p>\n<p><img decoding=\"async\" class=\"aligncenter wp-image-28949 size-full\" src=\"https:\/\/cryptsec.se\/wp-content\/uploads\/2024\/11\/Skarmavbild-2024-11-18-kl.-13.38.03.png\" alt=\"\" width=\"2666\" height=\"1430\" srcset=\"https:\/\/cryptsec.se\/wp-content\/uploads\/2024\/11\/Skarmavbild-2024-11-18-kl.-13.38.03.png 2560w, https:\/\/cryptsec.se\/wp-content\/uploads\/2024\/11\/Skarmavbild-2024-11-18-kl.-13.38.03-300x161.png 300w, https:\/\/cryptsec.se\/wp-content\/uploads\/2024\/11\/Skarmavbild-2024-11-18-kl.-13.38.03-1024x549.png 1024w, https:\/\/cryptsec.se\/wp-content\/uploads\/2024\/11\/Skarmavbild-2024-11-18-kl.-13.38.03-768x412.png 768w, https:\/\/cryptsec.se\/wp-content\/uploads\/2024\/11\/Skarmavbild-2024-11-18-kl.-13.38.03-1536x824.png 1536w, https:\/\/cryptsec.se\/wp-content\/uploads\/2024\/11\/Skarmavbild-2024-11-18-kl.-13.38.03-2048x1099.png 2048w, https:\/\/cryptsec.se\/wp-content\/uploads\/2024\/11\/Skarmavbild-2024-11-18-kl.-13.38.03-680x365.png 680w\" sizes=\"(max-width: 2666px) 100vw, 2666px\" \/><\/p>\n<\/div>\n<\/div>\n","protected":false},"excerpt":{"rendered":"<p>Mission Darkness\u2122 Mojave Faraday Tablet Bag \u00e4r en multifunktionell resv\u00e4ska med en inbyggd faradaysleeve som \u00e4r s\u00e4rskilt utformad f\u00f6r att skydda elektroniska enheter fr\u00e5n RF-signaler och f\u00f6rvara ofta anv\u00e4nda tillbeh\u00f6r, allt i ett snyggt fodral. De flesta faradayv\u00e4skor eller burar \u00e4r endast utformade f\u00f6r sin prim\u00e4ra funktion, som \u00e4r att isolera enheter, men Mojave Faraday Tablet Bag erbjuder inbyggda funktioner och tillbeh\u00f6rsfickor s\u00e5 att allt du beh\u00f6ver \u00e4r det dolda fodralet f\u00f6r daglig anv\u00e4ndning och resor. <\/p>\n","protected":false},"featured_media":28938,"template":"","meta":[],"product_brand":[],"product_cat":[830,1078],"product_tag":[1117,998,831,833,884,885],"berocket_brand":[],"class_list":{"0":"post-29890","1":"product","2":"type-product","3":"status-publish","4":"has-post-thumbnail","6":"product_cat-faraday-mission-darkness","7":"product_cat-faradayvaskor-ipad-datorer","8":"product_tag-faraday-sv","9":"product_tag-faraday-bag-sv","10":"product_tag-faraday-skold","11":"product_tag-faraday-skydd","12":"product_tag-faraday-vaska-sv","13":"product_tag-sakerhetsfodral-sv","15":"first","16":"instock","17":"featured","18":"taxable","19":"shipping-taxable","20":"purchasable","21":"product-type-simple"},"_links":{"self":[{"href":"https:\/\/cryptsec.se\/sv\/wp-json\/wp\/v2\/product\/29890","targetHints":{"allow":["GET"]}}],"collection":[{"href":"https:\/\/cryptsec.se\/sv\/wp-json\/wp\/v2\/product"}],"about":[{"href":"https:\/\/cryptsec.se\/sv\/wp-json\/wp\/v2\/types\/product"}],"wp:featuredmedia":[{"embeddable":true,"href":"https:\/\/cryptsec.se\/sv\/wp-json\/wp\/v2\/media\/28938"}],"wp:attachment":[{"href":"https:\/\/cryptsec.se\/sv\/wp-json\/wp\/v2\/media?parent=29890"}],"wp:term":[{"taxonomy":"product_brand","embeddable":true,"href":"https:\/\/cryptsec.se\/sv\/wp-json\/wp\/v2\/product_brand?post=29890"},{"taxonomy":"product_cat","embeddable":true,"href":"https:\/\/cryptsec.se\/sv\/wp-json\/wp\/v2\/product_cat?post=29890"},{"taxonomy":"product_tag","embeddable":true,"href":"https:\/\/cryptsec.se\/sv\/wp-json\/wp\/v2\/product_tag?post=29890"},{"taxonomy":"berocket_brand","embeddable":true,"href":"https:\/\/cryptsec.se\/sv\/wp-json\/wp\/v2\/berocket_brand?post=29890"}],"curies":[{"name":"wp","href":"https:\/\/api.w.org\/{rel}","templated":true}]}}