{"id":29891,"date":"2024-11-18T13:45:42","date_gmt":"2024-11-18T12:45:42","guid":{"rendered":"https:\/\/cryptsec.se\/product\/mission-darkness-window-faraday-vaska-for-surfplattor\/"},"modified":"2024-11-18T13:45:42","modified_gmt":"2024-11-18T12:45:42","slug":"mission-darkness-window-faraday-vaska-for-surfplattor","status":"publish","type":"product","link":"https:\/\/cryptsec.se\/sv\/product\/mission-darkness-window-faraday-vaska-for-surfplattor\/","title":{"rendered":"Mission Darkness\u2122 Window Faraday-v\u00e4ska f\u00f6r surfplattor"},"content":{"rendered":"<p><img fetchpriority=\"high\" decoding=\"async\" class=\"aligncenter wp-image-28960 size-full\" src=\"https:\/\/cryptsec.se\/wp-content\/uploads\/2024\/11\/nedladdning-33.jpeg\" alt=\"\" width=\"1500\" height=\"928\" srcset=\"https:\/\/cryptsec.se\/wp-content\/uploads\/2024\/11\/nedladdning-33.jpeg 1500w, https:\/\/cryptsec.se\/wp-content\/uploads\/2024\/11\/nedladdning-33-300x186.jpeg 300w, https:\/\/cryptsec.se\/wp-content\/uploads\/2024\/11\/nedladdning-33-1024x634.jpeg 1024w, https:\/\/cryptsec.se\/wp-content\/uploads\/2024\/11\/nedladdning-33-768x475.jpeg 768w, https:\/\/cryptsec.se\/wp-content\/uploads\/2024\/11\/nedladdning-33-680x421.jpeg 680w\" sizes=\"(max-width: 1500px) 100vw, 1500px\" \/><\/p>\n<p><b style=\"font-size: 30px;\">H\u00e5ll surfplattor och medelstora enheter skyddade<\/b><\/p>\n<div id=\"s-ad2706c7-d12d-47c8-9853-ebccc93924ac\" class=\"shg-c shg-align-center\">\n<div class=\"shogun-heading-component\">\n<p>Mission Darkness\u2122 Window Faraday Bag f\u00f6r surfplattor blockerar helt alla tr\u00e5dl\u00f6sa signaler och h\u00e5ller medelstora elektroniska enheter skyddade f\u00f6r att f\u00f6rhindra hackning, sp\u00e5rning, spionage och korruption i v\u00e5rdkedjan. N\u00e4r en surfplatta \u00e4r ordentligt innesluten i v\u00e4skan kan inga appar eller skadlig kod fj\u00e4rrutl\u00f6sas eller raderas, ingen kommunikation kan tr\u00e4nga igenom och ingen kan komma \u00e5t mikrofonen, kameran, GPS-positionen eller data.  De prim\u00e4ra anv\u00e4ndningsomr\u00e5dena \u00e4r polis och milit\u00e4r f\u00f6r insamling av kriminaltekniska bevis, f\u00f6rsvar mot datast\u00f6ld, personlig s\u00e4kerhet, EMP-skydd, minskning av EMF-str\u00e5lning och f\u00f6r att f\u00f6rb\u00e4ttra den digitala integriteten.<\/p>\n<p class=\"a-spacing-base\">V\u00e4skan \u00e4r tillverkad med ett slitstarkt och vattenavvisande yttermaterial i ballistisk nylon f\u00f6r att s\u00e4kerst\u00e4lla att enheter och faradayv\u00e4v h\u00e5ller sig torra och skyddade. Inredningen best\u00e5r av tv\u00e5 lager h\u00f6gsk\u00e4rmande <a href=\"https:\/\/mosequipment.com\/collections\/faraday-supplies\/products\/titanrf-faraday-fabric\" target=\"_blank\" rel=\"noopener\">TitanRF\u2122 Faraday Fabric<\/a> p\u00e5 alla sidor med dubbla parade s\u00f6mmar. I f\u00f6rhandsgranskningsf\u00f6nstret kan anv\u00e4ndaren se inneh\u00e5llet inuti, enhetens batteritid och bekr\u00e4fta signalavst\u00e4ngning. V\u00e4skan blockerar alla tr\u00e5dl\u00f6sa signaler, inklusive WiFi (2,4 och 5 GHz), Bluetooth, mobilsignaler inklusive 5G-n\u00e4tverk, GPS, RFID, NFC och radiosignaler fr\u00e5n l\u00e5ga MHz till 40 GHz. Ytterligare produktegenskaper \u00e4r en s\u00e4ker dubbelrulle med kardborref\u00f6rslutning, unikt serienummer och en genomskinlig m\u00e4rkningsficka.<\/p>\n<p class=\"a-spacing-base\">V\u00e4skan anv\u00e4nds vanligtvis f\u00f6r att skydda enheter som surfplattor, eReaders, flera mobiltelefoner, GPS-enheter, transpondrar, komradio, digitalkameror, h\u00e5rddiskar, smarta hush\u00e5llsapparater och elektronik av liknande storlek.<\/p>\n<\/div>\n<p><img decoding=\"async\" class=\"aligncenter wp-image-28962 size-full\" src=\"https:\/\/cryptsec.se\/wp-content\/uploads\/2024\/11\/Skarmavbild-2024-11-18-kl.-13.44.33.png\" alt=\"\" width=\"2648\" height=\"1136\" srcset=\"https:\/\/cryptsec.se\/wp-content\/uploads\/2024\/11\/Skarmavbild-2024-11-18-kl.-13.44.33.png 2560w, https:\/\/cryptsec.se\/wp-content\/uploads\/2024\/11\/Skarmavbild-2024-11-18-kl.-13.44.33-300x129.png 300w, https:\/\/cryptsec.se\/wp-content\/uploads\/2024\/11\/Skarmavbild-2024-11-18-kl.-13.44.33-1024x439.png 1024w, https:\/\/cryptsec.se\/wp-content\/uploads\/2024\/11\/Skarmavbild-2024-11-18-kl.-13.44.33-768x329.png 768w, https:\/\/cryptsec.se\/wp-content\/uploads\/2024\/11\/Skarmavbild-2024-11-18-kl.-13.44.33-1536x659.png 1536w, https:\/\/cryptsec.se\/wp-content\/uploads\/2024\/11\/Skarmavbild-2024-11-18-kl.-13.44.33-2048x879.png 2048w, https:\/\/cryptsec.se\/wp-content\/uploads\/2024\/11\/Skarmavbild-2024-11-18-kl.-13.44.33-680x292.png 680w\" sizes=\"(max-width: 2648px) 100vw, 2648px\" \/><\/p>\n<\/div>\n<p><img decoding=\"async\" class=\"aligncenter wp-image-28964 size-full\" src=\"https:\/\/cryptsec.se\/wp-content\/uploads\/2024\/11\/nedladdning-34.jpeg\" alt=\"\" width=\"1500\" height=\"893\" srcset=\"https:\/\/cryptsec.se\/wp-content\/uploads\/2024\/11\/nedladdning-34.jpeg 1500w, https:\/\/cryptsec.se\/wp-content\/uploads\/2024\/11\/nedladdning-34-300x179.jpeg 300w, https:\/\/cryptsec.se\/wp-content\/uploads\/2024\/11\/nedladdning-34-1024x610.jpeg 1024w, https:\/\/cryptsec.se\/wp-content\/uploads\/2024\/11\/nedladdning-34-768x457.jpeg 768w, https:\/\/cryptsec.se\/wp-content\/uploads\/2024\/11\/nedladdning-34-680x405.jpeg 680w\" sizes=\"(max-width: 1500px) 100vw, 1500px\" \/><\/p>\n","protected":false},"excerpt":{"rendered":"<p>Mission Darkness\u2122 Window Faraday Bag f\u00f6r surfplattor blockerar helt alla tr\u00e5dl\u00f6sa signaler och h\u00e5ller medelstora elektroniska enheter skyddade f\u00f6r att f\u00f6rhindra hackning, sp\u00e5rning, spionage och korruption i v\u00e5rdkedjan. N\u00e4r en surfplatta \u00e4r ordentligt innesluten i v\u00e4skan kan inga appar eller skadlig kod fj\u00e4rrutl\u00f6sas eller raderas, ingen kommunikation kan tr\u00e4nga igenom och ingen kan komma \u00e5t mikrofonen, kameran, GPS-positionen eller data.  De prim\u00e4ra anv\u00e4ndningsomr\u00e5dena \u00e4r polis och milit\u00e4r f\u00f6r insamling av kriminaltekniska bevis, f\u00f6rsvar mot datast\u00f6ld, personlig s\u00e4kerhet, EMP-skydd, minskning av EMF-str\u00e5lning och f\u00f6r att f\u00f6rb\u00e4ttra den digitala integriteten.<\/p>\n","protected":false},"featured_media":28953,"template":"","meta":[],"product_brand":[],"product_cat":[830,1078],"product_tag":[1117,998,831,833,884,885],"berocket_brand":[],"class_list":{"0":"post-29891","1":"product","2":"type-product","3":"status-publish","4":"has-post-thumbnail","6":"product_cat-faraday-mission-darkness","7":"product_cat-faradayvaskor-ipad-datorer","8":"product_tag-faraday-sv","9":"product_tag-faraday-bag-sv","10":"product_tag-faraday-skold","11":"product_tag-faraday-skydd","12":"product_tag-faraday-vaska-sv","13":"product_tag-sakerhetsfodral-sv","15":"first","16":"instock","17":"taxable","18":"shipping-taxable","19":"purchasable","20":"product-type-simple"},"_links":{"self":[{"href":"https:\/\/cryptsec.se\/sv\/wp-json\/wp\/v2\/product\/29891","targetHints":{"allow":["GET"]}}],"collection":[{"href":"https:\/\/cryptsec.se\/sv\/wp-json\/wp\/v2\/product"}],"about":[{"href":"https:\/\/cryptsec.se\/sv\/wp-json\/wp\/v2\/types\/product"}],"wp:featuredmedia":[{"embeddable":true,"href":"https:\/\/cryptsec.se\/sv\/wp-json\/wp\/v2\/media\/28953"}],"wp:attachment":[{"href":"https:\/\/cryptsec.se\/sv\/wp-json\/wp\/v2\/media?parent=29891"}],"wp:term":[{"taxonomy":"product_brand","embeddable":true,"href":"https:\/\/cryptsec.se\/sv\/wp-json\/wp\/v2\/product_brand?post=29891"},{"taxonomy":"product_cat","embeddable":true,"href":"https:\/\/cryptsec.se\/sv\/wp-json\/wp\/v2\/product_cat?post=29891"},{"taxonomy":"product_tag","embeddable":true,"href":"https:\/\/cryptsec.se\/sv\/wp-json\/wp\/v2\/product_tag?post=29891"},{"taxonomy":"berocket_brand","embeddable":true,"href":"https:\/\/cryptsec.se\/sv\/wp-json\/wp\/v2\/berocket_brand?post=29891"}],"curies":[{"name":"wp","href":"https:\/\/api.w.org\/{rel}","templated":true}]}}