{"id":29893,"date":"2024-11-18T13:58:19","date_gmt":"2024-11-18T12:58:19","guid":{"rendered":"https:\/\/cryptsec.se\/product\/mission-darkness-neolok-faradayvaska-for-surfplattor-med-batterikit\/"},"modified":"2024-11-18T13:58:19","modified_gmt":"2024-11-18T12:58:19","slug":"mission-darkness-neolok-faradayvaska-for-surfplattor-med-batterikit","status":"publish","type":"product","link":"https:\/\/cryptsec.se\/sv\/product\/mission-darkness-neolok-faradayvaska-for-surfplattor-med-batterikit\/","title":{"rendered":"Mission Darkness\u2122 NeoLok Faradayv\u00e4ska f\u00f6r surfplattor med batterikit"},"content":{"rendered":"<p><img fetchpriority=\"high\" decoding=\"async\" class=\"aligncenter wp-image-28986 size-full\" src=\"https:\/\/cryptsec.se\/wp-content\/uploads\/2024\/11\/nedladdning-36.jpeg\" alt=\"\" width=\"1500\" height=\"928\" srcset=\"https:\/\/cryptsec.se\/wp-content\/uploads\/2024\/11\/nedladdning-36.jpeg 1500w, https:\/\/cryptsec.se\/wp-content\/uploads\/2024\/11\/nedladdning-36-300x186.jpeg 300w, https:\/\/cryptsec.se\/wp-content\/uploads\/2024\/11\/nedladdning-36-1024x634.jpeg 1024w, https:\/\/cryptsec.se\/wp-content\/uploads\/2024\/11\/nedladdning-36-768x475.jpeg 768w, https:\/\/cryptsec.se\/wp-content\/uploads\/2024\/11\/nedladdning-36-680x421.jpeg 680w\" sizes=\"(max-width: 1500px) 100vw, 1500px\" \/><\/p>\n<h1><b>H\u00e5ll surfplattorna laddade och skyddade under transport<\/b><\/h1>\n<div id=\"s-bab6a3e1-80f5-4873-8ed0-46bb03567356\" class=\"shg-c \">\n<div class=\"shogun-heading-component\">\n<h2><b>Laddningssats ing\u00e5r<\/b><\/h2>\n<\/div>\n<\/div>\n<div id=\"s-cf98e6cd-5ad2-408e-8387-409f8dce9de8\" class=\"shg-c \">\n<div class=\"shg-row\" data-col-grid-mode-on=\"\">\n<div class=\"shg-c-lg-8 shg-c-md-8 shg-c-sm-8 shg-c-xs-12\">\n<div id=\"s-a878ec68-eee6-4d42-bb82-80ec2e8094ba\" class=\"shg-c \">\n<div class=\"shg-rich-text shg-theme-text-content\">\n<p>Mission Darkness\u2122 NeoLok\u2122 Faraday Bag f\u00f6r surfplattor med batterikit \u00e4r utformad f\u00f6r att ladda en enhet samtidigt som den \u00e4r skyddad fr\u00e5n RF-signaler. Den unika satsen, som \u00e4r specialbyggd f\u00f6r kriminalteknik, inneh\u00e5ller en NeoLok faradayv\u00e4ska med magnetisk f\u00f6rslutning som \u00e4r tillr\u00e4ckligt stor f\u00f6r att rymma en stor surfplatta plus medf\u00f6ljande tillbeh\u00f6r, ett transparent sk\u00e4rmat f\u00f6nster f\u00f6r att se batteriets indikatorlampa och ett yttre blixtl\u00e5sfack f\u00f6r att f\u00f6rvara USB-powerbanken p\u00e5 19 200 mAh plus <a href=\"https:\/\/mosequipment.com\/products\/cable-set\" target=\"_blank\" rel=\"noopener\">kabelsats<\/a>. Vi inkluderar separata h\u00f6gkvalitativa kablar (universalvinkel USB A\/M till A\/M, lightning till USB, USB micro, USB-C och USB-f\u00f6rl\u00e4ngning) i st\u00e4llet f\u00f6r en enda multikabel f\u00f6r att \u00f6ka effektiviteten och minska risken f\u00f6r kabelfel. Vid anv\u00e4ndning visar det skyddade f\u00f6nstret batteriets str\u00f6mniv\u00e5 och bekr\u00e4ftar att enheten laddas inuti v\u00e4skan. Batterisatsen g\u00f6r det m\u00f6jligt f\u00f6r anv\u00e4ndare att h\u00e5lla en enhet str\u00f6mf\u00f6rs\u00f6rjd i flera dagar efter ett anfall, tills den kan inspekteras och analyseras i ett laboratorium. Denna viktiga funktion \u00e4r utformad f\u00f6r att f\u00f6rhindra lockout-l\u00e4ge och minska den tid som kr\u00e4vs f\u00f6r att kn\u00e4cka en l\u00f6senkod, vilket m\u00f6jligg\u00f6r maximal datautvinning och uppl\u00e5sning med verktyg som GrayKey, Cellebrite, XRY, BlackBag, Oxygen etc.  <\/p>\n<p><strong>* <a href=\"https:\/\/mosequipment.com\/products\/power-bank\" target=\"_blank\" rel=\"noopener\">Vigilant Volt Forensic Data Preserving Power Bank<\/a> som ing\u00e5r laddar kontinuerligt enheten n\u00e4r den n\u00e5r 100% effekt. Detta \u00e4r en viktig funktion f\u00f6r digital kriminalteknik, eftersom den s\u00e4kerst\u00e4ller att enheten f\u00f6rblir laddad. Standard powerbanks slutar att avge str\u00f6m n\u00e4r de uppt\u00e4cker att den enhet som \u00e4r ansluten till dem \u00e4r fulladdad.  <\/strong><\/p>\n<div id=\"s-91a522cd-950a-4fee-843c-ee35c1993da5\" class=\"shg-c \">\n<div class=\"shogun-heading-component\">\n<h2><b>H\u00f6gkvalitativ konstruktion<\/b><\/h2>\n<\/div>\n<\/div>\n<div id=\"s-6768428b-49dd-4ae7-8a25-2a0eb40f5cb4\" class=\"shg-c \">\n<div class=\"shg-rich-text shg-theme-text-content\">\n<p>V\u00e4skan \u00e4r tillverkad med ett slitstarkt och vattenavvisande yttermaterial i ballistisk nylon f\u00f6r att s\u00e4kerst\u00e4lla att enheter och faradayv\u00e4v h\u00e5ller sig torra och skyddade. Inredningen best\u00e5r av tv\u00e5 lager h\u00f6gsk\u00e4rmande <a href=\"https:\/\/mosequipment.com\/collections\/faraday-supplies\/products\/titanrf-faraday-fabric\" target=\"_blank\" rel=\"noopener\">TitanRF\u2122 Faraday Fabric<\/a> p\u00e5 alla sidor med dubbla parade s\u00f6mmar. V\u00e4skan blockerar alla tr\u00e5dl\u00f6sa signaler, inklusive WiFi (2,4 och 5 GHz), Bluetooth, mobilsignaler inklusive 5G-n\u00e4tverk, GPS, RFID, NFC och radiosignaler fr\u00e5n l\u00e5ga MHz till 40 GHz. Den anv\u00e4nds f\u00f6r att h\u00e5lla medelstora elektroniska enheter skyddade f\u00f6r att f\u00f6rhindra hackning, sp\u00e5rning, spionage och korruption i v\u00e5rdkedjan. N\u00e4r en surfplatta eller mobiltelefon \u00e4r innesluten i v\u00e4skan kan inga appar eller skadlig kod fj\u00e4rrutl\u00f6sas eller raderas, ingen kommunikation kan tr\u00e4nga igenom och ingen kan komma \u00e5t mikrofonen, kameran, GPS-positionen eller data. <\/p>\n<\/div>\n<\/div>\n<div id=\"s-1346be3a-7ffb-4d88-aa1d-d11672b408f1\" class=\"shg-c \">\n<div class=\"shogun-heading-component\">\n<h2><b>Patenterad NeoLok magnetisk st\u00e4ngning<\/b><\/h2>\n<\/div>\n<\/div>\n<div id=\"s-386746bd-c16e-48a0-8a1c-b291941f6050\" class=\"shg-c \">\n<div class=\"shg-rich-text shg-theme-text-content\">\n<p>Det patenterade NeoLok-st\u00e4ngningssystemet g\u00f6r det m\u00f6jligt f\u00f6r operat\u00f6ren att enkelt st\u00e4nga v\u00e4skan med hj\u00e4lp av en dubbel rulle och en stark magnetisk t\u00e4tning som h\u00e5ller rullen p\u00e5 plats. Ett snabbkn\u00e4ppningsband \u00f6ver rullen ger extra skydd f\u00f6r f\u00f6rslutningen. Snabbkn\u00e4ppningsbandet ska anv\u00e4ndas vid transport av p\u00e5sen, men kan lossas n\u00e4r p\u00e5sen l\u00e4ggs i en kriminalteknisk l\u00e5da eller analysbox. Anv\u00e4ndaren kan enkelt \u00f6ppna p\u00e5sen inuti en analysbox utan att beh\u00f6va oroa sig f\u00f6r att skada ledande handskar, i motsats till p\u00e5sar med kardborref\u00f6rslutning som kan orsaka n\u00f6tning. NeoLok Faraday-p\u00e5sar \u00e4r kompatibla med Mission Darkness-analyssk\u00e5p som <a href=\"https:\/\/mosequipment.com\/collections\/all-products\/products\/mission-darkness-br-blockbox-lab\" target=\"_blank\" rel=\"noopener\">BlockBox Lab-<\/a> och <a href=\"https:\/\/mosequipment.com\/collections\/all-products\/products\/mission-darkness-blockbox-touch-usb-3-0\" target=\"_blank\" rel=\"noopener\">BlockBox Touch-serierna<\/a>.    <\/p>\n<\/div>\n<\/div>\n<div id=\"s-5895193f-84f7-43b1-a9ec-f54ade121e9e\" class=\"shg-c \">\n<div class=\"shg-rich-text shg-theme-text-content\">\n<p><strong>L\u00e4s blogginl\u00e4gget f\u00f6r att l\u00e4ra dig mer om f\u00f6rdelarna med att anv\u00e4nda NeoLok Faraday Bag med batterisats f\u00f6r att skydda digitala bevis.<\/strong><\/p>\n<\/div>\n<p><img decoding=\"async\" class=\"aligncenter wp-image-28988 size-full\" src=\"https:\/\/cryptsec.se\/wp-content\/uploads\/2024\/11\/nedladdning-37-scaled.jpeg\" alt=\"\" width=\"2560\" height=\"1920\" srcset=\"https:\/\/cryptsec.se\/wp-content\/uploads\/2024\/11\/nedladdning-37-scaled.jpeg 2560w, https:\/\/cryptsec.se\/wp-content\/uploads\/2024\/11\/nedladdning-37-300x225.jpeg 300w, https:\/\/cryptsec.se\/wp-content\/uploads\/2024\/11\/nedladdning-37-1024x768.jpeg 1024w, https:\/\/cryptsec.se\/wp-content\/uploads\/2024\/11\/nedladdning-37-768x576.jpeg 768w, https:\/\/cryptsec.se\/wp-content\/uploads\/2024\/11\/nedladdning-37-1536x1152.jpeg 1536w, https:\/\/cryptsec.se\/wp-content\/uploads\/2024\/11\/nedladdning-37-2048x1536.jpeg 2048w, https:\/\/cryptsec.se\/wp-content\/uploads\/2024\/11\/nedladdning-37-680x510.jpeg 680w\" sizes=\"(max-width: 2560px) 100vw, 2560px\" \/><\/p>\n<h2><b>RF-sk\u00e4rmade laddningsl\u00f6sningar f\u00f6r l\u00e5ng tid fram\u00f6ver<\/b><\/h2>\n<p>Om du beh\u00f6ver en l\u00e5ngsiktig eller obegr\u00e4nsad RF-sk\u00e4rmad laddningsl\u00f6sning, i motsats till en tillf\u00e4llig l\u00f6sning, kan du v\u00e4lja bland f\u00f6ljande produkter som \u00e4r byggda med dubbelsidiga USB-filter genom p\u00e5sen. De g\u00f6r att enheterna kan f\u00f6rbli skyddade och f\u00e5 str\u00f6m p\u00e5 obest\u00e4md tid (n\u00e4r de \u00e4r anslutna till en laddningsk\u00e4lla). Anv\u00e4ndaren kan enkelt v\u00e4xla fr\u00e5n str\u00f6m till ett verktyg f\u00f6r datautvinning n\u00e4r analysen ska g\u00f6ras.  <\/p>\n<p><img decoding=\"async\" class=\"aligncenter wp-image-28990 size-full\" src=\"https:\/\/cryptsec.se\/wp-content\/uploads\/2024\/11\/Skarmavbild-2024-11-18-kl.-13.57.51.png\" alt=\"\" width=\"2656\" height=\"994\" srcset=\"https:\/\/cryptsec.se\/wp-content\/uploads\/2024\/11\/Skarmavbild-2024-11-18-kl.-13.57.51.png 2560w, https:\/\/cryptsec.se\/wp-content\/uploads\/2024\/11\/Skarmavbild-2024-11-18-kl.-13.57.51-300x112.png 300w, https:\/\/cryptsec.se\/wp-content\/uploads\/2024\/11\/Skarmavbild-2024-11-18-kl.-13.57.51-1024x383.png 1024w, https:\/\/cryptsec.se\/wp-content\/uploads\/2024\/11\/Skarmavbild-2024-11-18-kl.-13.57.51-768x287.png 768w, https:\/\/cryptsec.se\/wp-content\/uploads\/2024\/11\/Skarmavbild-2024-11-18-kl.-13.57.51-1536x575.png 1536w, https:\/\/cryptsec.se\/wp-content\/uploads\/2024\/11\/Skarmavbild-2024-11-18-kl.-13.57.51-2048x766.png 2048w, https:\/\/cryptsec.se\/wp-content\/uploads\/2024\/11\/Skarmavbild-2024-11-18-kl.-13.57.51-680x254.png 680w\" sizes=\"(max-width: 2656px) 100vw, 2656px\" \/><\/p>\n<\/div>\n<\/div>\n<\/div>\n<\/div>\n<\/div>\n<\/div>\n","protected":false},"excerpt":{"rendered":"<p>Mission Darkness\u2122 NeoLok\u2122 Faraday Bag f\u00f6r surfplattor med batterikit \u00e4r utformad f\u00f6r att ladda en enhet samtidigt som den \u00e4r skyddad fr\u00e5n RF-signaler. Den unika satsen, som \u00e4r specialbyggd f\u00f6r kriminalteknik, inneh\u00e5ller en NeoLok faradayv\u00e4ska med magnetisk f\u00f6rslutning som \u00e4r tillr\u00e4ckligt stor f\u00f6r att rymma en stor surfplatta plus medf\u00f6ljande tillbeh\u00f6r, ett transparent sk\u00e4rmat f\u00f6nster f\u00f6r att se batteriets indikatorlampa och ett yttre blixtl\u00e5sfack f\u00f6r att f\u00f6rvara USB-powerbanken p\u00e5 19 200 mAh plus <a href=\"https:\/\/mosequipment.com\/products\/cable-set\" target=\"_blank\" rel=\"noopener\">kabelsats<\/a>. Vi inkluderar separata h\u00f6gkvalitativa kablar (universalvinkel USB A\/M till A\/M, lightning till USB, USB micro, USB-C och USB-f\u00f6rl\u00e4ngning) i st\u00e4llet f\u00f6r en enda multikabel f\u00f6r att \u00f6ka effektiviteten och minska risken f\u00f6r kabelfel.  <\/p>\n","protected":false},"featured_media":28979,"template":"","meta":[],"product_brand":[],"product_cat":[830,1078],"product_tag":[1117,998,831,833,884,885],"berocket_brand":[],"class_list":{"0":"post-29893","1":"product","2":"type-product","3":"status-publish","4":"has-post-thumbnail","6":"product_cat-faraday-mission-darkness","7":"product_cat-faradayvaskor-ipad-datorer","8":"product_tag-faraday-sv","9":"product_tag-faraday-bag-sv","10":"product_tag-faraday-skold","11":"product_tag-faraday-skydd","12":"product_tag-faraday-vaska-sv","13":"product_tag-sakerhetsfodral-sv","15":"first","16":"instock","17":"taxable","18":"shipping-taxable","19":"purchasable","20":"product-type-simple"},"_links":{"self":[{"href":"https:\/\/cryptsec.se\/sv\/wp-json\/wp\/v2\/product\/29893","targetHints":{"allow":["GET"]}}],"collection":[{"href":"https:\/\/cryptsec.se\/sv\/wp-json\/wp\/v2\/product"}],"about":[{"href":"https:\/\/cryptsec.se\/sv\/wp-json\/wp\/v2\/types\/product"}],"wp:featuredmedia":[{"embeddable":true,"href":"https:\/\/cryptsec.se\/sv\/wp-json\/wp\/v2\/media\/28979"}],"wp:attachment":[{"href":"https:\/\/cryptsec.se\/sv\/wp-json\/wp\/v2\/media?parent=29893"}],"wp:term":[{"taxonomy":"product_brand","embeddable":true,"href":"https:\/\/cryptsec.se\/sv\/wp-json\/wp\/v2\/product_brand?post=29893"},{"taxonomy":"product_cat","embeddable":true,"href":"https:\/\/cryptsec.se\/sv\/wp-json\/wp\/v2\/product_cat?post=29893"},{"taxonomy":"product_tag","embeddable":true,"href":"https:\/\/cryptsec.se\/sv\/wp-json\/wp\/v2\/product_tag?post=29893"},{"taxonomy":"berocket_brand","embeddable":true,"href":"https:\/\/cryptsec.se\/sv\/wp-json\/wp\/v2\/berocket_brand?post=29893"}],"curies":[{"name":"wp","href":"https:\/\/api.w.org\/{rel}","templated":true}]}}