{"id":29894,"date":"2024-11-04T11:44:38","date_gmt":"2024-11-04T10:44:38","guid":{"rendered":"https:\/\/cryptsec.se\/product\/mission-darkness-disconnect-faraday-bag-ersattningsvaska\/"},"modified":"2024-11-04T11:44:38","modified_gmt":"2024-11-04T10:44:38","slug":"mission-darkness-disconnect-faraday-bag-ersattningsvaska","status":"publish","type":"product","link":"https:\/\/cryptsec.se\/sv\/product\/mission-darkness-disconnect-faraday-bag-ersattningsvaska\/","title":{"rendered":"Mission Darkness\u2122 Disconnect Faraday Bag (ers\u00e4ttningsv\u00e4ska)"},"content":{"rendered":"<div id=\"s-4fec3748-ecb1-4432-aea8-3dc0009d96eb\" class=\"shg-c \">\n<div class=\"shg-rich-text shg-theme-text-content\">\n<p>Mission Darkness\u2122 Disconnect Faraday Bags (finns i storlekarna keyfob, telefon och surfplatta) har det innovativa str\u00e5lsk\u00e4rmssystemet MD-Tach\u2122, som g\u00f6r att de kan tas bort fr\u00e5n en st\u00f6rre v\u00e4ska (t.ex. <a href=\"https:\/\/mosequipment.com\/products\/mission-darkness-disconnect-faraday-duffel-bag\" target=\"_blank\" rel=\"noopener\">Mission Darkness Disconnect Faraday Duffel Bag<\/a>) efter behov och sedan f\u00e4stas igen med en inbyggd blixtl\u00e5sanslutning. Detta modulsystem g\u00f6r att anv\u00e4ndaren kan komma \u00e5t inneh\u00e5llet samtidigt som RF-skyddet bibeh\u00e5lls i separata fack. De handh\u00e5llna faradayv\u00e4skorna kan b\u00e4ras oberoende av varandra (utan att f\u00e4stas p\u00e5 den st\u00f6rre v\u00e4skan) efter behov under hela dagen. Disconnect Faraday Bags \u00e4r byggda med tv\u00e5 lager av h\u00f6gavsk\u00e4rmande <a href=\"https:\/\/mosequipment.com\/collections\/faraday-supplies\/products\/titanrf-faraday-fabric\" target=\"_blank\" rel=\"noopener\">TitanRF\u2122 Faraday Fabric<\/a> p\u00e5 alla insidor med dubbla s\u00f6mmar. De blockerar tr\u00e5dl\u00f6sa signaler, inklusive Wi-Fi (2,4 &amp; 5 GHz), Bluetooth, mobilsignaler inklusive 5G-n\u00e4tverk, GPS, RFID, NFC och radiosignaler <span class=\"a-list-item\">fr\u00e5n l\u00e5ga MHz till 40 GHz.<\/span> N\u00e4r enheterna \u00e4r inneslutna kan inga appar eller skadlig kod fj\u00e4rrutl\u00f6sas eller raderas, ingen kommunikation kan tr\u00e4nga igenom och ingen kan komma \u00e5t mikrofonen, kameran, GPS-positionen eller data. De slitstarka yttermaterialen i ballistisk nylon garanterar en l\u00e5ng livsl\u00e4ngd f\u00f6r b\u00e5de v\u00e4skan och de enheter som finns inuti. V\u00e4skorna anv\u00e4nds vanligtvis f\u00f6r att skydda surfplattor, mobiltelefoner, pass, GPS-enheter, transpondrar, tv\u00e5v\u00e4gsradio, nyckelbrickor, smarta klockor och elektronik i liknande storlek; se de specifika v\u00e4skm\u00e5tten nedan f\u00f6r att s\u00e4kerst\u00e4lla att din enhet f\u00e5r plats inuti. V\u00e4skorna har en s\u00e4ker dubbelrulle med kardborref\u00f6rslutning samt en dragflik med gummigrepp l\u00e4ngs hela v\u00e4skans bredd som g\u00f6r den l\u00e4tt att \u00f6ppna och st\u00e4nga.  <\/p>\n<p><strong>*Det h\u00e4r \u00e4r samma v\u00e4skor som medf\u00f6ljer Disconnect Faraday Duffel Bag (1 x nyckelbricka, 2 x telefon och 1 x surfplatta ing\u00e5r i varje v\u00e4ska). K\u00f6p dessa v\u00e4skor om du vill byta ut eller ers\u00e4tta originalen. <\/strong><\/p>\n<\/div>\n<\/div>\n<div id=\"s-41c788d0-38d0-4eb1-b2b3-120f1c0a5f32\" class=\"shg-c \">\n<div class=\"shg-hr-wrapper\"><\/div>\n<\/div>\n","protected":false},"excerpt":{"rendered":"<p>Mission Darkness\u2122 Disconnect Faraday Bags (finns i storlekarna keyfob, telefon och surfplatta) har det innovativa str\u00e5lsk\u00e4rmssystemet MD-Tach\u2122, som g\u00f6r att de kan tas bort fr\u00e5n en st\u00f6rre v\u00e4ska (t.ex. <a href=\"https:\/\/mosequipment.com\/products\/mission-darkness-disconnect-faraday-duffel-bag\" target=\"_blank\" rel=\"noopener\">Mission Darkness Disconnect Faraday Duffel Bag<\/a>) efter behov och sedan f\u00e4stas igen med en inbyggd blixtl\u00e5sanslutning. Detta modulsystem g\u00f6r det m\u00f6jligt f\u00f6r anv\u00e4ndaren att komma \u00e5t inneh\u00e5llet samtidigt som RF-skyddet bibeh\u00e5lls i separata fack. De handh\u00e5llna faradayv\u00e4skorna kan b\u00e4ras oberoende av varandra (utan att f\u00e4stas p\u00e5 den st\u00f6rre v\u00e4skan) efter behov under dagen.  <\/p>\n","protected":false},"featured_media":27951,"template":"","meta":[],"product_brand":[],"product_cat":[1076],"product_tag":[1117,998,831,833,884,885],"berocket_brand":[],"class_list":{"0":"post-29894","1":"product","2":"type-product","3":"status-publish","4":"has-post-thumbnail","6":"product_cat-faraday-nyckelring-telefonvaskor","7":"product_tag-faraday-sv","8":"product_tag-faraday-bag-sv","9":"product_tag-faraday-skold","10":"product_tag-faraday-skydd","11":"product_tag-faraday-vaska-sv","12":"product_tag-sakerhetsfodral-sv","14":"first","15":"instock","16":"taxable","17":"shipping-taxable","18":"product-type-simple"},"_links":{"self":[{"href":"https:\/\/cryptsec.se\/sv\/wp-json\/wp\/v2\/product\/29894","targetHints":{"allow":["GET"]}}],"collection":[{"href":"https:\/\/cryptsec.se\/sv\/wp-json\/wp\/v2\/product"}],"about":[{"href":"https:\/\/cryptsec.se\/sv\/wp-json\/wp\/v2\/types\/product"}],"wp:featuredmedia":[{"embeddable":true,"href":"https:\/\/cryptsec.se\/sv\/wp-json\/wp\/v2\/media\/27951"}],"wp:attachment":[{"href":"https:\/\/cryptsec.se\/sv\/wp-json\/wp\/v2\/media?parent=29894"}],"wp:term":[{"taxonomy":"product_brand","embeddable":true,"href":"https:\/\/cryptsec.se\/sv\/wp-json\/wp\/v2\/product_brand?post=29894"},{"taxonomy":"product_cat","embeddable":true,"href":"https:\/\/cryptsec.se\/sv\/wp-json\/wp\/v2\/product_cat?post=29894"},{"taxonomy":"product_tag","embeddable":true,"href":"https:\/\/cryptsec.se\/sv\/wp-json\/wp\/v2\/product_tag?post=29894"},{"taxonomy":"berocket_brand","embeddable":true,"href":"https:\/\/cryptsec.se\/sv\/wp-json\/wp\/v2\/berocket_brand?post=29894"}],"curies":[{"name":"wp","href":"https:\/\/api.w.org\/{rel}","templated":true}]}}