{"id":29895,"date":"2024-11-07T18:42:34","date_gmt":"2024-11-07T17:42:34","guid":{"rendered":"https:\/\/cryptsec.se\/product\/mission-darkness-disconnect-faraday-duffel-bag\/"},"modified":"2024-11-07T18:42:34","modified_gmt":"2024-11-07T17:42:34","slug":"mission-darkness-disconnect-faraday-duffel-bag","status":"publish","type":"product","link":"https:\/\/cryptsec.se\/sv\/product\/mission-darkness-disconnect-faraday-duffel-bag\/","title":{"rendered":"Mission Darkness\u2122 Disconnect Faraday Duffel Bag"},"content":{"rendered":"<p><img fetchpriority=\"high\" decoding=\"async\" class=\"aligncenter wp-image-28291 size-full\" src=\"https:\/\/cryptsec.se\/wp-content\/uploads\/2024\/11\/nedladdning-1.avif\" alt=\"\" width=\"1464\" height=\"600\" srcset=\"https:\/\/cryptsec.se\/wp-content\/uploads\/2024\/11\/nedladdning-1.avif 1464w, https:\/\/cryptsec.se\/wp-content\/uploads\/2024\/11\/nedladdning-1-300x123.avif 300w, https:\/\/cryptsec.se\/wp-content\/uploads\/2024\/11\/nedladdning-1-1024x420.avif 1024w, https:\/\/cryptsec.se\/wp-content\/uploads\/2024\/11\/nedladdning-1-768x315.avif 768w, https:\/\/cryptsec.se\/wp-content\/uploads\/2024\/11\/nedladdning-1-680x279.avif 680w\" sizes=\"(max-width: 1464px) 100vw, 1464px\" \/><\/p>\n<p>Det centrala duffelfacket och de avtagbara faradayfodralen \u00e4r byggda med tv\u00e5 lager av h\u00f6gavsk\u00e4rmande <a href=\"https:\/\/mosequipment.com\/collections\/faraday-supplies\/products\/titanrf-faraday-fabric\" target=\"_blank\" rel=\"noopener\">TitanRF\u2122 Faraday Fabric<\/a> p\u00e5 alla insidor med dubbla s\u00f6mmar. De blockerar tr\u00e5dl\u00f6sa signaler, inklusive Wi-Fi (2,4 &amp; 5 GHz), Bluetooth, mobilsignaler inklusive 5G-n\u00e4tverk, GPS, RFID, NFC och radiosignaler <span class=\"a-list-item\">fr\u00e5n l\u00e5ga MHz till 40 GHz.<\/span> N\u00e4r enheterna \u00e4r inneslutna kan inga appar eller skadlig kod fj\u00e4rrutl\u00f6sas eller raderas, ingen kommunikation kan tr\u00e4nga igenom och ingen kan komma \u00e5t mikrofonen, kameran, GPS-positionen eller data. De slitstarka yttermaterialen i ballistisk nylon garanterar en l\u00e5ng livsl\u00e4ngd f\u00f6r b\u00e5de v\u00e4skan och de enheter som finns i den. Det centrala duffelfacket anv\u00e4nds ofta f\u00f6r att skydda stora enheter som flera b\u00e4rbara datorer och skrymmande elektronisk utrustning, medan de l\u00f6stagbara faradayp\u00e5sarna skyddar mindre handh\u00e5llna enheter. Duffelv\u00e4skan kan b\u00e4ras p\u00e5 flera s\u00e4tt; den har tv\u00e5 vadderade handtag p\u00e5 ovansidan, tv\u00e5 sidohandtag, avtagbar vadderad axelrem och avtagbara vadderade ryggs\u00e4cksremmar som f\u00e4sts med metallsp\u00e4nnen och D-ringar. Den moderna och eleganta designen g\u00f6r att du kan transportera dina tillh\u00f6righeter med stil samtidigt som den erbjuder ett dolt skydd mot digitala hot. V\u00e4skan har ett urval av oskyddade blixtl\u00e5sfickor och tillbeh\u00f6rsfack i varierande storlek, som \u00e4r genomt\u00e4nkt integrerade med organisation i \u00e5tanke. Oavsett om det g\u00e4ller aff\u00e4rsresor, personlig s\u00e4kerhet eller kriminalteknik, kommer Disconnect Faraday Duffel Bag att h\u00e5lla dina enheter s\u00e4kra och tysta under transport eller f\u00f6rvaring. L\u00e4s blogginl\u00e4gget nedan f\u00f6r att l\u00e4ra dig hur Disconnect Faraday Duffel Bag revolutionerar digitalt skydd med sina geniala, l\u00f6stagbara faradayfickor.    <\/p>\n<p>&nbsp;<\/p>\n<div id=\"s-1c422a74-3ce8-49d1-9301-0c753c117ff7\" class=\"shg-c shg-align-center\">\n<div class=\"shogun-heading-component\">\n<h2><b><i>Fem skyddade v\u00e4skor i en!<\/i><\/b><\/h2>\n<\/div>\n<\/div>\n<div id=\"s-bafb2a67-d4b6-4941-b728-0ddcab582c22\" class=\"shg-c shg-align-center\">\n<div class=\"shogun-heading-component\">\n<h3>Ett stort Faraday Duffel-fack Plus fyra avtagbara handh\u00e5llna Faraday-v\u00e4skor i storlek Faraday ing\u00e5r<\/h3>\n<p><img decoding=\"async\" class=\"aligncenter wp-image-28293 size-full\" src=\"https:\/\/cryptsec.se\/wp-content\/uploads\/2024\/11\/nedladdning-9.jpeg\" alt=\"\" width=\"1500\" height=\"856\" srcset=\"https:\/\/cryptsec.se\/wp-content\/uploads\/2024\/11\/nedladdning-9.jpeg 1500w, https:\/\/cryptsec.se\/wp-content\/uploads\/2024\/11\/nedladdning-9-300x171.jpeg 300w, https:\/\/cryptsec.se\/wp-content\/uploads\/2024\/11\/nedladdning-9-1024x584.jpeg 1024w, https:\/\/cryptsec.se\/wp-content\/uploads\/2024\/11\/nedladdning-9-768x438.jpeg 768w, https:\/\/cryptsec.se\/wp-content\/uploads\/2024\/11\/nedladdning-9-680x388.jpeg 680w\" sizes=\"(max-width: 1500px) 100vw, 1500px\" \/><\/p>\n<\/div>\n<\/div>\n","protected":false},"excerpt":{"rendered":"<p>Mission Darkness\u2122 Disconnect Faraday Duffel Bag \u00e4r den ultimata resv\u00e4skan f\u00f6r att skydda sig mot digitala hot. Den blockerar alla tr\u00e5dl\u00f6sa signaler och \u00e4r utrustad med en samling avtagbara faradayv\u00e4skor i olika storlekar (1 x nyckelbricka, 2 x telefon och 1 x surfplatta ing\u00e5r). De enskilda p\u00e5sarna anv\u00e4nder det innovativa str\u00e5lskyddssystemet MD-Tach\u2122, som g\u00f6r att de kan tas bort efter behov och sedan s\u00e4ttas fast igen med en inbyggd blixtl\u00e5sanslutning. Detta modulsystem g\u00f6r att anv\u00e4ndaren kan komma \u00e5t inneh\u00e5llet samtidigt som RF-skyddet bibeh\u00e5lls i separata fack. De mindre faradayv\u00e4skorna kan b\u00e4ras separat (utan duffel) efter behov under dagen.    <\/p>\n","protected":false},"featured_media":28284,"template":"","meta":[],"product_brand":[],"product_cat":[830,1077],"product_tag":[998,831,833,884,885],"berocket_brand":[],"class_list":{"0":"post-29895","1":"product","2":"type-product","3":"status-publish","4":"has-post-thumbnail","6":"product_cat-faraday-mission-darkness","7":"product_cat-storre-faraday-vaskor","8":"product_tag-faraday-bag-sv","9":"product_tag-faraday-skold","10":"product_tag-faraday-skydd","11":"product_tag-faraday-vaska-sv","12":"product_tag-sakerhetsfodral-sv","14":"first","15":"instock","16":"taxable","17":"shipping-taxable","18":"purchasable","19":"product-type-simple"},"_links":{"self":[{"href":"https:\/\/cryptsec.se\/sv\/wp-json\/wp\/v2\/product\/29895","targetHints":{"allow":["GET"]}}],"collection":[{"href":"https:\/\/cryptsec.se\/sv\/wp-json\/wp\/v2\/product"}],"about":[{"href":"https:\/\/cryptsec.se\/sv\/wp-json\/wp\/v2\/types\/product"}],"wp:featuredmedia":[{"embeddable":true,"href":"https:\/\/cryptsec.se\/sv\/wp-json\/wp\/v2\/media\/28284"}],"wp:attachment":[{"href":"https:\/\/cryptsec.se\/sv\/wp-json\/wp\/v2\/media?parent=29895"}],"wp:term":[{"taxonomy":"product_brand","embeddable":true,"href":"https:\/\/cryptsec.se\/sv\/wp-json\/wp\/v2\/product_brand?post=29895"},{"taxonomy":"product_cat","embeddable":true,"href":"https:\/\/cryptsec.se\/sv\/wp-json\/wp\/v2\/product_cat?post=29895"},{"taxonomy":"product_tag","embeddable":true,"href":"https:\/\/cryptsec.se\/sv\/wp-json\/wp\/v2\/product_tag?post=29895"},{"taxonomy":"berocket_brand","embeddable":true,"href":"https:\/\/cryptsec.se\/sv\/wp-json\/wp\/v2\/berocket_brand?post=29895"}],"curies":[{"name":"wp","href":"https:\/\/api.w.org\/{rel}","templated":true}]}}