{"id":29896,"date":"2024-11-07T18:53:59","date_gmt":"2024-11-07T17:53:59","guid":{"rendered":"https:\/\/cryptsec.se\/product\/mission-darkness-x2-faraday-duffel-bag\/"},"modified":"2024-11-07T18:53:59","modified_gmt":"2024-11-07T17:53:59","slug":"mission-darkness-x2-faraday-duffel-bag","status":"publish","type":"product","link":"https:\/\/cryptsec.se\/sv\/product\/mission-darkness-x2-faraday-duffel-bag\/","title":{"rendered":"Mission Darkness\u2122 X2 Faraday Duffel Bag"},"content":{"rendered":"<p>Mission Darkness\u2122 X2 Faraday Duffel Bag \u00e4r utformad f\u00f6r att skydda stora enheter med uppgraderade material, bland annat TitanRF\u2122 Faraday Fabric. Den har ett MOLLE-bandsystem och ett oskyddat blixtl\u00e5sfack f\u00f6r extra bekv\u00e4mlighet. Mission Darkness\u2122 X2 Faraday Duffel Bag blockerar helt alla tr\u00e5dl\u00f6sa signaler och \u00e4r den enda faraday-v\u00e4skan p\u00e5 marknaden som \u00e4r utrustad med en l\u00f6stagbar MOLLE-baserad faraday-p\u00e5se. Detta system ger m\u00e5ngsidig avsk\u00e4rmning genom att anv\u00e4ndaren kan \u00f6ppna huvudfacket utan att \u00e4ventyra avsk\u00e4rmningen av separata enheter i MOLLE faraday-p\u00e5sen, eller vice versa. N\u00e4r p\u00e5sen \u00e4r separerad kan den f\u00e4stas p\u00e5 valfri packning med MOLLE-band, en funktion som \u00e4r s\u00e4rskilt utformad f\u00f6r milit\u00e4ra operat\u00f6rer. V\u00e4skan \u00e4r byggd med tv\u00e5 lager av h\u00f6gavsk\u00e4rmande <a href=\"https:\/\/mosequipment.com\/collections\/faraday-supplies\/products\/titanrf-faraday-fabric\" target=\"_blank\" rel=\"noopener\">TitanRF\u2122 Faraday Fabric<\/a> p\u00e5 alla insidor med dubbla parade s\u00f6mmar. De slitstarka, vattenavvisande yttermaterialen i ballistisk nylon garanterar l\u00e5ng livsl\u00e4ngd f\u00f6r b\u00e5de v\u00e4skan och de enheter som finns i den. Duffeln har tv\u00e5 b\u00e4rande vadderade handtag, en avtagbar axelrem med metallh\u00e5rdvara, MOLLE-band, ett oskyddat tillbeh\u00f6rsfack med dragkedja och en genomskinlig ficka f\u00f6r varum\u00e4rkesprofilering. Den avtagbara p\u00e5sen har tv\u00e5 snabbkn\u00e4ppta remmar som f\u00e4sts p\u00e5 MOLLE-banden. Oavsett om det g\u00e4ller aff\u00e4rsresor, personlig s\u00e4kerhet eller kriminalteknik kommer X2 Faraday Duffel Bag att h\u00e5lla dina enheter s\u00e4kra och tysta under transport eller f\u00f6rvaring. <\/p>\n<p>   V\u00e4skan blockerar alla tr\u00e5dl\u00f6sa signaler, inklusive WiFi (2,4 &amp; 5 GHz), Bluetooth, mobilsignaler inklusive 5G-n\u00e4tverk, GPS, RFID, NFC och radiosignaler <span class=\"a-list-item\">fr\u00e5n l\u00e5ga MHz till 40 GHz.<\/span> Duffelfacket anv\u00e4nds ofta f\u00f6r att skydda stora enheter som flera b\u00e4rbara datorer och elektronisk utrustning, medan MOLLE-fickan skyddar mindre enheter som mobiltelefoner och GPS-enheter. F\u00f6r mer information, se v\u00e5rt <a href=\"https:\/\/mosequipment.com\/blogs\/news\/introducing-the-mission-darkness-x2-faraday-duffel-bag\" target=\"_blank\" rel=\"noopener\">blogginl\u00e4gg om X2 Faraday Duffel<\/a>. <\/p>\n<p>&nbsp;<\/p>\n<p><img fetchpriority=\"high\" decoding=\"async\" class=\"aligncenter wp-image-28301 size-full\" src=\"https:\/\/cryptsec.se\/wp-content\/uploads\/2024\/11\/nedladdning-10.jpeg\" alt=\"\" width=\"1500\" height=\"928\" srcset=\"https:\/\/cryptsec.se\/wp-content\/uploads\/2024\/11\/nedladdning-10.jpeg 1500w, https:\/\/cryptsec.se\/wp-content\/uploads\/2024\/11\/nedladdning-10-300x186.jpeg 300w, https:\/\/cryptsec.se\/wp-content\/uploads\/2024\/11\/nedladdning-10-1024x634.jpeg 1024w, https:\/\/cryptsec.se\/wp-content\/uploads\/2024\/11\/nedladdning-10-768x475.jpeg 768w, https:\/\/cryptsec.se\/wp-content\/uploads\/2024\/11\/nedladdning-10-680x421.jpeg 680w\" sizes=\"(max-width: 1500px) 100vw, 1500px\" \/><\/p>\n<p>&nbsp;<\/p>\n<p><img decoding=\"async\" class=\"aligncenter wp-image-28303 size-full\" src=\"https:\/\/cryptsec.se\/wp-content\/uploads\/2024\/11\/Skarmavbild-2024-11-07-kl.-18.57.44.png\" alt=\"\" width=\"2808\" height=\"1276\" srcset=\"https:\/\/cryptsec.se\/wp-content\/uploads\/2024\/11\/Skarmavbild-2024-11-07-kl.-18.57.44.png 2560w, https:\/\/cryptsec.se\/wp-content\/uploads\/2024\/11\/Skarmavbild-2024-11-07-kl.-18.57.44-300x136.png 300w, https:\/\/cryptsec.se\/wp-content\/uploads\/2024\/11\/Skarmavbild-2024-11-07-kl.-18.57.44-1024x465.png 1024w, https:\/\/cryptsec.se\/wp-content\/uploads\/2024\/11\/Skarmavbild-2024-11-07-kl.-18.57.44-768x349.png 768w, https:\/\/cryptsec.se\/wp-content\/uploads\/2024\/11\/Skarmavbild-2024-11-07-kl.-18.57.44-1536x698.png 1536w, https:\/\/cryptsec.se\/wp-content\/uploads\/2024\/11\/Skarmavbild-2024-11-07-kl.-18.57.44-2048x931.png 2048w, https:\/\/cryptsec.se\/wp-content\/uploads\/2024\/11\/Skarmavbild-2024-11-07-kl.-18.57.44-680x309.png 680w\" sizes=\"(max-width: 2808px) 100vw, 2808px\" \/><\/p>\n<p><img decoding=\"async\" class=\"aligncenter wp-image-28305 size-full\" src=\"https:\/\/cryptsec.se\/wp-content\/uploads\/2024\/11\/Skarmavbild-2024-11-07-kl.-18.58.17.png\" alt=\"\" width=\"2804\" height=\"1412\" srcset=\"https:\/\/cryptsec.se\/wp-content\/uploads\/2024\/11\/Skarmavbild-2024-11-07-kl.-18.58.17.png 2560w, https:\/\/cryptsec.se\/wp-content\/uploads\/2024\/11\/Skarmavbild-2024-11-07-kl.-18.58.17-300x151.png 300w, https:\/\/cryptsec.se\/wp-content\/uploads\/2024\/11\/Skarmavbild-2024-11-07-kl.-18.58.17-1024x516.png 1024w, https:\/\/cryptsec.se\/wp-content\/uploads\/2024\/11\/Skarmavbild-2024-11-07-kl.-18.58.17-768x387.png 768w, https:\/\/cryptsec.se\/wp-content\/uploads\/2024\/11\/Skarmavbild-2024-11-07-kl.-18.58.17-1536x773.png 1536w, https:\/\/cryptsec.se\/wp-content\/uploads\/2024\/11\/Skarmavbild-2024-11-07-kl.-18.58.17-2048x1031.png 2048w, https:\/\/cryptsec.se\/wp-content\/uploads\/2024\/11\/Skarmavbild-2024-11-07-kl.-18.58.17-680x342.png 680w\" sizes=\"(max-width: 2804px) 100vw, 2804px\" \/><\/p>\n","protected":false},"excerpt":{"rendered":"<p>Mission Darkness\u2122 X2 Faraday Duffel Bag blockerar helt alla tr\u00e5dl\u00f6sa signaler och \u00e4r den enda faradayv\u00e4skan p\u00e5 marknaden som \u00e4r utrustad med en avtagbar MOLLE-baserad faradayficka. Detta system ger m\u00e5ngsidig avsk\u00e4rmning genom att anv\u00e4ndaren kan \u00f6ppna huvudfacket utan att \u00e4ventyra avsk\u00e4rmningen av separata enheter i MOLLE faraday-p\u00e5sen, eller vice versa. N\u00e4r p\u00e5sen \u00e4r separerad kan den f\u00e4stas p\u00e5 valfri packning med MOLLE-band, en funktion som \u00e4r s\u00e4rskilt utformad f\u00f6r milit\u00e4ra operat\u00f6rer. V\u00e4skan \u00e4r byggd med tv\u00e5 lager av h\u00f6gavsk\u00e4rmande <a href=\"https:\/\/mosequipment.com\/collections\/faraday-supplies\/products\/titanrf-faraday-fabric\">TitanRF\u2122 Faraday Fabric<\/a> p\u00e5 alla insidor med dubbla parade s\u00f6mmar. De slitstarka, vattenavvisande yttermaterialen i ballistisk nylon garanterar en l\u00e5ng livsl\u00e4ngd f\u00f6r b\u00e5de v\u00e4skan och de enheter som finns inuti.    <\/p>\n<p>&nbsp;<\/p>\n","protected":false},"featured_media":28300,"template":"","meta":[],"product_brand":[],"product_cat":[830,1077],"product_tag":[998,831,833,884,885],"berocket_brand":[],"class_list":{"0":"post-29896","1":"product","2":"type-product","3":"status-publish","4":"has-post-thumbnail","6":"product_cat-faraday-mission-darkness","7":"product_cat-storre-faraday-vaskor","8":"product_tag-faraday-bag-sv","9":"product_tag-faraday-skold","10":"product_tag-faraday-skydd","11":"product_tag-faraday-vaska-sv","12":"product_tag-sakerhetsfodral-sv","14":"first","15":"instock","16":"taxable","17":"shipping-taxable","18":"purchasable","19":"product-type-simple"},"_links":{"self":[{"href":"https:\/\/cryptsec.se\/sv\/wp-json\/wp\/v2\/product\/29896","targetHints":{"allow":["GET"]}}],"collection":[{"href":"https:\/\/cryptsec.se\/sv\/wp-json\/wp\/v2\/product"}],"about":[{"href":"https:\/\/cryptsec.se\/sv\/wp-json\/wp\/v2\/types\/product"}],"wp:featuredmedia":[{"embeddable":true,"href":"https:\/\/cryptsec.se\/sv\/wp-json\/wp\/v2\/media\/28300"}],"wp:attachment":[{"href":"https:\/\/cryptsec.se\/sv\/wp-json\/wp\/v2\/media?parent=29896"}],"wp:term":[{"taxonomy":"product_brand","embeddable":true,"href":"https:\/\/cryptsec.se\/sv\/wp-json\/wp\/v2\/product_brand?post=29896"},{"taxonomy":"product_cat","embeddable":true,"href":"https:\/\/cryptsec.se\/sv\/wp-json\/wp\/v2\/product_cat?post=29896"},{"taxonomy":"product_tag","embeddable":true,"href":"https:\/\/cryptsec.se\/sv\/wp-json\/wp\/v2\/product_tag?post=29896"},{"taxonomy":"berocket_brand","embeddable":true,"href":"https:\/\/cryptsec.se\/sv\/wp-json\/wp\/v2\/berocket_brand?post=29896"}],"curies":[{"name":"wp","href":"https:\/\/api.w.org\/{rel}","templated":true}]}}