{"id":29897,"date":"2024-11-07T19:00:06","date_gmt":"2024-11-07T18:00:06","guid":{"rendered":"https:\/\/cryptsec.se\/product\/mission-darkness-vadderad-faraday-vaska\/"},"modified":"2024-11-07T19:00:06","modified_gmt":"2024-11-07T18:00:06","slug":"mission-darkness-vadderad-faraday-vaska","status":"publish","type":"product","link":"https:\/\/cryptsec.se\/sv\/product\/mission-darkness-vadderad-faraday-vaska\/","title":{"rendered":"Mission Darkness\u2122 vadderad Faraday-v\u00e4ska"},"content":{"rendered":"<p>Mission Darkness\u2122 Padded Utility Faraday Bag \u00e4r den enda faradayv\u00e4skan p\u00e5 marknaden som \u00e4r s\u00e4rskilt utformad f\u00f6r att skydda k\u00e4nslig elektronik som avst\u00e5ndsm\u00e4tare, batteridriven m\u00f6rkerseendeoptik, kikarsiktessk\u00e4rmar, digitalkameror och tillh\u00f6rande tillbeh\u00f6r fr\u00e5n radiofrekvenssignaler. Det interna faradayfodret blockerar alla tr\u00e5dl\u00f6sa signaler, inklusive WiFi (2,4 &amp; 5 GHz), Bluetooth, mobilsignaler inklusive 5G-n\u00e4tverk, GPS, RFID, NFC och radiosignaler fr\u00e5n l\u00e5ga MHz till 40 GHz. N\u00e4r en enhet \u00e4r ordentligt innesluten i v\u00e4skan kan inga appar eller skadlig kod fj\u00e4rrutl\u00f6sas eller raderas, ingen kommunikation kan tr\u00e4nga igenom och ingen kan komma \u00e5t mikrofonen, kameran, GPS-positionen eller data. Dessutom f\u00f6rhindrar detta hackning, sp\u00e5rning, spionage och korruption i v\u00e5rdkedjan. Det h\u00e4r specialiserade faradaysk\u00e5pet \u00e4r utformat f\u00f6r behoven hos preppers, brottsbek\u00e4mpning, milit\u00e4ra uppdrag och relaterade omr\u00e5den. Prim\u00e4ra anv\u00e4ndningsomr\u00e5den \u00e4r f\u00f6r insamling av kriminaltekniska bevis, f\u00f6rsvar mot datast\u00f6ld, personlig s\u00e4kerhet, digital integritet och f\u00f6r att f\u00f6rhindra att elektronik f\u00f6rst\u00f6rs av h\u00e4ndelser som EMP. Skyddet av dessa typer av tillbeh\u00f6r f\u00f6rbises ofta n\u00e4r man f\u00f6rbereder sig f\u00f6r n\u00f6dsituationer, men det \u00e4r n\u00f6dv\u00e4ndigt att vidta f\u00f6rsiktighets\u00e5tg\u00e4rder n\u00e4r det g\u00e4ller f\u00f6rvaring och transport av \u00f6verlevnadsartiklar. V\u00e4skan \u00e4r konstruerad med ett flerskiktsskyddssystem som best\u00e5r av ett slitstarkt duffelliknande ytterskal med MOLLE-band och blixtl\u00e5sfack p\u00e5 sidorna, ett <a href=\"https:\/\/mosequipment.com\/collections\/faraday-supplies\/products\/titanrf-faraday-fabric\" target=\"_blank\" rel=\"noopener\">faradayfoder<\/a> p\u00e5 insidan med tv\u00e5 lager av h\u00f6gavsk\u00e4rmande <a href=\"https:\/\/mosequipment.com\/collections\/faraday-supplies\/products\/titanrf-faraday-fabric\" target=\"_blank\" rel=\"noopener\">TitanRF\u2122 Faraday-tyg<\/a> med dubbla s\u00f6mmar samt avtagbara vadderade sidov\u00e4ggar och insatser. De vadderade v\u00e4ggarna och de l\u00f6stagbara vadderade insatserna g\u00f6r att enheter i olika storlekar kan h\u00e5llas p\u00e5 plats och skyddas under transport. De vattenresistenta yttermaterialen och det flerskiktade skyddssystemet \u00e4r tillverkade f\u00f6r att klara tuff terr\u00e4ng och f\u00f6rhindra att fukt och signaler n\u00e5r de enheter som \u00e4r inneslutna i v\u00e4skan.   <\/p>\n<p><img fetchpriority=\"high\" decoding=\"async\" class=\"aligncenter wp-image-28308 size-full\" src=\"https:\/\/cryptsec.se\/wp-content\/uploads\/2024\/11\/nedladdning-11.jpeg\" alt=\"\" width=\"1500\" height=\"928\" srcset=\"https:\/\/cryptsec.se\/wp-content\/uploads\/2024\/11\/nedladdning-11.jpeg 1500w, https:\/\/cryptsec.se\/wp-content\/uploads\/2024\/11\/nedladdning-11-300x186.jpeg 300w, https:\/\/cryptsec.se\/wp-content\/uploads\/2024\/11\/nedladdning-11-1024x634.jpeg 1024w, https:\/\/cryptsec.se\/wp-content\/uploads\/2024\/11\/nedladdning-11-768x475.jpeg 768w, https:\/\/cryptsec.se\/wp-content\/uploads\/2024\/11\/nedladdning-11-680x421.jpeg 680w\" sizes=\"(max-width: 1500px) 100vw, 1500px\" \/><\/p>\n<p><img decoding=\"async\" class=\"aligncenter wp-image-28318 size-full\" src=\"https:\/\/cryptsec.se\/wp-content\/uploads\/2024\/11\/nedladdning-2.avif\" alt=\"\" width=\"1500\" height=\"715\" srcset=\"https:\/\/cryptsec.se\/wp-content\/uploads\/2024\/11\/nedladdning-2.avif 1500w, https:\/\/cryptsec.se\/wp-content\/uploads\/2024\/11\/nedladdning-2-300x143.avif 300w, https:\/\/cryptsec.se\/wp-content\/uploads\/2024\/11\/nedladdning-2-1024x488.avif 1024w, https:\/\/cryptsec.se\/wp-content\/uploads\/2024\/11\/nedladdning-2-768x366.avif 768w, https:\/\/cryptsec.se\/wp-content\/uploads\/2024\/11\/nedladdning-2-680x324.avif 680w\" sizes=\"(max-width: 1500px) 100vw, 1500px\" \/><\/p>\n","protected":false},"excerpt":{"rendered":"<p>Mission Darkness\u2122 Padded Utility Faraday Bag \u00e4r den enda faradayv\u00e4skan p\u00e5 marknaden som \u00e4r s\u00e4rskilt utformad f\u00f6r att skydda k\u00e4nslig elektronik som avst\u00e5ndsm\u00e4tare, batteridriven m\u00f6rkerseendeoptik, kikarsiktessk\u00e4rmar, digitalkameror och tillh\u00f6rande tillbeh\u00f6r fr\u00e5n radiofrekvenssignaler. Det interna faradayfodret blockerar alla tr\u00e5dl\u00f6sa signaler, inklusive WiFi (2,4 &amp; 5 GHz), Bluetooth, mobilsignaler inklusive 5G-n\u00e4tverk, GPS, RFID, NFC och radiosignaler fr\u00e5n l\u00e5ga MHz till 40 GHz. N\u00e4r en enhet \u00e4r ordentligt innesluten i v\u00e4skan kan inga appar eller skadlig kod fj\u00e4rrutl\u00f6sas eller raderas, ingen kommunikation kan tr\u00e4nga igenom och ingen kan komma \u00e5t mikrofonen, kameran, GPS-positionen eller data. Dessutom f\u00f6rhindrar detta hackning, sp\u00e5rning, spionage och korruption i v\u00e5rdkedjan.   <\/p>\n","protected":false},"featured_media":28317,"template":"","meta":[],"product_brand":[],"product_cat":[830,1077],"product_tag":[998,997,831,833,884,1125,1124],"berocket_brand":[],"class_list":{"0":"post-29897","1":"product","2":"type-product","3":"status-publish","4":"has-post-thumbnail","6":"product_cat-faraday-mission-darkness","7":"product_cat-storre-faraday-vaskor","8":"product_tag-faraday-bag-sv","9":"product_tag-faraday-tent-sv","10":"product_tag-faraday-skold","11":"product_tag-faraday-skydd","12":"product_tag-faraday-vaska-sv","13":"product_tag-sakerhet-for-barbara-datorer","14":"product_tag-telefonens-sakerhet","16":"first","17":"instock","18":"taxable","19":"shipping-taxable","20":"purchasable","21":"product-type-simple"},"_links":{"self":[{"href":"https:\/\/cryptsec.se\/sv\/wp-json\/wp\/v2\/product\/29897","targetHints":{"allow":["GET"]}}],"collection":[{"href":"https:\/\/cryptsec.se\/sv\/wp-json\/wp\/v2\/product"}],"about":[{"href":"https:\/\/cryptsec.se\/sv\/wp-json\/wp\/v2\/types\/product"}],"wp:featuredmedia":[{"embeddable":true,"href":"https:\/\/cryptsec.se\/sv\/wp-json\/wp\/v2\/media\/28317"}],"wp:attachment":[{"href":"https:\/\/cryptsec.se\/sv\/wp-json\/wp\/v2\/media?parent=29897"}],"wp:term":[{"taxonomy":"product_brand","embeddable":true,"href":"https:\/\/cryptsec.se\/sv\/wp-json\/wp\/v2\/product_brand?post=29897"},{"taxonomy":"product_cat","embeddable":true,"href":"https:\/\/cryptsec.se\/sv\/wp-json\/wp\/v2\/product_cat?post=29897"},{"taxonomy":"product_tag","embeddable":true,"href":"https:\/\/cryptsec.se\/sv\/wp-json\/wp\/v2\/product_tag?post=29897"},{"taxonomy":"berocket_brand","embeddable":true,"href":"https:\/\/cryptsec.se\/sv\/wp-json\/wp\/v2\/berocket_brand?post=29897"}],"curies":[{"name":"wp","href":"https:\/\/api.w.org\/{rel}","templated":true}]}}