{"id":29898,"date":"2024-11-07T19:04:11","date_gmt":"2024-11-07T18:04:11","guid":{"rendered":"https:\/\/cryptsec.se\/product\/mission-darkness-revelation-emp-skold-for-generatorer\/"},"modified":"2024-11-07T19:04:11","modified_gmt":"2024-11-07T18:04:11","slug":"mission-darkness-revelation-emp-skold-for-generatorer","status":"publish","type":"product","link":"https:\/\/cryptsec.se\/sv\/product\/mission-darkness-revelation-emp-skold-for-generatorer\/","title":{"rendered":"Mission Darkness\u2122 Revelation EMP-sk\u00f6ld f\u00f6r generatorer"},"content":{"rendered":"<div id=\"s-46beba88-1fc8-4584-a0fc-508195a6c5e6\" class=\"shg-c \">\n<div class=\"shg-rich-text shg-theme-text-content\">\n<p>Mission Darkness\u2122 Revelation EMP Shield \u00e4r en extremt stor faradayp\u00e5se som \u00e4r s\u00e4rskilt utformad f\u00f6r att skydda generatorer, stor elektronik och \u00f6verlevnadsutrustning fr\u00e5n de skadliga effekterna av en elektromagnetisk puls (EMP) eller koronal massutkastning (CME). V\u00e4skan har laboratorietestats och certifierats som &#8220;kompatibel&#8221; f\u00f6r <a href=\"https:\/\/mosequipment.com\/pages\/compliance-testing\" target=\"_blank\" rel=\"noopener\">MIL-STD-188-125<\/a>, High-Altitude Electromagnetic Protection for Ground Based C4I Facilities. Resultaten s\u00e4kerst\u00e4ller att produkten \u00f6vertr\u00e4ffar milit\u00e4ra sk\u00e4rmningskrav f\u00f6r att hantera naturliga eller konstgjorda EMP. I h\u00e4ndelse av en EMP eller CME kan allt fr\u00e5n elektrisk infrastruktur p\u00e5 nationell niv\u00e5 till personlig elektronik f\u00f6rst\u00f6ras, vilket \u00e4r anledningen till att det \u00e4r absolut n\u00f6dv\u00e4ndigt att skydda \u00f6verlevnadselektronik. De h\u00f6ga avsk\u00e4rmningsegenskaperna hos Revelation EMP Shield leder bort skadliga elektromagnetiska f\u00e4lt fr\u00e5n mycket k\u00e4nsliga elektriska komponenter och skyddar d\u00e4rmed deras fungerande struktur. Den extremt stora storleken och volymen p\u00e5 Revelation EMP Shield g\u00f6r att den rymmer de flesta kompakta b\u00e4rbara elektriska (sol-) eller gasdrivna generatorer, inklusive Goal Zero Yeti-serien, Patriot Power 1500 och Honda EU2000, plus tillh\u00f6rande tillbeh\u00f6r som n\u00e4tsladdar och solpaneler. V\u00e4skan \u00e4r byggd med en avtagbar bottenplatta i polypropylenplast som \u00e4r f\u00e4st i ett blixtl\u00e5sfack i botten f\u00f6r att ge gott om st\u00f6d f\u00f6r \u00f6verdimensionerade f\u00f6rem\u00e5l. Vadderade handtag med lastb\u00e4rande band l\u00f6per runt sidorna och botten f\u00f6r att st\u00f6dja vikten av tunga f\u00f6rem\u00e5l under transport. V\u00e4skans framsida har ett djupt oskyddat blixtl\u00e5sfack och en stor genomskinlig ficka f\u00f6r att h\u00e5lla tillbeh\u00f6ren \u00e5tkomliga utan att \u00e4ventyra avsk\u00e4rmningen av de elektroniska f\u00f6rem\u00e5len i huvudfacket.    <\/p>\n<p>V\u00e4skan \u00e4r tillverkad med ett slitstarkt och vattenavvisande yttermaterial i ballistisk nylon f\u00f6r att s\u00e4kerst\u00e4lla att enheter och faradayv\u00e4v h\u00e5ller sig torra och skyddade. Interi\u00f6ren best\u00e5r av tre lager h\u00f6gavsk\u00e4rmande <a href=\"https:\/\/mosequipment.com\/collections\/faraday-supplies\/products\/titanrf-faraday-fabric\" target=\"_blank\" rel=\"noopener\">TitanRF\u2122 Faraday-tyg<\/a> p\u00e5 alla sidor med dubbla s\u00f6mmar. N\u00e4r generatorn eller elektroniken \u00e4r ordentligt innesluten i v\u00e4skan blir de isolerade fr\u00e5n tr\u00e5dl\u00f6sa signaler utifr\u00e5n. Skadeverkningar fr\u00e5n en EMP eller liknande h\u00e4ndelser kan inte tr\u00e4nga igenom v\u00e4skan och f\u00f6rst\u00f6ra de elektriska komponenterna inuti. V\u00e4skan blockerar WiFi (2,4 &amp; 5GHz), Bluetooth, mobilsignaler inklusive 5G-n\u00e4tverk, GPS, RFID, NFC och radiosignaler fr\u00e5n l\u00e5ga MHz till 40GHz. Den fullst\u00e4ndiga signalavst\u00e4ngningen g\u00f6r det ocks\u00e5 m\u00f6jligt f\u00f6r dig att g\u00e5 off-grid och h\u00e5lla elektroniska enheter osp\u00e5rbara. Detta \u00e4r den ultimata s\u00e4kerhetsv\u00e4skan f\u00f6r att skydda stor \u00f6verlevnadselektronik fr\u00e5n en naturlig eller konstgjord katastroff\u00f6reteelse som en EMP eller CME.     <\/p>\n<\/div>\n<\/div>\n<div class=\"shg-hr-wrapper\"><img fetchpriority=\"high\" decoding=\"async\" class=\"aligncenter wp-image-28329 size-full\" src=\"https:\/\/cryptsec.se\/wp-content\/uploads\/2024\/11\/nedladdning-12.jpeg\" alt=\"\" width=\"1500\" height=\"928\" srcset=\"https:\/\/cryptsec.se\/wp-content\/uploads\/2024\/11\/nedladdning-12.jpeg 1500w, https:\/\/cryptsec.se\/wp-content\/uploads\/2024\/11\/nedladdning-12-300x186.jpeg 300w, https:\/\/cryptsec.se\/wp-content\/uploads\/2024\/11\/nedladdning-12-1024x634.jpeg 1024w, https:\/\/cryptsec.se\/wp-content\/uploads\/2024\/11\/nedladdning-12-768x475.jpeg 768w, https:\/\/cryptsec.se\/wp-content\/uploads\/2024\/11\/nedladdning-12-680x421.jpeg 680w\" sizes=\"(max-width: 1500px) 100vw, 1500px\" \/><\/div>\n<div>\n<div id=\"s-ea6e5080-f5a1-4c54-b65d-2237a7160606\" class=\"shg-c shg-align-center\">\n<div class=\"shogun-heading-component\">\n<h2><b>MIL-STD-188-125-kompatibel f\u00f6r elektromagnetiskt skydd p\u00e5 h\u00f6g h\u00f6jd<\/b><\/h2>\n<\/div>\n<\/div>\n<div id=\"s-8ac09a28-f3da-4ed7-94d8-926a090c961f\" class=\"shg-c \">\n<div class=\"shg-rich-text shg-theme-text-content\">\n<p>Revelation EMP Shield har genomg\u00e5tt rigor\u00f6sa laboratorietester f\u00f6r att certifiera att produkten uppfyller milit\u00e4r standard MIL-STD-188-125. Denna efterlevnads\u00e5tg\u00e4rd s\u00e4kerst\u00e4ller inte bara att produkten skyddar mot elektromagnetiska pulser p\u00e5 h\u00f6g h\u00f6jd (HEMP) och relaterade h\u00e4ndelser, s\u00e5som koronala massutkastningar (CME), elektrostatiska urladdningar (ESD) och solutbrott, utan ger ocks\u00e5 konkreta bevis p\u00e5 v\u00e4skans avsk\u00e4rmningsf\u00f6rm\u00e5ga och effektivitet. Bilden nedan visar resultaten av avsk\u00e4rmningseffektiviteten.  <\/p>\n<p>&nbsp;<\/p>\n<\/div>\n<\/div>\n<\/div>\n","protected":false},"excerpt":{"rendered":"<p>Mission Darkness\u2122 Revelation EMP Shield \u00e4r en extremt stor faradayp\u00e5se som \u00e4r s\u00e4rskilt utformad f\u00f6r att skydda generatorer, stor elektronik och \u00f6verlevnadsutrustning fr\u00e5n de skadliga effekterna av en elektromagnetisk puls (EMP) eller koronal massutkastning (CME). V\u00e4skan har laboratorietestats och certifierats som &#8220;kompatibel&#8221; f\u00f6r <a href=\"https:\/\/mosequipment.com\/pages\/compliance-testing\" target=\"_blank\" rel=\"noopener\">MIL-STD-188-125<\/a>, High-Altitude Electromagnetic Protection for Ground Based C4I Facilities. Resultaten s\u00e4kerst\u00e4ller att produkten \u00f6vertr\u00e4ffar milit\u00e4ra sk\u00e4rmningskrav f\u00f6r att hantera naturliga eller konstgjorda EMP. I h\u00e4ndelse av en EMP eller CME kan allt fr\u00e5n elektrisk infrastruktur p\u00e5 nationell niv\u00e5 till personlig elektronik f\u00f6rst\u00f6ras, vilket \u00e4r anledningen till att det \u00e4r absolut n\u00f6dv\u00e4ndigt att skydda \u00f6verlevnadselektronik. De h\u00f6ga avsk\u00e4rmningsegenskaperna hos Revelation EMP Shield riktar skadliga elektromagnetiska f\u00e4lt bort fr\u00e5n mycket k\u00e4nsliga elektriska komponenter och skyddar d\u00e4rmed deras fungerande struktur.    <\/p>\n","protected":false},"featured_media":28322,"template":"","meta":[],"product_brand":[],"product_cat":[830,1077],"product_tag":[1117,998,831,833,884,885],"berocket_brand":[],"class_list":{"0":"post-29898","1":"product","2":"type-product","3":"status-publish","4":"has-post-thumbnail","6":"product_cat-faraday-mission-darkness","7":"product_cat-storre-faraday-vaskor","8":"product_tag-faraday-sv","9":"product_tag-faraday-bag-sv","10":"product_tag-faraday-skold","11":"product_tag-faraday-skydd","12":"product_tag-faraday-vaska-sv","13":"product_tag-sakerhetsfodral-sv","15":"first","16":"instock","17":"taxable","18":"shipping-taxable","19":"purchasable","20":"product-type-simple"},"_links":{"self":[{"href":"https:\/\/cryptsec.se\/sv\/wp-json\/wp\/v2\/product\/29898","targetHints":{"allow":["GET"]}}],"collection":[{"href":"https:\/\/cryptsec.se\/sv\/wp-json\/wp\/v2\/product"}],"about":[{"href":"https:\/\/cryptsec.se\/sv\/wp-json\/wp\/v2\/types\/product"}],"wp:featuredmedia":[{"embeddable":true,"href":"https:\/\/cryptsec.se\/sv\/wp-json\/wp\/v2\/media\/28322"}],"wp:attachment":[{"href":"https:\/\/cryptsec.se\/sv\/wp-json\/wp\/v2\/media?parent=29898"}],"wp:term":[{"taxonomy":"product_brand","embeddable":true,"href":"https:\/\/cryptsec.se\/sv\/wp-json\/wp\/v2\/product_brand?post=29898"},{"taxonomy":"product_cat","embeddable":true,"href":"https:\/\/cryptsec.se\/sv\/wp-json\/wp\/v2\/product_cat?post=29898"},{"taxonomy":"product_tag","embeddable":true,"href":"https:\/\/cryptsec.se\/sv\/wp-json\/wp\/v2\/product_tag?post=29898"},{"taxonomy":"berocket_brand","embeddable":true,"href":"https:\/\/cryptsec.se\/sv\/wp-json\/wp\/v2\/berocket_brand?post=29898"}],"curies":[{"name":"wp","href":"https:\/\/api.w.org\/{rel}","templated":true}]}}