{"id":29899,"date":"2024-11-07T19:07:53","date_gmt":"2024-11-07T18:07:53","guid":{"rendered":"https:\/\/cryptsec.se\/product\/mission-darkness-t10-faradayvaska-for-torn\/"},"modified":"2024-11-07T19:07:53","modified_gmt":"2024-11-07T18:07:53","slug":"mission-darkness-t10-faradayvaska-for-torn","status":"publish","type":"product","link":"https:\/\/cryptsec.se\/sv\/product\/mission-darkness-t10-faradayvaska-for-torn\/","title":{"rendered":"Mission Darkness\u2122 T10 Faradayv\u00e4ska f\u00f6r torn"},"content":{"rendered":"<h1><b>Skyddar datortorn och stor elektronik<\/b><\/h1>\n<div id=\"s-1385a86d-d7e8-4ab6-b79d-05ec0d1a3261\" class=\"shg-c \">\n<div class=\"shg-rich-text shg-theme-text-content\">\n<p>Mission Darkness\u2122 T10 Faraday Bag blockerar helt alla tr\u00e5dl\u00f6sa signaler och h\u00e5ller stora elektroniska enheter skyddade f\u00f6r att f\u00f6rhindra hackning, sp\u00e5rning, spionage, korruption i v\u00e5rdkedjan samt EMP-f\u00f6rst\u00f6relse. N\u00e4r en enhet \u00e4r ordentligt innesluten i v\u00e4skan kan inga appar eller skadlig kod fj\u00e4rrutl\u00f6sas eller raderas, ingen kommunikation kan tr\u00e4nga igenom och ingen kan komma \u00e5t mikrofonen, kameran, GPS-positionen eller data. Prim\u00e4ra anv\u00e4ndningsomr\u00e5den \u00e4r f\u00f6r brottsbek\u00e4mpning och milit\u00e4r kriminalteknisk bevisinsamling, f\u00f6rsvar mot datast\u00f6ld, personlig s\u00e4kerhet, EMP\/CME-skydd, minskning av EMF-str\u00e5lning och f\u00f6r att f\u00f6rb\u00e4ttra den digitala integriteten. N\u00e4r man \u00e5terst\u00e4ller datortorn p\u00e5 en brottsplats kan det verka som om WiFi-antennen och andra antenner skulle vara offline om man drog ur str\u00f6mmen. Problemet \u00e4r att du inte vet vad som finns inuti! Om datorn har ett internt reservbatteri, en fj\u00e4rrstyrd avst\u00e4ngningsknapp eller andra tr\u00e5dl\u00f6sa f\u00f6rem\u00e5l som en mobiltelefon, kan data \u00e4ventyras eller utredaren\/operat\u00f6ren kan lokaliseras p\u00e5 distans. N\u00e4r tiden \u00e4r knapp \u00e4r det viktigt att skydda ALLA enheter som kan ha potential att kommunicera tr\u00e5dl\u00f6st och g\u00f6ra en grundlig unders\u00f6kning n\u00e4r tiden till\u00e5ter. Andra tillbeh\u00f6r som tangentbord, m\u00f6ss etc. kan ocks\u00e5 placeras inuti v\u00e4skan. Den nyligen uppgraderade Gen 2-v\u00e4skan inneh\u00e5ller uppgraderade material och MOLLE-band p\u00e5 fram- och baksidan.  <\/p>\n<p> V\u00e4skan \u00e4r tillverkad med ett slitstarkt och vattenavvisande yttermaterial i ballistisk nylon f\u00f6r att s\u00e4kerst\u00e4lla att enheter och faradayv\u00e4v h\u00e5ller sig torra och skyddade. Insidan best\u00e5r av tre lager h\u00f6gavsk\u00e4rmande <a href=\"https:\/\/mosequipment.com\/collections\/faraday-supplies\/products\/titanrf-faraday-fabric\" target=\"_blank\" rel=\"noopener\">TitanRF\u2122 Faraday Fabric<\/a> p\u00e5 alla sidor med dubbla s\u00f6mmar. Detta material har laboratorietestats och certifierats enligt standarderna f\u00f6r sk\u00e4rmningseffektivitet MIL STD 188-125 och IEEE 299-2006.  V\u00e4skan blockerar alla tr\u00e5dl\u00f6sa signaler, inklusive WiFi (2,4 och 5 GHz), Bluetooth, mobilsignaler inklusive 5G-n\u00e4tverk, GPS, RFID, NFC och radiosignaler fr\u00e5n l\u00e5ga MHz till 40 GHz. Ytterligare produktegenskaper inkluderar en dubbel rulle med kardborref\u00f6rslutning, unikt serienummer, transparent m\u00e4rkesficka och kraftiga f\u00f6rst\u00e4rkta remmar med ett vadderat handtag. V\u00e4skan \u00e4r tillr\u00e4ckligt stor f\u00f6r att rymma stor elektronik som datortorn, portabla kraftstationer, kompakta generatorer och solpaneler, dr\u00f6nare, spelsystem, bevismaterial med inbyggda sp\u00e5rare och liknande f\u00f6rem\u00e5l. De flesta faradayv\u00e4skor \u00e4r helt enkelt f\u00f6r sm\u00e5, men T10 erbjuder gott om utrymme f\u00f6r att passa \u00e4ven de st\u00f6rsta skrivbordsupps\u00e4ttningarna samt tillbeh\u00f6r. N\u00e4r den inte anv\u00e4nds kan den vikas ihop till ett litet format, vilket g\u00f6r att den kan packas i en portf\u00f6lj eller ryggs\u00e4ck.<\/p>\n<p><img fetchpriority=\"high\" decoding=\"async\" class=\"aligncenter wp-image-28340 size-full\" src=\"https:\/\/cryptsec.se\/wp-content\/uploads\/2024\/11\/nedladdning-13.jpeg\" alt=\"\" width=\"1920\" height=\"1114\" srcset=\"https:\/\/cryptsec.se\/wp-content\/uploads\/2024\/11\/nedladdning-13.jpeg 1920w, https:\/\/cryptsec.se\/wp-content\/uploads\/2024\/11\/nedladdning-13-300x174.jpeg 300w, https:\/\/cryptsec.se\/wp-content\/uploads\/2024\/11\/nedladdning-13-1024x594.jpeg 1024w, https:\/\/cryptsec.se\/wp-content\/uploads\/2024\/11\/nedladdning-13-768x446.jpeg 768w, https:\/\/cryptsec.se\/wp-content\/uploads\/2024\/11\/nedladdning-13-1536x891.jpeg 1536w, https:\/\/cryptsec.se\/wp-content\/uploads\/2024\/11\/nedladdning-13-680x395.jpeg 680w\" sizes=\"(max-width: 1920px) 100vw, 1920px\" \/><\/p>\n<p><img decoding=\"async\" class=\"aligncenter wp-image-28342 size-full\" src=\"https:\/\/cryptsec.se\/wp-content\/uploads\/2024\/11\/Skarmavbild-2024-11-07-kl.-19.09.46.png\" alt=\"\" width=\"2830\" height=\"1508\" srcset=\"https:\/\/cryptsec.se\/wp-content\/uploads\/2024\/11\/Skarmavbild-2024-11-07-kl.-19.09.46.png 2560w, https:\/\/cryptsec.se\/wp-content\/uploads\/2024\/11\/Skarmavbild-2024-11-07-kl.-19.09.46-300x160.png 300w, https:\/\/cryptsec.se\/wp-content\/uploads\/2024\/11\/Skarmavbild-2024-11-07-kl.-19.09.46-1024x546.png 1024w, https:\/\/cryptsec.se\/wp-content\/uploads\/2024\/11\/Skarmavbild-2024-11-07-kl.-19.09.46-768x409.png 768w, https:\/\/cryptsec.se\/wp-content\/uploads\/2024\/11\/Skarmavbild-2024-11-07-kl.-19.09.46-1536x818.png 1536w, https:\/\/cryptsec.se\/wp-content\/uploads\/2024\/11\/Skarmavbild-2024-11-07-kl.-19.09.46-2048x1091.png 2048w, https:\/\/cryptsec.se\/wp-content\/uploads\/2024\/11\/Skarmavbild-2024-11-07-kl.-19.09.46-680x362.png 680w\" sizes=\"(max-width: 2830px) 100vw, 2830px\" \/><\/p>\n<\/div>\n<\/div>\n<div class=\"shg-hr-wrapper\"><\/div>\n","protected":false},"excerpt":{"rendered":"<p>Mission Darkness\u2122 T10 Faraday Bag blockerar helt alla tr\u00e5dl\u00f6sa signaler och h\u00e5ller stora elektroniska enheter skyddade f\u00f6r att f\u00f6rhindra hackning, sp\u00e5rning, spionage, korruption i v\u00e5rdkedjan samt EMP-f\u00f6rst\u00f6relse. N\u00e4r en enhet \u00e4r ordentligt innesluten i v\u00e4skan kan inga appar eller skadlig kod fj\u00e4rrutl\u00f6sas eller raderas, ingen kommunikation kan tr\u00e4nga igenom och ingen kan komma \u00e5t mikrofonen, kameran, GPS-positionen eller data. Prim\u00e4ra anv\u00e4ndningsomr\u00e5den \u00e4r f\u00f6r brottsbek\u00e4mpning och milit\u00e4r kriminalteknisk bevisinsamling, f\u00f6rsvar mot datast\u00f6ld, personlig s\u00e4kerhet, EMP\/CME-skydd, minskning av EMF-str\u00e5lning och f\u00f6r att f\u00f6rb\u00e4ttra den digitala integriteten.  <\/p>\n","protected":false},"featured_media":28333,"template":"","meta":[],"product_brand":[],"product_cat":[830,1077],"product_tag":[1117,998,831,833,884,885],"berocket_brand":[],"class_list":{"0":"post-29899","1":"product","2":"type-product","3":"status-publish","4":"has-post-thumbnail","6":"product_cat-faraday-mission-darkness","7":"product_cat-storre-faraday-vaskor","8":"product_tag-faraday-sv","9":"product_tag-faraday-bag-sv","10":"product_tag-faraday-skold","11":"product_tag-faraday-skydd","12":"product_tag-faraday-vaska-sv","13":"product_tag-sakerhetsfodral-sv","15":"first","16":"instock","17":"taxable","18":"shipping-taxable","19":"purchasable","20":"product-type-simple"},"_links":{"self":[{"href":"https:\/\/cryptsec.se\/sv\/wp-json\/wp\/v2\/product\/29899","targetHints":{"allow":["GET"]}}],"collection":[{"href":"https:\/\/cryptsec.se\/sv\/wp-json\/wp\/v2\/product"}],"about":[{"href":"https:\/\/cryptsec.se\/sv\/wp-json\/wp\/v2\/types\/product"}],"wp:featuredmedia":[{"embeddable":true,"href":"https:\/\/cryptsec.se\/sv\/wp-json\/wp\/v2\/media\/28333"}],"wp:attachment":[{"href":"https:\/\/cryptsec.se\/sv\/wp-json\/wp\/v2\/media?parent=29899"}],"wp:term":[{"taxonomy":"product_brand","embeddable":true,"href":"https:\/\/cryptsec.se\/sv\/wp-json\/wp\/v2\/product_brand?post=29899"},{"taxonomy":"product_cat","embeddable":true,"href":"https:\/\/cryptsec.se\/sv\/wp-json\/wp\/v2\/product_cat?post=29899"},{"taxonomy":"product_tag","embeddable":true,"href":"https:\/\/cryptsec.se\/sv\/wp-json\/wp\/v2\/product_tag?post=29899"},{"taxonomy":"berocket_brand","embeddable":true,"href":"https:\/\/cryptsec.se\/sv\/wp-json\/wp\/v2\/berocket_brand?post=29899"}],"curies":[{"name":"wp","href":"https:\/\/api.w.org\/{rel}","templated":true}]}}