{"id":29900,"date":"2024-11-17T22:24:18","date_gmt":"2024-11-17T21:24:18","guid":{"rendered":"https:\/\/cryptsec.se\/product\/mission-darkness-eclipse-faraday-bag-for-solpaneler\/"},"modified":"2024-11-17T22:24:18","modified_gmt":"2024-11-17T21:24:18","slug":"mission-darkness-eclipse-faraday-bag-for-solpaneler","status":"publish","type":"product","link":"https:\/\/cryptsec.se\/sv\/product\/mission-darkness-eclipse-faraday-bag-for-solpaneler\/","title":{"rendered":"Mission Darkness\u2122 Eclipse Faraday Bag f\u00f6r solpaneler"},"content":{"rendered":"<p><img fetchpriority=\"high\" decoding=\"async\" class=\"aligncenter wp-image-28637 size-full\" src=\"https:\/\/cryptsec.se\/wp-content\/uploads\/2024\/11\/Skarmavbild-2024-11-17-kl.-22.20.22.png\" alt=\"\" width=\"2648\" height=\"1056\" srcset=\"https:\/\/cryptsec.se\/wp-content\/uploads\/2024\/11\/Skarmavbild-2024-11-17-kl.-22.20.22.png 2560w, https:\/\/cryptsec.se\/wp-content\/uploads\/2024\/11\/Skarmavbild-2024-11-17-kl.-22.20.22-300x120.png 300w, https:\/\/cryptsec.se\/wp-content\/uploads\/2024\/11\/Skarmavbild-2024-11-17-kl.-22.20.22-1024x408.png 1024w, https:\/\/cryptsec.se\/wp-content\/uploads\/2024\/11\/Skarmavbild-2024-11-17-kl.-22.20.22-768x306.png 768w, https:\/\/cryptsec.se\/wp-content\/uploads\/2024\/11\/Skarmavbild-2024-11-17-kl.-22.20.22-1536x613.png 1536w, https:\/\/cryptsec.se\/wp-content\/uploads\/2024\/11\/Skarmavbild-2024-11-17-kl.-22.20.22-2048x817.png 2048w, https:\/\/cryptsec.se\/wp-content\/uploads\/2024\/11\/Skarmavbild-2024-11-17-kl.-22.20.22-680x271.png 680w\" sizes=\"(max-width: 2648px) 100vw, 2648px\" \/><\/p>\n<p>V\u00e4skans stora och unika storlek g\u00f6r att den rymmer de flesta b\u00e4rbara solpaneler, inklusive Goal Zeros b\u00e4rbara solpaneler (Boulder- och Nomad-serierna), Renogy (monokristallina solpaneler\/v\u00e4skor), HQST (monokristallina solv\u00e4skor), plus medf\u00f6ljande tillbeh\u00f6r som laddningsregulatorer och kablar. V\u00e4skan \u00e4r byggd med en avtagbar bottenplatta i polypropylenplast som \u00e4r f\u00e4st i ett blixtl\u00e5sfack i botten f\u00f6r att ge gott om st\u00f6d f\u00f6r stora f\u00f6rem\u00e5l. Vadderade handtag med lastb\u00e4rande v\u00e4vband l\u00f6per runt sidorna f\u00f6r att st\u00f6dja vikten av tunga f\u00f6rem\u00e5l under transport. P\u00e5 v\u00e4skans framsida finns ett djupt oskyddat blixtl\u00e5sfack och en stor genomskinlig ficka f\u00f6r att h\u00e5lla tillbeh\u00f6ren \u00e5tkomliga utan att \u00e4ventyra avsk\u00e4rmningen av de elektroniska f\u00f6rem\u00e5len i huvudfacket. N\u00e4r solpanelerna eller elektroniken \u00e4r ordentligt inneslutna i v\u00e4skan blir de isolerade fr\u00e5n tr\u00e5dl\u00f6sa signaler utifr\u00e5n. Skadeverkningar fr\u00e5n en EMP eller liknande h\u00e4ndelser kan inte tr\u00e4nga igenom v\u00e4skan och f\u00f6rst\u00f6ra de elektriska komponenterna i den. V\u00e4skan blockerar WiFi (2,4 &amp; 5 GHz), Bluetooth, mobilsignaler inklusive 5G-n\u00e4tverk, GPS, RFID, NFC och radiosignaler fr\u00e5n l\u00e5ga MHz till 40 GHz. V\u00e4skans enorma storlek kan ocks\u00e5 anv\u00e4ndas f\u00f6r att skydda stor elektronik och \u00f6verlevnadsutrustning. Den fullst\u00e4ndiga signalavst\u00e4ngningen g\u00f6r att du kan g\u00e5 off-grid och h\u00e5lla elektroniska enheter osp\u00e5rbara. Detta \u00e4r den ultimata s\u00e4kerhetsv\u00e4skan f\u00f6r att skydda solpaneler och \u00f6verlevnadselektronik fr\u00e5n en naturlig eller konstgjord katastrof, t.ex. en EMP eller CME. *F\u00f6r vattent\u00e4tt skydd kan du \u00f6verv\u00e4ga att k\u00f6pa <a href=\"https:\/\/mosequipment.com\/products\/mission-darkness-dry-shield-eclipse-faraday-bag-for-solar-panels\" target=\"_blank\" rel=\"noopener\">Dry Shield Eclipse Faraday Bag for Solar Panels<\/a>, en vattent\u00e4t version av den h\u00e4r produkten. F\u00f6r att skydda medf\u00f6ljande elektronik, t.ex. generatorer eller kraftverk, finns alternativen <a href=\"https:\/\/mosequipment.com\/products\/mission-darkness-dry-shield-rapture-faraday-bag\" target=\"_blank\" rel=\"noopener\">Dry Shield Rapture Faraday Bag<\/a>, <a href=\"https:\/\/mosequipment.com\/products\/mission-darkness-revelation-emp-shield-for-generators\" target=\"_blank\" rel=\"noopener\">Revelation EMP Shield<\/a> och <a href=\"https:\/\/mosequipment.com\/products\/mission-darkness-t10-faraday-bag-for-towers\" target=\"_blank\" rel=\"noopener\">T10 Faraday Bag<\/a>.   <\/p>\n","protected":false},"excerpt":{"rendered":"<p>Mission Darkness\u2122 Eclipse Faraday Bag f\u00f6r solpaneler skyddar b\u00e4rbara solpaneler fr\u00e5n de skadliga effekterna av en elektromagnetisk puls (EMP) eller koronal massutkastning (CME). V\u00e4skan \u00e4r tillverkad av ett slitstarkt och vattenavvisande yttermaterial i ballistisk nylon f\u00f6r att s\u00e4kerst\u00e4lla att enheter och faradayfodral h\u00e5lls skyddade. Inv\u00e4ndigt finns tre lager av h\u00f6gavsk\u00e4rmande <a href=\"https:\/\/mosequipment.com\/collections\/faraday-supplies\/products\/titanrf-faraday-fabric\">TitanRF\u2122 Faraday Fabric<\/a> p\u00e5 alla sidor med dubbla parade s\u00f6mmar. Detta material har laboratorietestats och certifierats som &#8220;kompatibelt&#8221; f\u00f6r <a href=\"https:\/\/mosequipment.com\/pages\/compliance-testing\" target=\"_blank\" rel=\"noopener\">MIL-STD-188-125<\/a>, elektromagnetiskt skydd p\u00e5 h\u00f6g h\u00f6jd f\u00f6r markbaserade C4I-anl\u00e4ggningar. Resultaten s\u00e4kerst\u00e4ller att materialet \u00f6vertr\u00e4ffar milit\u00e4ra sk\u00e4rmningskrav f\u00f6r att hantera naturliga eller konstgjorda EMP. I h\u00e4ndelse av en EMP eller CME kan allt fr\u00e5n elektrisk infrastruktur p\u00e5 nationell niv\u00e5 till personlig elektronik f\u00f6rst\u00f6ras, vilket \u00e4r anledningen till att det \u00e4r absolut n\u00f6dv\u00e4ndigt att skydda \u00f6verlevnadselektronik. V\u00e4skans h\u00f6ga avsk\u00e4rmningsegenskaper leder bort skadliga elektromagnetiska f\u00e4lt fr\u00e5n mycket k\u00e4nsliga elektriska komponenter och skyddar p\u00e5 s\u00e5 s\u00e4tt deras fungerande struktur.      <\/p>\n","protected":false},"featured_media":28636,"template":"","meta":[],"product_brand":[],"product_cat":[830,1077],"product_tag":[1117,998,831,833,1121,884],"berocket_brand":[],"class_list":{"0":"post-29900","1":"product","2":"type-product","3":"status-publish","4":"has-post-thumbnail","6":"product_cat-faraday-mission-darkness","7":"product_cat-storre-faraday-vaskor","8":"product_tag-faraday-sv","9":"product_tag-faraday-bag-sv","10":"product_tag-faraday-skold","11":"product_tag-faraday-skydd","12":"product_tag-faraday-skydd-sv","13":"product_tag-faraday-vaska-sv","15":"first","16":"instock","17":"taxable","18":"shipping-taxable","19":"purchasable","20":"product-type-simple"},"_links":{"self":[{"href":"https:\/\/cryptsec.se\/sv\/wp-json\/wp\/v2\/product\/29900","targetHints":{"allow":["GET"]}}],"collection":[{"href":"https:\/\/cryptsec.se\/sv\/wp-json\/wp\/v2\/product"}],"about":[{"href":"https:\/\/cryptsec.se\/sv\/wp-json\/wp\/v2\/types\/product"}],"wp:featuredmedia":[{"embeddable":true,"href":"https:\/\/cryptsec.se\/sv\/wp-json\/wp\/v2\/media\/28636"}],"wp:attachment":[{"href":"https:\/\/cryptsec.se\/sv\/wp-json\/wp\/v2\/media?parent=29900"}],"wp:term":[{"taxonomy":"product_brand","embeddable":true,"href":"https:\/\/cryptsec.se\/sv\/wp-json\/wp\/v2\/product_brand?post=29900"},{"taxonomy":"product_cat","embeddable":true,"href":"https:\/\/cryptsec.se\/sv\/wp-json\/wp\/v2\/product_cat?post=29900"},{"taxonomy":"product_tag","embeddable":true,"href":"https:\/\/cryptsec.se\/sv\/wp-json\/wp\/v2\/product_tag?post=29900"},{"taxonomy":"berocket_brand","embeddable":true,"href":"https:\/\/cryptsec.se\/sv\/wp-json\/wp\/v2\/berocket_brand?post=29900"}],"curies":[{"name":"wp","href":"https:\/\/api.w.org\/{rel}","templated":true}]}}