{"id":29902,"date":"2024-11-17T22:31:04","date_gmt":"2024-11-17T21:31:04","guid":{"rendered":"https:\/\/cryptsec.se\/product\/mission-darkness-dry-shield-faraday-ryggsack-40l\/"},"modified":"2024-11-17T22:31:04","modified_gmt":"2024-11-17T21:31:04","slug":"mission-darkness-dry-shield-faraday-ryggsack-40l","status":"publish","type":"product","link":"https:\/\/cryptsec.se\/sv\/product\/mission-darkness-dry-shield-faraday-ryggsack-40l\/","title":{"rendered":"Mission Darkness\u2122 Dry Shield Faraday Ryggs\u00e4ck 40L"},"content":{"rendered":"<p><img fetchpriority=\"high\" decoding=\"async\" class=\"aligncenter wp-image-28651 size-full\" src=\"https:\/\/cryptsec.se\/wp-content\/uploads\/2024\/11\/nedladdning-14.jpeg\" alt=\"\" width=\"1500\" height=\"928\" srcset=\"https:\/\/cryptsec.se\/wp-content\/uploads\/2024\/11\/nedladdning-14.jpeg 1500w, https:\/\/cryptsec.se\/wp-content\/uploads\/2024\/11\/nedladdning-14-300x186.jpeg 300w, https:\/\/cryptsec.se\/wp-content\/uploads\/2024\/11\/nedladdning-14-1024x634.jpeg 1024w, https:\/\/cryptsec.se\/wp-content\/uploads\/2024\/11\/nedladdning-14-768x475.jpeg 768w, https:\/\/cryptsec.se\/wp-content\/uploads\/2024\/11\/nedladdning-14-680x421.jpeg 680w\" sizes=\"(max-width: 1500px) 100vw, 1500px\" \/><\/p>\n<div id=\"s-1177026a-b3c9-4aa2-a212-1813cbb3483c\" class=\"shg-c shg-align-center\">\n<div class=\"shogun-heading-component\">\n<h1><b>DRY SHIELD FARADAY BACKPACK 40L &#8211; <i>V\u00e4derbest\u00e4ndig, vattent\u00e4t, signals\u00e4ker<\/i><\/b><\/h1>\n<\/div>\n<\/div>\n<div id=\"s-5972e7e3-e927-40ab-a378-97919295c906\" class=\"shg-c \">\n<div class=\"shg-rich-text shg-theme-text-content\">\n<p>Mission Darkness\u2122 Dry Shield Faraday Backpack 40L blockerar helt alla tr\u00e5dl\u00f6sa signaler och h\u00e5ller stora elektroniska enheter skyddade f\u00f6r att f\u00f6rhindra hackning, sp\u00e5rning, spionage och korruption i v\u00e5rdkedjan. N\u00e4r en enhet \u00e4r ordentligt innesluten i v\u00e4skan kan inga appar eller skadlig kod fj\u00e4rrutl\u00f6sas eller raderas, ingen kommunikation kan tr\u00e4nga igenom och ingen kan komma \u00e5t mikrofonen, kameran, GPS-positionen eller data.  De prim\u00e4ra anv\u00e4ndningsomr\u00e5dena \u00e4r polis och milit\u00e4r f\u00f6r insamling av kriminaltekniska bevis, f\u00f6rsvar mot datast\u00f6ld, personlig s\u00e4kerhet, EMP-skydd, minskning av EMF-str\u00e5lning och f\u00f6r att f\u00f6rb\u00e4ttra den digitala integriteten. Den stora kapaciteten p\u00e5 40 liter rymmer m\u00e5nga olika enheter, t.ex. b\u00e4rbara datorer, batterier, surfplattor, mobiltelefoner, radioapparater, GPS-enheter och andra tillbeh\u00f6r och utrustning. Den elektronik som ryms i ryggs\u00e4cken f\u00f6rblir garanterat torr och offline i alla vattenomgivna milj\u00f6er. Den milit\u00e4rklassade taktiska ryggs\u00e4cken \u00e4r byggd med ett slitstarkt och vattent\u00e4tt <span class=\"a-list-item\">yttermaterial i 500D PVC <\/span>och tv\u00e5 lager av h\u00f6gavsk\u00e4rmande <a href=\"https:\/\/mosequipment.com\/collections\/faraday-supplies\/products\/titanrf-faraday-fabric\" target=\"_blank\" rel=\"noopener\">TitanRF\u2122 Faraday Fabric<\/a> p\u00e5 alla insidor med dubbla parade s\u00f6mmar. Den har justerbara midje- och br\u00f6stremmar, andningsbara vadderade axelremmar och andningsbar vaddering f\u00f6r \u00f6vre och nedre delen av ryggen, vilket g\u00f6r den bekv\u00e4m f\u00f6r l\u00e5ngvarig anv\u00e4ndning i f\u00e4lt. Ryggs\u00e4cken \u00e4r utrustad med MOLLE-band p\u00e5 tre sidor, fem l\u00f6stagbara MOLLE-fickor (oskyddade) och en h\u00e5llare f\u00f6r kniv eller ficklampa. MOLLE-systemet g\u00f6r att du kan anpassa p\u00e5sarrangemanget eller l\u00e4gga till snap-on MOLLE-paket, utrustning, karbinhakar och tillbeh\u00f6r. Den \u00e4r kompatibel med <a href=\"https:\/\/mosequipment.com\/products\/mission-darkness-dry-shield-molle-faraday-pouch\" target=\"_blank\" rel=\"noopener\">Mission Darkness Dry Shield MOLLE Faraday P<\/a> ouch (vattent\u00e4t version) och <a href=\"https:\/\/mosequipment.com\/products\/mission-darkness-molle-faraday-pouch\" target=\"_blank\" rel=\"noopener noreferrer\">Mission Darkness MOLLE Faraday P<\/a> ouch (standardversion), som anv\u00e4nder snabbkn\u00e4ppningssystemet f\u00f6r att f\u00e4sta skyddade p\u00e5sar p\u00e5 MOLLE-banden, vilket g\u00f6r att anv\u00e4ndarna kan h\u00e5lla enheterna \u00e5tskilda och s\u00e4kra. L\u00e4gg till flera MOLLE Faraday Pouches till din order f\u00f6r ytterligare skyddade fack och isolering. <\/p>\n<\/div>\n<\/div>\n","protected":false},"excerpt":{"rendered":"<p>Mission Darkness\u2122 Dry Shield Faraday Backpack 40L blockerar helt alla tr\u00e5dl\u00f6sa signaler och h\u00e5ller stora elektroniska enheter skyddade f\u00f6r att f\u00f6rhindra hackning, sp\u00e5rning, spionage och korruption i v\u00e5rdkedjan. N\u00e4r en enhet \u00e4r ordentligt innesluten i v\u00e4skan kan inga appar eller skadlig kod fj\u00e4rrutl\u00f6sas eller raderas, ingen kommunikation kan tr\u00e4nga igenom och ingen kan komma \u00e5t mikrofonen, kameran, GPS-positionen eller data.  De prim\u00e4ra anv\u00e4ndningsomr\u00e5dena \u00e4r polis och milit\u00e4r f\u00f6r insamling av kriminaltekniska bevis, f\u00f6rsvar mot datast\u00f6ld, personlig s\u00e4kerhet, EMP-skydd, minskning av EMF-str\u00e5lning och f\u00f6r att f\u00f6rb\u00e4ttra den digitala integriteten. Den stora kapaciteten p\u00e5 40 liter rymmer m\u00e5nga olika enheter, t.ex. b\u00e4rbara datorer, batterier, surfplattor, mobiltelefoner, radioapparater, GPS-enheter och andra tillbeh\u00f6r och utrustning. Elektroniken i v\u00e4skan f\u00f6rblir garanterat torr och offline p\u00e5 alla platser d\u00e4r det finns vatten. <\/p>\n","protected":false},"featured_media":28654,"template":"","meta":[],"product_brand":[],"product_cat":[830,1077],"product_tag":[998,831,833,884,885],"berocket_brand":[],"class_list":{"0":"post-29902","1":"product","2":"type-product","3":"status-publish","4":"has-post-thumbnail","6":"product_cat-faraday-mission-darkness","7":"product_cat-storre-faraday-vaskor","8":"product_tag-faraday-bag-sv","9":"product_tag-faraday-skold","10":"product_tag-faraday-skydd","11":"product_tag-faraday-vaska-sv","12":"product_tag-sakerhetsfodral-sv","14":"first","15":"instock","16":"taxable","17":"shipping-taxable","18":"purchasable","19":"product-type-simple"},"_links":{"self":[{"href":"https:\/\/cryptsec.se\/sv\/wp-json\/wp\/v2\/product\/29902","targetHints":{"allow":["GET"]}}],"collection":[{"href":"https:\/\/cryptsec.se\/sv\/wp-json\/wp\/v2\/product"}],"about":[{"href":"https:\/\/cryptsec.se\/sv\/wp-json\/wp\/v2\/types\/product"}],"wp:featuredmedia":[{"embeddable":true,"href":"https:\/\/cryptsec.se\/sv\/wp-json\/wp\/v2\/media\/28654"}],"wp:attachment":[{"href":"https:\/\/cryptsec.se\/sv\/wp-json\/wp\/v2\/media?parent=29902"}],"wp:term":[{"taxonomy":"product_brand","embeddable":true,"href":"https:\/\/cryptsec.se\/sv\/wp-json\/wp\/v2\/product_brand?post=29902"},{"taxonomy":"product_cat","embeddable":true,"href":"https:\/\/cryptsec.se\/sv\/wp-json\/wp\/v2\/product_cat?post=29902"},{"taxonomy":"product_tag","embeddable":true,"href":"https:\/\/cryptsec.se\/sv\/wp-json\/wp\/v2\/product_tag?post=29902"},{"taxonomy":"berocket_brand","embeddable":true,"href":"https:\/\/cryptsec.se\/sv\/wp-json\/wp\/v2\/berocket_brand?post=29902"}],"curies":[{"name":"wp","href":"https:\/\/api.w.org\/{rel}","templated":true}]}}