{"id":29903,"date":"2024-11-17T22:35:39","date_gmt":"2024-11-17T21:35:39","guid":{"rendered":"https:\/\/cryptsec.se\/product\/mission-darkness-dry-shield-rapture-faraday-vaska\/"},"modified":"2024-11-17T22:35:39","modified_gmt":"2024-11-17T21:35:39","slug":"mission-darkness-dry-shield-rapture-faraday-vaska","status":"publish","type":"product","link":"https:\/\/cryptsec.se\/sv\/product\/mission-darkness-dry-shield-rapture-faraday-vaska\/","title":{"rendered":"Mission Darkness\u2122 Dry Shield Rapture Faraday-v\u00e4ska"},"content":{"rendered":"<p><img fetchpriority=\"high\" decoding=\"async\" class=\"aligncenter wp-image-28662 size-full\" src=\"https:\/\/cryptsec.se\/wp-content\/uploads\/2024\/11\/nedladdning-15-scaled.jpeg\" alt=\"\" width=\"2560\" height=\"1936\" srcset=\"https:\/\/cryptsec.se\/wp-content\/uploads\/2024\/11\/nedladdning-15-scaled.jpeg 2560w, https:\/\/cryptsec.se\/wp-content\/uploads\/2024\/11\/nedladdning-15-300x227.jpeg 300w, https:\/\/cryptsec.se\/wp-content\/uploads\/2024\/11\/nedladdning-15-1024x774.jpeg 1024w, https:\/\/cryptsec.se\/wp-content\/uploads\/2024\/11\/nedladdning-15-768x581.jpeg 768w, https:\/\/cryptsec.se\/wp-content\/uploads\/2024\/11\/nedladdning-15-1536x1161.jpeg 1536w, https:\/\/cryptsec.se\/wp-content\/uploads\/2024\/11\/nedladdning-15-2048x1548.jpeg 2048w, https:\/\/cryptsec.se\/wp-content\/uploads\/2024\/11\/nedladdning-15-680x514.jpeg 680w\" sizes=\"(max-width: 2560px) 100vw, 2560px\" \/><\/p>\n<p>Mission Darkness\u2122 Dry Shield Rapture Faraday Bag 1 060 l \u00e4r den st\u00f6rsta faradayv\u00e4skan p\u00e5 marknaden och \u00e4r utformad f\u00f6r att skydda generatorer och extra stor elektronik fr\u00e5n de skadliga effekterna av en elektromagnetisk puls (EMP) eller koronal massutkastning (CME). V\u00e4skan blockerar inte bara tr\u00e5dl\u00f6sa signaler, utan dess slitstarka och v\u00e4derbest\u00e4ndiga utsida h\u00e5ller f\u00f6rem\u00e5len inuti skyddade fr\u00e5n vatten, sn\u00f6, sand, smuts och f\u00f6roreningar. De skyddande materialen p\u00e5 insidan och utsidan skyddar s\u00e5rbara f\u00f6rem\u00e5l fr\u00e5n f\u00f6r\u00f6dande effekter av olika katastrofscenarier, allt fr\u00e5n EMP till \u00f6versv\u00e4mningar. I h\u00e4ndelse av en EMP eller CME kan allt fr\u00e5n elektrisk infrastruktur p\u00e5 nationell niv\u00e5 till personlig elektronik f\u00f6rst\u00f6ras, vilket \u00e4r anledningen till att det \u00e4r absolut n\u00f6dv\u00e4ndigt att skydda \u00f6verlevnadselektronik. De h\u00f6ga avsk\u00e4rmningsegenskaperna hos Rapture Faraday Bag leder bort skadliga elektromagnetiska f\u00e4lt fr\u00e5n mycket k\u00e4nsliga elektriska komponenter och skyddar d\u00e4rmed deras arbetsstruktur. Andra anv\u00e4ndningsomr\u00e5den \u00e4r att anv\u00e4nda v\u00e4skan f\u00f6r att f\u00f6rhindra hackning av elektroniska enheter, sp\u00e5rning, spionage, korruption i v\u00e5rdkedjan, drogf\u00f6rbud och avsk\u00e4rmning av beslagtagna bevis som kan ha inb\u00e4ddade sp\u00e5rare. N\u00e4r en enhet \u00e4r innesluten i v\u00e4skan kan inga appar eller skadlig kod fj\u00e4rrutl\u00f6sas eller raderas, ingen kommunikation kan tr\u00e4nga igenom och ingen kan komma \u00e5t mikrofonen, kameran, GPS-positionen eller data. Denna anv\u00e4ndning \u00e4r inriktad p\u00e5 brottsbek\u00e4mpning och milit\u00e4r kriminalteknisk bevisinsamling, inklusive &#8220;grab-and-go&#8221;-uppdrag. Den enorma kapaciteten p\u00e5 1 060 liter rymmer stora f\u00f6rem\u00e5l som b\u00e4rbara generatorer, solpaneler, elverktyg, medicinsk utrustning, betydande m\u00e4ngder\/volymer beslagtagna bevis, \u00f6verlevnadsutrustning och medf\u00f6ljande tillbeh\u00f6r. Anv\u00e4nd det \u00e5terst\u00e5ende utrymmet f\u00f6r att skydda personliga enheter och ytterligare n\u00f6dberedskapsartiklar. Utsidan best\u00e5r av ett slitstarkt och vattent\u00e4tt   <\/p>\n<p> <span class=\"a-list-item\">500D PVC-material med vattent\u00e4t dragkedja och avluftningsventil, vilket g\u00f6r den 100% vattent\u00e4t och dr\u00e4nkbar. Kraftiga f\u00f6rst\u00e4rkta handtag, remmar och v\u00e4vband finns p\u00e5 sidorna med flera f\u00e4stpunkter. V\u00e4skan har en avtagbar gummimatta f\u00f6r att minimera friktion och rester fr\u00e5n inneh\u00e5llet i v\u00e4skan. Interi\u00f6ren omfattar   <\/span>  tre lager av h\u00f6gavsk\u00e4rmande <a href=\"https:\/\/mosequipment.com\/collections\/faraday-supplies\/products\/titanrf-faraday-fabric\" target=\"_blank\" rel=\"noopener\">TitanRF\u2122 Faraday Fabric<\/a> p\u00e5 alla sidor med dubbla parade s\u00f6mmar. V\u00e4skan blockerar WiFi (2,4 &amp; 5GHz), Bluetooth, mobilsignaler inklusive 5G-n\u00e4tverk, GPS, RFID och radiosignaler fr\u00e5n l\u00e5ga MHz till 40GHz. Den fullst\u00e4ndiga signalavst\u00e4ngningen g\u00f6r det ocks\u00e5 m\u00f6jligt f\u00f6r dig att g\u00e5 off-grid och h\u00e5lla elektroniska enheter osp\u00e5rbara. Detta \u00e4r den ultimata s\u00e4kerhetsv\u00e4skan f\u00f6r att skydda stor \u00f6verlevnadselektronik fr\u00e5n naturliga eller konstgjorda katastrofer.   <\/p>\n","protected":false},"excerpt":{"rendered":"<p>Mission Darkness\u2122 Dry Shield Rapture Faraday Bag 1 060 l \u00e4r den st\u00f6rsta faradayv\u00e4skan p\u00e5 marknaden och \u00e4r utformad f\u00f6r att skydda generatorer och extra stor elektronik fr\u00e5n de skadliga effekterna av en elektromagnetisk puls (EMP) eller koronal massutkastning (CME). V\u00e4skan blockerar inte bara tr\u00e5dl\u00f6sa signaler, utan dess slitstarka och v\u00e4derbest\u00e4ndiga utsida h\u00e5ller f\u00f6rem\u00e5len inuti skyddade fr\u00e5n vatten, sn\u00f6, sand, smuts och f\u00f6roreningar. De skyddande inre och yttre materialen skyddar s\u00e5rbara f\u00f6rem\u00e5l fr\u00e5n f\u00f6r\u00f6dande effekter av olika katastrofscenarier, allt fr\u00e5n EMP till \u00f6versv\u00e4mningar.  <\/p>\n","protected":false},"featured_media":28665,"template":"","meta":[],"product_brand":[],"product_cat":[830,1077],"product_tag":[1117,998,831,833,884,885],"berocket_brand":[],"class_list":{"0":"post-29903","1":"product","2":"type-product","3":"status-publish","4":"has-post-thumbnail","6":"product_cat-faraday-mission-darkness","7":"product_cat-storre-faraday-vaskor","8":"product_tag-faraday-sv","9":"product_tag-faraday-bag-sv","10":"product_tag-faraday-skold","11":"product_tag-faraday-skydd","12":"product_tag-faraday-vaska-sv","13":"product_tag-sakerhetsfodral-sv","15":"first","16":"instock","17":"taxable","18":"shipping-taxable","19":"purchasable","20":"product-type-simple"},"_links":{"self":[{"href":"https:\/\/cryptsec.se\/sv\/wp-json\/wp\/v2\/product\/29903","targetHints":{"allow":["GET"]}}],"collection":[{"href":"https:\/\/cryptsec.se\/sv\/wp-json\/wp\/v2\/product"}],"about":[{"href":"https:\/\/cryptsec.se\/sv\/wp-json\/wp\/v2\/types\/product"}],"wp:featuredmedia":[{"embeddable":true,"href":"https:\/\/cryptsec.se\/sv\/wp-json\/wp\/v2\/media\/28665"}],"wp:attachment":[{"href":"https:\/\/cryptsec.se\/sv\/wp-json\/wp\/v2\/media?parent=29903"}],"wp:term":[{"taxonomy":"product_brand","embeddable":true,"href":"https:\/\/cryptsec.se\/sv\/wp-json\/wp\/v2\/product_brand?post=29903"},{"taxonomy":"product_cat","embeddable":true,"href":"https:\/\/cryptsec.se\/sv\/wp-json\/wp\/v2\/product_cat?post=29903"},{"taxonomy":"product_tag","embeddable":true,"href":"https:\/\/cryptsec.se\/sv\/wp-json\/wp\/v2\/product_tag?post=29903"},{"taxonomy":"berocket_brand","embeddable":true,"href":"https:\/\/cryptsec.se\/sv\/wp-json\/wp\/v2\/berocket_brand?post=29903"}],"curies":[{"name":"wp","href":"https:\/\/api.w.org\/{rel}","templated":true}]}}