{"id":29904,"date":"2024-11-17T22:40:53","date_gmt":"2024-11-17T21:40:53","guid":{"rendered":"https:\/\/cryptsec.se\/product\/mission-darkness-dry-shield-revoke-rifle-faradayfodral\/"},"modified":"2024-11-17T22:40:53","modified_gmt":"2024-11-17T21:40:53","slug":"mission-darkness-dry-shield-revoke-rifle-faradayfodral","status":"publish","type":"product","link":"https:\/\/cryptsec.se\/sv\/product\/mission-darkness-dry-shield-revoke-rifle-faradayfodral\/","title":{"rendered":"Mission Darkness\u2122 Dry Shield Revoke Rifle Faradayfodral"},"content":{"rendered":"<p><img fetchpriority=\"high\" decoding=\"async\" class=\"aligncenter wp-image-28673 size-full\" src=\"https:\/\/cryptsec.se\/wp-content\/uploads\/2024\/11\/nedladdning-16.jpeg\" alt=\"\" width=\"1464\" height=\"976\" srcset=\"https:\/\/cryptsec.se\/wp-content\/uploads\/2024\/11\/nedladdning-16.jpeg 1464w, https:\/\/cryptsec.se\/wp-content\/uploads\/2024\/11\/nedladdning-16-300x200.jpeg 300w, https:\/\/cryptsec.se\/wp-content\/uploads\/2024\/11\/nedladdning-16-1024x683.jpeg 1024w, https:\/\/cryptsec.se\/wp-content\/uploads\/2024\/11\/nedladdning-16-768x512.jpeg 768w, https:\/\/cryptsec.se\/wp-content\/uploads\/2024\/11\/nedladdning-16-680x453.jpeg 680w\" sizes=\"(max-width: 1464px) 100vw, 1464px\" \/><\/p>\n<div id=\"s-6639fec6-94e1-4976-9fff-38bec855898f\" class=\"shg-c shg-align-center\">\n<div class=\"shogun-heading-component\">\n<h1><b>H\u00e5ll \u00f6mt\u00e5liga kikarsikten och elektroniska vapentillbeh\u00f6r skyddade och s\u00e4kra<\/b><\/h1>\n<\/div>\n<\/div>\n<div id=\"s-00bd1cc7-367b-4895-8705-5991cba3c39b\" class=\"shg-c \">\n<div class=\"shg-rich-text shg-theme-text-content\">\n<p>Mission Darkness\u2122 Dry Shield Revoke Rifle Faraday Case \u00e4r den enda faradayv\u00e4skan p\u00e5 marknaden som \u00e4r s\u00e4rskilt utformad f\u00f6r att skydda kikarsikten och elektroniska vapenkomponenter fr\u00e5n skadliga effekter av en elektromagnetisk puls (EMP) eller koronal massutkastning (CME). Ytterligare anv\u00e4ndningsomr\u00e5den \u00e4r blockering av radiofrekvenssignaler (RF) f\u00f6r insamling av kriminaltekniska bevis, signalisolering, digital integritet och skydd mot hackning\/sp\u00e5rning\/spionage. Den \u00e4r utformad f\u00f6r behoven hos preppers, brottsbek\u00e4mpning, milit\u00e4ra uppdrag och liknande omr\u00e5den. M\u00e4ngden och m\u00e5ngfalden av elektroniska inbyggda kikarsikten, s\u00e5 kallade gev\u00e4rskikarsikten, digitala kikarsikten, smarta kikarsikten, e-kikarsikten, elektrooptiska kikarsikten etc., \u00f6kar snabbt. Framsteg inom integrerade kretsar, mikroprocessorer, ballistikprogramvara och tr\u00e5dl\u00f6s teknik har f\u00e5tt fler f\u00f6retag att utveckla smarta kikarsikten, vilket medf\u00f6r en ofta f\u00f6rbisedd s\u00e5rbarhet f\u00f6r anv\u00e4ndarna. I h\u00e4ndelse av en EMP eller CME kan allt fr\u00e5n elektrisk infrastruktur p\u00e5 nationell niv\u00e5 till personlig elektronik f\u00f6rst\u00f6ras, vilket \u00e4r anledningen till att det \u00e4r absolut n\u00f6dv\u00e4ndigt att i f\u00f6rebyggande syfte skydda \u00f6verlevnadselektronik, inklusive skjutvapen med elektroniska komponenter. V\u00e4skans insida best\u00e5r av flera lager av h\u00f6gavsk\u00e4rmande <a href=\"https:\/\/mosequipment.com\/collections\/faraday-supplies\/products\/titanrf-faraday-fabric\" target=\"_blank\" rel=\"noopener\">TitanRF\u2122 Faraday-tyg<\/a> p\u00e5 alla sidor med dubbla parade s\u00f6mmar. Tyget har laboratorietestats och certifierats som &#8220;kompatibelt&#8221; med <a href=\"https:\/\/mosequipment.com\/pages\/compliance-testing\" target=\"_blank\" rel=\"noopener\">MIL-STD-188-125<\/a>, elektromagnetiskt skydd p\u00e5 h\u00f6g h\u00f6jd f\u00f6r markbaserade C4I-anl\u00e4ggningar. Resultaten s\u00e4kerst\u00e4ller att produkten \u00f6vertr\u00e4ffar milit\u00e4ra krav p\u00e5 avsk\u00e4rmning f\u00f6r att hantera naturliga eller konstgjorda EMP. N\u00e4r elektroniken har kapslats in i h\u00f6ljet blir den isolerad fr\u00e5n tr\u00e5dl\u00f6sa signaler utifr\u00e5n. Skadeverkningar fr\u00e5n en EMP eller liknande h\u00e4ndelser kan inte tr\u00e4nga igenom h\u00f6ljet och f\u00f6rst\u00f6ra de elektriska komponenterna inuti, vilket skyddar deras arbetsstruktur. Skalet blockerar Wi-Fi (2,4 &amp; 5GHz), Bluetooth, mobilsignaler inklusive 5G-n\u00e4tverk, GPS, RFID, NFC och radiosignaler fr\u00e5n l\u00e5ga MHz till 40GHz. Den fullst\u00e4ndiga signalavst\u00e4ngningen g\u00f6r det ocks\u00e5 m\u00f6jligt f\u00f6r anv\u00e4ndaren att g\u00e5 off-grid och h\u00e5lla elektroniska enheter osp\u00e5rbara. Detta \u00e4r den ultimata s\u00e4kerhetsv\u00e4skan f\u00f6r att skydda kikarsikten, k\u00e4nsliga vapentillbeh\u00f6r (som avst\u00e5ndsm\u00e4tare, batteridriven m\u00f6rkerseendeoptik, kikarsiktessk\u00e4rmar) och stor \u00f6verlevnadselektronik fr\u00e5n en naturkatastrof eller en katastrof orsakad av m\u00e4nniskor, t.ex. en EMP eller CME.  <\/p>\n<div id=\"s-401b9f2d-4bba-4485-abde-43c93ed486d7\" class=\"shg-c \">\n<div class=\"shg-rich-text shg-theme-text-content\">\n<p>Fodralet \u00e4r konstruerat med en slitstark 500D TPU-exteri\u00f6r som \u00e4r<span class=\"a-list-item\">Skyddar mot vind, sn\u00f6, sand, smuts och f\u00f6roreningar. Den \u00e4r tillverkad f\u00f6r att klara tuff terr\u00e4ng och hindra fukt fr\u00e5n att n\u00e5 f\u00f6rem\u00e5l som \u00e4r inneslutna i den. Det finns  <\/span>  MOLLE-band l\u00e4ngs hela framsidan f\u00f6r att enkelt f\u00e4sta MOLLE-kompatibla tillbeh\u00f6r och f\u00f6rpackningar, som <a href=\"https:\/\/mosequipment.com\/products\/mission-darkness-dry-shield-molle-faraday-pouch\" target=\"_blank\" rel=\"noopener\">Mission Darkness Dry Shield MOLLE Faraday Pouch<\/a>, f\u00f6r att l\u00e4gga till \u00e5tkomliga f\u00f6rvaringsfickor. Vadderade inre sidov\u00e4ggar g\u00f6r att f\u00f6rem\u00e5l av oregelbunden storlek kan h\u00e5llas p\u00e5 plats och skyddas under transport. Avtagbara, lastb\u00e4rande rygg- och axelremmar st\u00f6der vikten av tunga f\u00f6rem\u00e5l. Med Revoke Rifle Faraday Case som en p\u00e5litlig allierad kan vapen\u00e4gare tryggt anamma framtidens teknik utan att kompromissa med s\u00e4kerhet och beredskap.  <\/p>\n<\/div>\n<\/div>\n<\/div>\n<\/div>\n","protected":false},"excerpt":{"rendered":"<p>Mission Darkness\u2122 Dry Shield Revoke Rifle Faraday Case \u00e4r den enda faradayv\u00e4skan p\u00e5 marknaden som \u00e4r s\u00e4rskilt utformad f\u00f6r att skydda kikarsikten och elektroniska vapenkomponenter fr\u00e5n skadliga effekter av en elektromagnetisk puls (EMP) eller koronal massutkastning (CME). Ytterligare anv\u00e4ndningsomr\u00e5den \u00e4r blockering av radiofrekvenssignaler (RF) f\u00f6r insamling av kriminaltekniska bevis, signalisolering, digital integritet och skydd mot hackning\/sp\u00e5rning\/spionage. Den \u00e4r utformad f\u00f6r behoven hos preppers, brottsbek\u00e4mpning, milit\u00e4ra uppdrag och liknande omr\u00e5den.  <\/p>\n","protected":false},"featured_media":28676,"template":"","meta":[],"product_brand":[],"product_cat":[830,1077],"product_tag":[1117,998,831,833,884,885],"berocket_brand":[],"class_list":{"0":"post-29904","1":"product","2":"type-product","3":"status-publish","4":"has-post-thumbnail","6":"product_cat-faraday-mission-darkness","7":"product_cat-storre-faraday-vaskor","8":"product_tag-faraday-sv","9":"product_tag-faraday-bag-sv","10":"product_tag-faraday-skold","11":"product_tag-faraday-skydd","12":"product_tag-faraday-vaska-sv","13":"product_tag-sakerhetsfodral-sv","15":"first","16":"instock","17":"taxable","18":"shipping-taxable","19":"purchasable","20":"product-type-simple"},"_links":{"self":[{"href":"https:\/\/cryptsec.se\/sv\/wp-json\/wp\/v2\/product\/29904","targetHints":{"allow":["GET"]}}],"collection":[{"href":"https:\/\/cryptsec.se\/sv\/wp-json\/wp\/v2\/product"}],"about":[{"href":"https:\/\/cryptsec.se\/sv\/wp-json\/wp\/v2\/types\/product"}],"wp:featuredmedia":[{"embeddable":true,"href":"https:\/\/cryptsec.se\/sv\/wp-json\/wp\/v2\/media\/28676"}],"wp:attachment":[{"href":"https:\/\/cryptsec.se\/sv\/wp-json\/wp\/v2\/media?parent=29904"}],"wp:term":[{"taxonomy":"product_brand","embeddable":true,"href":"https:\/\/cryptsec.se\/sv\/wp-json\/wp\/v2\/product_brand?post=29904"},{"taxonomy":"product_cat","embeddable":true,"href":"https:\/\/cryptsec.se\/sv\/wp-json\/wp\/v2\/product_cat?post=29904"},{"taxonomy":"product_tag","embeddable":true,"href":"https:\/\/cryptsec.se\/sv\/wp-json\/wp\/v2\/product_tag?post=29904"},{"taxonomy":"berocket_brand","embeddable":true,"href":"https:\/\/cryptsec.se\/sv\/wp-json\/wp\/v2\/berocket_brand?post=29904"}],"curies":[{"name":"wp","href":"https:\/\/api.w.org\/{rel}","templated":true}]}}