{"id":29905,"date":"2024-11-17T22:44:19","date_gmt":"2024-11-17T21:44:19","guid":{"rendered":"https:\/\/cryptsec.se\/product\/mission-darkness-recon-faraday-skold-for-dronare\/"},"modified":"2024-11-17T22:44:19","modified_gmt":"2024-11-17T21:44:19","slug":"mission-darkness-recon-faraday-skold-for-dronare","status":"publish","type":"product","link":"https:\/\/cryptsec.se\/sv\/product\/mission-darkness-recon-faraday-skold-for-dronare\/","title":{"rendered":"Mission Darkness\u2122 Recon Faraday-sk\u00f6ld f\u00f6r dr\u00f6nare"},"content":{"rendered":"<p><img fetchpriority=\"high\" decoding=\"async\" class=\"aligncenter wp-image-28684 size-full\" src=\"https:\/\/cryptsec.se\/wp-content\/uploads\/2024\/11\/Skarmavbild-2024-11-17-kl.-22.44.50.png\" alt=\"\" width=\"2656\" height=\"1086\" srcset=\"https:\/\/cryptsec.se\/wp-content\/uploads\/2024\/11\/Skarmavbild-2024-11-17-kl.-22.44.50.png 2560w, https:\/\/cryptsec.se\/wp-content\/uploads\/2024\/11\/Skarmavbild-2024-11-17-kl.-22.44.50-300x123.png 300w, https:\/\/cryptsec.se\/wp-content\/uploads\/2024\/11\/Skarmavbild-2024-11-17-kl.-22.44.50-1024x419.png 1024w, https:\/\/cryptsec.se\/wp-content\/uploads\/2024\/11\/Skarmavbild-2024-11-17-kl.-22.44.50-768x314.png 768w, https:\/\/cryptsec.se\/wp-content\/uploads\/2024\/11\/Skarmavbild-2024-11-17-kl.-22.44.50-1536x628.png 1536w, https:\/\/cryptsec.se\/wp-content\/uploads\/2024\/11\/Skarmavbild-2024-11-17-kl.-22.44.50-2048x837.png 2048w, https:\/\/cryptsec.se\/wp-content\/uploads\/2024\/11\/Skarmavbild-2024-11-17-kl.-22.44.50-680x278.png 680w\" sizes=\"(max-width: 2656px) 100vw, 2656px\" \/><\/p>\n<div id=\"s-97005a1c-2f85-4bde-9dc8-5c288e7b1e7f\" class=\"shg-c shg-align-center\">\n<div class=\"shogun-heading-component\">\n<h1><b>Faraday-skydd f\u00f6r dr\u00f6nare och UAV:er<\/b><\/h1>\n<\/div>\n<\/div>\n<div id=\"s-45423900-1201-4f52-a769-17f5b33fec08\" class=\"shg-c \">\n<div class=\"shg-rich-text shg-theme-text-content\">\n<p>Mission Darkness\u2122 Recon Faraday Drone Shield \u00e4r en faradayv\u00e4ska som \u00e4r s\u00e4rskilt utformad f\u00f6r att skydda dr\u00f6nare och andra sm\u00e5 obemannade flygfarkoster (UAV) fr\u00e5n radiofrekvenssignaler (RF). Den prim\u00e4ra anv\u00e4ndningen \u00e4r f\u00f6r att blockera kommunikationen mellan dr\u00f6naren och styrenheten eller markkontrollprogramvaran som styr flygningen, n\u00e4r en dr\u00f6nare har beslagtagits eller f\u00e5ngats. Detta g\u00f6r att dr\u00f6naren kan f\u00f6rbli isolerad inuti v\u00e4skan s\u00e5 att den inte l\u00e4ngre kan kontrolleras, f\u00e5 sina data fj\u00e4rr\u00f6verf\u00f6rda eller \u00e4ndrade, GPS-positionerade eller st\u00f6ra fiendens m\u00e5l. I takt med att dr\u00f6nare blir en allt vanligare tillg\u00e5ng vid smuggling, i krigszoner och konfliktomr\u00e5den har det aldrig varit viktigare att p\u00e5 ett s\u00e4kert s\u00e4tt kunna f\u00e5nga upp och analysera digitala bevis fr\u00e5n dessa enheter. Att i hemlighet transportera beslagtagna dr\u00f6nare \u00e4r en viktig s\u00e4kerhetsfr\u00e5ga f\u00f6r f\u00e4lttj\u00e4nstem\u00e4n som transporterar enheten och som inte kan riskera att deras plats blir k\u00e4nd och att deras s\u00e4kerhet \u00e4ventyras. Unders\u00f6kare som specialiserar sig p\u00e5 kriminalteknik f\u00f6r dr\u00f6nare och obemannade luftfartygssystem (UAS) m\u00e5ste dessutom se till att dr\u00f6naren inte kan kommuniceras f\u00f6r att bevara dr\u00f6narens okorrumperade digitala bevis. Detta g\u00f6r att de kan extrahera den st\u00f6rsta m\u00e4ngden data med UAS-forensiska verktyg som Disero.      <\/p>\n<p>V\u00e4skan \u00e4r tillverkad med ett slitstarkt och vattenavvisande yttermaterial i ballistisk nylon f\u00f6r att s\u00e4kerst\u00e4lla att enheter och faradayv\u00e4v h\u00e5ller sig torra och skyddade. Inredningen best\u00e5r av tv\u00e5 lager h\u00f6gsk\u00e4rmande <a href=\"https:\/\/mosequipment.com\/collections\/faraday-supplies\/products\/titanrf-faraday-fabric\" target=\"_blank\" rel=\"noopener\">TitanRF\u2122 Faraday Fabric<\/a> p\u00e5 alla sidor med dubbla parade s\u00f6mmar. Materialet har laboratorietestats och certifierats enligt standarderna f\u00f6r sk\u00e4rmningseffektivitet MIL STD 188-125 och IEEE 299-2006. Fodret blockerar alla tr\u00e5dl\u00f6sa signaler, inklusive WiFi (2,4 och 5 GHz), Bluetooth, mobilsignaler inklusive 5G-n\u00e4tverk, GPS, RFID, NFC och radiosignaler fr\u00e5n l\u00e5ga MHz till 40 GHz. N\u00e4r en enhet \u00e4r innesluten i v\u00e4skan kan inga appar eller skadlig kod fj\u00e4rrutl\u00f6sas eller raderas, ingen kommunikation kan tr\u00e4nga igenom och ingen kan komma \u00e5t funktioner som mikrofon, kamera, GPS-position eller data. Dessutom f\u00f6rhindrar detta hackning, sp\u00e5rning, spionage, korruption av v\u00e5rdkedjan samt EMP-f\u00f6rst\u00f6relse. Den rymliga l\u00e5dformade insidan \u00e4r tillr\u00e4ckligt stor f\u00f6r att rymma de flesta kommersiella dr\u00f6nare plus styrenheter, transportv\u00e4skor och tillh\u00f6rande tillbeh\u00f6r. N\u00e4r den inte anv\u00e4nds kan den f\u00e4llas ihop till en kompakt storlek och packas i en mindre v\u00e4ska. V\u00e4skan kan ocks\u00e5 anv\u00e4ndas f\u00f6r att skydda annan elektronik, t.ex. b\u00e4rbara kraftstationer, bevismaterial med inbyggda sp\u00e5rare, radioapparater, GPS-enheter, flera b\u00e4rbara datorer, surfplattor, mobiltelefoner och f\u00f6rem\u00e5l av liknande storlek. Satsen inneh\u00e5ller ett separat vadderat brands\u00e4kert fodral f\u00f6r att f\u00f6rvara dr\u00f6narens l\u00f6stagbara batteri samt en neoprenv\u00e4ska f\u00f6r att f\u00f6rvara l\u00f6stagbara propellrar. Denna separation hj\u00e4lper till att h\u00e5lla tillbeh\u00f6ren organiserade och s\u00e4kra under transport.   <\/p>\n<p>     Ytterligare produktfunktioner inkluderar en dubbelrulle med kardborref\u00f6rslutning, unikt serienummer och transparent m\u00e4rkesficka.<\/p>\n<p>*The Mission Darkness Recon Faraday Drone Shield har utvecklats i samarbete med <a href=\"https:\/\/v2forensics.com\/\" target=\"_blank\" rel=\"noopener\">V2 Forensics<\/a>, ledande inom kriminalteknik f\u00f6r dr\u00f6nare. L\u00e4s blogginl\u00e4gget f\u00f6r att l\u00e4ra dig mer om hur denna innovativa produkt kommer att revolutionera hur digitala kriminaltekniska utredare hanterar och transporterar dr\u00f6nare. <\/p>\n<\/div>\n<\/div>\n","protected":false},"excerpt":{"rendered":"<p>Mission Darkness\u2122 Recon Faraday Drone Shield \u00e4r en faradayp\u00e5se som \u00e4r s\u00e4rskilt utformad f\u00f6r att skydda dr\u00f6nare och andra sm\u00e5 obemannade flygfarkoster (UAV) fr\u00e5n radiofrekvenssignaler (RF). Den prim\u00e4ra anv\u00e4ndningen \u00e4r f\u00f6r att blockera kommunikationen mellan dr\u00f6naren och styrenheten eller markkontrollprogramvaran som styr flygningen, n\u00e4r en dr\u00f6nare har beslagtagits eller f\u00e5ngats. Detta g\u00f6r att dr\u00f6naren kan f\u00f6rbli isolerad inuti v\u00e4skan s\u00e5 att den inte l\u00e4ngre kan kontrolleras, f\u00e5 sina data fj\u00e4rr\u00f6verf\u00f6rda eller \u00e4ndrade, GPS-positionerade eller st\u00f6ra fiendens m\u00e5l. Eftersom dr\u00f6nare blir en vanlig tillg\u00e5ng som beslagtas vid smuggling, i krigszoner och konfliktomr\u00e5den, har f\u00f6rm\u00e5gan att p\u00e5 ett s\u00e4kert s\u00e4tt f\u00e5nga upp och analysera digitala bevis fr\u00e5n dessa enheter aldrig varit viktigare. Att i hemlighet transportera beslagtagna dr\u00f6nare \u00e4r en viktig s\u00e4kerhetsfr\u00e5ga f\u00f6r f\u00e4lttj\u00e4nstem\u00e4n som transporterar enheten och som inte kan riskera att deras plats blir k\u00e4nd och att deras s\u00e4kerhet \u00e4ventyras. Unders\u00f6kare som specialiserar sig p\u00e5 kriminalteknik f\u00f6r dr\u00f6nare och obemannade luftfartygssystem (UAS) m\u00e5ste dessutom se till att dr\u00f6naren inte kan kommuniceras f\u00f6r att bevara dr\u00f6narens okorrumperade digitala bevis. Detta g\u00f6r att de kan extrahera den st\u00f6rsta m\u00e4ngden data med UAS-forensiska verktyg som Disero.      <\/p>\n","protected":false},"featured_media":28687,"template":"","meta":[],"product_brand":[],"product_cat":[1305,830],"product_tag":[998,1126,831,833,884,885],"berocket_brand":[],"class_list":{"0":"post-29905","1":"product","2":"type-product","3":"status-publish","4":"has-post-thumbnail","6":"product_cat-emp-shielding-sv","7":"product_cat-faraday-mission-darkness","8":"product_tag-faraday-bag-sv","9":"product_tag-faraday-dronare","10":"product_tag-faraday-skold","11":"product_tag-faraday-skydd","12":"product_tag-faraday-vaska-sv","13":"product_tag-sakerhetsfodral-sv","15":"first","16":"instock","17":"taxable","18":"shipping-taxable","19":"purchasable","20":"product-type-simple"},"_links":{"self":[{"href":"https:\/\/cryptsec.se\/sv\/wp-json\/wp\/v2\/product\/29905","targetHints":{"allow":["GET"]}}],"collection":[{"href":"https:\/\/cryptsec.se\/sv\/wp-json\/wp\/v2\/product"}],"about":[{"href":"https:\/\/cryptsec.se\/sv\/wp-json\/wp\/v2\/types\/product"}],"wp:featuredmedia":[{"embeddable":true,"href":"https:\/\/cryptsec.se\/sv\/wp-json\/wp\/v2\/media\/28687"}],"wp:attachment":[{"href":"https:\/\/cryptsec.se\/sv\/wp-json\/wp\/v2\/media?parent=29905"}],"wp:term":[{"taxonomy":"product_brand","embeddable":true,"href":"https:\/\/cryptsec.se\/sv\/wp-json\/wp\/v2\/product_brand?post=29905"},{"taxonomy":"product_cat","embeddable":true,"href":"https:\/\/cryptsec.se\/sv\/wp-json\/wp\/v2\/product_cat?post=29905"},{"taxonomy":"product_tag","embeddable":true,"href":"https:\/\/cryptsec.se\/sv\/wp-json\/wp\/v2\/product_tag?post=29905"},{"taxonomy":"berocket_brand","embeddable":true,"href":"https:\/\/cryptsec.se\/sv\/wp-json\/wp\/v2\/berocket_brand?post=29905"}],"curies":[{"name":"wp","href":"https:\/\/api.w.org\/{rel}","templated":true}]}}